{"id":535,"date":"2015-07-08T14:32:26","date_gmt":"2015-07-08T13:32:26","guid":{"rendered":"http:\/\/de.dicapac.de\/?page_id=535"},"modified":"2017-02-20T12:44:30","modified_gmt":"2017-02-20T11:44:30","slug":"zoom-extension","status":"publish","type":"page","link":"https:\/\/ewa-marine.com\/de\/products\/zubehoer\/zoom-extension\/","title":{"rendered":"Zoom-Extension"},"content":{"rendered":"<div id=\"pl-535\"  class=\"panel-layout\" ><div id=\"pg-535-0\"  class=\"panel-grid panel-has-style\" ><div class=\"panel-widget-style panel-row-style panel-row-style-for-535-0\" ><div id=\"pgc-535-0-0\"  class=\"panel-grid-cell\" ><div id=\"panel-535-0-0-0\" class=\"so-panel widget widget_kadence_simple_image kadence_simple_image panel-first-child\" data-index=\"0\" ><div class=\"kad_img_upload_widget  kt-shape-type- kt-image-align-center kt-image-widget-widget-0-0-0\"><a href=\"https:\/\/ewa-marine.com\/wp-content\/uploads\/2015\/07\/Zoom_extension.gif\" rel=\"lightbox\"><div class=\"kt-image-contain  \"><div class=\"kt-image-inner-contain\"><img decoding=\"async\" src=\"https:\/\/ewa-marine.com\/wp-content\/uploads\/2015\/07\/Zoom_extension.gif\"><\/div><\/div><\/a><div class=\"kadence_image_widget_caption\">ewa-marine ZOOM-Extension<\/div><\/div><\/div><div id=\"panel-535-0-0-1\" class=\"so-panel widget widget_black-studio-tinymce widget_black_studio_tinymce panel-last-child\" data-index=\"1\" ><div class=\"textwidget\"><table border=\"0\" width=\"220\" cellpadding=\"5\" align=\"left\">\n<tbody>\n<tr>\n<td width=\"270\"><img loading=\"lazy\" decoding=\"async\" class=\"alignnone wp-image-227 size-full\" src=\"https:\/\/ewa-marine.com\/wp-content\/uploads\/2015\/07\/made-in-Germany-100x50.gif\" alt=\"ewa-marine, made in Germany since 1947\" width=\"100\" height=\"50\" \/><\/td>\n<td width=\"100\"><img loading=\"lazy\" decoding=\"async\" class=\"alignnone wp-image-224 size-full\" src=\"https:\/\/ewa-marine.com\/wp-content\/uploads\/2015\/07\/opticalglass_100x45.png\" alt=\"made with optical grade, mineral glas\" width=\"100\" height=\"45\" \/><\/td>\n<\/tr>\n<\/tbody>\n<\/table><\/div><\/div><\/div><div id=\"pgc-535-0-1\"  class=\"panel-grid-cell\" ><div id=\"panel-535-0-1-0\" class=\"so-panel widget widget_black-studio-tinymce widget_black_studio_tinymce panel-first-child panel-last-child\" data-index=\"2\" ><div class=\"panel-widget-style panel-widget-style-for-535-0-1-0\" ><div class=\"textwidget\"><h1 class=\"bodytext\">ZOOM-Extension<\/h1>\n<h2 class=\"bodytext\">- verl\u00e4ngert die interne L\u00e4nge des harten Fronttubus<\/h2>\n<h5>Bestellcode: 2D-ZOOM<\/h5>\n<p class=\"bodytext\">Die <strong>ewa-marine ZOOM-Extension<\/strong> wurde entwickelt, um die interne L\u00e4nge des harten Fronttubus, der auf\u00a0einigen Kompakt-Kamerageh\u00e4usen aufgeschwei\u00dft ist, um<strong> zus\u00e4tzliche 10mm\u00a0<\/strong>zu verl\u00e4ngern.<\/p>\n<p>Die Extension wird von innen\u00a0in den\u00a0Fronttubus\u00a0eingef\u00fcgt, vor der Montage der Kamera im Geh\u00e4use. Jetzt k\u00f6nnen Sie\u00a0den sehr langen Zoom einiger Kameras auf das Maximum ausfahren, ohne zu riskieren, mit dem Objektiv gegen das Frontglas zu sto\u00dfen.<\/p>\n<p><strong>Aber bitte beachten Sie:<\/strong> Wenn Sie beabsichtigen die Kamera unter Wasser zu benutzen, empfehlen wir die Verwendung von Weitwinkel f\u00fcr bessere Bildqualit\u00e4t und das Entfernen der ZOOM-Extension. Es k\u00f6nnte sonst sein, dass Ihre Kamera im Weitwinkel mit der ZOOM-Extension vignettiert.<\/p>\n<\/div><\/div><\/div><\/div><\/div><\/div><\/div>","protected":false},"excerpt":{"rendered":"<p>ZOOM-Extension- verl\u00e4ngert die interne L\u00e4nge des harten FronttubusBestellcode: 2D-ZOOMDie ewa-marine ZOOM-Extension wurde entwickelt, um die interne L\u00e4nge des harten Fronttubus, der auf\u00a0einigen Kompakt-Kamerageh\u00e4usen aufgeschwei\u00dft ist, um zus\u00e4tzliche 10mm\u00a0zu verl\u00e4ngern.Die Extension wird von innen\u00a0in den\u00a0Fronttubus\u00a0eingef\u00fcgt, vor der Montage der Kamera im Geh\u00e4use. Jetzt k\u00f6nnen Sie\u00a0den sehr langen Zoom einiger Kameras auf das Maximum ausfahren, ohne zu riskieren, mit dem Objektiv gegen das Frontglas zu sto\u00dfen.Aber bitte beachten Sie: Wenn Sie beabsichtigen die Kamera unter Wasser zu benutzen, empfehlen wir die Verwendung &hellip; <a href=\"https:\/\/ewa-marine.com\/de\/products\/zubehoer\/zoom-extension\/\">Weiterlesen<\/a><\/p>\n","protected":false},"author":2,"featured_media":3859,"parent":604,"menu_order":9,"comment_status":"closed","ping_status":"closed","template":"","meta":{"kt_blocks_editor_width":"","footnotes":""},"class_list":["post-535","page","type-page","status-publish","has-post-thumbnail","hentry"],"yoast_head":"<!-- This site is optimized with the Yoast SEO plugin v27.3 - https:\/\/yoast.com\/product\/yoast-seo-wordpress\/ -->\n<title>Zoom-Extension for ewa-marine compact camera underwater housings<\/title>\n<meta name=\"description\" content=\"Die ZOOM-Extension wurde entwickelt, um den Fronttubus um 10mm zu verl\u00e4ngern. Damit riskieren Sie es nicht, mit dem Objektiv gegen das Frontglass zu sto\u00dfen.\" \/>\n<meta name=\"robots\" content=\"index, follow, max-snippet:-1, max-image-preview:large, max-video-preview:-1\" \/>\n<link rel=\"canonical\" href=\"https:\/\/ewa-marine.com\/de\/products\/zubehoer\/zoom-extension\/\" \/>\n<meta property=\"og:locale\" content=\"de_DE\" \/>\n<meta property=\"og:type\" content=\"article\" \/>\n<meta property=\"og:title\" content=\"Zoom-Extension for ewa-marine compact camera underwater housings\" \/>\n<meta property=\"og:description\" content=\"Die ZOOM-Extension wurde entwickelt, um den Fronttubus um 10mm zu verl\u00e4ngern. Damit riskieren Sie es nicht, mit dem Objektiv gegen das Frontglass zu sto\u00dfen.\" \/>\n<meta property=\"og:url\" content=\"https:\/\/ewa-marine.com\/de\/products\/zubehoer\/zoom-extension\/\" \/>\n<meta property=\"og:site_name\" content=\"ewa-marine\" \/>\n<meta property=\"article:publisher\" content=\"https:\/\/www.facebook.com\/ewa-marine\" \/>\n<meta property=\"article:modified_time\" content=\"2017-02-20T11:44:30+00:00\" \/>\n<meta property=\"og:image\" content=\"https:\/\/ewa-marine.com\/wp-content\/uploads\/2016\/03\/Zoom_100x75.png\" \/>\n\t<meta property=\"og:image:width\" content=\"100\" \/>\n\t<meta property=\"og:image:height\" content=\"75\" \/>\n\t<meta property=\"og:image:type\" content=\"image\/png\" \/>\n<meta name=\"twitter:card\" content=\"summary_large_image\" \/>\n<meta name=\"twitter:site\" content=\"@ewa_marine\" \/>\n<meta name=\"twitter:label1\" content=\"Gesch\u00e4tzte Lesezeit\" \/>\n\t<meta name=\"twitter:data1\" content=\"1\u00a0Minute\" \/>\n<script type=\"application\/ld+json\" class=\"yoast-schema-graph\">{\"@context\":\"https:\\\/\\\/schema.org\",\"@graph\":[{\"@type\":\"WebPage\",\"@id\":\"https:\\\/\\\/ewa-marine.com\\\/de\\\/products\\\/zubehoer\\\/zoom-extension\\\/\",\"url\":\"https:\\\/\\\/ewa-marine.com\\\/de\\\/products\\\/zubehoer\\\/zoom-extension\\\/\",\"name\":\"Zoom-Extension for ewa-marine compact camera underwater housings\",\"isPartOf\":{\"@id\":\"https:\\\/\\\/ewa-marine.com\\\/de\\\/#website\"},\"primaryImageOfPage\":{\"@id\":\"https:\\\/\\\/ewa-marine.com\\\/de\\\/products\\\/zubehoer\\\/zoom-extension\\\/#primaryimage\"},\"image\":{\"@id\":\"https:\\\/\\\/ewa-marine.com\\\/de\\\/products\\\/zubehoer\\\/zoom-extension\\\/#primaryimage\"},\"thumbnailUrl\":\"https:\\\/\\\/ewa-marine.com\\\/wp-content\\\/uploads\\\/2016\\\/03\\\/Zoom_100x75.png\",\"datePublished\":\"2015-07-08T13:32:26+00:00\",\"dateModified\":\"2017-02-20T11:44:30+00:00\",\"description\":\"Die ZOOM-Extension wurde entwickelt, um den Fronttubus um 10mm zu verl\u00e4ngern. Damit riskieren Sie es nicht, mit dem Objektiv gegen das Frontglass zu sto\u00dfen.\",\"breadcrumb\":{\"@id\":\"https:\\\/\\\/ewa-marine.com\\\/de\\\/products\\\/zubehoer\\\/zoom-extension\\\/#breadcrumb\"},\"inLanguage\":\"de\",\"potentialAction\":[{\"@type\":\"ReadAction\",\"target\":[\"https:\\\/\\\/ewa-marine.com\\\/de\\\/products\\\/zubehoer\\\/zoom-extension\\\/\"]}]},{\"@type\":\"ImageObject\",\"inLanguage\":\"de\",\"@id\":\"https:\\\/\\\/ewa-marine.com\\\/de\\\/products\\\/zubehoer\\\/zoom-extension\\\/#primaryimage\",\"url\":\"https:\\\/\\\/ewa-marine.com\\\/wp-content\\\/uploads\\\/2016\\\/03\\\/Zoom_100x75.png\",\"contentUrl\":\"https:\\\/\\\/ewa-marine.com\\\/wp-content\\\/uploads\\\/2016\\\/03\\\/Zoom_100x75.png\",\"width\":100,\"height\":75,\"caption\":\"ewa-marine zoom-extension for underwater camera housings\"},{\"@type\":\"BreadcrumbList\",\"@id\":\"https:\\\/\\\/ewa-marine.com\\\/de\\\/products\\\/zubehoer\\\/zoom-extension\\\/#breadcrumb\",\"itemListElement\":[{\"@type\":\"ListItem\",\"position\":1,\"name\":\"Startseite\",\"item\":\"https:\\\/\\\/www.ewa-marine.de\\\/\"},{\"@type\":\"ListItem\",\"position\":2,\"name\":\"Produkte\",\"item\":\"https:\\\/\\\/www.ewa-marine.de\\\/products\\\/\"},{\"@type\":\"ListItem\",\"position\":3,\"name\":\"Zubeh\u00f6r\",\"item\":\"https:\\\/\\\/www.ewa-marine.de\\\/products\\\/zubehoer\\\/\"},{\"@type\":\"ListItem\",\"position\":4,\"name\":\"Zoom-Extension\"}]},{\"@type\":\"WebSite\",\"@id\":\"https:\\\/\\\/ewa-marine.com\\\/de\\\/#website\",\"url\":\"https:\\\/\\\/ewa-marine.com\\\/de\\\/\",\"name\":\"ewa-marine\",\"description\":\"Capture the Extreme !\",\"potentialAction\":[{\"@type\":\"SearchAction\",\"target\":{\"@type\":\"EntryPoint\",\"urlTemplate\":\"https:\\\/\\\/ewa-marine.com\\\/de\\\/?s={search_term_string}\"},\"query-input\":{\"@type\":\"PropertyValueSpecification\",\"valueRequired\":true,\"valueName\":\"search_term_string\"}}],\"inLanguage\":\"de\"}]}<\/script>\n<!-- \/ Yoast SEO plugin. -->","yoast_head_json":{"title":"Zoom-Extension for ewa-marine compact camera underwater housings","description":"Die ZOOM-Extension wurde entwickelt, um den Fronttubus um 10mm zu verl\u00e4ngern. Damit riskieren Sie es nicht, mit dem Objektiv gegen das Frontglass zu sto\u00dfen.","robots":{"index":"index","follow":"follow","max-snippet":"max-snippet:-1","max-image-preview":"max-image-preview:large","max-video-preview":"max-video-preview:-1"},"canonical":"https:\/\/ewa-marine.com\/de\/products\/zubehoer\/zoom-extension\/","og_locale":"de_DE","og_type":"article","og_title":"Zoom-Extension for ewa-marine compact camera underwater housings","og_description":"Die ZOOM-Extension wurde entwickelt, um den Fronttubus um 10mm zu verl\u00e4ngern. Damit riskieren Sie es nicht, mit dem Objektiv gegen das Frontglass zu sto\u00dfen.","og_url":"https:\/\/ewa-marine.com\/de\/products\/zubehoer\/zoom-extension\/","og_site_name":"ewa-marine","article_publisher":"https:\/\/www.facebook.com\/ewa-marine","article_modified_time":"2017-02-20T11:44:30+00:00","og_image":[{"width":100,"height":75,"url":"https:\/\/ewa-marine.com\/wp-content\/uploads\/2016\/03\/Zoom_100x75.png","type":"image\/png"}],"twitter_card":"summary_large_image","twitter_site":"@ewa_marine","twitter_misc":{"Gesch\u00e4tzte Lesezeit":"1\u00a0Minute"},"schema":{"@context":"https:\/\/schema.org","@graph":[{"@type":"WebPage","@id":"https:\/\/ewa-marine.com\/de\/products\/zubehoer\/zoom-extension\/","url":"https:\/\/ewa-marine.com\/de\/products\/zubehoer\/zoom-extension\/","name":"Zoom-Extension for ewa-marine compact camera underwater housings","isPartOf":{"@id":"https:\/\/ewa-marine.com\/de\/#website"},"primaryImageOfPage":{"@id":"https:\/\/ewa-marine.com\/de\/products\/zubehoer\/zoom-extension\/#primaryimage"},"image":{"@id":"https:\/\/ewa-marine.com\/de\/products\/zubehoer\/zoom-extension\/#primaryimage"},"thumbnailUrl":"https:\/\/ewa-marine.com\/wp-content\/uploads\/2016\/03\/Zoom_100x75.png","datePublished":"2015-07-08T13:32:26+00:00","dateModified":"2017-02-20T11:44:30+00:00","description":"Die ZOOM-Extension wurde entwickelt, um den Fronttubus um 10mm zu verl\u00e4ngern. Damit riskieren Sie es nicht, mit dem Objektiv gegen das Frontglass zu sto\u00dfen.","breadcrumb":{"@id":"https:\/\/ewa-marine.com\/de\/products\/zubehoer\/zoom-extension\/#breadcrumb"},"inLanguage":"de","potentialAction":[{"@type":"ReadAction","target":["https:\/\/ewa-marine.com\/de\/products\/zubehoer\/zoom-extension\/"]}]},{"@type":"ImageObject","inLanguage":"de","@id":"https:\/\/ewa-marine.com\/de\/products\/zubehoer\/zoom-extension\/#primaryimage","url":"https:\/\/ewa-marine.com\/wp-content\/uploads\/2016\/03\/Zoom_100x75.png","contentUrl":"https:\/\/ewa-marine.com\/wp-content\/uploads\/2016\/03\/Zoom_100x75.png","width":100,"height":75,"caption":"ewa-marine zoom-extension for underwater camera housings"},{"@type":"BreadcrumbList","@id":"https:\/\/ewa-marine.com\/de\/products\/zubehoer\/zoom-extension\/#breadcrumb","itemListElement":[{"@type":"ListItem","position":1,"name":"Startseite","item":"https:\/\/www.ewa-marine.de\/"},{"@type":"ListItem","position":2,"name":"Produkte","item":"https:\/\/www.ewa-marine.de\/products\/"},{"@type":"ListItem","position":3,"name":"Zubeh\u00f6r","item":"https:\/\/www.ewa-marine.de\/products\/zubehoer\/"},{"@type":"ListItem","position":4,"name":"Zoom-Extension"}]},{"@type":"WebSite","@id":"https:\/\/ewa-marine.com\/de\/#website","url":"https:\/\/ewa-marine.com\/de\/","name":"ewa-marine","description":"Capture the Extreme !","potentialAction":[{"@type":"SearchAction","target":{"@type":"EntryPoint","urlTemplate":"https:\/\/ewa-marine.com\/de\/?s={search_term_string}"},"query-input":{"@type":"PropertyValueSpecification","valueRequired":true,"valueName":"search_term_string"}}],"inLanguage":"de"}]}},"_links":{"self":[{"href":"https:\/\/ewa-marine.com\/de\/wp-json\/wp\/v2\/pages\/535","targetHints":{"allow":["GET"]}}],"collection":[{"href":"https:\/\/ewa-marine.com\/de\/wp-json\/wp\/v2\/pages"}],"about":[{"href":"https:\/\/ewa-marine.com\/de\/wp-json\/wp\/v2\/types\/page"}],"author":[{"embeddable":true,"href":"https:\/\/ewa-marine.com\/de\/wp-json\/wp\/v2\/users\/2"}],"replies":[{"embeddable":true,"href":"https:\/\/ewa-marine.com\/de\/wp-json\/wp\/v2\/comments?post=535"}],"version-history":[{"count":0,"href":"https:\/\/ewa-marine.com\/de\/wp-json\/wp\/v2\/pages\/535\/revisions"}],"up":[{"embeddable":true,"href":"https:\/\/ewa-marine.com\/de\/wp-json\/wp\/v2\/pages\/604"}],"wp:featuredmedia":[{"embeddable":true,"href":"https:\/\/ewa-marine.com\/de\/wp-json\/wp\/v2\/media\/3859"}],"wp:attachment":[{"href":"https:\/\/ewa-marine.com\/de\/wp-json\/wp\/v2\/media?parent=535"}],"curies":[{"name":"wp","href":"https:\/\/api.w.org\/{rel}","templated":true}]}}