{"id":5708,"date":"2017-01-20T21:41:09","date_gmt":"2017-01-20T20:41:09","guid":{"rendered":"http:\/\/www.ewa-marine.de\/?page_id=5708"},"modified":"2017-04-04T12:58:39","modified_gmt":"2017-04-04T11:58:39","slug":"u-bxp_u-axp_u-ax_d-ax","status":"publish","type":"page","link":"https:\/\/ewa-marine.com\/de\/products\/foto\/slr\/slr-kamera-gehaeuse\/u-bxp_u-axp_u-ax_d-ax\/","title":{"rendered":"SLR Geh\u00e4use f\u00fcr Kameras und Aufsteckblitz"},"content":{"rendered":"<h1>SLR Geh\u00e4use f\u00fcr Kameras und Aufsteckblitz<\/h1>\n<p>F\u00fcr Ihre Art der Anwendung empfehlen wir,\u00a0 je nach Gr\u00f6\u00dfe des Kamera-Bodys den Sie haben und zu verwenden beabsichtigen, eines der folgenden ewa-marine Unterwassergeh\u00e4use:<\/p>\n<p>&nbsp;<\/p>\n<table>\n<tbody>\n<tr>\n<td>\n<h2><a href=\"https:\/\/ewa-marine.com\/de\/products\/foto\/slr\/u-bxp\/\"><strong>U-BXP<\/strong><\/a><\/h2>\n<p><a href=\"https:\/\/ewa-marine.com\/de\/products\/foto\/slr\/u-bxp\/\"><strong>(hier klicken f\u00fcr mehr information)<\/strong><\/a><\/td>\n<td><img loading=\"lazy\" decoding=\"async\" class=\"alignnone size-full wp-image-2863\" src=\"\/wp-content\/uploads\/2015\/12\/U-BXP-200x200.jpg\" alt=\"ewa-marine U-BXP\" width=\"100\" height=\"100\" srcset=\"https:\/\/ewa-marine.com\/wp-content\/uploads\/2015\/12\/U-BXP-200x200.jpg 200w, https:\/\/ewa-marine.com\/wp-content\/uploads\/2015\/12\/U-BXP-200x200-150x150.jpg 150w, https:\/\/ewa-marine.com\/wp-content\/uploads\/2015\/12\/U-BXP-200x200-60x60.jpg 60w\" sizes=\"auto, (max-width: 100px) 100vw, 100px\" \/><\/td>\n<td>f\u00fcr gro\u00dfe, Profi-SLR Kameras<br \/>\n(ausgelegt f\u00fcr bis zu <strong>50m Tauchtiefe<\/strong>)<\/td>\n<td>Canon 1D or 5D, 80D<br \/>\nNikon D510 or D5<br \/>\netc.<\/td>\n<\/tr>\n<tr>\n<td>\n<h2><a href=\"https:\/\/ewa-marine.com\/de\/products\/foto\/slr\/u-axp\/\"><strong>U-AXP<\/strong><\/a><\/h2>\n<p><a href=\"https:\/\/ewa-marine.com\/de\/products\/foto\/slr\/u-axp\/\"><strong>(hier klicken f\u00fcr mehr information)<\/strong><\/a><\/td>\n<td><img loading=\"lazy\" decoding=\"async\" class=\"alignnone size-full wp-image-2848\" src=\"\/wp-content\/uploads\/2015\/12\/U-AXP-200x200.jpg\" alt=\"ewa-marine U-AXP\" width=\"100\" height=\"100\" srcset=\"https:\/\/ewa-marine.com\/wp-content\/uploads\/2015\/12\/U-AXP-200x200.jpg 200w, https:\/\/ewa-marine.com\/wp-content\/uploads\/2015\/12\/U-AXP-200x200-150x150.jpg 150w, https:\/\/ewa-marine.com\/wp-content\/uploads\/2015\/12\/U-AXP-200x200-60x60.jpg 60w\" sizes=\"auto, (max-width: 100px) 100vw, 100px\" \/><\/td>\n<td>f\u00fcr kompakte SLR und spiegellose Systemkameras<br \/>\n(ausgelegt f\u00fcr bis zu <strong>50m Tauchtiefe<\/strong>)<\/td>\n<td>Canon 750D, Canon Rebel range<br \/>\nNikon D7200<br \/>\nSony A7 (all versions)<br \/>\nFuji X-T1 and X-T2<br \/>\netc.<\/td>\n<\/tr>\n<tr>\n<td>\n<h2><a href=\"https:\/\/ewa-marine.com\/de\/products\/foto\/slr\/u-ax\/\"><strong>U-AX<\/strong><\/a><\/h2>\n<p><a href=\"https:\/\/ewa-marine.com\/de\/products\/foto\/slr\/u-ax\/\"><strong>(hier klicken f\u00fcr mehr information)<\/strong><\/a><\/td>\n<td><img loading=\"lazy\" decoding=\"async\" class=\"alignnone size-full wp-image-2845\" src=\"\/wp-content\/uploads\/2015\/12\/U-AX-200x200.jpg\" alt=\"ewa-marine U-AX\" width=\"100\" height=\"100\" srcset=\"https:\/\/ewa-marine.com\/wp-content\/uploads\/2015\/12\/U-AX-200x200.jpg 200w, https:\/\/ewa-marine.com\/wp-content\/uploads\/2015\/12\/U-AX-200x200-150x150.jpg 150w, https:\/\/ewa-marine.com\/wp-content\/uploads\/2015\/12\/U-AX-200x200-60x60.jpg 60w\" sizes=\"auto, (max-width: 100px) 100vw, 100px\" \/><\/td>\n<td>G\u00fcnstige Alternative f\u00fcr kompakte SLR und spiegellose System-Kameras<br \/>\n(ausgelegt f\u00fcr bis zu <strong>20m Tauchtiefe<\/strong>)<\/td>\n<td>Canon 750D, Canon Rebel range<br \/>\nNikon D7200<br \/>\nSony A7 (all versions)<br \/>\nFuji X-T1 and X-T2<br \/>\netc.<\/td>\n<\/tr>\n<tr>\n<td>\n<h2><a href=\"https:\/\/ewa-marine.com\/de\/products\/foto\/slr\/d-ax\/\"><strong>D-AX<\/strong><\/a><\/h2>\n<p><a href=\"https:\/\/ewa-marine.com\/de\/products\/foto\/slr\/d-ax\/\"><strong>(hier klicken f\u00fcr mehr information)<\/strong><\/a><\/td>\n<td><img loading=\"lazy\" decoding=\"async\" class=\"alignnone size-full wp-image-2785 size-full\" src=\"\/wp-content\/uploads\/2015\/12\/D-AX-2-200x200.jpg\" alt=\"ewa-marine D-AX\" width=\"100\" height=\"100\" srcset=\"https:\/\/ewa-marine.com\/wp-content\/uploads\/2015\/12\/D-AX-2-200x200.jpg 200w, https:\/\/ewa-marine.com\/wp-content\/uploads\/2015\/12\/D-AX-2-200x200-150x150.jpg 150w, https:\/\/ewa-marine.com\/wp-content\/uploads\/2015\/12\/D-AX-2-200x200-60x60.jpg 60w\" sizes=\"auto, (max-width: 100px) 100vw, 100px\" \/><\/td>\n<td>f\u00fcr sogenannte Bridgekameras<\/td>\n<td>Canon Powershot SX60 HS<br \/>\nFuji Finepix S5800<br \/>\nNikon Coolpix P7000<br \/>\nOlympus SP-810UZ<br \/>\nPanasonic Lumix DMC-FZ1000<br \/>\netc.<\/td>\n<\/tr>\n<\/tbody>\n<\/table>\n<p>&nbsp;<\/p>\n<p style=\"text-align: center;\"><a href=\"https:\/\/ewa-marine.com\/de\/products\/foto\/slr\/slr-kamera-gehaeuse\/\" target=\"_blank\">Hier klicken um die Abfrage in einem neuen Tab zu wiederholen<\/a><\/p>\n<p>Wenn Sie mehrere, unterschiedlich gro\u00dfe, Kameras im Geh\u00e4use verwenden m\u00f6chten, beachten Sie bitte, dass Sie immer einen kleineren Body in einem gr\u00f6\u00dferen Geh\u00e4use verwenden k\u00f6nnen. Sollten Sie jedoch versuchen eine Kamera, die gem\u00e4\u00df unseren Untersuchungen zu gro\u00df f\u00fcr eine Geh\u00e4use ist, darin einzubauen, dann leiden die Schwei\u00dfn\u00e4hte an der \u00dcberspannung. Zwar muss dieses nicht sofort zu einem Versagen f\u00fchren, wird aber wohl trotzdem mittelfristig dann der Grund f\u00fcr eine Undichtigkeit sein.<br \/>\nDie Verwendung einer kleineren Kamera in einem gr\u00f6\u00dferen Geh\u00e4use stellt zwar keine Risiken dar, reduziert aber die Handhabung und Ergonomie ein wenig.<\/p>\n<p>&nbsp;<\/p>\n","protected":false},"excerpt":{"rendered":"<p>SLR Geh\u00e4use f\u00fcr Kameras und Aufsteckblitz F\u00fcr Ihre Art der Anwendung empfehlen wir,\u00a0 je nach Gr\u00f6\u00dfe des Kamera-Bodys den Sie haben und zu verwenden beabsichtigen, eines der folgenden ewa-marine Unterwassergeh\u00e4use: &nbsp; U-BXP (hier klicken f\u00fcr mehr information) f\u00fcr gro\u00dfe, Profi-SLR Kameras (ausgelegt f\u00fcr bis zu 50m Tauchtiefe) Canon 1D or 5D, 80D Nikon D510 or D5 etc. U-AXP (hier klicken f\u00fcr mehr information) f\u00fcr kompakte SLR und spiegellose Systemkameras (ausgelegt f\u00fcr bis zu 50m Tauchtiefe) Canon 750D, Canon Rebel range &hellip; <a href=\"https:\/\/ewa-marine.com\/de\/products\/foto\/slr\/slr-kamera-gehaeuse\/u-bxp_u-axp_u-ax_d-ax\/\">Weiterlesen<\/a><\/p>\n","protected":false},"author":1,"featured_media":1310,"parent":837,"menu_order":3,"comment_status":"closed","ping_status":"closed","template":"","meta":{"kt_blocks_editor_width":"","footnotes":""},"class_list":["post-5708","page","type-page","status-publish","has-post-thumbnail","hentry"],"yoast_head":"<!-- This site is optimized with the Yoast SEO plugin v27.4 - https:\/\/yoast.com\/product\/yoast-seo-wordpress\/ -->\n<title>SLR Geh\u00e4use f\u00fcr Kameras und Aufsteckblitz - ewa-marine<\/title>\n<meta name=\"robots\" content=\"index, follow, max-snippet:-1, max-image-preview:large, max-video-preview:-1\" \/>\n<link rel=\"canonical\" href=\"https:\/\/ewa-marine.com\/de\/products\/foto\/slr\/slr-kamera-gehaeuse\/u-bxp_u-axp_u-ax_d-ax\/\" \/>\n<meta property=\"og:locale\" content=\"de_DE\" \/>\n<meta property=\"og:type\" content=\"article\" \/>\n<meta property=\"og:title\" content=\"SLR Geh\u00e4use f\u00fcr Kameras und Aufsteckblitz - ewa-marine\" \/>\n<meta property=\"og:description\" content=\"SLR Geh\u00e4use f\u00fcr Kameras und Aufsteckblitz F\u00fcr Ihre Art der Anwendung empfehlen wir,\u00a0 je nach Gr\u00f6\u00dfe des Kamera-Bodys den Sie haben und zu verwenden beabsichtigen, eines der folgenden ewa-marine Unterwassergeh\u00e4use: &nbsp; U-BXP (hier klicken f\u00fcr mehr information) f\u00fcr gro\u00dfe, Profi-SLR Kameras (ausgelegt f\u00fcr bis zu 50m Tauchtiefe) Canon 1D or 5D, 80D Nikon D510 or D5 etc. U-AXP (hier klicken f\u00fcr mehr information) f\u00fcr kompakte SLR und spiegellose Systemkameras (ausgelegt f\u00fcr bis zu 50m Tauchtiefe) Canon 750D, Canon Rebel range &hellip; Weiterlesen\" \/>\n<meta property=\"og:url\" content=\"https:\/\/ewa-marine.com\/de\/products\/foto\/slr\/slr-kamera-gehaeuse\/u-bxp_u-axp_u-ax_d-ax\/\" \/>\n<meta property=\"og:site_name\" content=\"ewa-marine\" \/>\n<meta property=\"article:publisher\" content=\"https:\/\/www.facebook.com\/ewa-marine\" \/>\n<meta property=\"article:modified_time\" content=\"2017-04-04T11:58:39+00:00\" \/>\n<meta property=\"og:image\" content=\"https:\/\/ewa-marine.com\/wp-content\/uploads\/2015\/07\/read-more-U-AX.jpg\" \/>\n\t<meta property=\"og:image:width\" content=\"200\" \/>\n\t<meta property=\"og:image:height\" content=\"200\" \/>\n\t<meta property=\"og:image:type\" content=\"image\/jpeg\" \/>\n<meta name=\"twitter:card\" content=\"summary_large_image\" \/>\n<meta name=\"twitter:site\" content=\"@ewa_marine\" \/>\n<meta name=\"twitter:label1\" content=\"Gesch\u00e4tzte Lesezeit\" \/>\n\t<meta name=\"twitter:data1\" content=\"1\u00a0Minute\" \/>\n<script type=\"application\/ld+json\" class=\"yoast-schema-graph\">{\"@context\":\"https:\\\/\\\/schema.org\",\"@graph\":[{\"@type\":\"WebPage\",\"@id\":\"https:\\\/\\\/ewa-marine.com\\\/de\\\/products\\\/foto\\\/slr\\\/slr-kamera-gehaeuse\\\/u-bxp_u-axp_u-ax_d-ax\\\/\",\"url\":\"https:\\\/\\\/ewa-marine.com\\\/de\\\/products\\\/foto\\\/slr\\\/slr-kamera-gehaeuse\\\/u-bxp_u-axp_u-ax_d-ax\\\/\",\"name\":\"SLR Geh\u00e4use f\u00fcr Kameras und Aufsteckblitz - ewa-marine\",\"isPartOf\":{\"@id\":\"https:\\\/\\\/ewa-marine.com\\\/de\\\/#website\"},\"primaryImageOfPage\":{\"@id\":\"https:\\\/\\\/ewa-marine.com\\\/de\\\/products\\\/foto\\\/slr\\\/slr-kamera-gehaeuse\\\/u-bxp_u-axp_u-ax_d-ax\\\/#primaryimage\"},\"image\":{\"@id\":\"https:\\\/\\\/ewa-marine.com\\\/de\\\/products\\\/foto\\\/slr\\\/slr-kamera-gehaeuse\\\/u-bxp_u-axp_u-ax_d-ax\\\/#primaryimage\"},\"thumbnailUrl\":\"https:\\\/\\\/ewa-marine.com\\\/wp-content\\\/uploads\\\/2015\\\/07\\\/read-more-U-AX.jpg\",\"datePublished\":\"2017-01-20T20:41:09+00:00\",\"dateModified\":\"2017-04-04T11:58:39+00:00\",\"breadcrumb\":{\"@id\":\"https:\\\/\\\/ewa-marine.com\\\/de\\\/products\\\/foto\\\/slr\\\/slr-kamera-gehaeuse\\\/u-bxp_u-axp_u-ax_d-ax\\\/#breadcrumb\"},\"inLanguage\":\"de\",\"potentialAction\":[{\"@type\":\"ReadAction\",\"target\":[\"https:\\\/\\\/ewa-marine.com\\\/de\\\/products\\\/foto\\\/slr\\\/slr-kamera-gehaeuse\\\/u-bxp_u-axp_u-ax_d-ax\\\/\"]}]},{\"@type\":\"ImageObject\",\"inLanguage\":\"de\",\"@id\":\"https:\\\/\\\/ewa-marine.com\\\/de\\\/products\\\/foto\\\/slr\\\/slr-kamera-gehaeuse\\\/u-bxp_u-axp_u-ax_d-ax\\\/#primaryimage\",\"url\":\"https:\\\/\\\/ewa-marine.com\\\/wp-content\\\/uploads\\\/2015\\\/07\\\/read-more-U-AX.jpg\",\"contentUrl\":\"https:\\\/\\\/ewa-marine.com\\\/wp-content\\\/uploads\\\/2015\\\/07\\\/read-more-U-AX.jpg\",\"width\":200,\"height\":200,\"caption\":\"ewa-marine SLR underwater housings\"},{\"@type\":\"BreadcrumbList\",\"@id\":\"https:\\\/\\\/ewa-marine.com\\\/de\\\/products\\\/foto\\\/slr\\\/slr-kamera-gehaeuse\\\/u-bxp_u-axp_u-ax_d-ax\\\/#breadcrumb\",\"itemListElement\":[{\"@type\":\"ListItem\",\"position\":1,\"name\":\"Startseite\",\"item\":\"https:\\\/\\\/www.ewa-marine.de\\\/\"},{\"@type\":\"ListItem\",\"position\":2,\"name\":\"Produkte\",\"item\":\"https:\\\/\\\/www.ewa-marine.de\\\/products\\\/\"},{\"@type\":\"ListItem\",\"position\":3,\"name\":\"Foto\",\"item\":\"https:\\\/\\\/www.ewa-marine.de\\\/products\\\/foto\\\/\"},{\"@type\":\"ListItem\",\"position\":4,\"name\":\"Unterwassergeh\u00e4use f\u00fcr SLR und Systemkameras\",\"item\":\"https:\\\/\\\/www.ewa-marine.de\\\/products\\\/foto\\\/slr\\\/\"},{\"@type\":\"ListItem\",\"position\":5,\"name\":\"Finden Sie ein Unterwassergeh\u00e4use f\u00fcr Ihre dSLR und Anwendung\",\"item\":\"https:\\\/\\\/www.ewa-marine.de\\\/products\\\/foto\\\/slr\\\/slr-kamera-gehaeuse\\\/\"},{\"@type\":\"ListItem\",\"position\":6,\"name\":\"SLR Geh\u00e4use f\u00fcr Kameras und Aufsteckblitz\"}]},{\"@type\":\"WebSite\",\"@id\":\"https:\\\/\\\/ewa-marine.com\\\/de\\\/#website\",\"url\":\"https:\\\/\\\/ewa-marine.com\\\/de\\\/\",\"name\":\"ewa-marine\",\"description\":\"Capture the Extreme !\",\"potentialAction\":[{\"@type\":\"SearchAction\",\"target\":{\"@type\":\"EntryPoint\",\"urlTemplate\":\"https:\\\/\\\/ewa-marine.com\\\/de\\\/?s={search_term_string}\"},\"query-input\":{\"@type\":\"PropertyValueSpecification\",\"valueRequired\":true,\"valueName\":\"search_term_string\"}}],\"inLanguage\":\"de\"}]}<\/script>\n<!-- \/ Yoast SEO plugin. -->","yoast_head_json":{"title":"SLR Geh\u00e4use f\u00fcr Kameras und Aufsteckblitz - ewa-marine","robots":{"index":"index","follow":"follow","max-snippet":"max-snippet:-1","max-image-preview":"max-image-preview:large","max-video-preview":"max-video-preview:-1"},"canonical":"https:\/\/ewa-marine.com\/de\/products\/foto\/slr\/slr-kamera-gehaeuse\/u-bxp_u-axp_u-ax_d-ax\/","og_locale":"de_DE","og_type":"article","og_title":"SLR Geh\u00e4use f\u00fcr Kameras und Aufsteckblitz - ewa-marine","og_description":"SLR Geh\u00e4use f\u00fcr Kameras und Aufsteckblitz F\u00fcr Ihre Art der Anwendung empfehlen wir,\u00a0 je nach Gr\u00f6\u00dfe des Kamera-Bodys den Sie haben und zu verwenden beabsichtigen, eines der folgenden ewa-marine Unterwassergeh\u00e4use: &nbsp; U-BXP (hier klicken f\u00fcr mehr information) f\u00fcr gro\u00dfe, Profi-SLR Kameras (ausgelegt f\u00fcr bis zu 50m Tauchtiefe) Canon 1D or 5D, 80D Nikon D510 or D5 etc. U-AXP (hier klicken f\u00fcr mehr information) f\u00fcr kompakte SLR und spiegellose Systemkameras (ausgelegt f\u00fcr bis zu 50m Tauchtiefe) Canon 750D, Canon Rebel range &hellip; Weiterlesen","og_url":"https:\/\/ewa-marine.com\/de\/products\/foto\/slr\/slr-kamera-gehaeuse\/u-bxp_u-axp_u-ax_d-ax\/","og_site_name":"ewa-marine","article_publisher":"https:\/\/www.facebook.com\/ewa-marine","article_modified_time":"2017-04-04T11:58:39+00:00","og_image":[{"width":200,"height":200,"url":"https:\/\/ewa-marine.com\/wp-content\/uploads\/2015\/07\/read-more-U-AX.jpg","type":"image\/jpeg"}],"twitter_card":"summary_large_image","twitter_site":"@ewa_marine","twitter_misc":{"Gesch\u00e4tzte Lesezeit":"1\u00a0Minute"},"schema":{"@context":"https:\/\/schema.org","@graph":[{"@type":"WebPage","@id":"https:\/\/ewa-marine.com\/de\/products\/foto\/slr\/slr-kamera-gehaeuse\/u-bxp_u-axp_u-ax_d-ax\/","url":"https:\/\/ewa-marine.com\/de\/products\/foto\/slr\/slr-kamera-gehaeuse\/u-bxp_u-axp_u-ax_d-ax\/","name":"SLR Geh\u00e4use f\u00fcr Kameras und Aufsteckblitz - ewa-marine","isPartOf":{"@id":"https:\/\/ewa-marine.com\/de\/#website"},"primaryImageOfPage":{"@id":"https:\/\/ewa-marine.com\/de\/products\/foto\/slr\/slr-kamera-gehaeuse\/u-bxp_u-axp_u-ax_d-ax\/#primaryimage"},"image":{"@id":"https:\/\/ewa-marine.com\/de\/products\/foto\/slr\/slr-kamera-gehaeuse\/u-bxp_u-axp_u-ax_d-ax\/#primaryimage"},"thumbnailUrl":"https:\/\/ewa-marine.com\/wp-content\/uploads\/2015\/07\/read-more-U-AX.jpg","datePublished":"2017-01-20T20:41:09+00:00","dateModified":"2017-04-04T11:58:39+00:00","breadcrumb":{"@id":"https:\/\/ewa-marine.com\/de\/products\/foto\/slr\/slr-kamera-gehaeuse\/u-bxp_u-axp_u-ax_d-ax\/#breadcrumb"},"inLanguage":"de","potentialAction":[{"@type":"ReadAction","target":["https:\/\/ewa-marine.com\/de\/products\/foto\/slr\/slr-kamera-gehaeuse\/u-bxp_u-axp_u-ax_d-ax\/"]}]},{"@type":"ImageObject","inLanguage":"de","@id":"https:\/\/ewa-marine.com\/de\/products\/foto\/slr\/slr-kamera-gehaeuse\/u-bxp_u-axp_u-ax_d-ax\/#primaryimage","url":"https:\/\/ewa-marine.com\/wp-content\/uploads\/2015\/07\/read-more-U-AX.jpg","contentUrl":"https:\/\/ewa-marine.com\/wp-content\/uploads\/2015\/07\/read-more-U-AX.jpg","width":200,"height":200,"caption":"ewa-marine SLR underwater housings"},{"@type":"BreadcrumbList","@id":"https:\/\/ewa-marine.com\/de\/products\/foto\/slr\/slr-kamera-gehaeuse\/u-bxp_u-axp_u-ax_d-ax\/#breadcrumb","itemListElement":[{"@type":"ListItem","position":1,"name":"Startseite","item":"https:\/\/www.ewa-marine.de\/"},{"@type":"ListItem","position":2,"name":"Produkte","item":"https:\/\/www.ewa-marine.de\/products\/"},{"@type":"ListItem","position":3,"name":"Foto","item":"https:\/\/www.ewa-marine.de\/products\/foto\/"},{"@type":"ListItem","position":4,"name":"Unterwassergeh\u00e4use f\u00fcr SLR und Systemkameras","item":"https:\/\/www.ewa-marine.de\/products\/foto\/slr\/"},{"@type":"ListItem","position":5,"name":"Finden Sie ein Unterwassergeh\u00e4use f\u00fcr Ihre dSLR und Anwendung","item":"https:\/\/www.ewa-marine.de\/products\/foto\/slr\/slr-kamera-gehaeuse\/"},{"@type":"ListItem","position":6,"name":"SLR Geh\u00e4use f\u00fcr Kameras und Aufsteckblitz"}]},{"@type":"WebSite","@id":"https:\/\/ewa-marine.com\/de\/#website","url":"https:\/\/ewa-marine.com\/de\/","name":"ewa-marine","description":"Capture the Extreme !","potentialAction":[{"@type":"SearchAction","target":{"@type":"EntryPoint","urlTemplate":"https:\/\/ewa-marine.com\/de\/?s={search_term_string}"},"query-input":{"@type":"PropertyValueSpecification","valueRequired":true,"valueName":"search_term_string"}}],"inLanguage":"de"}]}},"_links":{"self":[{"href":"https:\/\/ewa-marine.com\/de\/wp-json\/wp\/v2\/pages\/5708","targetHints":{"allow":["GET"]}}],"collection":[{"href":"https:\/\/ewa-marine.com\/de\/wp-json\/wp\/v2\/pages"}],"about":[{"href":"https:\/\/ewa-marine.com\/de\/wp-json\/wp\/v2\/types\/page"}],"author":[{"embeddable":true,"href":"https:\/\/ewa-marine.com\/de\/wp-json\/wp\/v2\/users\/1"}],"replies":[{"embeddable":true,"href":"https:\/\/ewa-marine.com\/de\/wp-json\/wp\/v2\/comments?post=5708"}],"version-history":[{"count":0,"href":"https:\/\/ewa-marine.com\/de\/wp-json\/wp\/v2\/pages\/5708\/revisions"}],"up":[{"embeddable":true,"href":"https:\/\/ewa-marine.com\/de\/wp-json\/wp\/v2\/pages\/837"}],"wp:featuredmedia":[{"embeddable":true,"href":"https:\/\/ewa-marine.com\/de\/wp-json\/wp\/v2\/media\/1310"}],"wp:attachment":[{"href":"https:\/\/ewa-marine.com\/de\/wp-json\/wp\/v2\/media?parent=5708"}],"curies":[{"name":"wp","href":"https:\/\/api.w.org\/{rel}","templated":true}]}}