{"id":604,"date":"2015-07-07T15:18:51","date_gmt":"2015-07-07T14:18:51","guid":{"rendered":"http:\/\/de.dicapac.de\/?page_id=604"},"modified":"2019-02-22T10:25:58","modified_gmt":"2019-02-22T09:25:58","slug":"zubehoer","status":"publish","type":"page","link":"https:\/\/ewa-marine.com\/de\/products\/zubehoer\/","title":{"rendered":"Zubeh\u00f6r"},"content":{"rendered":"<div id=\"pl-604\"  class=\"panel-layout\" ><div id=\"pg-604-0\"  class=\"panel-grid panel-no-style\" ><div id=\"pgc-604-0-0\"  class=\"panel-grid-cell\" ><div id=\"panel-604-0-0-0\" class=\"so-panel widget widget_black-studio-tinymce widget_black_studio_tinymce panel-first-child\" data-index=\"0\" ><div class=\"textwidget\"><h1>ewa-marine Zubeh\u00f6r<\/h1>\n<h2>Objektivadapter, Gewichte und Wartungsprodukte<\/h2>\n<p>Verschiedene Kameras erfordern unterschiedliche Zubeh\u00f6rteile, damit Sie qualitativ hochwertige Unterwasser-Film oder Fotos machen k\u00f6nnen.<\/p>\n<\/div><\/div><div id=\"panel-604-0-0-1\" class=\"so-panel widget widget_black-studio-tinymce widget_black_studio_tinymce panel-last-child\" data-index=\"1\" ><div class=\"textwidget\"><table>\n<tbody>\n<tr>\n<td><a href=\"\/products\/zubehoer\/av110\/\">Adapter AV110<\/a><\/td>\n<td>F\u00fcr Objektive die sich beim Fokussieren in der L\u00e4nge ver\u00e4ndern.<br \/>\nMaximaler Objektivdurchmesser 82mm. Passt am besten in den SF90 Port.<\/td>\n<td><a href=\"\/wp-content\/uploads\/2015\/07\/AV110.jpg\"><img loading=\"lazy\" decoding=\"async\" class=\"alignnone wp-image-259\" src=\"\/wp-content\/uploads\/2015\/07\/AV110.jpg\" alt=\"AV110\" width=\"100\" height=\"100\" srcset=\"https:\/\/ewa-marine.com\/wp-content\/uploads\/2015\/07\/AV110.jpg 200w, https:\/\/ewa-marine.com\/wp-content\/uploads\/2015\/07\/AV110-150x150.jpg 150w, https:\/\/ewa-marine.com\/wp-content\/uploads\/2015\/07\/AV110-60x60.jpg 60w\" sizes=\"auto, (max-width: 100px) 100vw, 100px\" \/><\/a><\/td>\n<\/tr>\n<tr>\n<td><a href=\"\/products\/zubehoer\/ca-adapter\/\">Adapter CA<\/a><\/td>\n<td>Es gibt drei Versionen des CA Adapters. F\u00fcr die Front-Ports SF80, SF90 oder SF100.<br \/>\nBitte w\u00e4hlen Sie richtige Version f\u00fcr den Frontport in Ihrem Geh\u00e4use, da diese Versionen nicht untereinander austauschbar sind.<br \/>\nErh\u00e4ltlich in den \"normalen\" Filtergewindegr\u00f6\u00dfen. Wenn zwischen der Adaptergr\u00f6\u00dfe und dem Filtergewinde eine Stufe ist, kann dieser mit einem Reduzieradapter \u00fcberbr\u00fcckt werden.<\/td>\n<td><a href=\"\/wp-content\/uploads\/2015\/07\/CAF-Ringadapter-100x75.jpg\"><img loading=\"lazy\" decoding=\"async\" class=\"alignnone wp-image-1781 size-full\" src=\"\/wp-content\/uploads\/2015\/07\/CAF-Ringadapter-100x75.jpg\" alt=\"CAF-Ringadapter-100x75\" width=\"100\" height=\"75\" \/><\/a><\/td>\n<\/tr>\n<tr>\n<td><a href=\"\/products\/zubehoer\/reduzieradapter\/\">Reduzieradapter<\/a><\/td>\n<td>Um sicherzustellen, dass ein Objektiv, dessen Filtergewinde nicht von den ewa-marine CA Adaptern unterst\u00fctzt wird, trotzdem in das Geh\u00e4use eingesetzt werden kann.<\/td>\n<td><a href=\"\/wp-content\/uploads\/2015\/07\/Step_Up_Ring_100x75.jpg\"><img loading=\"lazy\" decoding=\"async\" class=\"alignnone wp-image-1785 size-full\" src=\"\/wp-content\/uploads\/2015\/07\/Step_Up_Ring_100x75.jpg\" alt=\"camera to lens Step-Up ring\" width=\"100\" height=\"75\" \/><\/a><\/td>\n<\/tr>\n<tr>\n<td><a href=\"\/products\/zubehoer\/bf1-fotoblei\/\">Tauchblei BF1<\/a><\/td>\n<td>Bleigewicht, um den Auftrieb zu kompensieren. Passend f\u00fcr alle Geh\u00e4use der Serien U-A .. und U-B .. dSLR (mit Ausnahme der Baureihen U-BF ..)<\/td>\n<td><img loading=\"lazy\" decoding=\"async\" class=\"alignnone wp-image-32307 size-medium\" src=\"https:\/\/www.ewa-marine.de\/wp-content\/uploads\/\/2019\/02\/BF1-blk-300x300.png\" alt=\"ewa-marine BF1\" width=\"300\" height=\"300\" srcset=\"https:\/\/ewa-marine.com\/wp-content\/uploads\/2019\/02\/BF1-blk-300x300.png 300w, https:\/\/ewa-marine.com\/wp-content\/uploads\/2019\/02\/BF1-blk-150x150.png 150w, https:\/\/ewa-marine.com\/wp-content\/uploads\/2019\/02\/BF1-blk-768x768.png 768w, https:\/\/ewa-marine.com\/wp-content\/uploads\/2019\/02\/BF1-blk-60x60.png 60w, https:\/\/ewa-marine.com\/wp-content\/uploads\/2019\/02\/BF1-blk.png 1000w\" sizes=\"auto, (max-width: 300px) 100vw, 300px\" \/><\/td>\n<\/tr>\n<tr>\n<td><a href=\"\/products\/zubehoer\/bv2\/\">Tauchblei BV2<\/a><\/td>\n<td>Bleigewicht, um den Auftrieb zu kompensieren. F\u00fcr Video-Geh\u00e4use sowie U-AXP und U-BXP dSLR Geh\u00e4use.<br \/>\n(Wird im Wasser an den Gurten au\u00dfen, unterhalb des Geh\u00e4uses eingeklickt)<\/td>\n<td><a href=\"\/wp-content\/uploads\/2015\/07\/BV2_100x75.jpg\"><img loading=\"lazy\" decoding=\"async\" class=\"alignnone size-full wp-image-1773\" src=\"\/wp-content\/uploads\/2015\/07\/BV2_100x75.jpg\" alt=\"BV2_100x75\" width=\"100\" height=\"75\" \/><\/a><\/td>\n<\/tr>\n<tr>\n<td><a href=\"\/products\/zubehoer\/bs7\/\">Softblei BS7<\/a><\/td>\n<td>Bleischrot in einem Textilbeutel, um den Auftrieb zu kompensieren. Wird mit der Kamera in das Geh\u00e4use eingelegt.<\/td>\n<td><a href=\"\/wp-content\/uploads\/2015\/07\/BS7-100x75.jpg\"><img loading=\"lazy\" decoding=\"async\" class=\"alignnone size-full wp-image-1771\" src=\"\/wp-content\/uploads\/2015\/07\/BS7-100x75.jpg\" alt=\"BS7-100x75\" width=\"100\" height=\"75\" \/><\/a><\/td>\n<\/tr>\n<tr>\n<td><a href=\"\/products\/zubehoer\/cd5\/\">CD5 Silikagel<\/a><\/td>\n<td>Wiederverwendbares Trockenmittel mit Farbindikator um die Bildung von Kondenswasser im Geh\u00e4use zu verhindern.<\/td>\n<td><a href=\"\/wp-content\/uploads\/2015\/07\/CD5_100x75.jpg\"><img loading=\"lazy\" decoding=\"async\" class=\"alignnone size-full wp-image-1783\" src=\"\/wp-content\/uploads\/2015\/07\/CD5_100x75.jpg\" alt=\"CD5_100x75\" width=\"100\" height=\"75\" \/><\/a><\/td>\n<\/tr>\n<tr>\n<td><a href=\"\/products\/zubehoer\/kabelausgang\/\">Kabelausgang<\/a><\/td>\n<td>Um auf die Stromversorgung der Kamera, Bild und oder Ton im geschlossenen Geh\u00e4use zugreifen zu k\u00f6nnen.<\/td>\n<td><a href=\"\/wp-content\/uploads\/2015\/07\/cableexit-100x75.jpg\"><img loading=\"lazy\" decoding=\"async\" class=\"alignnone size-full wp-image-1779\" src=\"\/wp-content\/uploads\/2015\/07\/cableexit-100x75.jpg\" alt=\"cableexit-100x75\" width=\"100\" height=\"75\" \/><\/a><\/td>\n<\/tr>\n<tr>\n<td><a href=\"\/products\/zubehoer\/stativ-bodenplatte\/\">Stativadapter<\/a><\/td>\n<td>Verbindet das Geh\u00e4use und die Kamera mit einem Stativ, einem Kamerakran oder einer anderen Halterung.<\/td>\n<td><a href=\"\/wp-content\/uploads\/2015\/07\/tripodmount-100x75.jpg\"><img loading=\"lazy\" decoding=\"async\" class=\"alignnone size-full wp-image-1765\" src=\"\/wp-content\/uploads\/2015\/07\/tripodmount-100x75.jpg\" alt=\"tripodmount-100x75\" width=\"100\" height=\"75\" \/><\/a><\/td>\n<\/tr>\n<tr>\n<td><a href=\"\/products\/zubehoer\/zoom-extension\/\">Zoom Verl\u00e4ngerung<\/a><\/td>\n<td>Verl\u00e4ngert die maximale L\u00e4nge des Zoomobjektivs in Ihrem Kompaktkamerageh\u00e4use um 10mm.<br \/>\nF\u00fcr die ewa-marine 3D-M, 3D-L, D-CP1 und D-CP2 Unterwassergeh\u00e4use.<\/td>\n<td><a href=\"\/wp-content\/uploads\/2016\/03\/Zoom_100x75.png\"><img loading=\"lazy\" decoding=\"async\" class=\"alignnone size-full wp-image-3857\" src=\"\/wp-content\/uploads\/2016\/03\/Zoom_100x75.png\" alt=\"Zoom_100x75\" width=\"100\" height=\"75\" \/><\/a><\/td>\n<\/tr>\n<tr>\n<td><a href=\"\/products\/zubehoer\/kundenspezifischer_front-port\/\">Benutzerdefenierter Front Port<\/a><\/td>\n<td>Ist Ihr Wechselobjektiv zu lang oder zu kurz f\u00fcr eines der Standardgeh\u00e4use? Wir k\u00f6nnen Ihnen trotzdem weiterhelfen!<\/td>\n<td><a href=\"\/wp-content\/uploads\/2015\/12\/vaf1_z_200x200-2.png\"><img loading=\"lazy\" decoding=\"async\" class=\"alignnone wp-image-3622\" src=\"\/wp-content\/uploads\/2015\/12\/vaf1_z_200x200-2.png\" alt=\"extended port\" width=\"100\" height=\"100\" srcset=\"https:\/\/ewa-marine.com\/wp-content\/uploads\/2015\/12\/vaf1_z_200x200-2.png 200w, https:\/\/ewa-marine.com\/wp-content\/uploads\/2015\/12\/vaf1_z_200x200-2-150x150.png 150w, https:\/\/ewa-marine.com\/wp-content\/uploads\/2015\/12\/vaf1_z_200x200-2-60x60.png 60w\" sizes=\"auto, (max-width: 100px) 100vw, 100px\" \/><\/a><\/td>\n<\/tr>\n<tr>\n<td><a href=\"\/products\/zubehoer\/sf100\/\">SF100 Front Port<\/a><\/td>\n<td>Neue Objektive mit gr\u00f6\u00dferen Durchmessern erfordern m\u00f6glicherweise ein Upgrade des Front-Ports Ihres Geh\u00e4uses auf einen gr\u00f6\u00dferen Durchmesser.<br \/>\nDer SF100 ist ausgelegt f\u00fcr Objektive mit 77m oder 82mm Filtergewinde.<\/td>\n<td><a href=\"\/wp-content\/uploads\/2015\/07\/SF100-100x90.jpg\"><img loading=\"lazy\" decoding=\"async\" class=\"alignnone size-full wp-image-3838\" src=\"\/wp-content\/uploads\/2015\/07\/SF100-100x90.jpg\" alt=\"ewa-marine SF100 front port\" width=\"100\" height=\"90\" \/><\/a><\/td>\n<\/tr>\n<\/tbody>\n<\/table>\n<\/div><\/div><\/div><\/div><\/div>","protected":false},"excerpt":{"rendered":"<p>ewa-marine Zubeh\u00f6rObjektivadapter, Gewichte und WartungsprodukteVerschiedene Kameras erfordern unterschiedliche Zubeh\u00f6rteile, damit Sie qualitativ hochwertige Unterwasser-Film oder Fotos machen k\u00f6nnen. Adapter AV110 F\u00fcr Objektive die sich beim Fokussieren in der L\u00e4nge ver\u00e4ndern. Maximaler Objektivdurchmesser 82mm. Passt am besten in den SF90 Port. Adapter CA Es gibt drei Versionen des CA Adapters. F\u00fcr die Front-Ports SF80, SF90 oder SF100. Bitte w\u00e4hlen Sie richtige Version f\u00fcr den Frontport in Ihrem Geh\u00e4use, da diese Versionen nicht untereinander austauschbar sind. Erh\u00e4ltlich in den &#8222;normalen&#8220; Filtergewindegr\u00f6\u00dfen. Wenn &hellip; <a href=\"https:\/\/ewa-marine.com\/de\/products\/zubehoer\/\">Weiterlesen<\/a><\/p>\n","protected":false},"author":1,"featured_media":2491,"parent":146,"menu_order":9,"comment_status":"closed","ping_status":"closed","template":"","meta":{"kt_blocks_editor_width":"","footnotes":""},"class_list":["post-604","page","type-page","status-publish","has-post-thumbnail","hentry"],"yoast_head":"<!-- This site is optimized with the Yoast SEO plugin v27.3 - https:\/\/yoast.com\/product\/yoast-seo-wordpress\/ -->\n<title>Zubeh\u00f6r von ewa-marine f\u00fcr Unterwasserfilm und Photographie.<\/title>\n<meta name=\"description\" content=\"Das folgende Zubeh\u00f6r kann den Einsatz Ihres ewa-marine optimieren damit Sie bessere Ergebnisse bei Unterwasser-Film und Fotografie mit Ihrer Kamera erzielen\" \/>\n<meta name=\"robots\" content=\"index, follow, max-snippet:-1, max-image-preview:large, max-video-preview:-1\" \/>\n<link rel=\"canonical\" href=\"https:\/\/ewa-marine.com\/de\/products\/zubehoer\/\" \/>\n<meta property=\"og:locale\" content=\"de_DE\" \/>\n<meta property=\"og:type\" content=\"article\" \/>\n<meta property=\"og:title\" content=\"Zubeh\u00f6r von ewa-marine f\u00fcr Unterwasserfilm und Photographie.\" \/>\n<meta property=\"og:description\" content=\"Das folgende Zubeh\u00f6r kann den Einsatz Ihres ewa-marine optimieren damit Sie bessere Ergebnisse bei Unterwasser-Film und Fotografie mit Ihrer Kamera erzielen\" \/>\n<meta property=\"og:url\" content=\"https:\/\/ewa-marine.com\/de\/products\/zubehoer\/\" \/>\n<meta property=\"og:site_name\" content=\"ewa-marine\" \/>\n<meta property=\"article:publisher\" content=\"https:\/\/www.facebook.com\/ewa-marine\" \/>\n<meta property=\"article:modified_time\" content=\"2019-02-22T09:25:58+00:00\" \/>\n<meta property=\"og:image\" content=\"https:\/\/i0.wp.com\/www.ewa-marine.de\/wp-content\/uploads\/2015\/07\/featured-diver.jpg?fit=200%2C200&ssl=1\" \/>\n\t<meta property=\"og:image:width\" content=\"200\" \/>\n\t<meta property=\"og:image:height\" content=\"200\" \/>\n\t<meta property=\"og:image:type\" content=\"image\/jpeg\" \/>\n<meta name=\"twitter:card\" content=\"summary_large_image\" \/>\n<meta name=\"twitter:site\" content=\"@ewa_marine\" \/>\n<meta name=\"twitter:label1\" content=\"Gesch\u00e4tzte Lesezeit\" \/>\n\t<meta name=\"twitter:data1\" content=\"2\u00a0Minuten\" \/>\n<script type=\"application\/ld+json\" class=\"yoast-schema-graph\">{\"@context\":\"https:\\\/\\\/schema.org\",\"@graph\":[{\"@type\":\"WebPage\",\"@id\":\"https:\\\/\\\/ewa-marine.com\\\/de\\\/products\\\/zubehoer\\\/\",\"url\":\"https:\\\/\\\/ewa-marine.com\\\/de\\\/products\\\/zubehoer\\\/\",\"name\":\"Zubeh\u00f6r von ewa-marine f\u00fcr Unterwasserfilm und Photographie.\",\"isPartOf\":{\"@id\":\"https:\\\/\\\/ewa-marine.com\\\/de\\\/#website\"},\"primaryImageOfPage\":{\"@id\":\"https:\\\/\\\/ewa-marine.com\\\/de\\\/products\\\/zubehoer\\\/#primaryimage\"},\"image\":{\"@id\":\"https:\\\/\\\/ewa-marine.com\\\/de\\\/products\\\/zubehoer\\\/#primaryimage\"},\"thumbnailUrl\":\"https:\\\/\\\/ewa-marine.com\\\/wp-content\\\/uploads\\\/2015\\\/07\\\/featured-diver.jpg\",\"datePublished\":\"2015-07-07T14:18:51+00:00\",\"dateModified\":\"2019-02-22T09:25:58+00:00\",\"description\":\"Das folgende Zubeh\u00f6r kann den Einsatz Ihres ewa-marine optimieren damit Sie bessere Ergebnisse bei Unterwasser-Film und Fotografie mit Ihrer Kamera erzielen\",\"breadcrumb\":{\"@id\":\"https:\\\/\\\/ewa-marine.com\\\/de\\\/products\\\/zubehoer\\\/#breadcrumb\"},\"inLanguage\":\"de\",\"potentialAction\":[{\"@type\":\"ReadAction\",\"target\":[\"https:\\\/\\\/ewa-marine.com\\\/de\\\/products\\\/zubehoer\\\/\"]}]},{\"@type\":\"ImageObject\",\"inLanguage\":\"de\",\"@id\":\"https:\\\/\\\/ewa-marine.com\\\/de\\\/products\\\/zubehoer\\\/#primaryimage\",\"url\":\"https:\\\/\\\/ewa-marine.com\\\/wp-content\\\/uploads\\\/2015\\\/07\\\/featured-diver.jpg\",\"contentUrl\":\"https:\\\/\\\/ewa-marine.com\\\/wp-content\\\/uploads\\\/2015\\\/07\\\/featured-diver.jpg\",\"width\":200,\"height\":200},{\"@type\":\"BreadcrumbList\",\"@id\":\"https:\\\/\\\/ewa-marine.com\\\/de\\\/products\\\/zubehoer\\\/#breadcrumb\",\"itemListElement\":[{\"@type\":\"ListItem\",\"position\":1,\"name\":\"Startseite\",\"item\":\"https:\\\/\\\/www.ewa-marine.de\\\/\"},{\"@type\":\"ListItem\",\"position\":2,\"name\":\"Produkte\",\"item\":\"https:\\\/\\\/www.ewa-marine.de\\\/products\\\/\"},{\"@type\":\"ListItem\",\"position\":3,\"name\":\"Zubeh\u00f6r\"}]},{\"@type\":\"WebSite\",\"@id\":\"https:\\\/\\\/ewa-marine.com\\\/de\\\/#website\",\"url\":\"https:\\\/\\\/ewa-marine.com\\\/de\\\/\",\"name\":\"ewa-marine\",\"description\":\"Capture the Extreme !\",\"potentialAction\":[{\"@type\":\"SearchAction\",\"target\":{\"@type\":\"EntryPoint\",\"urlTemplate\":\"https:\\\/\\\/ewa-marine.com\\\/de\\\/?s={search_term_string}\"},\"query-input\":{\"@type\":\"PropertyValueSpecification\",\"valueRequired\":true,\"valueName\":\"search_term_string\"}}],\"inLanguage\":\"de\"}]}<\/script>\n<!-- \/ Yoast SEO plugin. -->","yoast_head_json":{"title":"Zubeh\u00f6r von ewa-marine f\u00fcr Unterwasserfilm und Photographie.","description":"Das folgende Zubeh\u00f6r kann den Einsatz Ihres ewa-marine optimieren damit Sie bessere Ergebnisse bei Unterwasser-Film und Fotografie mit Ihrer Kamera erzielen","robots":{"index":"index","follow":"follow","max-snippet":"max-snippet:-1","max-image-preview":"max-image-preview:large","max-video-preview":"max-video-preview:-1"},"canonical":"https:\/\/ewa-marine.com\/de\/products\/zubehoer\/","og_locale":"de_DE","og_type":"article","og_title":"Zubeh\u00f6r von ewa-marine f\u00fcr Unterwasserfilm und Photographie.","og_description":"Das folgende Zubeh\u00f6r kann den Einsatz Ihres ewa-marine optimieren damit Sie bessere Ergebnisse bei Unterwasser-Film und Fotografie mit Ihrer Kamera erzielen","og_url":"https:\/\/ewa-marine.com\/de\/products\/zubehoer\/","og_site_name":"ewa-marine","article_publisher":"https:\/\/www.facebook.com\/ewa-marine","article_modified_time":"2019-02-22T09:25:58+00:00","og_image":[{"width":200,"height":200,"url":"https:\/\/i0.wp.com\/www.ewa-marine.de\/wp-content\/uploads\/2015\/07\/featured-diver.jpg?fit=200%2C200&ssl=1","type":"image\/jpeg"}],"twitter_card":"summary_large_image","twitter_site":"@ewa_marine","twitter_misc":{"Gesch\u00e4tzte Lesezeit":"2\u00a0Minuten"},"schema":{"@context":"https:\/\/schema.org","@graph":[{"@type":"WebPage","@id":"https:\/\/ewa-marine.com\/de\/products\/zubehoer\/","url":"https:\/\/ewa-marine.com\/de\/products\/zubehoer\/","name":"Zubeh\u00f6r von ewa-marine f\u00fcr Unterwasserfilm und Photographie.","isPartOf":{"@id":"https:\/\/ewa-marine.com\/de\/#website"},"primaryImageOfPage":{"@id":"https:\/\/ewa-marine.com\/de\/products\/zubehoer\/#primaryimage"},"image":{"@id":"https:\/\/ewa-marine.com\/de\/products\/zubehoer\/#primaryimage"},"thumbnailUrl":"https:\/\/ewa-marine.com\/wp-content\/uploads\/2015\/07\/featured-diver.jpg","datePublished":"2015-07-07T14:18:51+00:00","dateModified":"2019-02-22T09:25:58+00:00","description":"Das folgende Zubeh\u00f6r kann den Einsatz Ihres ewa-marine optimieren damit Sie bessere Ergebnisse bei Unterwasser-Film und Fotografie mit Ihrer Kamera erzielen","breadcrumb":{"@id":"https:\/\/ewa-marine.com\/de\/products\/zubehoer\/#breadcrumb"},"inLanguage":"de","potentialAction":[{"@type":"ReadAction","target":["https:\/\/ewa-marine.com\/de\/products\/zubehoer\/"]}]},{"@type":"ImageObject","inLanguage":"de","@id":"https:\/\/ewa-marine.com\/de\/products\/zubehoer\/#primaryimage","url":"https:\/\/ewa-marine.com\/wp-content\/uploads\/2015\/07\/featured-diver.jpg","contentUrl":"https:\/\/ewa-marine.com\/wp-content\/uploads\/2015\/07\/featured-diver.jpg","width":200,"height":200},{"@type":"BreadcrumbList","@id":"https:\/\/ewa-marine.com\/de\/products\/zubehoer\/#breadcrumb","itemListElement":[{"@type":"ListItem","position":1,"name":"Startseite","item":"https:\/\/www.ewa-marine.de\/"},{"@type":"ListItem","position":2,"name":"Produkte","item":"https:\/\/www.ewa-marine.de\/products\/"},{"@type":"ListItem","position":3,"name":"Zubeh\u00f6r"}]},{"@type":"WebSite","@id":"https:\/\/ewa-marine.com\/de\/#website","url":"https:\/\/ewa-marine.com\/de\/","name":"ewa-marine","description":"Capture the Extreme !","potentialAction":[{"@type":"SearchAction","target":{"@type":"EntryPoint","urlTemplate":"https:\/\/ewa-marine.com\/de\/?s={search_term_string}"},"query-input":{"@type":"PropertyValueSpecification","valueRequired":true,"valueName":"search_term_string"}}],"inLanguage":"de"}]}},"_links":{"self":[{"href":"https:\/\/ewa-marine.com\/de\/wp-json\/wp\/v2\/pages\/604","targetHints":{"allow":["GET"]}}],"collection":[{"href":"https:\/\/ewa-marine.com\/de\/wp-json\/wp\/v2\/pages"}],"about":[{"href":"https:\/\/ewa-marine.com\/de\/wp-json\/wp\/v2\/types\/page"}],"author":[{"embeddable":true,"href":"https:\/\/ewa-marine.com\/de\/wp-json\/wp\/v2\/users\/1"}],"replies":[{"embeddable":true,"href":"https:\/\/ewa-marine.com\/de\/wp-json\/wp\/v2\/comments?post=604"}],"version-history":[{"count":1,"href":"https:\/\/ewa-marine.com\/de\/wp-json\/wp\/v2\/pages\/604\/revisions"}],"predecessor-version":[{"id":32318,"href":"https:\/\/ewa-marine.com\/de\/wp-json\/wp\/v2\/pages\/604\/revisions\/32318"}],"up":[{"embeddable":true,"href":"https:\/\/ewa-marine.com\/de\/wp-json\/wp\/v2\/pages\/146"}],"wp:featuredmedia":[{"embeddable":true,"href":"https:\/\/ewa-marine.com\/de\/wp-json\/wp\/v2\/media\/2491"}],"wp:attachment":[{"href":"https:\/\/ewa-marine.com\/de\/wp-json\/wp\/v2\/media?parent=604"}],"curies":[{"name":"wp","href":"https:\/\/api.w.org\/{rel}","templated":true}]}}