{"id":6118,"date":"2016-04-07T11:34:40","date_gmt":"2016-04-07T10:34:40","guid":{"rendered":"http:\/\/www.ewa-marine.de\/products\/ewa-sports\/beltsafe\/"},"modified":"2017-02-03T08:49:59","modified_gmt":"2017-02-03T07:49:59","slug":"beltsafe","status":"publish","type":"page","link":"https:\/\/ewa-marine.com\/de\/products\/ewa-sports\/beltsafe\/","title":{"rendered":"BeltSafe"},"content":{"rendered":"<div id=\"pl-6118\"  class=\"panel-layout\" ><div id=\"pg-6118-0\"  class=\"panel-grid panel-no-style\" ><div id=\"pgc-6118-0-0\"  class=\"panel-grid-cell\" ><div id=\"panel-6118-0-0-0\" class=\"so-panel widget widget_black-studio-tinymce widget_black_studio_tinymce panel-first-child panel-last-child\" data-index=\"0\" ><div class=\"textwidget\"><div class=\"csc-header csc-header-n1\">\n<h1 class=\"csc-firstHeader\">ewa-marine BS Beltsafe (G\u00fcrteltasche)<\/h1>\n<h6>Bestellcode: PMS<\/h6>\n<\/div>\n<div class=\"csc-textpic csc-textpic-center csc-textpic-below csc-textpic-caption-c\">\n<div class=\"csc-textpic-text\">\n<p class=\"bodytext\"><span id=\"result_box\" class=\"\" lang=\"de\">Der ewa-marine BS Beltsafe ist eine kleine wasserdichte Tasche mit zwei F\u00e4chern. Diese kleine Tasche kommt mit einem G\u00fcrtelclip und bietet Schutz f\u00fcr Ihre Kreditkarten, Bargeld oder kleinere Elektronik wie USB-Sticks, SD-Speicherkarten oder elektronische Autoschl\u00fcssel. <span class=\"\">Es ist f\u00fcr Menschen gemacht, die ein aktives Leben in der freien Natur leben.<\/span> <span class=\"\">Die kleine Tasche kann im Wassersport, am Strand und im Wintersport genutzt werden.<\/span> <span class=\"\">Es hat zwei interne F\u00e4cher: ein FAch versteckt seinen Inhalt vor neugierigen Augen (Geld, Kreditkarten, etc.), w\u00e4hrend das andere Fach den Pager, ID-Karte oder Club-Mitgliedschaft sichtbar aufbewahrt.<\/span><\/span><\/p>\n<p class=\"bodytext\">\u00a0<\/p>\n<p class=\"bodytext\">Zwei F\u00e4cher:<\/p>\n<p class=\"bodytext\">1 - <span id=\"result_box\" class=\"\" lang=\"de\"><span class=\"\">Ein Abschnitt versteckt seinen Inhalt vor neugierigen Augen (Geld, Kreditkarten, etc.)<\/span><\/span><\/p>\n<p class=\"bodytext\">2 - <span id=\"result_box\" class=\"\" lang=\"de\"><span class=\"\">Im anderen Bereich werden der Pager, die ID-Karte oder die Club-Mitgliedschaft sichtbar aufbewahrt<\/span><\/span><\/p>\n<\/div>\n<\/div>\n<\/div><\/div><\/div><\/div><div id=\"pg-6118-1\"  class=\"panel-grid panel-no-style\" ><div id=\"pgc-6118-1-0\"  class=\"panel-grid-cell\" ><div id=\"panel-6118-1-0-0\" class=\"so-panel widget widget_kadence_simple_image kadence_simple_image panel-first-child panel-last-child\" data-index=\"1\" ><div class=\"kad_img_upload_widget  kt-shape-type- kt-image-align-center kt-image-widget-widget-1-0-0\"><a href=\"https:\/\/ewa-marine.com\/wp-content\/uploads\/2016\/04\/beltsafe_1_200x200.png\" rel=\"lightbox\"><div class=\"kt-image-contain  \"><div class=\"kt-image-inner-contain\"><img loading=\"lazy\" decoding=\"async\" width=\"200\" height=\"200\" src=\"https:\/\/ewa-marine.com\/wp-content\/uploads\/2016\/04\/beltsafe_1_200x200.png\" class=\"attachment-full size-full\" alt=\"ewa-marine beltsafe\" srcset=\"https:\/\/ewa-marine.com\/wp-content\/uploads\/2016\/04\/beltsafe_1_200x200.png 200w, https:\/\/ewa-marine.com\/wp-content\/uploads\/2016\/04\/beltsafe_1_200x200-150x150.png 150w, https:\/\/ewa-marine.com\/wp-content\/uploads\/2016\/04\/beltsafe_1_200x200-60x60.png 60w\" sizes=\"auto, (max-width: 200px) 100vw, 200px\" \/><\/div><\/div><\/a><div class=\"kadence_image_widget_caption\">ewa-marine Beltsafe (G\u00fcrteltasche)<\/div><\/div><\/div><\/div><div id=\"pgc-6118-1-1\"  class=\"panel-grid-cell\" ><div id=\"panel-6118-1-1-0\" class=\"so-panel widget widget_kadence_simple_image kadence_simple_image panel-first-child panel-last-child\" data-index=\"2\" ><div class=\"kad_img_upload_widget  kt-shape-type- kt-image-align-center kt-image-widget-widget-1-1-0\"><a href=\"https:\/\/ewa-marine.com\/wp-content\/uploads\/2016\/04\/beltsafe_200x200.png\" rel=\"lightbox\"><div class=\"kt-image-contain  \"><div class=\"kt-image-inner-contain\"><img loading=\"lazy\" decoding=\"async\" width=\"200\" height=\"200\" src=\"https:\/\/ewa-marine.com\/wp-content\/uploads\/2016\/04\/beltsafe_200x200.png\" class=\"attachment-full size-full\" alt=\"ewa-marine beltsafe protects car keys\" srcset=\"https:\/\/ewa-marine.com\/wp-content\/uploads\/2016\/04\/beltsafe_200x200.png 200w, https:\/\/ewa-marine.com\/wp-content\/uploads\/2016\/04\/beltsafe_200x200-150x150.png 150w, https:\/\/ewa-marine.com\/wp-content\/uploads\/2016\/04\/beltsafe_200x200-60x60.png 60w\" sizes=\"auto, (max-width: 200px) 100vw, 200px\" \/><\/div><\/div><\/a><div class=\"kadence_image_widget_caption\">ewa-marine Beltsafe (G\u00fcrteltasche) zum Schutz Ihrer Autoschl\u00fcssel etc.<\/div><\/div><\/div><\/div><\/div><div id=\"pg-6118-2\"  class=\"panel-grid panel-no-style\" ><div id=\"pgc-6118-2-0\"  class=\"panel-grid-cell\" ><div id=\"panel-6118-2-0-0\" class=\"so-panel widget widget_kadence_simple_image kadence_simple_image panel-first-child panel-last-child\" data-index=\"3\" ><div class=\"kad_img_upload_widget  kt-shape-type- kt-image-align-center kt-image-widget-widget-2-0-0\"><a href=\"https:\/\/ewa-marine.com\/wp-content\/uploads\/2016\/04\/beltsafe_3_200x200.png\" rel=\"lightbox\"><div class=\"kt-image-contain  \"><div class=\"kt-image-inner-contain\"><img loading=\"lazy\" decoding=\"async\" width=\"200\" height=\"200\" src=\"https:\/\/ewa-marine.com\/wp-content\/uploads\/2016\/04\/beltsafe_3_200x200.png\" class=\"attachment-full size-full\" alt=\"ewa-marine beltsafe\" srcset=\"https:\/\/ewa-marine.com\/wp-content\/uploads\/2016\/04\/beltsafe_3_200x200.png 200w, https:\/\/ewa-marine.com\/wp-content\/uploads\/2016\/04\/beltsafe_3_200x200-150x150.png 150w, https:\/\/ewa-marine.com\/wp-content\/uploads\/2016\/04\/beltsafe_3_200x200-60x60.png 60w\" sizes=\"auto, (max-width: 200px) 100vw, 200px\" \/><\/div><\/div><\/a><div class=\"kadence_image_widget_caption\">Mit einem \"geheimen\" hinteren Fach, zum Verbergen des Bargeldes, der Kreditkarten, etc. , w\u00e4hrend das vordere Fach klar ist und f\u00fcr Bilderkennung etc. genutzt werden kann.<\/div><\/div><\/div><\/div><div id=\"pgc-6118-2-1\"  class=\"panel-grid-cell\" ><div id=\"panel-6118-2-1-0\" class=\"so-panel widget widget_kadence_simple_image kadence_simple_image panel-first-child panel-last-child\" data-index=\"4\" ><div class=\"kad_img_upload_widget  kt-shape-type- kt-image-align-center kt-image-widget-widget-2-1-0\"><a href=\"https:\/\/ewa-marine.com\/wp-content\/uploads\/2016\/04\/beltsafe_4_200x200.png\" rel=\"lightbox\"><div class=\"kt-image-contain  \"><div class=\"kt-image-inner-contain\"><img loading=\"lazy\" decoding=\"async\" width=\"200\" height=\"200\" src=\"https:\/\/ewa-marine.com\/wp-content\/uploads\/2016\/04\/beltsafe_4_200x200.png\" class=\"attachment-full size-full\" alt=\"ewa-marine beltsafe with belt clip\" srcset=\"https:\/\/ewa-marine.com\/wp-content\/uploads\/2016\/04\/beltsafe_4_200x200.png 200w, https:\/\/ewa-marine.com\/wp-content\/uploads\/2016\/04\/beltsafe_4_200x200-150x150.png 150w, https:\/\/ewa-marine.com\/wp-content\/uploads\/2016\/04\/beltsafe_4_200x200-60x60.png 60w\" sizes=\"auto, (max-width: 200px) 100vw, 200px\" \/><\/div><\/div><\/a><div class=\"kadence_image_widget_caption\">Kann an Ihrem G\u00fcrtel mit dem Standard-G\u00fcrtelclip befestigt werden<\/div><\/div><\/div><\/div><\/div><\/div>","protected":false},"excerpt":{"rendered":"<p>ewa-marine BS Beltsafe (G\u00fcrteltasche)Bestellcode: PMSDer ewa-marine BS Beltsafe ist eine kleine wasserdichte Tasche mit zwei F\u00e4chern. Diese kleine Tasche kommt mit einem G\u00fcrtelclip und bietet Schutz f\u00fcr Ihre Kreditkarten, Bargeld oder kleinere Elektronik wie USB-Sticks, SD-Speicherkarten oder elektronische Autoschl\u00fcssel. Es ist f\u00fcr Menschen gemacht, die ein aktives Leben in der freien Natur leben. Die kleine Tasche kann im Wassersport, am Strand und im Wintersport genutzt werden. Es hat zwei interne F\u00e4cher: ein FAch versteckt seinen Inhalt vor neugierigen Augen (Geld, &hellip; <a href=\"https:\/\/ewa-marine.com\/de\/products\/ewa-sports\/beltsafe\/\">Weiterlesen<\/a><\/p>\n","protected":false},"author":1,"featured_media":3747,"parent":1071,"menu_order":0,"comment_status":"closed","ping_status":"closed","template":"","meta":{"kt_blocks_editor_width":"","footnotes":""},"class_list":["post-6118","page","type-page","status-publish","has-post-thumbnail","hentry"],"yoast_head":"<!-- This site is optimized with the Yoast SEO plugin v27.4 - https:\/\/yoast.com\/product\/yoast-seo-wordpress\/ -->\n<title>ewa-marine BeltSafe G\u00fcrteltasche mit Clip<\/title>\n<meta name=\"description\" content=\"Die ewa-marine BeltSafe G\u00fcrteltasche kommt mit einem G\u00fcrtelclip und bietet Schutz f\u00fcr Ihre Kreditkarten, Bargeld oder kleinere Elektronik wie MP3-Player\" \/>\n<meta name=\"robots\" content=\"index, follow, max-snippet:-1, max-image-preview:large, max-video-preview:-1\" \/>\n<link rel=\"canonical\" href=\"https:\/\/ewa-marine.com\/de\/products\/ewa-sports\/beltsafe\/\" \/>\n<meta property=\"og:locale\" content=\"de_DE\" \/>\n<meta property=\"og:type\" content=\"article\" \/>\n<meta property=\"og:title\" content=\"ewa-marine BeltSafe G\u00fcrteltasche mit Clip\" \/>\n<meta property=\"og:description\" content=\"Die ewa-marine BeltSafe G\u00fcrteltasche kommt mit einem G\u00fcrtelclip und bietet Schutz f\u00fcr Ihre Kreditkarten, Bargeld oder kleinere Elektronik wie MP3-Player\" \/>\n<meta property=\"og:url\" content=\"https:\/\/ewa-marine.com\/de\/products\/ewa-sports\/beltsafe\/\" \/>\n<meta property=\"og:site_name\" content=\"ewa-marine\" \/>\n<meta property=\"article:publisher\" content=\"https:\/\/www.facebook.com\/ewa-marine\" \/>\n<meta property=\"article:modified_time\" content=\"2017-02-03T07:49:59+00:00\" \/>\n<meta property=\"og:image\" content=\"https:\/\/ewa-marine.com\/wp-content\/uploads\/2016\/04\/beltsafe_200x200.png\" \/>\n\t<meta property=\"og:image:width\" content=\"200\" \/>\n\t<meta property=\"og:image:height\" content=\"200\" \/>\n\t<meta property=\"og:image:type\" content=\"image\/png\" \/>\n<meta name=\"twitter:card\" content=\"summary_large_image\" \/>\n<meta name=\"twitter:site\" content=\"@ewa_marine\" \/>\n<meta name=\"twitter:label1\" content=\"Gesch\u00e4tzte Lesezeit\" \/>\n\t<meta name=\"twitter:data1\" content=\"1\u00a0Minute\" \/>\n<script type=\"application\/ld+json\" class=\"yoast-schema-graph\">{\"@context\":\"https:\\\/\\\/schema.org\",\"@graph\":[{\"@type\":\"WebPage\",\"@id\":\"https:\\\/\\\/ewa-marine.com\\\/de\\\/products\\\/ewa-sports\\\/beltsafe\\\/\",\"url\":\"https:\\\/\\\/ewa-marine.com\\\/de\\\/products\\\/ewa-sports\\\/beltsafe\\\/\",\"name\":\"ewa-marine BeltSafe G\u00fcrteltasche mit Clip\",\"isPartOf\":{\"@id\":\"https:\\\/\\\/ewa-marine.com\\\/de\\\/#website\"},\"primaryImageOfPage\":{\"@id\":\"https:\\\/\\\/ewa-marine.com\\\/de\\\/products\\\/ewa-sports\\\/beltsafe\\\/#primaryimage\"},\"image\":{\"@id\":\"https:\\\/\\\/ewa-marine.com\\\/de\\\/products\\\/ewa-sports\\\/beltsafe\\\/#primaryimage\"},\"thumbnailUrl\":\"https:\\\/\\\/ewa-marine.com\\\/wp-content\\\/uploads\\\/2016\\\/04\\\/beltsafe_200x200.png\",\"datePublished\":\"2016-04-07T10:34:40+00:00\",\"dateModified\":\"2017-02-03T07:49:59+00:00\",\"description\":\"Die ewa-marine BeltSafe G\u00fcrteltasche kommt mit einem G\u00fcrtelclip und bietet Schutz f\u00fcr Ihre Kreditkarten, Bargeld oder kleinere Elektronik wie MP3-Player\",\"breadcrumb\":{\"@id\":\"https:\\\/\\\/ewa-marine.com\\\/de\\\/products\\\/ewa-sports\\\/beltsafe\\\/#breadcrumb\"},\"inLanguage\":\"de\",\"potentialAction\":[{\"@type\":\"ReadAction\",\"target\":[\"https:\\\/\\\/ewa-marine.com\\\/de\\\/products\\\/ewa-sports\\\/beltsafe\\\/\"]}]},{\"@type\":\"ImageObject\",\"inLanguage\":\"de\",\"@id\":\"https:\\\/\\\/ewa-marine.com\\\/de\\\/products\\\/ewa-sports\\\/beltsafe\\\/#primaryimage\",\"url\":\"https:\\\/\\\/ewa-marine.com\\\/wp-content\\\/uploads\\\/2016\\\/04\\\/beltsafe_200x200.png\",\"contentUrl\":\"https:\\\/\\\/ewa-marine.com\\\/wp-content\\\/uploads\\\/2016\\\/04\\\/beltsafe_200x200.png\",\"width\":200,\"height\":200},{\"@type\":\"BreadcrumbList\",\"@id\":\"https:\\\/\\\/ewa-marine.com\\\/de\\\/products\\\/ewa-sports\\\/beltsafe\\\/#breadcrumb\",\"itemListElement\":[{\"@type\":\"ListItem\",\"position\":1,\"name\":\"Startseite\",\"item\":\"https:\\\/\\\/www.ewa-marine.de\\\/\"},{\"@type\":\"ListItem\",\"position\":2,\"name\":\"Produkte\",\"item\":\"https:\\\/\\\/www.ewa-marine.de\\\/products\\\/\"},{\"@type\":\"ListItem\",\"position\":3,\"name\":\"ewa-sports\",\"item\":\"https:\\\/\\\/www.ewa-marine.de\\\/products\\\/ewa-sports\\\/\"},{\"@type\":\"ListItem\",\"position\":4,\"name\":\"BeltSafe\"}]},{\"@type\":\"WebSite\",\"@id\":\"https:\\\/\\\/ewa-marine.com\\\/de\\\/#website\",\"url\":\"https:\\\/\\\/ewa-marine.com\\\/de\\\/\",\"name\":\"ewa-marine\",\"description\":\"Capture the Extreme !\",\"potentialAction\":[{\"@type\":\"SearchAction\",\"target\":{\"@type\":\"EntryPoint\",\"urlTemplate\":\"https:\\\/\\\/ewa-marine.com\\\/de\\\/?s={search_term_string}\"},\"query-input\":{\"@type\":\"PropertyValueSpecification\",\"valueRequired\":true,\"valueName\":\"search_term_string\"}}],\"inLanguage\":\"de\"}]}<\/script>\n<!-- \/ Yoast SEO plugin. -->","yoast_head_json":{"title":"ewa-marine BeltSafe G\u00fcrteltasche mit Clip","description":"Die ewa-marine BeltSafe G\u00fcrteltasche kommt mit einem G\u00fcrtelclip und bietet Schutz f\u00fcr Ihre Kreditkarten, Bargeld oder kleinere Elektronik wie MP3-Player","robots":{"index":"index","follow":"follow","max-snippet":"max-snippet:-1","max-image-preview":"max-image-preview:large","max-video-preview":"max-video-preview:-1"},"canonical":"https:\/\/ewa-marine.com\/de\/products\/ewa-sports\/beltsafe\/","og_locale":"de_DE","og_type":"article","og_title":"ewa-marine BeltSafe G\u00fcrteltasche mit Clip","og_description":"Die ewa-marine BeltSafe G\u00fcrteltasche kommt mit einem G\u00fcrtelclip und bietet Schutz f\u00fcr Ihre Kreditkarten, Bargeld oder kleinere Elektronik wie MP3-Player","og_url":"https:\/\/ewa-marine.com\/de\/products\/ewa-sports\/beltsafe\/","og_site_name":"ewa-marine","article_publisher":"https:\/\/www.facebook.com\/ewa-marine","article_modified_time":"2017-02-03T07:49:59+00:00","og_image":[{"width":200,"height":200,"url":"https:\/\/ewa-marine.com\/wp-content\/uploads\/2016\/04\/beltsafe_200x200.png","type":"image\/png"}],"twitter_card":"summary_large_image","twitter_site":"@ewa_marine","twitter_misc":{"Gesch\u00e4tzte Lesezeit":"1\u00a0Minute"},"schema":{"@context":"https:\/\/schema.org","@graph":[{"@type":"WebPage","@id":"https:\/\/ewa-marine.com\/de\/products\/ewa-sports\/beltsafe\/","url":"https:\/\/ewa-marine.com\/de\/products\/ewa-sports\/beltsafe\/","name":"ewa-marine BeltSafe G\u00fcrteltasche mit Clip","isPartOf":{"@id":"https:\/\/ewa-marine.com\/de\/#website"},"primaryImageOfPage":{"@id":"https:\/\/ewa-marine.com\/de\/products\/ewa-sports\/beltsafe\/#primaryimage"},"image":{"@id":"https:\/\/ewa-marine.com\/de\/products\/ewa-sports\/beltsafe\/#primaryimage"},"thumbnailUrl":"https:\/\/ewa-marine.com\/wp-content\/uploads\/2016\/04\/beltsafe_200x200.png","datePublished":"2016-04-07T10:34:40+00:00","dateModified":"2017-02-03T07:49:59+00:00","description":"Die ewa-marine BeltSafe G\u00fcrteltasche kommt mit einem G\u00fcrtelclip und bietet Schutz f\u00fcr Ihre Kreditkarten, Bargeld oder kleinere Elektronik wie MP3-Player","breadcrumb":{"@id":"https:\/\/ewa-marine.com\/de\/products\/ewa-sports\/beltsafe\/#breadcrumb"},"inLanguage":"de","potentialAction":[{"@type":"ReadAction","target":["https:\/\/ewa-marine.com\/de\/products\/ewa-sports\/beltsafe\/"]}]},{"@type":"ImageObject","inLanguage":"de","@id":"https:\/\/ewa-marine.com\/de\/products\/ewa-sports\/beltsafe\/#primaryimage","url":"https:\/\/ewa-marine.com\/wp-content\/uploads\/2016\/04\/beltsafe_200x200.png","contentUrl":"https:\/\/ewa-marine.com\/wp-content\/uploads\/2016\/04\/beltsafe_200x200.png","width":200,"height":200},{"@type":"BreadcrumbList","@id":"https:\/\/ewa-marine.com\/de\/products\/ewa-sports\/beltsafe\/#breadcrumb","itemListElement":[{"@type":"ListItem","position":1,"name":"Startseite","item":"https:\/\/www.ewa-marine.de\/"},{"@type":"ListItem","position":2,"name":"Produkte","item":"https:\/\/www.ewa-marine.de\/products\/"},{"@type":"ListItem","position":3,"name":"ewa-sports","item":"https:\/\/www.ewa-marine.de\/products\/ewa-sports\/"},{"@type":"ListItem","position":4,"name":"BeltSafe"}]},{"@type":"WebSite","@id":"https:\/\/ewa-marine.com\/de\/#website","url":"https:\/\/ewa-marine.com\/de\/","name":"ewa-marine","description":"Capture the Extreme !","potentialAction":[{"@type":"SearchAction","target":{"@type":"EntryPoint","urlTemplate":"https:\/\/ewa-marine.com\/de\/?s={search_term_string}"},"query-input":{"@type":"PropertyValueSpecification","valueRequired":true,"valueName":"search_term_string"}}],"inLanguage":"de"}]}},"_links":{"self":[{"href":"https:\/\/ewa-marine.com\/de\/wp-json\/wp\/v2\/pages\/6118","targetHints":{"allow":["GET"]}}],"collection":[{"href":"https:\/\/ewa-marine.com\/de\/wp-json\/wp\/v2\/pages"}],"about":[{"href":"https:\/\/ewa-marine.com\/de\/wp-json\/wp\/v2\/types\/page"}],"author":[{"embeddable":true,"href":"https:\/\/ewa-marine.com\/de\/wp-json\/wp\/v2\/users\/1"}],"replies":[{"embeddable":true,"href":"https:\/\/ewa-marine.com\/de\/wp-json\/wp\/v2\/comments?post=6118"}],"version-history":[{"count":0,"href":"https:\/\/ewa-marine.com\/de\/wp-json\/wp\/v2\/pages\/6118\/revisions"}],"up":[{"embeddable":true,"href":"https:\/\/ewa-marine.com\/de\/wp-json\/wp\/v2\/pages\/1071"}],"wp:featuredmedia":[{"embeddable":true,"href":"https:\/\/ewa-marine.com\/de\/wp-json\/wp\/v2\/media\/3747"}],"wp:attachment":[{"href":"https:\/\/ewa-marine.com\/de\/wp-json\/wp\/v2\/media?parent=6118"}],"curies":[{"name":"wp","href":"https:\/\/api.w.org\/{rel}","templated":true}]}}