{"id":6123,"date":"2016-04-05T14:38:26","date_gmt":"2016-04-05T13:38:26","guid":{"rendered":"http:\/\/www.ewa-marine.de\/products\/ewa-sports\/dus\/"},"modified":"2018-07-24T21:37:10","modified_gmt":"2018-07-24T20:37:10","slug":"dus","status":"publish","type":"page","link":"https:\/\/ewa-marine.com\/de\/products\/ewa-sports\/dus\/","title":{"rendered":"DUS wasserdichte Taschen"},"content":{"rendered":"<div id=\"pl-6123\"  class=\"panel-layout\" ><div id=\"pg-6123-0\"  class=\"panel-grid panel-no-style\" ><div id=\"pgc-6123-0-0\"  class=\"panel-grid-cell\" ><div id=\"panel-6123-0-0-0\" class=\"so-panel widget widget_black-studio-tinymce widget_black_studio_tinymce panel-first-child panel-last-child\" data-index=\"0\" ><div class=\"textwidget\"><p><a href=\"https:\/\/www.marinsolar.de\/produkt-kategorie\/ewa-marine-fabrikverkauf\/ewa-sports\/\" target=\"_blank\"><img loading=\"lazy\" decoding=\"async\" class=\"alignright wp-image-5203\" src=\"\/wp-content\/uploads\/2016\/03\/online-kaufen.png\" alt=\"Online Einkaufen bei marinSolar\" width=\"149\" height=\"50\" \/><\/a><\/p>\n<h1 class=\"bodytext\">ewa-marine DUS wasserdichte Taschen<\/h1>\n<h6>Bestellcode: DUS#<\/h6>\n<p class=\"bodytext\"><a href=\"https:\/\/ewa-marine.com\/wp-content\/uploads\/2015\/12\/DUS.jpg\" rel=\"attachment wp-att-2583\"><img loading=\"lazy\" decoding=\"async\" class=\"alignright wp-image-2583 size-full\" src=\"https:\/\/ewa-marine.com\/wp-content\/uploads\/2015\/12\/DUS.jpg\" alt=\"ewa-marine DUS waterproof pouch\" width=\"150\" height=\"150\" srcset=\"https:\/\/ewa-marine.com\/wp-content\/uploads\/2015\/12\/DUS.jpg 150w, https:\/\/ewa-marine.com\/wp-content\/uploads\/2015\/12\/DUS-60x60.jpg 60w\" sizes=\"auto, (max-width: 150px) 100vw, 150px\" \/><\/a><span id=\"result_box\" class=\"\" lang=\"de\">Die ewa-marine DUS sind der ideale Schutz f\u00fcr Dokumente, P\u00e4sse, Flugtickets, Geld, Taschenrechner, GPS, Organizer und vieles mehr. <span class=\"\">Die bew\u00e4hrte ewa-marine Verschlu\u00dfschiene (wird benutzt zum Verschlie\u00dfen der Unterwassergeh\u00e4use f\u00fcr teure Fernsehkameras) erm\u00f6glicht ein sicheres und einfaches \u00d6ffnen und Schlie\u00dfen des Beutels.<\/span><\/span><\/p>\n<p class=\"bodytext\"><span id=\"result_box\" class=\"\" lang=\"de\"><span class=\"\">Das Standard-Lanyard der Tasche erm\u00f6glicht einen einfachen und sicheren Transport und Lagerung.<\/span><\/span><\/p>\n<p class=\"bodytext\"><span id=\"result_box\" class=\"\" lang=\"de\">Ideal f\u00fcr Taucher, die Wertgegenst\u00e4nde nicht unbeaufsichtigt an Bord oder am Strand lassen wollen. <span class=\"\">Nat\u00fcrlich bietet es auch ideale Aufbewahrung f\u00fcr Karten, Notizbl\u00f6cke und vieles mehr.<\/span><\/span><\/p>\n<p class=\"bodytext\"><span id=\"result_box\" class=\"\" lang=\"de\">Obwohl wir selbst das DUS nur bis 100m \/ 300 ft getestet haben, berichten professionelle Kunden von Tiefen bis zu 300 m \/ 1.000 ft! <span class=\"\">(Bitte beachten Sie, dass der Inhalt druckfest sein muss, da die gesamte Luft im Innern des Beutels auf den Inhalt dr\u00fcckt.)<\/span><\/span><\/p>\n<\/div><\/div><\/div><\/div><div id=\"pg-6123-1\"  class=\"panel-grid panel-no-style\" ><div id=\"pgc-6123-1-0\"  class=\"panel-grid-cell\" ><div id=\"panel-6123-1-0-0\" class=\"so-panel widget widget_black-studio-tinymce widget_black_studio_tinymce panel-first-child panel-last-child\" data-index=\"1\" ><div class=\"textwidget\"><p><a href=\"https:\/\/ewa-marine.com\/wp-content\/uploads\/2016\/04\/dus.gif\" rel=\"attachment wp-att-3720\"><img loading=\"lazy\" decoding=\"async\" class=\"wp-image-3720 size-full aligncenter\" src=\"https:\/\/ewa-marine.com\/wp-content\/uploads\/2016\/04\/dus.gif\" alt=\"ewa-marine DUS pouch\" width=\"200\" height=\"193\" \/><\/a><\/p>\n<\/div><\/div><\/div><div id=\"pgc-6123-1-1\"  class=\"panel-grid-cell\" ><div id=\"panel-6123-1-1-0\" class=\"so-panel widget widget_black-studio-tinymce widget_black_studio_tinymce panel-first-child panel-last-child\" data-index=\"2\" ><div class=\"textwidget\"><p>\u00a0<\/p>\n<table style=\"width: 100%;\" border=\"1px\">\n<tbody>\n<tr>\n<td><em>Model<\/em><\/td>\n<td><em>Abmessungen<\/em><\/td>\n<td><em>Name<\/em><\/td>\n<td>\u00a0<\/td>\n<\/tr>\n<tr>\n<td><strong>DUS1<\/strong><\/td>\n<td>16 x 12 cm<\/td>\n<td>Piepser<\/td>\n<td>DIN A6<\/td>\n<\/tr>\n<tr>\n<td><strong>DUS2<\/strong><\/td>\n<td>16 x 22 cm<\/td>\n<td>Brieftasche<\/td>\n<td>DIN A5<\/td>\n<\/tr>\n<tr>\n<td><strong>DUS3<\/strong><\/td>\n<td>22 x 29 cm<\/td>\n<td>Elektronik \/ Blitze<\/td>\n<td>DIN A4<\/td>\n<\/tr>\n<tr>\n<td><strong>DUS4<\/strong><\/td>\n<td>30 x 42 cm<\/td>\n<td>Magnum<\/td>\n<td>DIN A3<\/td>\n<\/tr>\n<tr>\n<td><strong>DUS5<\/strong><\/td>\n<td>37 x 50 cm<\/td>\n<td>Seekarte<\/td>\n<td>\u00a0<\/td>\n<\/tr>\n<\/tbody>\n<\/table>\n<\/div><\/div><\/div><\/div><\/div>","protected":false},"excerpt":{"rendered":"<p>ewa-marine DUS wasserdichte Taschen Bestellcode: DUS# Die ewa-marine DUS sind der ideale Schutz f\u00fcr Dokumente, P\u00e4sse, Flugtickets, Geld, Taschenrechner, GPS, Organizer und vieles mehr. Die bew\u00e4hrte ewa-marine Verschlu\u00dfschiene (wird benutzt zum Verschlie\u00dfen der Unterwassergeh\u00e4use f\u00fcr teure Fernsehkameras) erm\u00f6glicht ein sicheres und einfaches \u00d6ffnen und Schlie\u00dfen des Beutels. Das Standard-Lanyard der Tasche erm\u00f6glicht einen einfachen und sicheren Transport und Lagerung. Ideal f\u00fcr Taucher, die Wertgegenst\u00e4nde nicht unbeaufsichtigt an Bord oder am Strand lassen wollen. Nat\u00fcrlich bietet es auch ideale Aufbewahrung f\u00fcr &hellip; <a href=\"https:\/\/ewa-marine.com\/de\/products\/ewa-sports\/dus\/\">Weiterlesen<\/a><\/p>\n","protected":false},"author":1,"featured_media":2737,"parent":1071,"menu_order":2,"comment_status":"closed","ping_status":"closed","template":"","meta":{"kt_blocks_editor_width":"","footnotes":""},"class_list":["post-6123","page","type-page","status-publish","has-post-thumbnail","hentry"],"yoast_head":"<!-- This site is optimized with the Yoast SEO plugin v27.3 - https:\/\/yoast.com\/product\/yoast-seo-wordpress\/ -->\n<title>ewa-marine DUS wasserdichte Tasche f\u00fcr Taucher<\/title>\n<meta name=\"description\" content=\"F\u00fcr Taucher, die keine Wertgegenst\u00e4nde und Elektronik an Bord oder Strand lassen wollen. Nehmen Sie einen Sklavenblitz ins Wasser. Bis zu 100m Tauchtiefe.\" \/>\n<meta name=\"robots\" content=\"index, follow, max-snippet:-1, max-image-preview:large, max-video-preview:-1\" \/>\n<link rel=\"canonical\" href=\"https:\/\/ewa-marine.com\/de\/products\/ewa-sports\/dus\/\" \/>\n<meta property=\"og:locale\" content=\"de_DE\" \/>\n<meta property=\"og:type\" content=\"article\" \/>\n<meta property=\"og:title\" content=\"ewa-marine DUS wasserdichte Tasche f\u00fcr Taucher\" \/>\n<meta property=\"og:description\" content=\"F\u00fcr Taucher, die keine Wertgegenst\u00e4nde und Elektronik an Bord oder Strand lassen wollen. Nehmen Sie einen Sklavenblitz ins Wasser. Bis zu 100m Tauchtiefe.\" \/>\n<meta property=\"og:url\" content=\"https:\/\/ewa-marine.com\/de\/products\/ewa-sports\/dus\/\" \/>\n<meta property=\"og:site_name\" content=\"ewa-marine\" \/>\n<meta property=\"article:publisher\" content=\"https:\/\/www.facebook.com\/ewa-marine\" \/>\n<meta property=\"article:modified_time\" content=\"2018-07-24T20:37:10+00:00\" \/>\n<meta property=\"og:image\" content=\"https:\/\/i0.wp.com\/www.ewa-marine.de\/wp-content\/uploads\/2015\/12\/DUS2-200x200.png?fit=200%2C200&ssl=1\" \/>\n\t<meta property=\"og:image:width\" content=\"200\" \/>\n\t<meta property=\"og:image:height\" content=\"200\" \/>\n\t<meta property=\"og:image:type\" content=\"image\/png\" \/>\n<meta name=\"twitter:card\" content=\"summary_large_image\" \/>\n<meta name=\"twitter:site\" content=\"@ewa_marine\" \/>\n<meta name=\"twitter:label1\" content=\"Gesch\u00e4tzte Lesezeit\" \/>\n\t<meta name=\"twitter:data1\" content=\"1\u00a0Minute\" \/>\n<script type=\"application\/ld+json\" class=\"yoast-schema-graph\">{\"@context\":\"https:\\\/\\\/schema.org\",\"@graph\":[{\"@type\":\"WebPage\",\"@id\":\"https:\\\/\\\/ewa-marine.com\\\/de\\\/products\\\/ewa-sports\\\/dus\\\/\",\"url\":\"https:\\\/\\\/ewa-marine.com\\\/de\\\/products\\\/ewa-sports\\\/dus\\\/\",\"name\":\"ewa-marine DUS wasserdichte Tasche f\u00fcr Taucher\",\"isPartOf\":{\"@id\":\"https:\\\/\\\/ewa-marine.com\\\/de\\\/#website\"},\"primaryImageOfPage\":{\"@id\":\"https:\\\/\\\/ewa-marine.com\\\/de\\\/products\\\/ewa-sports\\\/dus\\\/#primaryimage\"},\"image\":{\"@id\":\"https:\\\/\\\/ewa-marine.com\\\/de\\\/products\\\/ewa-sports\\\/dus\\\/#primaryimage\"},\"thumbnailUrl\":\"https:\\\/\\\/ewa-marine.com\\\/wp-content\\\/uploads\\\/2015\\\/12\\\/DUS2-200x200.png\",\"datePublished\":\"2016-04-05T13:38:26+00:00\",\"dateModified\":\"2018-07-24T20:37:10+00:00\",\"description\":\"F\u00fcr Taucher, die keine Wertgegenst\u00e4nde und Elektronik an Bord oder Strand lassen wollen. Nehmen Sie einen Sklavenblitz ins Wasser. Bis zu 100m Tauchtiefe.\",\"breadcrumb\":{\"@id\":\"https:\\\/\\\/ewa-marine.com\\\/de\\\/products\\\/ewa-sports\\\/dus\\\/#breadcrumb\"},\"inLanguage\":\"de\",\"potentialAction\":[{\"@type\":\"ReadAction\",\"target\":[\"https:\\\/\\\/ewa-marine.com\\\/de\\\/products\\\/ewa-sports\\\/dus\\\/\"]}]},{\"@type\":\"ImageObject\",\"inLanguage\":\"de\",\"@id\":\"https:\\\/\\\/ewa-marine.com\\\/de\\\/products\\\/ewa-sports\\\/dus\\\/#primaryimage\",\"url\":\"https:\\\/\\\/ewa-marine.com\\\/wp-content\\\/uploads\\\/2015\\\/12\\\/DUS2-200x200.png\",\"contentUrl\":\"https:\\\/\\\/ewa-marine.com\\\/wp-content\\\/uploads\\\/2015\\\/12\\\/DUS2-200x200.png\",\"width\":200,\"height\":200},{\"@type\":\"BreadcrumbList\",\"@id\":\"https:\\\/\\\/ewa-marine.com\\\/de\\\/products\\\/ewa-sports\\\/dus\\\/#breadcrumb\",\"itemListElement\":[{\"@type\":\"ListItem\",\"position\":1,\"name\":\"Startseite\",\"item\":\"https:\\\/\\\/www.ewa-marine.de\\\/\"},{\"@type\":\"ListItem\",\"position\":2,\"name\":\"Produkte\",\"item\":\"https:\\\/\\\/www.ewa-marine.de\\\/products\\\/\"},{\"@type\":\"ListItem\",\"position\":3,\"name\":\"ewa-sports\",\"item\":\"https:\\\/\\\/www.ewa-marine.de\\\/products\\\/ewa-sports\\\/\"},{\"@type\":\"ListItem\",\"position\":4,\"name\":\"DUS wasserdichte Taschen\"}]},{\"@type\":\"WebSite\",\"@id\":\"https:\\\/\\\/ewa-marine.com\\\/de\\\/#website\",\"url\":\"https:\\\/\\\/ewa-marine.com\\\/de\\\/\",\"name\":\"ewa-marine\",\"description\":\"Capture the Extreme !\",\"potentialAction\":[{\"@type\":\"SearchAction\",\"target\":{\"@type\":\"EntryPoint\",\"urlTemplate\":\"https:\\\/\\\/ewa-marine.com\\\/de\\\/?s={search_term_string}\"},\"query-input\":{\"@type\":\"PropertyValueSpecification\",\"valueRequired\":true,\"valueName\":\"search_term_string\"}}],\"inLanguage\":\"de\"}]}<\/script>\n<!-- \/ Yoast SEO plugin. -->","yoast_head_json":{"title":"ewa-marine DUS wasserdichte Tasche f\u00fcr Taucher","description":"F\u00fcr Taucher, die keine Wertgegenst\u00e4nde und Elektronik an Bord oder Strand lassen wollen. Nehmen Sie einen Sklavenblitz ins Wasser. Bis zu 100m Tauchtiefe.","robots":{"index":"index","follow":"follow","max-snippet":"max-snippet:-1","max-image-preview":"max-image-preview:large","max-video-preview":"max-video-preview:-1"},"canonical":"https:\/\/ewa-marine.com\/de\/products\/ewa-sports\/dus\/","og_locale":"de_DE","og_type":"article","og_title":"ewa-marine DUS wasserdichte Tasche f\u00fcr Taucher","og_description":"F\u00fcr Taucher, die keine Wertgegenst\u00e4nde und Elektronik an Bord oder Strand lassen wollen. Nehmen Sie einen Sklavenblitz ins Wasser. Bis zu 100m Tauchtiefe.","og_url":"https:\/\/ewa-marine.com\/de\/products\/ewa-sports\/dus\/","og_site_name":"ewa-marine","article_publisher":"https:\/\/www.facebook.com\/ewa-marine","article_modified_time":"2018-07-24T20:37:10+00:00","og_image":[{"width":200,"height":200,"url":"https:\/\/i0.wp.com\/www.ewa-marine.de\/wp-content\/uploads\/2015\/12\/DUS2-200x200.png?fit=200%2C200&ssl=1","type":"image\/png"}],"twitter_card":"summary_large_image","twitter_site":"@ewa_marine","twitter_misc":{"Gesch\u00e4tzte Lesezeit":"1\u00a0Minute"},"schema":{"@context":"https:\/\/schema.org","@graph":[{"@type":"WebPage","@id":"https:\/\/ewa-marine.com\/de\/products\/ewa-sports\/dus\/","url":"https:\/\/ewa-marine.com\/de\/products\/ewa-sports\/dus\/","name":"ewa-marine DUS wasserdichte Tasche f\u00fcr Taucher","isPartOf":{"@id":"https:\/\/ewa-marine.com\/de\/#website"},"primaryImageOfPage":{"@id":"https:\/\/ewa-marine.com\/de\/products\/ewa-sports\/dus\/#primaryimage"},"image":{"@id":"https:\/\/ewa-marine.com\/de\/products\/ewa-sports\/dus\/#primaryimage"},"thumbnailUrl":"https:\/\/ewa-marine.com\/wp-content\/uploads\/2015\/12\/DUS2-200x200.png","datePublished":"2016-04-05T13:38:26+00:00","dateModified":"2018-07-24T20:37:10+00:00","description":"F\u00fcr Taucher, die keine Wertgegenst\u00e4nde und Elektronik an Bord oder Strand lassen wollen. Nehmen Sie einen Sklavenblitz ins Wasser. Bis zu 100m Tauchtiefe.","breadcrumb":{"@id":"https:\/\/ewa-marine.com\/de\/products\/ewa-sports\/dus\/#breadcrumb"},"inLanguage":"de","potentialAction":[{"@type":"ReadAction","target":["https:\/\/ewa-marine.com\/de\/products\/ewa-sports\/dus\/"]}]},{"@type":"ImageObject","inLanguage":"de","@id":"https:\/\/ewa-marine.com\/de\/products\/ewa-sports\/dus\/#primaryimage","url":"https:\/\/ewa-marine.com\/wp-content\/uploads\/2015\/12\/DUS2-200x200.png","contentUrl":"https:\/\/ewa-marine.com\/wp-content\/uploads\/2015\/12\/DUS2-200x200.png","width":200,"height":200},{"@type":"BreadcrumbList","@id":"https:\/\/ewa-marine.com\/de\/products\/ewa-sports\/dus\/#breadcrumb","itemListElement":[{"@type":"ListItem","position":1,"name":"Startseite","item":"https:\/\/www.ewa-marine.de\/"},{"@type":"ListItem","position":2,"name":"Produkte","item":"https:\/\/www.ewa-marine.de\/products\/"},{"@type":"ListItem","position":3,"name":"ewa-sports","item":"https:\/\/www.ewa-marine.de\/products\/ewa-sports\/"},{"@type":"ListItem","position":4,"name":"DUS wasserdichte Taschen"}]},{"@type":"WebSite","@id":"https:\/\/ewa-marine.com\/de\/#website","url":"https:\/\/ewa-marine.com\/de\/","name":"ewa-marine","description":"Capture the Extreme !","potentialAction":[{"@type":"SearchAction","target":{"@type":"EntryPoint","urlTemplate":"https:\/\/ewa-marine.com\/de\/?s={search_term_string}"},"query-input":{"@type":"PropertyValueSpecification","valueRequired":true,"valueName":"search_term_string"}}],"inLanguage":"de"}]}},"_links":{"self":[{"href":"https:\/\/ewa-marine.com\/de\/wp-json\/wp\/v2\/pages\/6123","targetHints":{"allow":["GET"]}}],"collection":[{"href":"https:\/\/ewa-marine.com\/de\/wp-json\/wp\/v2\/pages"}],"about":[{"href":"https:\/\/ewa-marine.com\/de\/wp-json\/wp\/v2\/types\/page"}],"author":[{"embeddable":true,"href":"https:\/\/ewa-marine.com\/de\/wp-json\/wp\/v2\/users\/1"}],"replies":[{"embeddable":true,"href":"https:\/\/ewa-marine.com\/de\/wp-json\/wp\/v2\/comments?post=6123"}],"version-history":[{"count":0,"href":"https:\/\/ewa-marine.com\/de\/wp-json\/wp\/v2\/pages\/6123\/revisions"}],"up":[{"embeddable":true,"href":"https:\/\/ewa-marine.com\/de\/wp-json\/wp\/v2\/pages\/1071"}],"wp:featuredmedia":[{"embeddable":true,"href":"https:\/\/ewa-marine.com\/de\/wp-json\/wp\/v2\/media\/2737"}],"wp:attachment":[{"href":"https:\/\/ewa-marine.com\/de\/wp-json\/wp\/v2\/media?parent=6123"}],"curies":[{"name":"wp","href":"https:\/\/api.w.org\/{rel}","templated":true}]}}