{"id":654,"date":"2015-07-09T15:18:07","date_gmt":"2015-07-09T14:18:07","guid":{"rendered":"http:\/\/de.dicapac.de\/?page_id=654"},"modified":"2017-10-05T11:01:29","modified_gmt":"2017-10-05T10:01:29","slug":"reduzieradapter","status":"publish","type":"page","link":"https:\/\/ewa-marine.com\/de\/products\/zubehoer\/reduzieradapter\/","title":{"rendered":"Reduzieradapter"},"content":{"rendered":"<div id=\"pl-654\"  class=\"panel-layout\" ><div id=\"pg-654-0\"  class=\"panel-grid panel-has-style\" ><div class=\"panel-widget-style panel-row-style panel-row-style-for-654-0\" ><div id=\"pgc-654-0-0\"  class=\"panel-grid-cell\" ><div id=\"panel-654-0-0-0\" class=\"so-panel widget widget_kadence_simple_image kadence_simple_image panel-first-child\" data-index=\"0\" ><div class=\"panel-widget-style panel-widget-style-for-654-0-0-0\" ><div class=\"kad_img_upload_widget  kt-shape-type- kt-image-align-center kt-image-widget-widget-0-0-0\"><a href=\"https:\/\/ewa-marine.com\/wp-content\/uploads\/2015\/07\/Step_Up_Ring_100x75.jpg\" rel=\"lightbox\"><div class=\"kt-image-contain  \"><div class=\"kt-image-inner-contain\"><img loading=\"lazy\" decoding=\"async\" width=\"100\" height=\"75\" src=\"https:\/\/ewa-marine.com\/wp-content\/uploads\/2015\/07\/Step_Up_Ring_100x75.jpg\" class=\"attachment-full size-full\" alt=\"\" \/><\/div><\/div><\/a><div class=\"kadence_image_widget_caption\">Reduzieradapter<\/div><\/div><\/div><\/div><div id=\"panel-654-0-0-1\" class=\"so-panel widget widget_black-studio-tinymce widget_black_studio_tinymce panel-last-child\" data-index=\"1\" ><div class=\"textwidget\"><p><img loading=\"lazy\" decoding=\"async\" class=\"alignnone wp-image-227 size-full aligncenter\" src=\"https:\/\/ewa-marine.com\/wp-content\/uploads\/2015\/07\/made-in-Germany-100x50.gif\" alt=\"ewa-marine, made in Germany since 1947\" width=\"100\" height=\"50\" \/><\/p><\/div><\/div><\/div><div id=\"pgc-654-0-1\"  class=\"panel-grid-cell\" ><div id=\"panel-654-0-1-0\" class=\"so-panel widget widget_black-studio-tinymce widget_black_studio_tinymce panel-first-child panel-last-child\" data-index=\"2\" ><div class=\"panel-widget-style panel-widget-style-for-654-0-1-0\" ><div class=\"textwidget\"><h1 class=\"bodytext\">ewa-marine Reduzieradapter<\/h1>\n<h2 class=\"bodytext\">Um ein Objektiv und einen Adapter mit unterschiedlichen Filtergewinden zu verbinden<\/h2>\n<h6>Bestellcode: Siehe unten unter \"verschiedene Gr\u00f6\u00dfen\"<\/h6>\n<p>\u00a0<\/p>\n<p>Wenn Sie ein SLR oder ein anderes Wechselobjektiv-Kamerasystem besitzen, sind die Chancen gro\u00df, dass Sie auch mehr als ein Objektiv haben. Dann ist es leider auch sehr wahrscheinlich, dass der Filtergewindedurchmesser eines oder mehrerer Ihrer Objektive sich von denen der anderen Objektive unterscheiden. Zum Beispiel k\u00f6nnte ein Objektiv das sehr \u00fcbliche 58mm Gewinde aufweisen, w\u00e4hrend ein Anderes eine der anderen Industriestandards 49mm, 62mm, 67mm, 72mm, 77m oder 82mm hat. Einige Hersteller, wie Sony, haben sogar sehr exotische Durchmesser, wie ein 40,5mm Filtergewinde. Je mehr Objektive Sie besitzen, desto wahrscheinlicher werden Sie mit dieser Situation konfrontiert werden.<\/p>\n<p>Nat\u00fcrlich liefern wir unsere Geh\u00e4use m\u00f6glichst mit den passenden Adaptern, um zu der erwarteten Mehrheit der Kameras zu passen f\u00fcr die das Geh\u00e4use ausgelegt ist. Aber das Ausstatten der Geh\u00e4use mit Adaptern die f\u00fcr die meisten Kunden \u00fcberfl\u00fcssig sind treibt nur die Kosten f\u00fcr alle in die H\u00f6he und f\u00fchrt zu unn\u00f6tigem M\u00fcll. Sollten Sie eine weniger verbreitete Kamera besitzen oder ein Objektiv haben, das \u00fcber einen Filtergewinde verf\u00fcgt, den ein bestimmter Hersteller nur f\u00fcr ein bestimmtes Objektiv verwendet, ben\u00f6tigen Sie m\u00f6glicherweise einen Adapter, um die Kamera in Ihr ewa-marine Geh\u00e4use oder Regencape zu montieren.<\/p>\n<p>Sobald Sie einen dieser Reduzieradapter haben, werden Sie aber auch feststellen, dass sie nicht nur f\u00fcr die ewa-marine Produkte verwendet werden k\u00f6nnen. Sie k\u00f6nnen sie auch verwenden, um teure, hochwertige Pol-, UV- und andere Filter zwischen Ihnen Objektiven zu teilen.<\/p>\n<p>Der Ausgangspunkt f\u00fcr die Konfiguration eines Step-up-Ringsystems besteht darin, eine Rangordnung vom gr\u00f6\u00dften Durchmesser bis zum Kleinsten zu ermitteln. Als Beispiel, wenn Sie drei Objektive besitzen - eines mit einem 67mm Gewinde, eine anderes mit einem 77mm Gewinde und ein Drittes mit einem 82mm Gewinde - und Sie wollen alle in z.B. ein ewa-marine mit SLR Geh\u00e4use mit der SF100 Scheibenfassung einbauen k\u00f6nnen, also mit dem ewa-marine CA82 verbinden. In diesem Fall haben Sie vermutlich schon den CA82 und ben\u00f6tigen nun Adapter f\u00fcr 77-82mm und 67-77mm, also unsere RA 77-82 und RA 67-77.<\/p>\n<p>Unsere Reduzier-Adapter sind in verschiedenen Gr\u00f6\u00dfen erh\u00e4ltlich.<br \/> \u00a0<br \/> \n<div class=\"panel-group\" id=\"accordionname776\"><div class=\"panel panel-default\"><div class=\"panel-heading\"><a class=\"accordion-toggle collapsed\" data-toggle=\"collapse\" data-parent=\"#accordionname776\" href=\"#collapse7760\"><h5><i class=\"kt-icon-minus primary-color\"><\/i><i class=\"kt-icon-plus\"><\/i>Unser Reduzieradapter in verschiedenen Gr\u00f6\u00dfen mit Bestellcode<\/h5><\/a><\/div><div id=\"collapse7760\" class=\"panel-collapse collapse \"><div class=\"panel-body postclass\">\n<ul>\n<li><strong>RA 25-37<\/strong>:\u00a0\u00a0\u00a0\u00a0\u00a0 25mm-37mm<\/li>\n<li><strong>RA 27-37<\/strong>:\u00a0\u00a0\u00a0\u00a0\u00a0 27mm-37mm<\/li>\n<li><strong>RA 30,0-37<\/strong>:\u00a0\u00a0 30,0mm-37mm<\/li>\n<li><strong>RA 30,5-37<\/strong>:\u00a0\u00a0 30,5mm-37mm<\/li>\n<li><strong>RA 34-52<\/strong>:\u00a0\u00a0\u00a0\u00a0\u00a0 34mm-52mm<\/li>\n<li><strong>RA 37-52<\/strong>:\u00a0 \u00a0\u00a0\u00a0 37mm-52mm<\/li>\n<li><strong>RA 43-52<\/strong>:\u00a0\u00a0\u00a0\u00a0\u00a0 43mm-52mm<\/li>\n<li><strong>RA 46-52<\/strong>: \u00a0 \u00a0\u00a0 46mm-52mm<\/li>\n<li><strong>RA 49-58<\/strong>:\u00a0\u00a0\u00a0\u00a0\u00a0 49mm-58mm<\/li>\n<li><strong>RA 52-58<\/strong>:\u00a0\u00a0\u00a0\u00a0\u00a0 52mm-58mm<\/li>\n<li><strong>RA 58-62<\/strong>:\u00a0\u00a0\u00a0\u00a0\u00a0 58mm-62mm<\/li>\n<li><strong>RA 62-67<\/strong>:\u00a0\u00a0\u00a0\u00a0\u00a0 62mm-67mm<\/li>\n<li><strong>RA 67-77<\/strong>:\u00a0\u00a0\u00a0 \u00a0 67mm-77mm<\/li>\n<li><strong>RA 72-77<\/strong>:\u00a0\u00a0 \u00a0\u00a0 72mm-77mm<\/li>\n<li><strong>RA 72-82<\/strong>:\u00a0\u00a0 \u00a0\u00a0 72mm-82mm<\/li>\n<li><strong>RA 77-82<\/strong>: \u00a0\u00a0 \u00a0 77mm-82mm<\/li>\n<li><strong>RA 82-95<\/strong>:\u00a0 \u00a0\u00a0\u00a0 82mm-95mm<\/li>\n<\/ul>\n<\/div><\/div><\/div><\/div>\n\n<p>\u00a0<\/p>\n<p>\u00a0<\/p>\n<\/div><\/div><\/div><\/div><\/div><\/div><\/div>","protected":false},"excerpt":{"rendered":"<p>ewa-marine ReduzieradapterUm ein Objektiv und einen Adapter mit unterschiedlichen Filtergewinden zu verbindenBestellcode: Siehe unten unter &#8222;verschiedene Gr\u00f6\u00dfen&#8220;\u00a0Wenn Sie ein SLR oder ein anderes Wechselobjektiv-Kamerasystem besitzen, sind die Chancen gro\u00df, dass Sie auch mehr als ein Objektiv haben. Dann ist es leider auch sehr wahrscheinlich, dass der Filtergewindedurchmesser eines oder mehrerer Ihrer Objektive sich von denen der anderen Objektive unterscheiden. Zum Beispiel k\u00f6nnte ein Objektiv das sehr \u00fcbliche 58mm Gewinde aufweisen, w\u00e4hrend ein Anderes eine der anderen Industriestandards 49mm, 62mm, 67mm, &hellip; <a href=\"https:\/\/ewa-marine.com\/de\/products\/zubehoer\/reduzieradapter\/\">Weiterlesen<\/a><\/p>\n","protected":false},"author":2,"featured_media":4849,"parent":604,"menu_order":6,"comment_status":"closed","ping_status":"closed","template":"","meta":{"kt_blocks_editor_width":"","footnotes":""},"class_list":["post-654","page","type-page","status-publish","has-post-thumbnail","hentry"],"yoast_head":"<!-- This site is optimized with the Yoast SEO plugin v27.3 - https:\/\/yoast.com\/product\/yoast-seo-wordpress\/ -->\n<title>Reduzieradapter - ewa-marine<\/title>\n<meta name=\"description\" content=\"Falls das Frontglas des Geh\u00e4uses f\u00fcr das Objektiv der Kamera zu klein ist, kann dieses dank dem Reduzieradapter auf die gew\u00fcnschte Gr\u00f6\u00dfe angepasst werden.\" \/>\n<meta name=\"robots\" content=\"index, follow, max-snippet:-1, max-image-preview:large, max-video-preview:-1\" \/>\n<link rel=\"canonical\" href=\"https:\/\/ewa-marine.com\/de\/products\/zubehoer\/reduzieradapter\/\" \/>\n<meta property=\"og:locale\" content=\"de_DE\" \/>\n<meta property=\"og:type\" content=\"article\" \/>\n<meta property=\"og:title\" content=\"Reduzieradapter - ewa-marine\" \/>\n<meta property=\"og:description\" content=\"Falls das Frontglas des Geh\u00e4uses f\u00fcr das Objektiv der Kamera zu klein ist, kann dieses dank dem Reduzieradapter auf die gew\u00fcnschte Gr\u00f6\u00dfe angepasst werden.\" \/>\n<meta property=\"og:url\" content=\"https:\/\/ewa-marine.com\/de\/products\/zubehoer\/reduzieradapter\/\" \/>\n<meta property=\"og:site_name\" content=\"ewa-marine\" \/>\n<meta property=\"article:publisher\" content=\"https:\/\/www.facebook.com\/ewa-marine\" \/>\n<meta property=\"article:modified_time\" content=\"2017-10-05T10:01:29+00:00\" \/>\n<meta property=\"og:image\" content=\"https:\/\/ewa-marine.com\/wp-content\/uploads\/2015\/07\/ra-adapter.jpg\" \/>\n\t<meta property=\"og:image:width\" content=\"200\" \/>\n\t<meta property=\"og:image:height\" content=\"200\" \/>\n\t<meta property=\"og:image:type\" content=\"image\/jpeg\" \/>\n<meta name=\"twitter:card\" content=\"summary_large_image\" \/>\n<meta name=\"twitter:site\" content=\"@ewa_marine\" \/>\n<meta name=\"twitter:label1\" content=\"Gesch\u00e4tzte Lesezeit\" \/>\n\t<meta name=\"twitter:data1\" content=\"2\u00a0Minuten\" \/>\n<script type=\"application\/ld+json\" class=\"yoast-schema-graph\">{\"@context\":\"https:\\\/\\\/schema.org\",\"@graph\":[{\"@type\":\"WebPage\",\"@id\":\"https:\\\/\\\/ewa-marine.com\\\/de\\\/products\\\/zubehoer\\\/reduzieradapter\\\/\",\"url\":\"https:\\\/\\\/ewa-marine.com\\\/de\\\/products\\\/zubehoer\\\/reduzieradapter\\\/\",\"name\":\"Reduzieradapter - ewa-marine\",\"isPartOf\":{\"@id\":\"https:\\\/\\\/ewa-marine.com\\\/de\\\/#website\"},\"primaryImageOfPage\":{\"@id\":\"https:\\\/\\\/ewa-marine.com\\\/de\\\/products\\\/zubehoer\\\/reduzieradapter\\\/#primaryimage\"},\"image\":{\"@id\":\"https:\\\/\\\/ewa-marine.com\\\/de\\\/products\\\/zubehoer\\\/reduzieradapter\\\/#primaryimage\"},\"thumbnailUrl\":\"https:\\\/\\\/ewa-marine.com\\\/wp-content\\\/uploads\\\/2015\\\/07\\\/ra-adapter.jpg\",\"datePublished\":\"2015-07-09T14:18:07+00:00\",\"dateModified\":\"2017-10-05T10:01:29+00:00\",\"description\":\"Falls das Frontglas des Geh\u00e4uses f\u00fcr das Objektiv der Kamera zu klein ist, kann dieses dank dem Reduzieradapter auf die gew\u00fcnschte Gr\u00f6\u00dfe angepasst werden.\",\"breadcrumb\":{\"@id\":\"https:\\\/\\\/ewa-marine.com\\\/de\\\/products\\\/zubehoer\\\/reduzieradapter\\\/#breadcrumb\"},\"inLanguage\":\"de\",\"potentialAction\":[{\"@type\":\"ReadAction\",\"target\":[\"https:\\\/\\\/ewa-marine.com\\\/de\\\/products\\\/zubehoer\\\/reduzieradapter\\\/\"]}]},{\"@type\":\"ImageObject\",\"inLanguage\":\"de\",\"@id\":\"https:\\\/\\\/ewa-marine.com\\\/de\\\/products\\\/zubehoer\\\/reduzieradapter\\\/#primaryimage\",\"url\":\"https:\\\/\\\/ewa-marine.com\\\/wp-content\\\/uploads\\\/2015\\\/07\\\/ra-adapter.jpg\",\"contentUrl\":\"https:\\\/\\\/ewa-marine.com\\\/wp-content\\\/uploads\\\/2015\\\/07\\\/ra-adapter.jpg\",\"width\":200,\"height\":200,\"caption\":\"ewa-marine step-up RA-Adapter\"},{\"@type\":\"BreadcrumbList\",\"@id\":\"https:\\\/\\\/ewa-marine.com\\\/de\\\/products\\\/zubehoer\\\/reduzieradapter\\\/#breadcrumb\",\"itemListElement\":[{\"@type\":\"ListItem\",\"position\":1,\"name\":\"Startseite\",\"item\":\"https:\\\/\\\/www.ewa-marine.de\\\/\"},{\"@type\":\"ListItem\",\"position\":2,\"name\":\"Produkte\",\"item\":\"https:\\\/\\\/www.ewa-marine.de\\\/products\\\/\"},{\"@type\":\"ListItem\",\"position\":3,\"name\":\"Zubeh\u00f6r\",\"item\":\"https:\\\/\\\/www.ewa-marine.de\\\/products\\\/zubehoer\\\/\"},{\"@type\":\"ListItem\",\"position\":4,\"name\":\"Reduzieradapter\"}]},{\"@type\":\"WebSite\",\"@id\":\"https:\\\/\\\/ewa-marine.com\\\/de\\\/#website\",\"url\":\"https:\\\/\\\/ewa-marine.com\\\/de\\\/\",\"name\":\"ewa-marine\",\"description\":\"Capture the Extreme !\",\"potentialAction\":[{\"@type\":\"SearchAction\",\"target\":{\"@type\":\"EntryPoint\",\"urlTemplate\":\"https:\\\/\\\/ewa-marine.com\\\/de\\\/?s={search_term_string}\"},\"query-input\":{\"@type\":\"PropertyValueSpecification\",\"valueRequired\":true,\"valueName\":\"search_term_string\"}}],\"inLanguage\":\"de\"}]}<\/script>\n<!-- \/ Yoast SEO plugin. -->","yoast_head_json":{"title":"Reduzieradapter - ewa-marine","description":"Falls das Frontglas des Geh\u00e4uses f\u00fcr das Objektiv der Kamera zu klein ist, kann dieses dank dem Reduzieradapter auf die gew\u00fcnschte Gr\u00f6\u00dfe angepasst werden.","robots":{"index":"index","follow":"follow","max-snippet":"max-snippet:-1","max-image-preview":"max-image-preview:large","max-video-preview":"max-video-preview:-1"},"canonical":"https:\/\/ewa-marine.com\/de\/products\/zubehoer\/reduzieradapter\/","og_locale":"de_DE","og_type":"article","og_title":"Reduzieradapter - ewa-marine","og_description":"Falls das Frontglas des Geh\u00e4uses f\u00fcr das Objektiv der Kamera zu klein ist, kann dieses dank dem Reduzieradapter auf die gew\u00fcnschte Gr\u00f6\u00dfe angepasst werden.","og_url":"https:\/\/ewa-marine.com\/de\/products\/zubehoer\/reduzieradapter\/","og_site_name":"ewa-marine","article_publisher":"https:\/\/www.facebook.com\/ewa-marine","article_modified_time":"2017-10-05T10:01:29+00:00","og_image":[{"width":200,"height":200,"url":"https:\/\/ewa-marine.com\/wp-content\/uploads\/2015\/07\/ra-adapter.jpg","type":"image\/jpeg"}],"twitter_card":"summary_large_image","twitter_site":"@ewa_marine","twitter_misc":{"Gesch\u00e4tzte Lesezeit":"2\u00a0Minuten"},"schema":{"@context":"https:\/\/schema.org","@graph":[{"@type":"WebPage","@id":"https:\/\/ewa-marine.com\/de\/products\/zubehoer\/reduzieradapter\/","url":"https:\/\/ewa-marine.com\/de\/products\/zubehoer\/reduzieradapter\/","name":"Reduzieradapter - ewa-marine","isPartOf":{"@id":"https:\/\/ewa-marine.com\/de\/#website"},"primaryImageOfPage":{"@id":"https:\/\/ewa-marine.com\/de\/products\/zubehoer\/reduzieradapter\/#primaryimage"},"image":{"@id":"https:\/\/ewa-marine.com\/de\/products\/zubehoer\/reduzieradapter\/#primaryimage"},"thumbnailUrl":"https:\/\/ewa-marine.com\/wp-content\/uploads\/2015\/07\/ra-adapter.jpg","datePublished":"2015-07-09T14:18:07+00:00","dateModified":"2017-10-05T10:01:29+00:00","description":"Falls das Frontglas des Geh\u00e4uses f\u00fcr das Objektiv der Kamera zu klein ist, kann dieses dank dem Reduzieradapter auf die gew\u00fcnschte Gr\u00f6\u00dfe angepasst werden.","breadcrumb":{"@id":"https:\/\/ewa-marine.com\/de\/products\/zubehoer\/reduzieradapter\/#breadcrumb"},"inLanguage":"de","potentialAction":[{"@type":"ReadAction","target":["https:\/\/ewa-marine.com\/de\/products\/zubehoer\/reduzieradapter\/"]}]},{"@type":"ImageObject","inLanguage":"de","@id":"https:\/\/ewa-marine.com\/de\/products\/zubehoer\/reduzieradapter\/#primaryimage","url":"https:\/\/ewa-marine.com\/wp-content\/uploads\/2015\/07\/ra-adapter.jpg","contentUrl":"https:\/\/ewa-marine.com\/wp-content\/uploads\/2015\/07\/ra-adapter.jpg","width":200,"height":200,"caption":"ewa-marine step-up RA-Adapter"},{"@type":"BreadcrumbList","@id":"https:\/\/ewa-marine.com\/de\/products\/zubehoer\/reduzieradapter\/#breadcrumb","itemListElement":[{"@type":"ListItem","position":1,"name":"Startseite","item":"https:\/\/www.ewa-marine.de\/"},{"@type":"ListItem","position":2,"name":"Produkte","item":"https:\/\/www.ewa-marine.de\/products\/"},{"@type":"ListItem","position":3,"name":"Zubeh\u00f6r","item":"https:\/\/www.ewa-marine.de\/products\/zubehoer\/"},{"@type":"ListItem","position":4,"name":"Reduzieradapter"}]},{"@type":"WebSite","@id":"https:\/\/ewa-marine.com\/de\/#website","url":"https:\/\/ewa-marine.com\/de\/","name":"ewa-marine","description":"Capture the Extreme !","potentialAction":[{"@type":"SearchAction","target":{"@type":"EntryPoint","urlTemplate":"https:\/\/ewa-marine.com\/de\/?s={search_term_string}"},"query-input":{"@type":"PropertyValueSpecification","valueRequired":true,"valueName":"search_term_string"}}],"inLanguage":"de"}]}},"_links":{"self":[{"href":"https:\/\/ewa-marine.com\/de\/wp-json\/wp\/v2\/pages\/654","targetHints":{"allow":["GET"]}}],"collection":[{"href":"https:\/\/ewa-marine.com\/de\/wp-json\/wp\/v2\/pages"}],"about":[{"href":"https:\/\/ewa-marine.com\/de\/wp-json\/wp\/v2\/types\/page"}],"author":[{"embeddable":true,"href":"https:\/\/ewa-marine.com\/de\/wp-json\/wp\/v2\/users\/2"}],"replies":[{"embeddable":true,"href":"https:\/\/ewa-marine.com\/de\/wp-json\/wp\/v2\/comments?post=654"}],"version-history":[{"count":0,"href":"https:\/\/ewa-marine.com\/de\/wp-json\/wp\/v2\/pages\/654\/revisions"}],"up":[{"embeddable":true,"href":"https:\/\/ewa-marine.com\/de\/wp-json\/wp\/v2\/pages\/604"}],"wp:featuredmedia":[{"embeddable":true,"href":"https:\/\/ewa-marine.com\/de\/wp-json\/wp\/v2\/media\/4849"}],"wp:attachment":[{"href":"https:\/\/ewa-marine.com\/de\/wp-json\/wp\/v2\/media?parent=654"}],"curies":[{"name":"wp","href":"https:\/\/api.w.org\/{rel}","templated":true}]}}