{"id":6665,"date":"2016-04-07T11:32:44","date_gmt":"2016-04-07T10:32:44","guid":{"rendered":"http:\/\/www.ewa-marine.de\/products\/ewa-sports\/iwp\/"},"modified":"2019-03-28T13:29:58","modified_gmt":"2019-03-28T12:29:58","slug":"iwp","status":"publish","type":"page","link":"https:\/\/ewa-marine.com\/de\/products\/ewa-sports\/iwp\/","title":{"rendered":"iWP f\u00fcr Smartphone"},"content":{"rendered":"<p><a href=\"https:\/\/www.marinsolar.de\/produkt\/ewa-marine-iwp-iphonetasche\/\" target=\"_blank\" rel=\"noopener noreferrer\"><img loading=\"lazy\" decoding=\"async\" class=\"alignright wp-image-5203\" src=\"https:\/\/www.ewa-marine.de\/wp-content\/uploads\/\/2016\/03\/online-kaufen.png\" alt=\"Online Einkaufen bei marinSolar\" width=\"149\" height=\"50\" \/><\/a><\/p>\n<h1>iWP f\u00fcr Apple iPhone und Apple iPod Touch<\/h1>\n<h6>Bestellcode: iWP<\/h6>\n<h2>ewa-marine iWPC f\u00fcr Apple iPhone, iPod Touch, Samsung Galaxy und andere smart phones.<\/h2>\n<p><a href=\"https:\/\/ewa-marine.com\/wp-content\/uploads\/2015\/12\/iWP-200x200.png\" rel=\"attachment wp-att-2732\"><img loading=\"lazy\" decoding=\"async\" class=\"size-full wp-image-2732 alignleft\" src=\"https:\/\/www.ewa-marine.de\/wp-content\/uploads\/\/2015\/12\/iWP-200x200.png\" alt=\"ewa-marine iWP for iPhone and Galaxy\" width=\"200\" height=\"200\" srcset=\"https:\/\/ewa-marine.com\/wp-content\/uploads\/2015\/12\/iWP-200x200.png 200w, https:\/\/ewa-marine.com\/wp-content\/uploads\/2015\/12\/iWP-200x200-150x150.png 150w, https:\/\/ewa-marine.com\/wp-content\/uploads\/2015\/12\/iWP-200x200-60x60.png 60w\" sizes=\"auto, (max-width: 200px) 100vw, 200px\" \/><\/a><span id=\"result_box\" class=\"\" lang=\"de\"><span class=\"\">Wir haben speziell f\u00fcr das Apple iPhone das neue ewa-marine iWP Geh\u00e4use entwickelt.<\/span> Es sch\u00fctzt Ihr Handy vor Sand, Staub, Wasser und so weiter. <span class=\"\">Das Geh\u00e4use schwimmt und ist wasserdicht.<\/span> <span class=\"\">Nat\u00fcrlich k\u00f6nnen Sie neben Ihrem Apple iPhone auch den Apple iPod Touch oder jedes andere Handy im Inneren verwenden, wenn es von den Abmessungen passt.<\/span> Das iWP hat eine spezielle klare Folie auf der R\u00fcckseite, so dass Sie Ihre Kamera aus dem iPhone ohne Einschr\u00e4nkungen nutzen k\u00f6nnen. <span class=\"\">Mit der neuesten Version des iWP k\u00f6nnen Sie jetzt die Kameras der meisten Samsung Galaxy, Nokia Lumia und andere Smartphones sowie die des Apple iPhone nutzen.<\/span><\/span><\/p>\n<p><span id=\"result_box\" class=\"\" lang=\"de\">Nat\u00fcrlich k\u00f6nnen Sie Ihr Apple iPhone und Apple iPod Touch auch direkt im Geh\u00e4use durch den Kunststoff bedienen. Das Touchpad ist in keiner Weise von der Folie beeintr\u00e4chtigt. <span class=\"\">H\u00f6ren und Sprechen wird ebenso nur minimal durch die Folie beeinflusst (wir messen einen Qualit\u00e4tsverlust von 5% bei Verwendung des Telefons in der Tasche).<\/span><\/span><\/p>\n<p>Bitte beachten Sie, dass das iWP nur so tief unter Wasser eingesetzt werden darf, solange noch ausreichend Luft im Beutel um das iPhone ist. Je tiefer Sie gehen umso mehr Druck wirkt auf das Geh\u00e4use, was irgendwann Ihren Touchscreen ausl\u00f6sen oder im schlimmsten Fall den Inhalt besch\u00e4digen k\u00f6nnte.<\/p>\n<p>Abmessungen (Breite x H\u00f6he): 10 cm x 16 cm<\/p>\n<p>Das ewa-marine iWP, der ideale Schutz f\u00fcr Ihr iPhone, ob am Strand, auf Booten oder beim Schnorcheln<\/p>\n","protected":false},"excerpt":{"rendered":"<p>iWP f\u00fcr Apple iPhone und Apple iPod Touch Bestellcode: iWP ewa-marine iWPC f\u00fcr Apple iPhone, iPod Touch, Samsung Galaxy und andere smart phones. Wir haben speziell f\u00fcr das Apple iPhone das neue ewa-marine iWP Geh\u00e4use entwickelt. Es sch\u00fctzt Ihr Handy vor Sand, Staub, Wasser und so weiter. Das Geh\u00e4use schwimmt und ist wasserdicht. Nat\u00fcrlich k\u00f6nnen Sie neben Ihrem Apple iPhone auch den Apple iPod Touch oder jedes andere Handy im Inneren verwenden, wenn es von den Abmessungen passt. Das iWP &hellip; <a href=\"https:\/\/ewa-marine.com\/de\/products\/ewa-sports\/iwp\/\">Weiterlesen<\/a><\/p>\n","protected":false},"author":1,"featured_media":2734,"parent":1071,"menu_order":3,"comment_status":"closed","ping_status":"closed","template":"","meta":{"kt_blocks_editor_width":"","footnotes":""},"class_list":["post-6665","page","type-page","status-publish","has-post-thumbnail","hentry"],"yoast_head":"<!-- This site is optimized with the Yoast SEO plugin v27.3 - https:\/\/yoast.com\/product\/yoast-seo-wordpress\/ -->\n<title>ewa-marine iWP Schutztasche f\u00fcr iPhones und andere Smartphones<\/title>\n<meta name=\"description\" content=\"Das ewa-marie iWP sch\u00fctzt Ihr iPhone, Samsung Galaxy, Sony Xpedia, HTC oder andere smart phone in- oder unter Wasser genauso wie vor Staub und Sand\" \/>\n<meta name=\"robots\" content=\"index, follow, max-snippet:-1, max-image-preview:large, max-video-preview:-1\" \/>\n<link rel=\"canonical\" href=\"https:\/\/ewa-marine.com\/de\/products\/ewa-sports\/iwp\/\" \/>\n<meta property=\"og:locale\" content=\"de_DE\" \/>\n<meta property=\"og:type\" content=\"article\" \/>\n<meta property=\"og:title\" content=\"ewa-marine iWP Schutztasche f\u00fcr iPhones und andere Smartphones\" \/>\n<meta property=\"og:description\" content=\"Das ewa-marie iWP sch\u00fctzt Ihr iPhone, Samsung Galaxy, Sony Xpedia, HTC oder andere smart phone in- oder unter Wasser genauso wie vor Staub und Sand\" \/>\n<meta property=\"og:url\" content=\"https:\/\/ewa-marine.com\/de\/products\/ewa-sports\/iwp\/\" \/>\n<meta property=\"og:site_name\" content=\"ewa-marine\" \/>\n<meta property=\"article:publisher\" content=\"https:\/\/www.facebook.com\/ewa-marine\" \/>\n<meta property=\"article:modified_time\" content=\"2019-03-28T12:29:58+00:00\" \/>\n<meta property=\"og:image\" content=\"https:\/\/ewa-marine.com\/wp-content\/uploads\/2015\/12\/iWP-200x200.png\" \/>\n\t<meta property=\"og:image:width\" content=\"200\" \/>\n\t<meta property=\"og:image:height\" content=\"200\" \/>\n\t<meta property=\"og:image:type\" content=\"image\/png\" \/>\n<meta name=\"twitter:card\" content=\"summary_large_image\" \/>\n<meta name=\"twitter:site\" content=\"@ewa_marine\" \/>\n<meta name=\"twitter:label1\" content=\"Gesch\u00e4tzte Lesezeit\" \/>\n\t<meta name=\"twitter:data1\" content=\"1\u00a0Minute\" \/>\n<script type=\"application\/ld+json\" class=\"yoast-schema-graph\">{\"@context\":\"https:\\\/\\\/schema.org\",\"@graph\":[{\"@type\":\"WebPage\",\"@id\":\"https:\\\/\\\/ewa-marine.com\\\/de\\\/products\\\/ewa-sports\\\/iwp\\\/\",\"url\":\"https:\\\/\\\/ewa-marine.com\\\/de\\\/products\\\/ewa-sports\\\/iwp\\\/\",\"name\":\"ewa-marine iWP Schutztasche f\u00fcr iPhones und andere Smartphones\",\"isPartOf\":{\"@id\":\"https:\\\/\\\/ewa-marine.com\\\/de\\\/#website\"},\"primaryImageOfPage\":{\"@id\":\"https:\\\/\\\/ewa-marine.com\\\/de\\\/products\\\/ewa-sports\\\/iwp\\\/#primaryimage\"},\"image\":{\"@id\":\"https:\\\/\\\/ewa-marine.com\\\/de\\\/products\\\/ewa-sports\\\/iwp\\\/#primaryimage\"},\"thumbnailUrl\":\"https:\\\/\\\/ewa-marine.com\\\/wp-content\\\/uploads\\\/2015\\\/12\\\/iWP-200x200.png\",\"datePublished\":\"2016-04-07T10:32:44+00:00\",\"dateModified\":\"2019-03-28T12:29:58+00:00\",\"description\":\"Das ewa-marie iWP sch\u00fctzt Ihr iPhone, Samsung Galaxy, Sony Xpedia, HTC oder andere smart phone in- oder unter Wasser genauso wie vor Staub und Sand\",\"breadcrumb\":{\"@id\":\"https:\\\/\\\/ewa-marine.com\\\/de\\\/products\\\/ewa-sports\\\/iwp\\\/#breadcrumb\"},\"inLanguage\":\"de\",\"potentialAction\":[{\"@type\":\"ReadAction\",\"target\":[\"https:\\\/\\\/ewa-marine.com\\\/de\\\/products\\\/ewa-sports\\\/iwp\\\/\"]}]},{\"@type\":\"ImageObject\",\"inLanguage\":\"de\",\"@id\":\"https:\\\/\\\/ewa-marine.com\\\/de\\\/products\\\/ewa-sports\\\/iwp\\\/#primaryimage\",\"url\":\"https:\\\/\\\/ewa-marine.com\\\/wp-content\\\/uploads\\\/2015\\\/12\\\/iWP-200x200.png\",\"contentUrl\":\"https:\\\/\\\/ewa-marine.com\\\/wp-content\\\/uploads\\\/2015\\\/12\\\/iWP-200x200.png\",\"width\":200,\"height\":200},{\"@type\":\"BreadcrumbList\",\"@id\":\"https:\\\/\\\/ewa-marine.com\\\/de\\\/products\\\/ewa-sports\\\/iwp\\\/#breadcrumb\",\"itemListElement\":[{\"@type\":\"ListItem\",\"position\":1,\"name\":\"Startseite\",\"item\":\"https:\\\/\\\/www.ewa-marine.de\\\/\"},{\"@type\":\"ListItem\",\"position\":2,\"name\":\"Produkte\",\"item\":\"https:\\\/\\\/www.ewa-marine.de\\\/products\\\/\"},{\"@type\":\"ListItem\",\"position\":3,\"name\":\"ewa-sports\",\"item\":\"https:\\\/\\\/www.ewa-marine.de\\\/products\\\/ewa-sports\\\/\"},{\"@type\":\"ListItem\",\"position\":4,\"name\":\"iWP f\u00fcr Smartphone\"}]},{\"@type\":\"WebSite\",\"@id\":\"https:\\\/\\\/ewa-marine.com\\\/de\\\/#website\",\"url\":\"https:\\\/\\\/ewa-marine.com\\\/de\\\/\",\"name\":\"ewa-marine\",\"description\":\"Capture the Extreme !\",\"potentialAction\":[{\"@type\":\"SearchAction\",\"target\":{\"@type\":\"EntryPoint\",\"urlTemplate\":\"https:\\\/\\\/ewa-marine.com\\\/de\\\/?s={search_term_string}\"},\"query-input\":{\"@type\":\"PropertyValueSpecification\",\"valueRequired\":true,\"valueName\":\"search_term_string\"}}],\"inLanguage\":\"de\"}]}<\/script>\n<!-- \/ Yoast SEO plugin. -->","yoast_head_json":{"title":"ewa-marine iWP Schutztasche f\u00fcr iPhones und andere Smartphones","description":"Das ewa-marie iWP sch\u00fctzt Ihr iPhone, Samsung Galaxy, Sony Xpedia, HTC oder andere smart phone in- oder unter Wasser genauso wie vor Staub und Sand","robots":{"index":"index","follow":"follow","max-snippet":"max-snippet:-1","max-image-preview":"max-image-preview:large","max-video-preview":"max-video-preview:-1"},"canonical":"https:\/\/ewa-marine.com\/de\/products\/ewa-sports\/iwp\/","og_locale":"de_DE","og_type":"article","og_title":"ewa-marine iWP Schutztasche f\u00fcr iPhones und andere Smartphones","og_description":"Das ewa-marie iWP sch\u00fctzt Ihr iPhone, Samsung Galaxy, Sony Xpedia, HTC oder andere smart phone in- oder unter Wasser genauso wie vor Staub und Sand","og_url":"https:\/\/ewa-marine.com\/de\/products\/ewa-sports\/iwp\/","og_site_name":"ewa-marine","article_publisher":"https:\/\/www.facebook.com\/ewa-marine","article_modified_time":"2019-03-28T12:29:58+00:00","og_image":[{"width":200,"height":200,"url":"https:\/\/ewa-marine.com\/wp-content\/uploads\/2015\/12\/iWP-200x200.png","type":"image\/png"}],"twitter_card":"summary_large_image","twitter_site":"@ewa_marine","twitter_misc":{"Gesch\u00e4tzte Lesezeit":"1\u00a0Minute"},"schema":{"@context":"https:\/\/schema.org","@graph":[{"@type":"WebPage","@id":"https:\/\/ewa-marine.com\/de\/products\/ewa-sports\/iwp\/","url":"https:\/\/ewa-marine.com\/de\/products\/ewa-sports\/iwp\/","name":"ewa-marine iWP Schutztasche f\u00fcr iPhones und andere Smartphones","isPartOf":{"@id":"https:\/\/ewa-marine.com\/de\/#website"},"primaryImageOfPage":{"@id":"https:\/\/ewa-marine.com\/de\/products\/ewa-sports\/iwp\/#primaryimage"},"image":{"@id":"https:\/\/ewa-marine.com\/de\/products\/ewa-sports\/iwp\/#primaryimage"},"thumbnailUrl":"https:\/\/ewa-marine.com\/wp-content\/uploads\/2015\/12\/iWP-200x200.png","datePublished":"2016-04-07T10:32:44+00:00","dateModified":"2019-03-28T12:29:58+00:00","description":"Das ewa-marie iWP sch\u00fctzt Ihr iPhone, Samsung Galaxy, Sony Xpedia, HTC oder andere smart phone in- oder unter Wasser genauso wie vor Staub und Sand","breadcrumb":{"@id":"https:\/\/ewa-marine.com\/de\/products\/ewa-sports\/iwp\/#breadcrumb"},"inLanguage":"de","potentialAction":[{"@type":"ReadAction","target":["https:\/\/ewa-marine.com\/de\/products\/ewa-sports\/iwp\/"]}]},{"@type":"ImageObject","inLanguage":"de","@id":"https:\/\/ewa-marine.com\/de\/products\/ewa-sports\/iwp\/#primaryimage","url":"https:\/\/ewa-marine.com\/wp-content\/uploads\/2015\/12\/iWP-200x200.png","contentUrl":"https:\/\/ewa-marine.com\/wp-content\/uploads\/2015\/12\/iWP-200x200.png","width":200,"height":200},{"@type":"BreadcrumbList","@id":"https:\/\/ewa-marine.com\/de\/products\/ewa-sports\/iwp\/#breadcrumb","itemListElement":[{"@type":"ListItem","position":1,"name":"Startseite","item":"https:\/\/www.ewa-marine.de\/"},{"@type":"ListItem","position":2,"name":"Produkte","item":"https:\/\/www.ewa-marine.de\/products\/"},{"@type":"ListItem","position":3,"name":"ewa-sports","item":"https:\/\/www.ewa-marine.de\/products\/ewa-sports\/"},{"@type":"ListItem","position":4,"name":"iWP f\u00fcr Smartphone"}]},{"@type":"WebSite","@id":"https:\/\/ewa-marine.com\/de\/#website","url":"https:\/\/ewa-marine.com\/de\/","name":"ewa-marine","description":"Capture the Extreme !","potentialAction":[{"@type":"SearchAction","target":{"@type":"EntryPoint","urlTemplate":"https:\/\/ewa-marine.com\/de\/?s={search_term_string}"},"query-input":{"@type":"PropertyValueSpecification","valueRequired":true,"valueName":"search_term_string"}}],"inLanguage":"de"}]}},"_links":{"self":[{"href":"https:\/\/ewa-marine.com\/de\/wp-json\/wp\/v2\/pages\/6665","targetHints":{"allow":["GET"]}}],"collection":[{"href":"https:\/\/ewa-marine.com\/de\/wp-json\/wp\/v2\/pages"}],"about":[{"href":"https:\/\/ewa-marine.com\/de\/wp-json\/wp\/v2\/types\/page"}],"author":[{"embeddable":true,"href":"https:\/\/ewa-marine.com\/de\/wp-json\/wp\/v2\/users\/1"}],"replies":[{"embeddable":true,"href":"https:\/\/ewa-marine.com\/de\/wp-json\/wp\/v2\/comments?post=6665"}],"version-history":[{"count":5,"href":"https:\/\/ewa-marine.com\/de\/wp-json\/wp\/v2\/pages\/6665\/revisions"}],"predecessor-version":[{"id":32693,"href":"https:\/\/ewa-marine.com\/de\/wp-json\/wp\/v2\/pages\/6665\/revisions\/32693"}],"up":[{"embeddable":true,"href":"https:\/\/ewa-marine.com\/de\/wp-json\/wp\/v2\/pages\/1071"}],"wp:featuredmedia":[{"embeddable":true,"href":"https:\/\/ewa-marine.com\/de\/wp-json\/wp\/v2\/media\/2734"}],"wp:attachment":[{"href":"https:\/\/ewa-marine.com\/de\/wp-json\/wp\/v2\/media?parent=6665"}],"curies":[{"name":"wp","href":"https:\/\/api.w.org\/{rel}","templated":true}]}}