{"id":6690,"date":"2016-04-07T11:36:11","date_gmt":"2016-04-07T10:36:11","guid":{"rendered":"http:\/\/www.ewa-marine.de\/products\/ewa-sports\/vhf-pouch\/"},"modified":"2018-07-24T21:37:06","modified_gmt":"2018-07-24T20:37:06","slug":"vhf-pouch","status":"publish","type":"page","link":"https:\/\/ewa-marine.com\/de\/products\/ewa-sports\/vhf-pouch\/","title":{"rendered":"VHF Tasche"},"content":{"rendered":"<div id=\"pl-6690\"  class=\"panel-layout\" ><div id=\"pg-6690-0\"  class=\"panel-grid panel-no-style\" ><div id=\"pgc-6690-0-0\"  class=\"panel-grid-cell\" ><div id=\"panel-6690-0-0-0\" class=\"so-panel widget widget_black-studio-tinymce widget_black_studio_tinymce panel-first-child panel-last-child\" data-index=\"0\" ><div class=\"textwidget\"><p><a href=\"https:\/\/www.marinsolar.de\/produkt-kategorie\/ewa-marine-fabrikverkauf\/ewa-sports\/\" target=\"_blank\"><img loading=\"lazy\" decoding=\"async\" class=\"alignright wp-image-5203\" src=\"\/wp-content\/uploads\/2016\/03\/online-kaufen.png\" alt=\"Online Einkaufen bei marinSolar\" width=\"149\" height=\"50\" \/><\/a><\/p>\n<h1 class=\"bodytext\">ewa-marine VHF Schutztasche f\u00fcr VHF und UKW-Radios<\/h1>\n<h6>Bestellcode: VHF#<\/h6>\n<p>Absoluter Schutz vor Wasser, Staub und Sand. Das H\u00f6ren und Sprechen wird durch die Spezialfolie nicht behindert (maximale gemessene Beeintr\u00e4chtigung 5%). Einstellungen k\u00f6nnen von au\u00dfen durch den eingebauten Fingereingriff vorgenommen werden. Das Ger\u00e4t schwimmt durch das Luftreservoir im Geh\u00e4use von alleine an der Oberfl\u00e4che. Damit ist zus\u00e4tzliche Sicherheit in Notf\u00e4llen gegeben.<\/p>\n<p>Bei Hilfsorganisationen, Polizei, K\u00fcstenwache etc. tausendfach im Einsatz. Es sollte Sie also nicht \u00fcberraschen, wenn Sie vom Hersteller Ihres VHF-Radios ein ewa-marine als Orginalzubeh\u00f6r angeboten bekommen.<\/p>\n<p>Mit Verschlu\u00dfschiene f\u00fcr eine Tauchtiefe von bis zu 75m.<\/p>\n<\/div><\/div><\/div><\/div><div id=\"pg-6690-1\"  class=\"panel-grid panel-no-style\" ><div id=\"pgc-6690-1-0\"  class=\"panel-grid-cell\" ><div id=\"panel-6690-1-0-0\" class=\"so-panel widget widget_sow-image panel-first-child panel-last-child\" data-index=\"1\" ><div\n\t\t\t\n\t\t\tclass=\"so-widget-sow-image so-widget-sow-image-default-8b5b6f678277-6690\"\n\t\t\t\n\t\t><h3 class=\"widget-title\">VHF<\/h3>\n<div class=\"sow-image-container\">\n\t\t<img \n\tsrc=\"https:\/\/ewa-marine.com\/wp-content\/uploads\/2015\/07\/vhf_r.jpg\" width=\"115\" height=\"226\" title=\"VHF\" alt=\"\" \t\tclass=\"so-widget-image\"\/>\n\t<\/div>\n\n<\/div><\/div><\/div><div id=\"pgc-6690-1-1\"  class=\"panel-grid-cell\" ><div id=\"panel-6690-1-1-0\" class=\"so-panel widget widget_black-studio-tinymce widget_black_studio_tinymce panel-first-child panel-last-child\" data-index=\"2\" ><div class=\"textwidget\"><p>\u00a0<\/p>\n<table style=\"width: 100%;\" border=\"1px\">\n<tbody>\n<tr>\n<td><em>Model<\/em><\/td>\n<td><em>Abmessungen (L\u00e4nge x Breite x H\u00f6he)<br \/> <\/em><\/td>\n<\/tr>\n<tr>\n<td><strong>VHF3<\/strong><\/td>\n<td>38 x 7,5 x 4 cm<\/td>\n<\/tr>\n<tr>\n<td><strong>VHF4<\/strong><\/td>\n<td>43 x 8 x 3,5 cm<\/td>\n<\/tr>\n<\/tbody>\n<\/table>\n<\/div><\/div><\/div><\/div><\/div>","protected":false},"excerpt":{"rendered":"<p>ewa-marine VHF Schutztasche f\u00fcr VHF und UKW-Radios Bestellcode: VHF# Absoluter Schutz vor Wasser, Staub und Sand. Das H\u00f6ren und Sprechen wird durch die Spezialfolie nicht behindert (maximale gemessene Beeintr\u00e4chtigung 5%). Einstellungen k\u00f6nnen von au\u00dfen durch den eingebauten Fingereingriff vorgenommen werden. Das Ger\u00e4t schwimmt durch das Luftreservoir im Geh\u00e4use von alleine an der Oberfl\u00e4che. Damit ist zus\u00e4tzliche Sicherheit in Notf\u00e4llen gegeben. Bei Hilfsorganisationen, Polizei, K\u00fcstenwache etc. tausendfach im Einsatz. Es sollte Sie also nicht \u00fcberraschen, wenn Sie vom Hersteller Ihres VHF-Radios &hellip; <a href=\"https:\/\/ewa-marine.com\/de\/products\/ewa-sports\/vhf-pouch\/\">Weiterlesen<\/a><\/p>\n","protected":false},"author":1,"featured_media":4454,"parent":1071,"menu_order":4,"comment_status":"closed","ping_status":"closed","template":"","meta":{"kt_blocks_editor_width":"","footnotes":""},"class_list":["post-6690","page","type-page","status-publish","has-post-thumbnail","hentry"],"yoast_head":"<!-- This site is optimized with the Yoast SEO plugin v27.3 - https:\/\/yoast.com\/product\/yoast-seo-wordpress\/ -->\n<title>ewa-marine VHF Schutztasche f\u00fcr VHF und UKW Radios<\/title>\n<meta name=\"description\" content=\"Die ewa-marine VHF Schutztaschen sind absolut sand- und wasserdicht. Einstellungen k\u00f6nnen von au\u00dfen \u00fcber den Fingereingriff vorgenommen werden\" \/>\n<meta name=\"robots\" content=\"index, follow, max-snippet:-1, max-image-preview:large, max-video-preview:-1\" \/>\n<link rel=\"canonical\" href=\"https:\/\/ewa-marine.com\/de\/products\/ewa-sports\/vhf-pouch\/\" \/>\n<meta property=\"og:locale\" content=\"de_DE\" \/>\n<meta property=\"og:type\" content=\"article\" \/>\n<meta property=\"og:title\" content=\"ewa-marine VHF Schutztasche f\u00fcr VHF und UKW Radios\" \/>\n<meta property=\"og:description\" content=\"Die ewa-marine VHF Schutztaschen sind absolut sand- und wasserdicht. Einstellungen k\u00f6nnen von au\u00dfen \u00fcber den Fingereingriff vorgenommen werden\" \/>\n<meta property=\"og:url\" content=\"https:\/\/ewa-marine.com\/de\/products\/ewa-sports\/vhf-pouch\/\" \/>\n<meta property=\"og:site_name\" content=\"ewa-marine\" \/>\n<meta property=\"article:publisher\" content=\"https:\/\/www.facebook.com\/ewa-marine\" \/>\n<meta property=\"article:modified_time\" content=\"2018-07-24T20:37:06+00:00\" \/>\n<meta property=\"og:image\" content=\"https:\/\/i0.wp.com\/www.ewa-marine.de\/wp-content\/uploads\/2015\/07\/vhf_r.jpg?fit=115%2C226&ssl=1\" \/>\n\t<meta property=\"og:image:width\" content=\"115\" \/>\n\t<meta property=\"og:image:height\" content=\"226\" \/>\n\t<meta property=\"og:image:type\" content=\"image\/jpeg\" \/>\n<meta name=\"twitter:card\" content=\"summary_large_image\" \/>\n<meta name=\"twitter:site\" content=\"@ewa_marine\" \/>\n<meta name=\"twitter:label1\" content=\"Gesch\u00e4tzte Lesezeit\" \/>\n\t<meta name=\"twitter:data1\" content=\"1\u00a0Minute\" \/>\n<script type=\"application\/ld+json\" class=\"yoast-schema-graph\">{\"@context\":\"https:\\\/\\\/schema.org\",\"@graph\":[{\"@type\":\"WebPage\",\"@id\":\"https:\\\/\\\/ewa-marine.com\\\/de\\\/products\\\/ewa-sports\\\/vhf-pouch\\\/\",\"url\":\"https:\\\/\\\/ewa-marine.com\\\/de\\\/products\\\/ewa-sports\\\/vhf-pouch\\\/\",\"name\":\"ewa-marine VHF Schutztasche f\u00fcr VHF und UKW Radios\",\"isPartOf\":{\"@id\":\"https:\\\/\\\/ewa-marine.com\\\/de\\\/#website\"},\"primaryImageOfPage\":{\"@id\":\"https:\\\/\\\/ewa-marine.com\\\/de\\\/products\\\/ewa-sports\\\/vhf-pouch\\\/#primaryimage\"},\"image\":{\"@id\":\"https:\\\/\\\/ewa-marine.com\\\/de\\\/products\\\/ewa-sports\\\/vhf-pouch\\\/#primaryimage\"},\"thumbnailUrl\":\"https:\\\/\\\/ewa-marine.com\\\/wp-content\\\/uploads\\\/2015\\\/07\\\/vhf_r.jpg\",\"datePublished\":\"2016-04-07T10:36:11+00:00\",\"dateModified\":\"2018-07-24T20:37:06+00:00\",\"description\":\"Die ewa-marine VHF Schutztaschen sind absolut sand- und wasserdicht. Einstellungen k\u00f6nnen von au\u00dfen \u00fcber den Fingereingriff vorgenommen werden\",\"breadcrumb\":{\"@id\":\"https:\\\/\\\/ewa-marine.com\\\/de\\\/products\\\/ewa-sports\\\/vhf-pouch\\\/#breadcrumb\"},\"inLanguage\":\"de\",\"potentialAction\":[{\"@type\":\"ReadAction\",\"target\":[\"https:\\\/\\\/ewa-marine.com\\\/de\\\/products\\\/ewa-sports\\\/vhf-pouch\\\/\"]}]},{\"@type\":\"ImageObject\",\"inLanguage\":\"de\",\"@id\":\"https:\\\/\\\/ewa-marine.com\\\/de\\\/products\\\/ewa-sports\\\/vhf-pouch\\\/#primaryimage\",\"url\":\"https:\\\/\\\/ewa-marine.com\\\/wp-content\\\/uploads\\\/2015\\\/07\\\/vhf_r.jpg\",\"contentUrl\":\"https:\\\/\\\/ewa-marine.com\\\/wp-content\\\/uploads\\\/2015\\\/07\\\/vhf_r.jpg\",\"width\":115,\"height\":226},{\"@type\":\"BreadcrumbList\",\"@id\":\"https:\\\/\\\/ewa-marine.com\\\/de\\\/products\\\/ewa-sports\\\/vhf-pouch\\\/#breadcrumb\",\"itemListElement\":[{\"@type\":\"ListItem\",\"position\":1,\"name\":\"Startseite\",\"item\":\"https:\\\/\\\/www.ewa-marine.de\\\/\"},{\"@type\":\"ListItem\",\"position\":2,\"name\":\"Produkte\",\"item\":\"https:\\\/\\\/www.ewa-marine.de\\\/products\\\/\"},{\"@type\":\"ListItem\",\"position\":3,\"name\":\"ewa-sports\",\"item\":\"https:\\\/\\\/www.ewa-marine.de\\\/products\\\/ewa-sports\\\/\"},{\"@type\":\"ListItem\",\"position\":4,\"name\":\"VHF Tasche\"}]},{\"@type\":\"WebSite\",\"@id\":\"https:\\\/\\\/ewa-marine.com\\\/de\\\/#website\",\"url\":\"https:\\\/\\\/ewa-marine.com\\\/de\\\/\",\"name\":\"ewa-marine\",\"description\":\"Capture the Extreme !\",\"potentialAction\":[{\"@type\":\"SearchAction\",\"target\":{\"@type\":\"EntryPoint\",\"urlTemplate\":\"https:\\\/\\\/ewa-marine.com\\\/de\\\/?s={search_term_string}\"},\"query-input\":{\"@type\":\"PropertyValueSpecification\",\"valueRequired\":true,\"valueName\":\"search_term_string\"}}],\"inLanguage\":\"de\"}]}<\/script>\n<!-- \/ Yoast SEO plugin. -->","yoast_head_json":{"title":"ewa-marine VHF Schutztasche f\u00fcr VHF und UKW Radios","description":"Die ewa-marine VHF Schutztaschen sind absolut sand- und wasserdicht. Einstellungen k\u00f6nnen von au\u00dfen \u00fcber den Fingereingriff vorgenommen werden","robots":{"index":"index","follow":"follow","max-snippet":"max-snippet:-1","max-image-preview":"max-image-preview:large","max-video-preview":"max-video-preview:-1"},"canonical":"https:\/\/ewa-marine.com\/de\/products\/ewa-sports\/vhf-pouch\/","og_locale":"de_DE","og_type":"article","og_title":"ewa-marine VHF Schutztasche f\u00fcr VHF und UKW Radios","og_description":"Die ewa-marine VHF Schutztaschen sind absolut sand- und wasserdicht. Einstellungen k\u00f6nnen von au\u00dfen \u00fcber den Fingereingriff vorgenommen werden","og_url":"https:\/\/ewa-marine.com\/de\/products\/ewa-sports\/vhf-pouch\/","og_site_name":"ewa-marine","article_publisher":"https:\/\/www.facebook.com\/ewa-marine","article_modified_time":"2018-07-24T20:37:06+00:00","og_image":[{"width":115,"height":226,"url":"https:\/\/i0.wp.com\/www.ewa-marine.de\/wp-content\/uploads\/2015\/07\/vhf_r.jpg?fit=115%2C226&ssl=1","type":"image\/jpeg"}],"twitter_card":"summary_large_image","twitter_site":"@ewa_marine","twitter_misc":{"Gesch\u00e4tzte Lesezeit":"1\u00a0Minute"},"schema":{"@context":"https:\/\/schema.org","@graph":[{"@type":"WebPage","@id":"https:\/\/ewa-marine.com\/de\/products\/ewa-sports\/vhf-pouch\/","url":"https:\/\/ewa-marine.com\/de\/products\/ewa-sports\/vhf-pouch\/","name":"ewa-marine VHF Schutztasche f\u00fcr VHF und UKW Radios","isPartOf":{"@id":"https:\/\/ewa-marine.com\/de\/#website"},"primaryImageOfPage":{"@id":"https:\/\/ewa-marine.com\/de\/products\/ewa-sports\/vhf-pouch\/#primaryimage"},"image":{"@id":"https:\/\/ewa-marine.com\/de\/products\/ewa-sports\/vhf-pouch\/#primaryimage"},"thumbnailUrl":"https:\/\/ewa-marine.com\/wp-content\/uploads\/2015\/07\/vhf_r.jpg","datePublished":"2016-04-07T10:36:11+00:00","dateModified":"2018-07-24T20:37:06+00:00","description":"Die ewa-marine VHF Schutztaschen sind absolut sand- und wasserdicht. Einstellungen k\u00f6nnen von au\u00dfen \u00fcber den Fingereingriff vorgenommen werden","breadcrumb":{"@id":"https:\/\/ewa-marine.com\/de\/products\/ewa-sports\/vhf-pouch\/#breadcrumb"},"inLanguage":"de","potentialAction":[{"@type":"ReadAction","target":["https:\/\/ewa-marine.com\/de\/products\/ewa-sports\/vhf-pouch\/"]}]},{"@type":"ImageObject","inLanguage":"de","@id":"https:\/\/ewa-marine.com\/de\/products\/ewa-sports\/vhf-pouch\/#primaryimage","url":"https:\/\/ewa-marine.com\/wp-content\/uploads\/2015\/07\/vhf_r.jpg","contentUrl":"https:\/\/ewa-marine.com\/wp-content\/uploads\/2015\/07\/vhf_r.jpg","width":115,"height":226},{"@type":"BreadcrumbList","@id":"https:\/\/ewa-marine.com\/de\/products\/ewa-sports\/vhf-pouch\/#breadcrumb","itemListElement":[{"@type":"ListItem","position":1,"name":"Startseite","item":"https:\/\/www.ewa-marine.de\/"},{"@type":"ListItem","position":2,"name":"Produkte","item":"https:\/\/www.ewa-marine.de\/products\/"},{"@type":"ListItem","position":3,"name":"ewa-sports","item":"https:\/\/www.ewa-marine.de\/products\/ewa-sports\/"},{"@type":"ListItem","position":4,"name":"VHF Tasche"}]},{"@type":"WebSite","@id":"https:\/\/ewa-marine.com\/de\/#website","url":"https:\/\/ewa-marine.com\/de\/","name":"ewa-marine","description":"Capture the Extreme !","potentialAction":[{"@type":"SearchAction","target":{"@type":"EntryPoint","urlTemplate":"https:\/\/ewa-marine.com\/de\/?s={search_term_string}"},"query-input":{"@type":"PropertyValueSpecification","valueRequired":true,"valueName":"search_term_string"}}],"inLanguage":"de"}]}},"_links":{"self":[{"href":"https:\/\/ewa-marine.com\/de\/wp-json\/wp\/v2\/pages\/6690","targetHints":{"allow":["GET"]}}],"collection":[{"href":"https:\/\/ewa-marine.com\/de\/wp-json\/wp\/v2\/pages"}],"about":[{"href":"https:\/\/ewa-marine.com\/de\/wp-json\/wp\/v2\/types\/page"}],"author":[{"embeddable":true,"href":"https:\/\/ewa-marine.com\/de\/wp-json\/wp\/v2\/users\/1"}],"replies":[{"embeddable":true,"href":"https:\/\/ewa-marine.com\/de\/wp-json\/wp\/v2\/comments?post=6690"}],"version-history":[{"count":0,"href":"https:\/\/ewa-marine.com\/de\/wp-json\/wp\/v2\/pages\/6690\/revisions"}],"up":[{"embeddable":true,"href":"https:\/\/ewa-marine.com\/de\/wp-json\/wp\/v2\/pages\/1071"}],"wp:featuredmedia":[{"embeddable":true,"href":"https:\/\/ewa-marine.com\/de\/wp-json\/wp\/v2\/media\/4454"}],"wp:attachment":[{"href":"https:\/\/ewa-marine.com\/de\/wp-json\/wp\/v2\/media?parent=6690"}],"curies":[{"name":"wp","href":"https:\/\/api.w.org\/{rel}","templated":true}]}}