{"id":6914,"date":"2017-01-29T11:22:17","date_gmt":"2017-01-29T10:22:17","guid":{"rendered":"http:\/\/www.ewa-marine.de\/products\/foto\/kompaktkameras\/aeltere-gehaeuse\/d-cp1\/"},"modified":"2017-02-02T22:04:37","modified_gmt":"2017-02-02T21:04:37","slug":"d-cp1","status":"publish","type":"page","link":"https:\/\/ewa-marine.com\/de\/products\/foto\/kompaktkameras\/aeltere-gehaeuse\/d-cp1\/","title":{"rendered":"D-CP1"},"content":{"rendered":"<div id=\"pl-6914\"  class=\"panel-layout\" ><div id=\"pg-6914-0\"  class=\"panel-grid panel-no-style\" ><div id=\"pgc-6914-0-0\"  class=\"panel-grid-cell\" ><div id=\"panel-6914-0-0-0\" class=\"so-panel widget widget_kadence_simple_image kadence_simple_image panel-first-child\" data-index=\"0\" ><div class=\"kad_img_upload_widget  kt-shape-type- kt-image-align-center kt-image-widget-widget-0-0-0\"><a href=\"https:\/\/ewa-marine.com\/wp-content\/uploads\/2017\/01\/D-CP1-400x400.jpg\" rel=\"lightbox\"><div class=\"kt-image-contain  \"><div class=\"kt-image-inner-contain\"><img loading=\"lazy\" decoding=\"async\" width=\"400\" height=\"400\" src=\"https:\/\/ewa-marine.com\/wp-content\/uploads\/2017\/01\/D-CP1-400x400.jpg\" class=\"attachment-full size-full\" alt=\"ewa-marine D-CP1\" srcset=\"https:\/\/ewa-marine.com\/wp-content\/uploads\/2017\/01\/D-CP1-400x400.jpg 400w, https:\/\/ewa-marine.com\/wp-content\/uploads\/2017\/01\/D-CP1-400x400-150x150.jpg 150w, https:\/\/ewa-marine.com\/wp-content\/uploads\/2017\/01\/D-CP1-400x400-300x300.jpg 300w, https:\/\/ewa-marine.com\/wp-content\/uploads\/2017\/01\/D-CP1-400x400-60x60.jpg 60w\" sizes=\"auto, (max-width: 400px) 100vw, 400px\" \/><\/div><\/div><\/a><div class=\"kadence_image_widget_caption\">ewa-marine D-CP1 universelles Unterwassergeh\u00e4use f\u00fcr Kompaktkameras<\/div><\/div><\/div><div id=\"panel-6914-0-0-1\" class=\"so-panel widget widget_siteorigin-panels-builder panel-last-child\" data-index=\"1\" ><div id=\"pl-w57090a1482911\"  class=\"panel-layout\" ><div id=\"pg-w57090a1482911-0\"  class=\"panel-grid panel-no-style\" ><div id=\"pgc-w57090a1482911-0-0\"  class=\"panel-grid-cell\" ><div id=\"panel-w57090a1482911-0-0-0\" class=\"so-panel widget widget_kadence_simple_image kadence_simple_image panel-first-child panel-last-child\" data-index=\"0\" ><div class=\"kad_img_upload_widget  kt-shape-type- kt-image-align-center kt-image-widget-widget-0-0-0\"><a href=\"https:\/\/ewa-marine.com\/wp-content\/uploads\/2015\/07\/made-in-Germany-100x50.gif\" rel=\"lightbox\"><div class=\"kt-image-contain  \"><div class=\"kt-image-inner-contain\"><img decoding=\"async\" src=\"https:\/\/ewa-marine.com\/wp-content\/uploads\/2015\/07\/made-in-Germany-100x50.gif\"><\/div><\/div><\/a><\/div><\/div><\/div><div id=\"pgc-w57090a1482911-0-1\"  class=\"panel-grid-cell\" ><div id=\"panel-w57090a1482911-0-1-0\" class=\"so-panel widget widget_kadence_simple_image kadence_simple_image panel-first-child panel-last-child\" data-index=\"1\" ><div class=\"kad_img_upload_widget  kt-shape-type- kt-image-align-center kt-image-widget-widget-0-1-0\"><a href=\"https:\/\/ewa-marine.com\/wp-content\/uploads\/2015\/07\/e-ts-10m.png\" rel=\"lightbox\"><div class=\"kt-image-contain  \"><div class=\"kt-image-inner-contain\"><img loading=\"lazy\" decoding=\"async\" width=\"120\" height=\"120\" src=\"https:\/\/ewa-marine.com\/wp-content\/uploads\/2015\/07\/e-ts-10m.png\" class=\"attachment-full size-full\" alt=\"ewa-marine rated to a dive depth of up to 10m \/ 30ft\" srcset=\"https:\/\/ewa-marine.com\/wp-content\/uploads\/2015\/07\/e-ts-10m.png 120w, https:\/\/ewa-marine.com\/wp-content\/uploads\/2015\/07\/e-ts-10m-60x60.png 60w\" sizes=\"auto, (max-width: 120px) 100vw, 120px\" \/><\/div><\/div><\/a><\/div><\/div><\/div><div id=\"pgc-w57090a1482911-0-2\"  class=\"panel-grid-cell\" ><div id=\"panel-w57090a1482911-0-2-0\" class=\"so-panel widget widget_kadence_simple_image kadence_simple_image panel-first-child panel-last-child\" data-index=\"2\" ><div class=\"kad_img_upload_widget  kt-shape-type- kt-image-align-center kt-image-widget-widget-0-2-0\"><a href=\"https:\/\/ewa-marine.com\/wp-content\/uploads\/2015\/07\/opticalglass_100x45.png\" rel=\"lightbox\"><div class=\"kt-image-contain  \"><div class=\"kt-image-inner-contain\"><img decoding=\"async\" src=\"https:\/\/ewa-marine.com\/wp-content\/uploads\/2015\/07\/opticalglass_100x45.png\"><\/div><\/div><\/a><\/div><\/div><\/div><\/div><\/div><\/div><\/div><div id=\"pgc-6914-0-1\"  class=\"panel-grid-cell\" ><div id=\"panel-6914-0-1-0\" class=\"so-panel widget widget_black-studio-tinymce widget_black_studio_tinymce panel-first-child\" data-index=\"2\" ><div class=\"textwidget\"><h1 class=\"bodytext\">ewa-marine D-CP1<\/h1>\n<h2 class=\"bodytext\">Universelles Unterwassergeh\u00e4use f\u00fcr digitale Kompaktkameras<\/h2>\n<h6>Bestellcode: D-CP1<\/h6>\n<p class=\"bodytext\"><span style=\"color: #ff0000;\"><u><strong>Auslaufmodel \/ Bitte beachten:<\/strong><\/u> <\/span>Dieses Geh\u00e4use wird nicht mehr produziert, aber <u>wir haben noch begrenzten Vorrat<\/u> im Werk. Bitte kontaktieren Sie Ihren lokalen H\u00e4ndler oder Distributeur ob dieser Sie noch beliefern kann.<\/p>\n<p class=\"bodytext\">Das D-CP1 Geh\u00e4use wird aus einer Spezialfolie hergestellt und hat eine integrierte, optische Planglasscheibe als Frontport. Es ist f\u00fcr Tauchtiefen von bis zu 10m geeignet.<\/p>\n<p class=\"bodytext\"><span id=\"result_box\" class=\"\" lang=\"de\">Perfekt zum Schnorcheln, Tauchen bis 10m Tiefe, bei sandigen, staubigen, feuchten oder schlechten Wetterbedingungen. <span class=\"\">Dieses Geh\u00e4use gibt Ihrer Kamera den bestm\u00f6glichen Schutz, w\u00e4hrend sie voll funktionsf\u00e4hig ist.<\/span><\/span><\/p>\n<p class=\"bodytext\">Der Verschluss des Geh\u00e4uses besteht aus zwei Klemmschienen, die mit zwei Schrauben zusammengeschraubt werden und dadurch das Geh\u00e4use wasserdicht verschlie\u00dfen.<\/p>\n<p>\u00a0<\/p>\n<\/div><\/div><div id=\"panel-6914-0-1-1\" class=\"so-panel widget widget_black-studio-tinymce widget_black_studio_tinymce panel-last-child\" data-index=\"3\" ><div class=\"textwidget\">\n<div class=\"panel-group\" id=\"accordionname614\"><div class=\"panel panel-default\"><div class=\"panel-heading\"><a class=\"accordion-toggle collapsed\" data-toggle=\"collapse\" data-parent=\"#accordionname614\" href=\"#collapse6140\"><h5><i class=\"kt-icon-minus primary-color\"><\/i><i class=\"kt-icon-plus\"><\/i>Passt f\u00fcr folgende Kameras<\/h5><\/a><\/div><div id=\"collapse6140\" class=\"panel-collapse collapse \"><div class=\"panel-body postclass\">\n<p><strong>Canon<\/strong><br \/>PowerShot A310<br \/>PowerShot A400<\/p>\n<p><strong>Fuji \/ fujifilm<\/strong><br \/>Finepix F455<\/p>\n<p><strong>HP \/ Hewlett-Packard<\/strong><br \/>PhotoSmart M305<br \/>PhotoSmart M307<\/p>\n<p><strong>Kodak<\/strong><br \/>EasyShare LS633<br \/>EasyShare LS743<br \/>EasyShare LS753<\/p>\n<p><strong>Konika Minolta<\/strong><br \/>Dimage F100<br \/>Dimage F200<br \/>Dimage F300<\/p>\n<p><strong>Kyocera<\/strong><br \/>Finecam L3<br \/>Finecam L30<br \/>Finecam L4<\/p>\n<p><strong>Leica<\/strong><br \/>D-LUX<\/p>\n<p><strong>Olympus Camedia<\/strong><br \/>C-180<br \/>C-315<br \/>C-480<br \/>D-540<br \/>FE-115<br \/>FE-120<br \/>FE-5500<\/p>\n<p><strong>Panasonic<\/strong> Lumix<br \/>DMC-FX1<br \/>DMC-FX2<\/p>\n<p><strong>Ricoh<\/strong><br \/>Caplio G3<br \/>Caplio GR digital<br \/>Caplio RX<br \/>Caplio RZ1<br \/>DigimaxV4<br \/>RR30<\/p>\n<p><strong>Rollei<\/strong><br \/>dr 4<br \/>dr 5<br \/>dr 5100<\/p>\n<p><strong>Samsung<\/strong><br \/>Digimax 370<br \/>Digimax 430<br \/>Digimax 530<br \/>Digimax A40<br \/>Digimax A400<br \/>Digimax A402<br \/>Digimax UCA 505<br \/>Digimax V 4<br \/>Digimax V 5<br \/>Digimax V 40<br \/>Digimax V 50<br \/>L 55W<\/p>\n<p><strong>Sanyo<\/strong><br \/>VPC-MZ 3<\/p>\n<p><strong>Sony<\/strong><br \/>DSC-L1<br \/>DSC-P1<br \/>DSC-P100<br \/>DSC-P120<br \/>DSC-P2<br \/>DSC-P31<br \/>DSC-P5<br \/>DSC-P50<br \/>DSC-P51<br \/>DSC-P52<br \/>DSC-P7<br \/>DSC-P71<br \/>DSC-P9<br \/>DSC-S40<br \/>DSC-S600<br \/>DSC-S650<\/p>\n<p><strong>Toshiba<\/strong><br \/>PDR-T20<br \/>PDR-T30<\/p>\n<\/div><\/div><\/div><\/div>\n\n<\/div><\/div><\/div><\/div><div id=\"pg-6914-1\"  class=\"panel-grid panel-has-style\" ><div class=\"panel-widget-style panel-row-style panel-row-style-for-6914-1\" ><div id=\"pgc-6914-1-0\"  class=\"panel-grid-cell\" ><div id=\"panel-6914-1-0-0\" class=\"so-panel widget widget_text panel-first-child\" data-index=\"4\" ><div class=\"panel-widget-style panel-widget-style-for-6914-1-0-0\" >\t\t\t<div class=\"textwidget\"><h4>   Produkte, die Sie ebenfalls interessieren k\u00f6nnten:<\/h4>\n<\/div>\n\t\t<\/div><\/div><div id=\"panel-6914-1-0-1\" class=\"so-panel widget widget_sow-features panel-last-child\" data-index=\"5\" ><div\n\t\t\t\n\t\t\tclass=\"so-widget-sow-features so-widget-sow-features-default-12addb518ef9-6914\"\n\t\t\t\n\t\t><ul\n\tclass=\"sow-features-list\n\tsow-features-responsive\">\n\n\t\t\t<li\n\t\t\tclass=\"sow-features-feature sow-icon-container-position-top\"\n\t\t\tstyle=\"display: flex; flex-direction: column; width: calc(16.667% - 25px);\"\n\t\t>\n\t\t\t\n\t\t\t\t\t\t<a\t\t\t\tclass=\"sow-icon-container sow-container-none\"\n\t\t\t\tstyle=\"color: #404040; \"\n\t\t\t\t\n\t\t\t\t\t\t\t\t\thref=\"http:\/\/www.ewa-marine.de\/products\/foto\/slr\/u-a\/\"\n\t\t\t\t\t\t\t\t>\n\t\t\t\t\t\t\t\t\t\t<div class=\"sow-icon-image\" style=\"background-image: url(https:\/\/ewa-marine.com\/wp-content\/uploads\/2017\/01\/de-ua-150x150.png); font-size: 150px\"><\/div>\n\t\t\t\t\t\t\t\t\t<\/a>\n\n\t\t\t<div class=\"textwidget\">\n\t\t\t\t\n\t\t\t\t\n\t\t\t\t\t\t\t<\/div>\n\t\t\t\t\t\t\t\t<\/li>\n\n\t\t\t<li\n\t\t\tclass=\"sow-features-feature sow-icon-container-position-top\"\n\t\t\tstyle=\"display: flex; flex-direction: column; width: calc(16.667% - 25px);\"\n\t\t>\n\t\t\t\n\t\t\t\t\t\t<a\t\t\t\tclass=\"sow-icon-container sow-container-none\"\n\t\t\t\tstyle=\"color: #404040; \"\n\t\t\t\t\n\t\t\t\t\t\t\t\t\thref=\"http:\/\/www.ewa-marine.de\/products\/ewa-sports\/dus\/\"\n\t\t\t\t\t\t\t\t>\n\t\t\t\t\t\t\t\t\t\t<div class=\"sow-icon-image\" style=\"background-image: url(https:\/\/ewa-marine.com\/wp-content\/uploads\/2017\/01\/de-dus-150x150.png); font-size: 150px\"><\/div>\n\t\t\t\t\t\t\t\t\t<\/a>\n\n\t\t\t<div class=\"textwidget\">\n\t\t\t\t\n\t\t\t\t\n\t\t\t\t\t\t\t<\/div>\n\t\t\t\t\t\t\t\t<\/li>\n\n\t\t\t<li\n\t\t\tclass=\"sow-features-feature sow-icon-container-position-top\"\n\t\t\tstyle=\"display: flex; flex-direction: column; width: calc(16.667% - 25px);\"\n\t\t>\n\t\t\t\n\t\t\t\t\t\t<a\t\t\t\tclass=\"sow-icon-container sow-container-none\"\n\t\t\t\tstyle=\"color: #404040; \"\n\t\t\t\t\n\t\t\t\t\t\t\t\t\thref=\"http:\/\/www.ewa-marine.de\/products\/ewa-sports\/iwp\/\"\n\t\t\t\t\t\t\t\t>\n\t\t\t\t\t\t\t\t\t\t<div class=\"sow-icon-image\" style=\"background-image: url(https:\/\/ewa-marine.com\/wp-content\/uploads\/2017\/01\/de-iwp-150x150.png); font-size: 150px\"><\/div>\n\t\t\t\t\t\t\t\t\t<\/a>\n\n\t\t\t<div class=\"textwidget\">\n\t\t\t\t\n\t\t\t\t\n\t\t\t\t\t\t\t<\/div>\n\t\t\t\t\t\t\t\t<\/li>\n\n\t\t\t<li\n\t\t\tclass=\"sow-features-feature sow-icon-container-position-top\"\n\t\t\tstyle=\"display: flex; flex-direction: column; width: calc(16.667% - 25px);\"\n\t\t>\n\t\t\t\n\t\t\t\t\t\t<a\t\t\t\tclass=\"sow-icon-container sow-container-none\"\n\t\t\t\tstyle=\"color: #404040; \"\n\t\t\t\t\n\t\t\t\t\t\t\t\t\thref=\"http:\/\/www.ewa-marine.de\/products\/zubehoer\/cd5\/\"\n\t\t\t\t\t\t\t\t>\n\t\t\t\t\t\t\t\t\t\t<div class=\"sow-icon-image\" style=\"background-image: url(https:\/\/ewa-marine.com\/wp-content\/uploads\/2017\/01\/de-cd5.png); font-size: 150px\"><\/div>\n\t\t\t\t\t\t\t\t\t<\/a>\n\n\t\t\t<div class=\"textwidget\">\n\t\t\t\t\n\t\t\t\t\n\t\t\t\t\t\t\t<\/div>\n\t\t\t\t\t\t\t\t<\/li>\n\n\t\t\t<li\n\t\t\tclass=\"sow-features-feature sow-icon-container-position-top\"\n\t\t\tstyle=\"display: flex; flex-direction: column; width: calc(16.667% - 25px);\"\n\t\t>\n\t\t\t\n\t\t\t\t\t\t<a\t\t\t\tclass=\"sow-icon-container sow-container-none\"\n\t\t\t\tstyle=\"color: #404040; \"\n\t\t\t\t\n\t\t\t\t\t\t\t\t\thref=\"http:\/\/www.ewa-marine.de\/products\/foto\/slr\/d-b\/\"\n\t\t\t\t\t\t\t\t>\n\t\t\t\t\t\t\t\t\t\t<div class=\"sow-icon-image\" style=\"background-image: url(https:\/\/ewa-marine.com\/wp-content\/uploads\/2017\/01\/de-db-150x150.png); font-size: 150px\"><\/div>\n\t\t\t\t\t\t\t\t\t<\/a>\n\n\t\t\t<div class=\"textwidget\">\n\t\t\t\t\n\t\t\t\t\n\t\t\t\t\t\t\t<\/div>\n\t\t\t\t\t\t\t\t<\/li>\n\n\t\t\t<li\n\t\t\tclass=\"sow-features-feature sow-icon-container-position-top\"\n\t\t\tstyle=\"display: flex; flex-direction: column; width: calc(16.667% - 25px);\"\n\t\t>\n\t\t\t\n\t\t\t\t\t\t<a\t\t\t\tclass=\"sow-icon-container sow-container-none\"\n\t\t\t\tstyle=\"color: #404040; \"\n\t\t\t\t\n\t\t\t\t\t\t\t\t\thref=\"http:\/\/www.ewa-marine.de\/products\/video\/vla\/\"\n\t\t\t\t\t\t\t\t>\n\t\t\t\t\t\t\t\t\t\t<div class=\"sow-icon-image\" style=\"background-image: url(https:\/\/ewa-marine.com\/wp-content\/uploads\/2017\/01\/de-vla-150x150.png); font-size: 150px\"><\/div>\n\t\t\t\t\t\t\t\t\t<\/a>\n\n\t\t\t<div class=\"textwidget\">\n\t\t\t\t\n\t\t\t\t\n\t\t\t\t\t\t\t<\/div>\n\t\t\t\t\t\t\t\t<\/li>\n\n\t<\/ul>\n<\/div><\/div><\/div><\/div><\/div><div id=\"pg-6914-2\"  class=\"panel-grid panel-no-style\" ><div id=\"pgc-6914-2-0\"  class=\"panel-grid-cell\" ><div id=\"panel-6914-2-0-0\" class=\"so-panel widget widget_black-studio-tinymce widget_black_studio_tinymce panel-first-child panel-last-child\" data-index=\"6\" ><div class=\"textwidget\"><hr \/>\n<h6>Alle Daten und Bilder von Unterwassergeh\u00e4usen und Regencapes entsprechen dem Stand unserer Produkte zum Zeitpunkt der letzten redaktionellen Bearbeitung dieser Seite. ewa-marine beh\u00e4lt sich jedoch vor, alle Produkte im Rahmen unseres kontinuierlichen Verbesserungprozesses zu \u00e4ndern und zu verbessern. Daher k\u00f6nnen die aktuell im Markt angebotenen Produkte in Einzelpunkten eventuell von den Abbildungen abweichen. Eine Garantie f\u00fcr Vollst\u00e4ndigkeit oder Richtigkeit kann nicht \u00fcbernommen werden, ebenso wenig wie eine Haftung f\u00fcr die Verwendung dieser Seiten oder deren Inhalt.<br \/>\nEinige Bilder auf dieser Website zeigen die ewa-marine Produkt einschlie\u00dflich Kamera oder anderer elektronischer Ger\u00e4te. Diese Kameras oder andere Elektronik sind nicht im Lieferumfang enthalten und dienen hier nur als Anwendungsbeispiel.<\/h6>\n<\/div><\/div><\/div><\/div><\/div>","protected":false},"excerpt":{"rendered":"<p>ewa-marine D-CP1Universelles Unterwassergeh\u00e4use f\u00fcr digitale KompaktkamerasBestellcode: D-CP1Auslaufmodel \/ Bitte beachten: Dieses Geh\u00e4use wird nicht mehr produziert, aber wir haben noch begrenzten Vorrat im Werk. Bitte kontaktieren Sie Ihren lokalen H\u00e4ndler oder Distributeur ob dieser Sie noch beliefern kann.Das D-CP1 Geh\u00e4use wird aus einer Spezialfolie hergestellt und hat eine integrierte, optische Planglasscheibe als Frontport. Es ist f\u00fcr Tauchtiefen von bis zu 10m geeignet.Perfekt zum Schnorcheln, Tauchen bis 10m Tiefe, bei sandigen, staubigen, feuchten oder schlechten Wetterbedingungen. Dieses Geh\u00e4use gibt Ihrer Kamera &hellip; <a href=\"https:\/\/ewa-marine.com\/de\/products\/foto\/kompaktkameras\/aeltere-gehaeuse\/d-cp1\/\">Weiterlesen<\/a><\/p>\n","protected":false},"author":1,"featured_media":2811,"parent":5183,"menu_order":12,"comment_status":"closed","ping_status":"closed","template":"","meta":{"kt_blocks_editor_width":"","footnotes":""},"class_list":["post-6914","page","type-page","status-publish","has-post-thumbnail","hentry"],"yoast_head":"<!-- This site is optimized with the Yoast SEO plugin v27.3 - https:\/\/yoast.com\/product\/yoast-seo-wordpress\/ -->\n<title>ewa-marine D-CP1 universelles Unterwassergeh\u00e4use f\u00fcr Kompaktkameras<\/title>\n<meta name=\"robots\" content=\"index, follow, max-snippet:-1, max-image-preview:large, max-video-preview:-1\" \/>\n<link rel=\"canonical\" href=\"https:\/\/ewa-marine.com\/de\/products\/foto\/kompaktkameras\/aeltere-gehaeuse\/d-cp1\/\" \/>\n<meta property=\"og:locale\" content=\"de_DE\" \/>\n<meta property=\"og:type\" content=\"article\" \/>\n<meta property=\"og:title\" content=\"ewa-marine D-CP1 universelles Unterwassergeh\u00e4use f\u00fcr Kompaktkameras\" \/>\n<meta property=\"og:description\" content=\"ewa-marine D-CP1Universelles Unterwassergeh\u00e4use f\u00fcr digitale KompaktkamerasBestellcode: D-CP1Auslaufmodel \/ Bitte beachten: Dieses Geh\u00e4use wird nicht mehr produziert, aber wir haben noch begrenzten Vorrat im Werk. Bitte kontaktieren Sie Ihren lokalen H\u00e4ndler oder Distributeur ob dieser Sie noch beliefern kann.Das D-CP1 Geh\u00e4use wird aus einer Spezialfolie hergestellt und hat eine integrierte, optische Planglasscheibe als Frontport. Es ist f\u00fcr Tauchtiefen von bis zu 10m geeignet.Perfekt zum Schnorcheln, Tauchen bis 10m Tiefe, bei sandigen, staubigen, feuchten oder schlechten Wetterbedingungen. Dieses Geh\u00e4use gibt Ihrer Kamera &hellip; Weiterlesen\" \/>\n<meta property=\"og:url\" content=\"https:\/\/ewa-marine.com\/de\/products\/foto\/kompaktkameras\/aeltere-gehaeuse\/d-cp1\/\" \/>\n<meta property=\"og:site_name\" content=\"ewa-marine\" \/>\n<meta property=\"article:publisher\" content=\"https:\/\/www.facebook.com\/ewa-marine\" \/>\n<meta property=\"article:modified_time\" content=\"2017-02-02T21:04:37+00:00\" \/>\n<meta property=\"og:image\" content=\"https:\/\/ewa-marine.com\/wp-content\/uploads\/2015\/12\/D-CP1-200x200.jpg\" \/>\n\t<meta property=\"og:image:width\" content=\"200\" \/>\n\t<meta property=\"og:image:height\" content=\"200\" \/>\n\t<meta property=\"og:image:type\" content=\"image\/jpeg\" \/>\n<meta name=\"twitter:card\" content=\"summary_large_image\" \/>\n<meta name=\"twitter:site\" content=\"@ewa_marine\" \/>\n<meta name=\"twitter:label1\" content=\"Gesch\u00e4tzte Lesezeit\" \/>\n\t<meta name=\"twitter:data1\" content=\"2\u00a0Minuten\" \/>\n<script type=\"application\/ld+json\" class=\"yoast-schema-graph\">{\"@context\":\"https:\\\/\\\/schema.org\",\"@graph\":[{\"@type\":\"WebPage\",\"@id\":\"https:\\\/\\\/ewa-marine.com\\\/de\\\/products\\\/foto\\\/kompaktkameras\\\/aeltere-gehaeuse\\\/d-cp1\\\/\",\"url\":\"https:\\\/\\\/ewa-marine.com\\\/de\\\/products\\\/foto\\\/kompaktkameras\\\/aeltere-gehaeuse\\\/d-cp1\\\/\",\"name\":\"ewa-marine D-CP1 universelles Unterwassergeh\u00e4use f\u00fcr Kompaktkameras\",\"isPartOf\":{\"@id\":\"https:\\\/\\\/ewa-marine.com\\\/de\\\/#website\"},\"primaryImageOfPage\":{\"@id\":\"https:\\\/\\\/ewa-marine.com\\\/de\\\/products\\\/foto\\\/kompaktkameras\\\/aeltere-gehaeuse\\\/d-cp1\\\/#primaryimage\"},\"image\":{\"@id\":\"https:\\\/\\\/ewa-marine.com\\\/de\\\/products\\\/foto\\\/kompaktkameras\\\/aeltere-gehaeuse\\\/d-cp1\\\/#primaryimage\"},\"thumbnailUrl\":\"https:\\\/\\\/ewa-marine.com\\\/wp-content\\\/uploads\\\/2015\\\/12\\\/D-CP1-200x200.jpg\",\"datePublished\":\"2017-01-29T10:22:17+00:00\",\"dateModified\":\"2017-02-02T21:04:37+00:00\",\"breadcrumb\":{\"@id\":\"https:\\\/\\\/ewa-marine.com\\\/de\\\/products\\\/foto\\\/kompaktkameras\\\/aeltere-gehaeuse\\\/d-cp1\\\/#breadcrumb\"},\"inLanguage\":\"de\",\"potentialAction\":[{\"@type\":\"ReadAction\",\"target\":[\"https:\\\/\\\/ewa-marine.com\\\/de\\\/products\\\/foto\\\/kompaktkameras\\\/aeltere-gehaeuse\\\/d-cp1\\\/\"]}]},{\"@type\":\"ImageObject\",\"inLanguage\":\"de\",\"@id\":\"https:\\\/\\\/ewa-marine.com\\\/de\\\/products\\\/foto\\\/kompaktkameras\\\/aeltere-gehaeuse\\\/d-cp1\\\/#primaryimage\",\"url\":\"https:\\\/\\\/ewa-marine.com\\\/wp-content\\\/uploads\\\/2015\\\/12\\\/D-CP1-200x200.jpg\",\"contentUrl\":\"https:\\\/\\\/ewa-marine.com\\\/wp-content\\\/uploads\\\/2015\\\/12\\\/D-CP1-200x200.jpg\",\"width\":200,\"height\":200},{\"@type\":\"BreadcrumbList\",\"@id\":\"https:\\\/\\\/ewa-marine.com\\\/de\\\/products\\\/foto\\\/kompaktkameras\\\/aeltere-gehaeuse\\\/d-cp1\\\/#breadcrumb\",\"itemListElement\":[{\"@type\":\"ListItem\",\"position\":1,\"name\":\"Startseite\",\"item\":\"https:\\\/\\\/www.ewa-marine.de\\\/\"},{\"@type\":\"ListItem\",\"position\":2,\"name\":\"Produkte\",\"item\":\"https:\\\/\\\/www.ewa-marine.de\\\/products\\\/\"},{\"@type\":\"ListItem\",\"position\":3,\"name\":\"Foto\",\"item\":\"https:\\\/\\\/www.ewa-marine.de\\\/products\\\/foto\\\/\"},{\"@type\":\"ListItem\",\"position\":4,\"name\":\"Kompaktkameras\",\"item\":\"https:\\\/\\\/ewa-marine.com\\\/de\\\/products\\\/foto\\\/kompaktkameras\\\/\"},{\"@type\":\"ListItem\",\"position\":5,\"name\":\"Archiv der ewa-marine Kompaktgeh\u00e4use\",\"item\":\"https:\\\/\\\/ewa-marine.com\\\/de\\\/products\\\/foto\\\/kompaktkameras\\\/aeltere-gehaeuse\\\/\"},{\"@type\":\"ListItem\",\"position\":6,\"name\":\"D-CP1\"}]},{\"@type\":\"WebSite\",\"@id\":\"https:\\\/\\\/ewa-marine.com\\\/de\\\/#website\",\"url\":\"https:\\\/\\\/ewa-marine.com\\\/de\\\/\",\"name\":\"ewa-marine\",\"description\":\"Capture the Extreme !\",\"potentialAction\":[{\"@type\":\"SearchAction\",\"target\":{\"@type\":\"EntryPoint\",\"urlTemplate\":\"https:\\\/\\\/ewa-marine.com\\\/de\\\/?s={search_term_string}\"},\"query-input\":{\"@type\":\"PropertyValueSpecification\",\"valueRequired\":true,\"valueName\":\"search_term_string\"}}],\"inLanguage\":\"de\"}]}<\/script>\n<!-- \/ Yoast SEO plugin. -->","yoast_head_json":{"title":"ewa-marine D-CP1 universelles Unterwassergeh\u00e4use f\u00fcr Kompaktkameras","robots":{"index":"index","follow":"follow","max-snippet":"max-snippet:-1","max-image-preview":"max-image-preview:large","max-video-preview":"max-video-preview:-1"},"canonical":"https:\/\/ewa-marine.com\/de\/products\/foto\/kompaktkameras\/aeltere-gehaeuse\/d-cp1\/","og_locale":"de_DE","og_type":"article","og_title":"ewa-marine D-CP1 universelles Unterwassergeh\u00e4use f\u00fcr Kompaktkameras","og_description":"ewa-marine D-CP1Universelles Unterwassergeh\u00e4use f\u00fcr digitale KompaktkamerasBestellcode: D-CP1Auslaufmodel \/ Bitte beachten: Dieses Geh\u00e4use wird nicht mehr produziert, aber wir haben noch begrenzten Vorrat im Werk. Bitte kontaktieren Sie Ihren lokalen H\u00e4ndler oder Distributeur ob dieser Sie noch beliefern kann.Das D-CP1 Geh\u00e4use wird aus einer Spezialfolie hergestellt und hat eine integrierte, optische Planglasscheibe als Frontport. Es ist f\u00fcr Tauchtiefen von bis zu 10m geeignet.Perfekt zum Schnorcheln, Tauchen bis 10m Tiefe, bei sandigen, staubigen, feuchten oder schlechten Wetterbedingungen. Dieses Geh\u00e4use gibt Ihrer Kamera &hellip; Weiterlesen","og_url":"https:\/\/ewa-marine.com\/de\/products\/foto\/kompaktkameras\/aeltere-gehaeuse\/d-cp1\/","og_site_name":"ewa-marine","article_publisher":"https:\/\/www.facebook.com\/ewa-marine","article_modified_time":"2017-02-02T21:04:37+00:00","og_image":[{"width":200,"height":200,"url":"https:\/\/ewa-marine.com\/wp-content\/uploads\/2015\/12\/D-CP1-200x200.jpg","type":"image\/jpeg"}],"twitter_card":"summary_large_image","twitter_site":"@ewa_marine","twitter_misc":{"Gesch\u00e4tzte Lesezeit":"2\u00a0Minuten"},"schema":{"@context":"https:\/\/schema.org","@graph":[{"@type":"WebPage","@id":"https:\/\/ewa-marine.com\/de\/products\/foto\/kompaktkameras\/aeltere-gehaeuse\/d-cp1\/","url":"https:\/\/ewa-marine.com\/de\/products\/foto\/kompaktkameras\/aeltere-gehaeuse\/d-cp1\/","name":"ewa-marine D-CP1 universelles Unterwassergeh\u00e4use f\u00fcr Kompaktkameras","isPartOf":{"@id":"https:\/\/ewa-marine.com\/de\/#website"},"primaryImageOfPage":{"@id":"https:\/\/ewa-marine.com\/de\/products\/foto\/kompaktkameras\/aeltere-gehaeuse\/d-cp1\/#primaryimage"},"image":{"@id":"https:\/\/ewa-marine.com\/de\/products\/foto\/kompaktkameras\/aeltere-gehaeuse\/d-cp1\/#primaryimage"},"thumbnailUrl":"https:\/\/ewa-marine.com\/wp-content\/uploads\/2015\/12\/D-CP1-200x200.jpg","datePublished":"2017-01-29T10:22:17+00:00","dateModified":"2017-02-02T21:04:37+00:00","breadcrumb":{"@id":"https:\/\/ewa-marine.com\/de\/products\/foto\/kompaktkameras\/aeltere-gehaeuse\/d-cp1\/#breadcrumb"},"inLanguage":"de","potentialAction":[{"@type":"ReadAction","target":["https:\/\/ewa-marine.com\/de\/products\/foto\/kompaktkameras\/aeltere-gehaeuse\/d-cp1\/"]}]},{"@type":"ImageObject","inLanguage":"de","@id":"https:\/\/ewa-marine.com\/de\/products\/foto\/kompaktkameras\/aeltere-gehaeuse\/d-cp1\/#primaryimage","url":"https:\/\/ewa-marine.com\/wp-content\/uploads\/2015\/12\/D-CP1-200x200.jpg","contentUrl":"https:\/\/ewa-marine.com\/wp-content\/uploads\/2015\/12\/D-CP1-200x200.jpg","width":200,"height":200},{"@type":"BreadcrumbList","@id":"https:\/\/ewa-marine.com\/de\/products\/foto\/kompaktkameras\/aeltere-gehaeuse\/d-cp1\/#breadcrumb","itemListElement":[{"@type":"ListItem","position":1,"name":"Startseite","item":"https:\/\/www.ewa-marine.de\/"},{"@type":"ListItem","position":2,"name":"Produkte","item":"https:\/\/www.ewa-marine.de\/products\/"},{"@type":"ListItem","position":3,"name":"Foto","item":"https:\/\/www.ewa-marine.de\/products\/foto\/"},{"@type":"ListItem","position":4,"name":"Kompaktkameras","item":"https:\/\/ewa-marine.com\/de\/products\/foto\/kompaktkameras\/"},{"@type":"ListItem","position":5,"name":"Archiv der ewa-marine Kompaktgeh\u00e4use","item":"https:\/\/ewa-marine.com\/de\/products\/foto\/kompaktkameras\/aeltere-gehaeuse\/"},{"@type":"ListItem","position":6,"name":"D-CP1"}]},{"@type":"WebSite","@id":"https:\/\/ewa-marine.com\/de\/#website","url":"https:\/\/ewa-marine.com\/de\/","name":"ewa-marine","description":"Capture the Extreme !","potentialAction":[{"@type":"SearchAction","target":{"@type":"EntryPoint","urlTemplate":"https:\/\/ewa-marine.com\/de\/?s={search_term_string}"},"query-input":{"@type":"PropertyValueSpecification","valueRequired":true,"valueName":"search_term_string"}}],"inLanguage":"de"}]}},"_links":{"self":[{"href":"https:\/\/ewa-marine.com\/de\/wp-json\/wp\/v2\/pages\/6914","targetHints":{"allow":["GET"]}}],"collection":[{"href":"https:\/\/ewa-marine.com\/de\/wp-json\/wp\/v2\/pages"}],"about":[{"href":"https:\/\/ewa-marine.com\/de\/wp-json\/wp\/v2\/types\/page"}],"author":[{"embeddable":true,"href":"https:\/\/ewa-marine.com\/de\/wp-json\/wp\/v2\/users\/1"}],"replies":[{"embeddable":true,"href":"https:\/\/ewa-marine.com\/de\/wp-json\/wp\/v2\/comments?post=6914"}],"version-history":[{"count":0,"href":"https:\/\/ewa-marine.com\/de\/wp-json\/wp\/v2\/pages\/6914\/revisions"}],"up":[{"embeddable":true,"href":"https:\/\/ewa-marine.com\/de\/wp-json\/wp\/v2\/pages\/5183"}],"wp:featuredmedia":[{"embeddable":true,"href":"https:\/\/ewa-marine.com\/de\/wp-json\/wp\/v2\/media\/2811"}],"wp:attachment":[{"href":"https:\/\/ewa-marine.com\/de\/wp-json\/wp\/v2\/media?parent=6914"}],"curies":[{"name":"wp","href":"https:\/\/api.w.org\/{rel}","templated":true}]}}