{"id":6920,"date":"2017-01-29T11:34:53","date_gmt":"2017-01-29T10:34:53","guid":{"rendered":"http:\/\/www.ewa-marine.de\/products\/foto\/kompaktkameras\/aeltere-gehaeuse\/d-cp2\/"},"modified":"2017-02-01T08:32:52","modified_gmt":"2017-02-01T07:32:52","slug":"d-cp2","status":"publish","type":"page","link":"https:\/\/ewa-marine.com\/de\/products\/foto\/kompaktkameras\/aeltere-gehaeuse\/d-cp2\/","title":{"rendered":"D-CP2"},"content":{"rendered":"<div id=\"pl-6920\"  class=\"panel-layout\" ><div id=\"pg-6920-0\"  class=\"panel-grid panel-no-style\" ><div id=\"pgc-6920-0-0\"  class=\"panel-grid-cell\" ><div id=\"panel-6920-0-0-0\" class=\"so-panel widget widget_kadence_simple_image kadence_simple_image panel-first-child\" data-index=\"0\" ><div class=\"kad_img_upload_widget  kt-shape-type- kt-image-align-center kt-image-widget-widget-0-0-0\"><a href=\"https:\/\/ewa-marine.com\/wp-content\/uploads\/2017\/01\/D-CP2-400x400.jpg\" rel=\"lightbox\"><div class=\"kt-image-contain  \"><div class=\"kt-image-inner-contain\"><img loading=\"lazy\" decoding=\"async\" width=\"400\" height=\"400\" src=\"https:\/\/ewa-marine.com\/wp-content\/uploads\/2017\/01\/D-CP2-400x400.jpg\" class=\"attachment-full size-full\" alt=\"ewa-marine D-CP2\" srcset=\"https:\/\/ewa-marine.com\/wp-content\/uploads\/2017\/01\/D-CP2-400x400.jpg 400w, https:\/\/ewa-marine.com\/wp-content\/uploads\/2017\/01\/D-CP2-400x400-150x150.jpg 150w, https:\/\/ewa-marine.com\/wp-content\/uploads\/2017\/01\/D-CP2-400x400-300x300.jpg 300w, https:\/\/ewa-marine.com\/wp-content\/uploads\/2017\/01\/D-CP2-400x400-60x60.jpg 60w\" sizes=\"auto, (max-width: 400px) 100vw, 400px\" \/><\/div><\/div><\/a><div class=\"kadence_image_widget_caption\">ewa-marine D-CP2 universelles Unterwassergeh\u00e4use f\u00fcr Kompaktkameras<\/div><\/div><\/div><div id=\"panel-6920-0-0-1\" class=\"so-panel widget widget_siteorigin-panels-builder panel-last-child\" data-index=\"1\" ><div id=\"pl-w588dcdc417875\"  class=\"panel-layout\" ><div id=\"pg-w588dcdc417875-0\"  class=\"panel-grid panel-no-style\" ><div id=\"pgc-w588dcdc417875-0-0\"  class=\"panel-grid-cell\" ><div id=\"panel-w588dcdc417875-0-0-0\" class=\"so-panel widget widget_kadence_simple_image kadence_simple_image panel-first-child panel-last-child\" data-index=\"0\" ><div class=\"kad_img_upload_widget  kt-shape-type- kt-image-align-center kt-image-widget-widget-0-0-0\"><a href=\"\/wp-content\/uploads\/2015\/07\/made-in-Germany-100x50.gif\" rel=\"lightbox\"><div class=\"kt-image-contain  \"><div class=\"kt-image-inner-contain\"><img decoding=\"async\" src=\"\/wp-content\/uploads\/2015\/07\/made-in-Germany-100x50.gif\"><\/div><\/div><\/a><\/div><\/div><\/div><div id=\"pgc-w588dcdc417875-0-1\"  class=\"panel-grid-cell\" ><div id=\"panel-w588dcdc417875-0-1-0\" class=\"so-panel widget widget_kadence_simple_image kadence_simple_image panel-first-child panel-last-child\" data-index=\"1\" ><div class=\"kad_img_upload_widget  kt-shape-type- kt-image-align-center kt-image-widget-widget-0-1-0\"><a href=\"\/wp-content\/uploads\/2015\/07\/e-ts-10m.png\" rel=\"lightbox\"><div class=\"kt-image-contain  \"><div class=\"kt-image-inner-contain\"><img loading=\"lazy\" decoding=\"async\" width=\"120\" height=\"120\" src=\"https:\/\/ewa-marine.com\/wp-content\/uploads\/2015\/07\/e-ts-10m.png\" class=\"attachment-full size-full\" alt=\"ewa-marine rated to a dive depth of up to 10m \/ 30ft\" srcset=\"https:\/\/ewa-marine.com\/wp-content\/uploads\/2015\/07\/e-ts-10m.png 120w, https:\/\/ewa-marine.com\/wp-content\/uploads\/2015\/07\/e-ts-10m-60x60.png 60w\" sizes=\"auto, (max-width: 120px) 100vw, 120px\" \/><\/div><\/div><\/a><\/div><\/div><\/div><div id=\"pgc-w588dcdc417875-0-2\"  class=\"panel-grid-cell\" ><div id=\"panel-w588dcdc417875-0-2-0\" class=\"so-panel widget widget_kadence_simple_image kadence_simple_image panel-first-child panel-last-child\" data-index=\"2\" ><div class=\"kad_img_upload_widget  kt-shape-type- kt-image-align-center kt-image-widget-widget-0-2-0\"><a href=\"\/wp-content\/uploads\/2015\/07\/opticalglass_100x45.png\" rel=\"lightbox\"><div class=\"kt-image-contain  \"><div class=\"kt-image-inner-contain\"><img decoding=\"async\" src=\"\/wp-content\/uploads\/2015\/07\/opticalglass_100x45.png\"><\/div><\/div><\/a><\/div><\/div><\/div><\/div><\/div><\/div><\/div><div id=\"pgc-6920-0-1\"  class=\"panel-grid-cell\" ><div id=\"panel-6920-0-1-0\" class=\"so-panel widget widget_black-studio-tinymce widget_black_studio_tinymce panel-first-child\" data-index=\"2\" ><div class=\"textwidget\"><h1 class=\"bodytext\">ewa-marine D-CP2<\/h1>\n<h2 class=\"bodytext\">Universelles Unterwassergeh\u00e4use f\u00fcr digitale Kompaktkameras<\/h2>\n<h6>Bestellcode: D-CP2<\/h6>\n<p class=\"bodytext\"><span style=\"color: #ff0000;\"><u><strong>Auslaufmodel \/ Bitte beachten:<\/strong><\/u> <\/span>Dieses Geh\u00e4use wird nicht mehr produziert, aber <u>wir haben noch begrenzten Vorrat<\/u> im Werk. Bitte kontaktieren Sie Ihren lokalen H\u00e4ndler oder Distributeur ob dieser Sie noch beliefern kann.<\/p>\n<p class=\"bodytext\">Das D-CP2 Geh\u00e4use wird aus einer Spezialfolie hergestellt und hat eine integrierte, optische Planglasscheibe als Frontport. Es ist f\u00fcr Tauchtiefen von bis zu 10m geeignet.<\/p>\n<p class=\"bodytext\"><span id=\"result_box\" class=\"\" lang=\"de\">Perfekt zum Schnorcheln, Tauchen bis 10m Tiefe, bei sandigen, staubigen, feuchten oder schlechten Wetterbedingungen. <span class=\"\">Dieses Geh\u00e4use gibt Ihrer Kamera den bestm\u00f6glichen Schutz, w\u00e4hrend sie voll funktionsf\u00e4hig ist.<\/span><\/span><\/p>\n<p class=\"bodytext\">Der Verschluss des Geh\u00e4uses besteht aus zwei Klemmschienen, die mit zwei Schrauben zusammengeschraubt werden und dadurch das Geh\u00e4use wasserdicht verschlie\u00dfen.<\/p>\n<p>\u00a0<\/p>\n<\/div><\/div><div id=\"panel-6920-0-1-1\" class=\"so-panel widget widget_black-studio-tinymce widget_black_studio_tinymce panel-last-child\" data-index=\"3\" ><div class=\"textwidget\">\n<div class=\"panel-group\" id=\"accordionname593\"><div class=\"panel panel-default\"><div class=\"panel-heading\"><a class=\"accordion-toggle collapsed\" data-toggle=\"collapse\" data-parent=\"#accordionname593\" href=\"#collapse5930\"><h5><i class=\"kt-icon-minus primary-color\"><\/i><i class=\"kt-icon-plus\"><\/i>Passt f\u00fcr folgende Kameras<\/h5><\/a><\/div><div id=\"collapse5930\" class=\"panel-collapse collapse \"><div class=\"panel-body postclass\">\n<p><strong>Canon<\/strong><br \/>PowerShot A410<br \/>PowerShot A420<br \/>PowerShot A430<br \/>PowerShot A460<br \/>PowerShot A470<br \/>PowerShot S80<\/p>\n<p><strong>HP \/ Hewlett-Packard<\/strong><br \/>PhotoSmart M407<br \/>PhotoSmart M415<br \/>PhotoSmart M417<br \/>PhotoSmart M517<\/p>\n<p><strong>Kodak<\/strong><br \/>EasyShare C875<\/p>\n<p><strong>Nikon<\/strong><br \/>Coolpix 3700<br \/>Coolpix 600<\/p>\n<p><strong>Olympus<\/strong> Camedia<br \/>C-70<\/p>\n<p><strong>Panasonic<\/strong> Lumix<br \/>DMC-LS3<br \/>DMC-TZ1<br \/>DMC-TZ18<br \/>DMC-TZ2<br \/>DMC-TZ3<br \/>DMC-TZ4<br \/>DMC-TZ5<br \/>DMC-TZ6<br \/>DMC-TZ7<br \/>DMC-TZ8<br \/>DMC-Z1<br \/>DMC-ZP8<br \/>DMC-ZS1<br \/>DMC-ZS3<br \/>DMC-ZX1<\/p>\n<p><strong>Pentax<\/strong><br \/>Optio E60<br \/>Optio X<\/p>\n<p><strong>Ricoh<\/strong><br \/>Caplio G4<br \/>Caplio GX<br \/>Caplio GX8<br \/>Caplio R1<br \/>Caplio R2<br \/>GRD III<br \/>CX1<br \/>CX2<br \/>CX3<br \/>CX4<br \/>CX5<br \/>CX6<br \/>GR Digital II<br \/>GR DIGITAL III<br \/>GX100<br \/>GX200<br \/>R10<br \/>R8<br \/>RR750<\/p>\n<p><strong>Samsung<\/strong><br \/>Digimax A4<br \/>Digimax A5<br \/>Digimax A50<br \/>Digimax A55<br \/>Digimax A6<br \/>Digimax A7<br \/>Digimax UCA 5<br \/>Digimax V 6<br \/>Digimax V 70<br \/>Digimax V 700<br \/>Digimax V 800<br \/>HZ10W<br \/>HZ15W<br \/>L 85<br \/>S1050<\/p>\n<p><strong>Sanyo<\/strong><br \/>VPC-AZ 3<br \/>VPC-E10<\/p>\n<p><strong>Sony<\/strong><br \/>DSC-P10<br \/>DSC-P12<br \/>DSC-P150<br \/>DSC-P200<br \/>DSC-P72<br \/>DSC-P73<br \/>DSC-P8<br \/>DSC-P92<br \/>DSC-P93<br \/>DSC-S750<br \/>DSC-S800<br \/>DSC-W180<br \/>DSC-W190<br \/>DSC-W270<br \/>DSC-W275<\/p>\n<p><strong>Traveler<\/strong><br \/>DC-XZ6<\/p>\n<\/div><\/div><\/div><\/div>\n\n<\/div><\/div><\/div><\/div><div id=\"pg-6920-1\"  class=\"panel-grid panel-has-style\" ><div class=\"panel-widget-style panel-row-style panel-row-style-for-6920-1\" ><div id=\"pgc-6920-1-0\"  class=\"panel-grid-cell\" ><div id=\"panel-6920-1-0-0\" class=\"so-panel widget widget_text panel-first-child\" data-index=\"4\" ><div class=\"panel-widget-style panel-widget-style-for-6920-1-0-0\" >\t\t\t<div class=\"textwidget\"><h4>   Produkte, die Sie ebenfalls interessieren k\u00f6nnten:<\/h4>\n<\/div>\n\t\t<\/div><\/div><div id=\"panel-6920-1-0-1\" class=\"so-panel widget widget_sow-features panel-last-child\" data-index=\"5\" ><div\n\t\t\t\n\t\t\tclass=\"so-widget-sow-features so-widget-sow-features-default-12addb518ef9-6920\"\n\t\t\t\n\t\t><ul\n\tclass=\"sow-features-list\n\tsow-features-responsive\">\n\n\t\t\t<li\n\t\t\tclass=\"sow-features-feature sow-icon-container-position-top\"\n\t\t\tstyle=\"display: flex; flex-direction: column; width: calc(16.667% - 25px);\"\n\t\t>\n\t\t\t\n\t\t\t\t\t\t<a\t\t\t\tclass=\"sow-icon-container sow-container-none\"\n\t\t\t\tstyle=\"color: #404040; \"\n\t\t\t\t\n\t\t\t\t\t\t\t\t\thref=\"https:\/\/ewa-marine.com\/products\/photo\/slr\/u-a\/\"\n\t\t\t\t\t\t\t\t>\n\t\t\t\t\t\t\t\t\t\t<div class=\"sow-icon-image\" style=\"background-image: url(https:\/\/ewa-marine.com\/wp-content\/uploads\/2017\/01\/ua-1-150x150.png); font-size: 150px\"><\/div>\n\t\t\t\t\t\t\t\t\t<\/a>\n\n\t\t\t<div class=\"textwidget\">\n\t\t\t\t\n\t\t\t\t\n\t\t\t\t\t\t\t<\/div>\n\t\t\t\t\t\t\t\t<\/li>\n\n\t\t\t<li\n\t\t\tclass=\"sow-features-feature sow-icon-container-position-top\"\n\t\t\tstyle=\"display: flex; flex-direction: column; width: calc(16.667% - 25px);\"\n\t\t>\n\t\t\t\n\t\t\t\t\t\t<a\t\t\t\tclass=\"sow-icon-container sow-container-none\"\n\t\t\t\tstyle=\"color: #404040; \"\n\t\t\t\t\n\t\t\t\t\t\t\t\t\thref=\"https:\/\/ewa-marine.com\/products\/photo\/slr\/d-b\/\"\n\t\t\t\t\t\t\t\t>\n\t\t\t\t\t\t\t\t\t\t<div class=\"sow-icon-image\" style=\"background-image: url(https:\/\/ewa-marine.com\/wp-content\/uploads\/2017\/01\/db-1-150x150.png); font-size: 150px\"><\/div>\n\t\t\t\t\t\t\t\t\t<\/a>\n\n\t\t\t<div class=\"textwidget\">\n\t\t\t\t\n\t\t\t\t\n\t\t\t\t\t\t\t<\/div>\n\t\t\t\t\t\t\t\t<\/li>\n\n\t\t\t<li\n\t\t\tclass=\"sow-features-feature sow-icon-container-position-top\"\n\t\t\tstyle=\"display: flex; flex-direction: column; width: calc(16.667% - 25px);\"\n\t\t>\n\t\t\t\n\t\t\t\t\t\t<a\t\t\t\tclass=\"sow-icon-container sow-container-none\"\n\t\t\t\tstyle=\"color: #404040; \"\n\t\t\t\t\n\t\t\t\t\t\t\t\t\thref=\"https:\/\/ewa-marine.com\/products\/ewa-sports\/dus\/\"\n\t\t\t\t\t\t\t\t>\n\t\t\t\t\t\t\t\t\t\t<div class=\"sow-icon-image\" style=\"background-image: url(https:\/\/ewa-marine.com\/wp-content\/uploads\/2017\/01\/dus-3-150x150.png); font-size: 150px\"><\/div>\n\t\t\t\t\t\t\t\t\t<\/a>\n\n\t\t\t<div class=\"textwidget\">\n\t\t\t\t\n\t\t\t\t\n\t\t\t\t\t\t\t<\/div>\n\t\t\t\t\t\t\t\t<\/li>\n\n\t\t\t<li\n\t\t\tclass=\"sow-features-feature sow-icon-container-position-top\"\n\t\t\tstyle=\"display: flex; flex-direction: column; width: calc(16.667% - 25px);\"\n\t\t>\n\t\t\t\n\t\t\t\t\t\t<a\t\t\t\tclass=\"sow-icon-container sow-container-none\"\n\t\t\t\tstyle=\"color: #404040; \"\n\t\t\t\t\n\t\t\t\t\t\t\t\t\thref=\"https:\/\/ewa-marine.com\/products\/ewa-sports\/iwp\/\"\n\t\t\t\t\t\t\t\t>\n\t\t\t\t\t\t\t\t\t\t<div class=\"sow-icon-image\" style=\"background-image: url(https:\/\/ewa-marine.com\/wp-content\/uploads\/2017\/01\/iwp-1-150x150.png); font-size: 150px\"><\/div>\n\t\t\t\t\t\t\t\t\t<\/a>\n\n\t\t\t<div class=\"textwidget\">\n\t\t\t\t\n\t\t\t\t\n\t\t\t\t\t\t\t<\/div>\n\t\t\t\t\t\t\t\t<\/li>\n\n\t\t\t<li\n\t\t\tclass=\"sow-features-feature sow-icon-container-position-top\"\n\t\t\tstyle=\"display: flex; flex-direction: column; width: calc(16.667% - 25px);\"\n\t\t>\n\t\t\t\n\t\t\t\t\t\t<a\t\t\t\tclass=\"sow-icon-container sow-container-none\"\n\t\t\t\tstyle=\"color: #404040; \"\n\t\t\t\t\n\t\t\t\t\t\t\t\t\thref=\"https:\/\/ewa-marine.com\/products\/accessories\/cd5-silica-gel\/\"\n\t\t\t\t\t\t\t\t>\n\t\t\t\t\t\t\t\t\t\t<div class=\"sow-icon-image\" style=\"background-image: url(https:\/\/ewa-marine.com\/wp-content\/uploads\/2017\/01\/cd5-3.png); font-size: 150px\"><\/div>\n\t\t\t\t\t\t\t\t\t<\/a>\n\n\t\t\t<div class=\"textwidget\">\n\t\t\t\t\n\t\t\t\t\n\t\t\t\t\t\t\t<\/div>\n\t\t\t\t\t\t\t\t<\/li>\n\n\t\t\t<li\n\t\t\tclass=\"sow-features-feature sow-icon-container-position-top\"\n\t\t\tstyle=\"display: flex; flex-direction: column; width: calc(16.667% - 25px);\"\n\t\t>\n\t\t\t\n\t\t\t\t\t\t<a\t\t\t\tclass=\"sow-icon-container sow-container-none\"\n\t\t\t\tstyle=\"color: #404040; \"\n\t\t\t\t\n\t\t\t\t\t\t\t\t\thref=\"https:\/\/ewa-marine.com\/products\/video\/vla\/\"\n\t\t\t\t\t\t\t\t>\n\t\t\t\t\t\t\t\t\t\t<div class=\"sow-icon-image\" style=\"background-image: url(https:\/\/ewa-marine.com\/wp-content\/uploads\/2017\/01\/vla-5-150x150.png); font-size: 150px\"><\/div>\n\t\t\t\t\t\t\t\t\t<\/a>\n\n\t\t\t<div class=\"textwidget\">\n\t\t\t\t\n\t\t\t\t\n\t\t\t\t\t\t\t<\/div>\n\t\t\t\t\t\t\t\t<\/li>\n\n\t<\/ul>\n<\/div><\/div><\/div><\/div><\/div><div id=\"pg-6920-2\"  class=\"panel-grid panel-no-style\" ><div id=\"pgc-6920-2-0\"  class=\"panel-grid-cell\" ><div id=\"panel-6920-2-0-0\" class=\"so-panel widget widget_black-studio-tinymce widget_black_studio_tinymce panel-first-child panel-last-child\" data-index=\"6\" ><div class=\"textwidget\"><hr \/>\n<h6>Alle Daten und Bilder von Unterwassergeh\u00e4usen und Regencapes entsprechen dem Stand unserer Produkte zum Zeitpunkt der letzten redaktionellen Bearbeitung dieser Seite. ewa-marine beh\u00e4lt sich jedoch vor, alle Produkte im Rahmen unseres kontinuierlichen Verbesserungprozesses zu \u00e4ndern und zu verbessern. Daher k\u00f6nnen die aktuell im Markt angebotenen Produkte in Einzelpunkten eventuell von den Abbildungen abweichen. Eine Garantie f\u00fcr Vollst\u00e4ndigkeit oder Richtigkeit kann nicht \u00fcbernommen werden, ebenso wenig wie eine Haftung f\u00fcr die Verwendung dieser Seiten oder deren Inhalt.<br \/>\nEinige Bilder auf dieser Website zeigen die ewa-marine Produkt einschlie\u00dflich Kamera oder anderer elektronischer Ger\u00e4te. Diese Kameras oder andere Elektronik sind nicht im Lieferumfang enthalten und dienen hier nur als Anwendungsbeispiel.<\/h6>\n<\/div><\/div><\/div><\/div><\/div>","protected":false},"excerpt":{"rendered":"<p>ewa-marine D-CP2Universelles Unterwassergeh\u00e4use f\u00fcr digitale KompaktkamerasBestellcode: D-CP2Auslaufmodel \/ Bitte beachten: Dieses Geh\u00e4use wird nicht mehr produziert, aber wir haben noch begrenzten Vorrat im Werk. Bitte kontaktieren Sie Ihren lokalen H\u00e4ndler oder Distributeur ob dieser Sie noch beliefern kann.Das D-CP2 Geh\u00e4use wird aus einer Spezialfolie hergestellt und hat eine integrierte, optische Planglasscheibe als Frontport. Es ist f\u00fcr Tauchtiefen von bis zu 10m geeignet.Perfekt zum Schnorcheln, Tauchen bis 10m Tiefe, bei sandigen, staubigen, feuchten oder schlechten Wetterbedingungen. Dieses Geh\u00e4use gibt Ihrer Kamera &hellip; <a href=\"https:\/\/ewa-marine.com\/de\/products\/foto\/kompaktkameras\/aeltere-gehaeuse\/d-cp2\/\">Weiterlesen<\/a><\/p>\n","protected":false},"author":1,"featured_media":2814,"parent":5183,"menu_order":13,"comment_status":"closed","ping_status":"closed","template":"","meta":{"kt_blocks_editor_width":"","footnotes":""},"class_list":["post-6920","page","type-page","status-publish","has-post-thumbnail","hentry"],"yoast_head":"<!-- This site is optimized with the Yoast SEO plugin v27.3 - https:\/\/yoast.com\/product\/yoast-seo-wordpress\/ -->\n<title>ewa-marine D-CP2 universelles Unterwassergeh\u00e4use f\u00fcr Kompaktkameras<\/title>\n<meta name=\"robots\" content=\"index, follow, max-snippet:-1, max-image-preview:large, max-video-preview:-1\" \/>\n<link rel=\"canonical\" href=\"https:\/\/ewa-marine.com\/de\/products\/foto\/kompaktkameras\/aeltere-gehaeuse\/d-cp2\/\" \/>\n<meta property=\"og:locale\" content=\"de_DE\" \/>\n<meta property=\"og:type\" content=\"article\" \/>\n<meta property=\"og:title\" content=\"ewa-marine D-CP2 universelles Unterwassergeh\u00e4use f\u00fcr Kompaktkameras\" \/>\n<meta property=\"og:description\" content=\"ewa-marine D-CP2Universelles Unterwassergeh\u00e4use f\u00fcr digitale KompaktkamerasBestellcode: D-CP2Auslaufmodel \/ Bitte beachten: Dieses Geh\u00e4use wird nicht mehr produziert, aber wir haben noch begrenzten Vorrat im Werk. Bitte kontaktieren Sie Ihren lokalen H\u00e4ndler oder Distributeur ob dieser Sie noch beliefern kann.Das D-CP2 Geh\u00e4use wird aus einer Spezialfolie hergestellt und hat eine integrierte, optische Planglasscheibe als Frontport. Es ist f\u00fcr Tauchtiefen von bis zu 10m geeignet.Perfekt zum Schnorcheln, Tauchen bis 10m Tiefe, bei sandigen, staubigen, feuchten oder schlechten Wetterbedingungen. Dieses Geh\u00e4use gibt Ihrer Kamera &hellip; Weiterlesen\" \/>\n<meta property=\"og:url\" content=\"https:\/\/ewa-marine.com\/de\/products\/foto\/kompaktkameras\/aeltere-gehaeuse\/d-cp2\/\" \/>\n<meta property=\"og:site_name\" content=\"ewa-marine\" \/>\n<meta property=\"article:publisher\" content=\"https:\/\/www.facebook.com\/ewa-marine\" \/>\n<meta property=\"article:modified_time\" content=\"2017-02-01T07:32:52+00:00\" \/>\n<meta property=\"og:image\" content=\"https:\/\/ewa-marine.com\/wp-content\/uploads\/2015\/12\/D-CP2-200x200.jpg\" \/>\n\t<meta property=\"og:image:width\" content=\"200\" \/>\n\t<meta property=\"og:image:height\" content=\"200\" \/>\n\t<meta property=\"og:image:type\" content=\"image\/jpeg\" \/>\n<meta name=\"twitter:card\" content=\"summary_large_image\" \/>\n<meta name=\"twitter:site\" content=\"@ewa_marine\" \/>\n<meta name=\"twitter:label1\" content=\"Gesch\u00e4tzte Lesezeit\" \/>\n\t<meta name=\"twitter:data1\" content=\"2\u00a0Minuten\" \/>\n<script type=\"application\/ld+json\" class=\"yoast-schema-graph\">{\"@context\":\"https:\\\/\\\/schema.org\",\"@graph\":[{\"@type\":\"WebPage\",\"@id\":\"https:\\\/\\\/ewa-marine.com\\\/de\\\/products\\\/foto\\\/kompaktkameras\\\/aeltere-gehaeuse\\\/d-cp2\\\/\",\"url\":\"https:\\\/\\\/ewa-marine.com\\\/de\\\/products\\\/foto\\\/kompaktkameras\\\/aeltere-gehaeuse\\\/d-cp2\\\/\",\"name\":\"ewa-marine D-CP2 universelles Unterwassergeh\u00e4use f\u00fcr Kompaktkameras\",\"isPartOf\":{\"@id\":\"https:\\\/\\\/ewa-marine.com\\\/de\\\/#website\"},\"primaryImageOfPage\":{\"@id\":\"https:\\\/\\\/ewa-marine.com\\\/de\\\/products\\\/foto\\\/kompaktkameras\\\/aeltere-gehaeuse\\\/d-cp2\\\/#primaryimage\"},\"image\":{\"@id\":\"https:\\\/\\\/ewa-marine.com\\\/de\\\/products\\\/foto\\\/kompaktkameras\\\/aeltere-gehaeuse\\\/d-cp2\\\/#primaryimage\"},\"thumbnailUrl\":\"https:\\\/\\\/ewa-marine.com\\\/wp-content\\\/uploads\\\/2015\\\/12\\\/D-CP2-200x200.jpg\",\"datePublished\":\"2017-01-29T10:34:53+00:00\",\"dateModified\":\"2017-02-01T07:32:52+00:00\",\"breadcrumb\":{\"@id\":\"https:\\\/\\\/ewa-marine.com\\\/de\\\/products\\\/foto\\\/kompaktkameras\\\/aeltere-gehaeuse\\\/d-cp2\\\/#breadcrumb\"},\"inLanguage\":\"de\",\"potentialAction\":[{\"@type\":\"ReadAction\",\"target\":[\"https:\\\/\\\/ewa-marine.com\\\/de\\\/products\\\/foto\\\/kompaktkameras\\\/aeltere-gehaeuse\\\/d-cp2\\\/\"]}]},{\"@type\":\"ImageObject\",\"inLanguage\":\"de\",\"@id\":\"https:\\\/\\\/ewa-marine.com\\\/de\\\/products\\\/foto\\\/kompaktkameras\\\/aeltere-gehaeuse\\\/d-cp2\\\/#primaryimage\",\"url\":\"https:\\\/\\\/ewa-marine.com\\\/wp-content\\\/uploads\\\/2015\\\/12\\\/D-CP2-200x200.jpg\",\"contentUrl\":\"https:\\\/\\\/ewa-marine.com\\\/wp-content\\\/uploads\\\/2015\\\/12\\\/D-CP2-200x200.jpg\",\"width\":200,\"height\":200},{\"@type\":\"BreadcrumbList\",\"@id\":\"https:\\\/\\\/ewa-marine.com\\\/de\\\/products\\\/foto\\\/kompaktkameras\\\/aeltere-gehaeuse\\\/d-cp2\\\/#breadcrumb\",\"itemListElement\":[{\"@type\":\"ListItem\",\"position\":1,\"name\":\"Startseite\",\"item\":\"https:\\\/\\\/www.ewa-marine.de\\\/\"},{\"@type\":\"ListItem\",\"position\":2,\"name\":\"Produkte\",\"item\":\"https:\\\/\\\/www.ewa-marine.de\\\/products\\\/\"},{\"@type\":\"ListItem\",\"position\":3,\"name\":\"Foto\",\"item\":\"https:\\\/\\\/www.ewa-marine.de\\\/products\\\/foto\\\/\"},{\"@type\":\"ListItem\",\"position\":4,\"name\":\"Kompaktkameras\",\"item\":\"https:\\\/\\\/ewa-marine.com\\\/de\\\/products\\\/foto\\\/kompaktkameras\\\/\"},{\"@type\":\"ListItem\",\"position\":5,\"name\":\"Archiv der ewa-marine Kompaktgeh\u00e4use\",\"item\":\"https:\\\/\\\/ewa-marine.com\\\/de\\\/products\\\/foto\\\/kompaktkameras\\\/aeltere-gehaeuse\\\/\"},{\"@type\":\"ListItem\",\"position\":6,\"name\":\"D-CP2\"}]},{\"@type\":\"WebSite\",\"@id\":\"https:\\\/\\\/ewa-marine.com\\\/de\\\/#website\",\"url\":\"https:\\\/\\\/ewa-marine.com\\\/de\\\/\",\"name\":\"ewa-marine\",\"description\":\"Capture the Extreme !\",\"potentialAction\":[{\"@type\":\"SearchAction\",\"target\":{\"@type\":\"EntryPoint\",\"urlTemplate\":\"https:\\\/\\\/ewa-marine.com\\\/de\\\/?s={search_term_string}\"},\"query-input\":{\"@type\":\"PropertyValueSpecification\",\"valueRequired\":true,\"valueName\":\"search_term_string\"}}],\"inLanguage\":\"de\"}]}<\/script>\n<!-- \/ Yoast SEO plugin. -->","yoast_head_json":{"title":"ewa-marine D-CP2 universelles Unterwassergeh\u00e4use f\u00fcr Kompaktkameras","robots":{"index":"index","follow":"follow","max-snippet":"max-snippet:-1","max-image-preview":"max-image-preview:large","max-video-preview":"max-video-preview:-1"},"canonical":"https:\/\/ewa-marine.com\/de\/products\/foto\/kompaktkameras\/aeltere-gehaeuse\/d-cp2\/","og_locale":"de_DE","og_type":"article","og_title":"ewa-marine D-CP2 universelles Unterwassergeh\u00e4use f\u00fcr Kompaktkameras","og_description":"ewa-marine D-CP2Universelles Unterwassergeh\u00e4use f\u00fcr digitale KompaktkamerasBestellcode: D-CP2Auslaufmodel \/ Bitte beachten: Dieses Geh\u00e4use wird nicht mehr produziert, aber wir haben noch begrenzten Vorrat im Werk. Bitte kontaktieren Sie Ihren lokalen H\u00e4ndler oder Distributeur ob dieser Sie noch beliefern kann.Das D-CP2 Geh\u00e4use wird aus einer Spezialfolie hergestellt und hat eine integrierte, optische Planglasscheibe als Frontport. Es ist f\u00fcr Tauchtiefen von bis zu 10m geeignet.Perfekt zum Schnorcheln, Tauchen bis 10m Tiefe, bei sandigen, staubigen, feuchten oder schlechten Wetterbedingungen. Dieses Geh\u00e4use gibt Ihrer Kamera &hellip; Weiterlesen","og_url":"https:\/\/ewa-marine.com\/de\/products\/foto\/kompaktkameras\/aeltere-gehaeuse\/d-cp2\/","og_site_name":"ewa-marine","article_publisher":"https:\/\/www.facebook.com\/ewa-marine","article_modified_time":"2017-02-01T07:32:52+00:00","og_image":[{"width":200,"height":200,"url":"https:\/\/ewa-marine.com\/wp-content\/uploads\/2015\/12\/D-CP2-200x200.jpg","type":"image\/jpeg"}],"twitter_card":"summary_large_image","twitter_site":"@ewa_marine","twitter_misc":{"Gesch\u00e4tzte Lesezeit":"2\u00a0Minuten"},"schema":{"@context":"https:\/\/schema.org","@graph":[{"@type":"WebPage","@id":"https:\/\/ewa-marine.com\/de\/products\/foto\/kompaktkameras\/aeltere-gehaeuse\/d-cp2\/","url":"https:\/\/ewa-marine.com\/de\/products\/foto\/kompaktkameras\/aeltere-gehaeuse\/d-cp2\/","name":"ewa-marine D-CP2 universelles Unterwassergeh\u00e4use f\u00fcr Kompaktkameras","isPartOf":{"@id":"https:\/\/ewa-marine.com\/de\/#website"},"primaryImageOfPage":{"@id":"https:\/\/ewa-marine.com\/de\/products\/foto\/kompaktkameras\/aeltere-gehaeuse\/d-cp2\/#primaryimage"},"image":{"@id":"https:\/\/ewa-marine.com\/de\/products\/foto\/kompaktkameras\/aeltere-gehaeuse\/d-cp2\/#primaryimage"},"thumbnailUrl":"https:\/\/ewa-marine.com\/wp-content\/uploads\/2015\/12\/D-CP2-200x200.jpg","datePublished":"2017-01-29T10:34:53+00:00","dateModified":"2017-02-01T07:32:52+00:00","breadcrumb":{"@id":"https:\/\/ewa-marine.com\/de\/products\/foto\/kompaktkameras\/aeltere-gehaeuse\/d-cp2\/#breadcrumb"},"inLanguage":"de","potentialAction":[{"@type":"ReadAction","target":["https:\/\/ewa-marine.com\/de\/products\/foto\/kompaktkameras\/aeltere-gehaeuse\/d-cp2\/"]}]},{"@type":"ImageObject","inLanguage":"de","@id":"https:\/\/ewa-marine.com\/de\/products\/foto\/kompaktkameras\/aeltere-gehaeuse\/d-cp2\/#primaryimage","url":"https:\/\/ewa-marine.com\/wp-content\/uploads\/2015\/12\/D-CP2-200x200.jpg","contentUrl":"https:\/\/ewa-marine.com\/wp-content\/uploads\/2015\/12\/D-CP2-200x200.jpg","width":200,"height":200},{"@type":"BreadcrumbList","@id":"https:\/\/ewa-marine.com\/de\/products\/foto\/kompaktkameras\/aeltere-gehaeuse\/d-cp2\/#breadcrumb","itemListElement":[{"@type":"ListItem","position":1,"name":"Startseite","item":"https:\/\/www.ewa-marine.de\/"},{"@type":"ListItem","position":2,"name":"Produkte","item":"https:\/\/www.ewa-marine.de\/products\/"},{"@type":"ListItem","position":3,"name":"Foto","item":"https:\/\/www.ewa-marine.de\/products\/foto\/"},{"@type":"ListItem","position":4,"name":"Kompaktkameras","item":"https:\/\/ewa-marine.com\/de\/products\/foto\/kompaktkameras\/"},{"@type":"ListItem","position":5,"name":"Archiv der ewa-marine Kompaktgeh\u00e4use","item":"https:\/\/ewa-marine.com\/de\/products\/foto\/kompaktkameras\/aeltere-gehaeuse\/"},{"@type":"ListItem","position":6,"name":"D-CP2"}]},{"@type":"WebSite","@id":"https:\/\/ewa-marine.com\/de\/#website","url":"https:\/\/ewa-marine.com\/de\/","name":"ewa-marine","description":"Capture the Extreme !","potentialAction":[{"@type":"SearchAction","target":{"@type":"EntryPoint","urlTemplate":"https:\/\/ewa-marine.com\/de\/?s={search_term_string}"},"query-input":{"@type":"PropertyValueSpecification","valueRequired":true,"valueName":"search_term_string"}}],"inLanguage":"de"}]}},"_links":{"self":[{"href":"https:\/\/ewa-marine.com\/de\/wp-json\/wp\/v2\/pages\/6920","targetHints":{"allow":["GET"]}}],"collection":[{"href":"https:\/\/ewa-marine.com\/de\/wp-json\/wp\/v2\/pages"}],"about":[{"href":"https:\/\/ewa-marine.com\/de\/wp-json\/wp\/v2\/types\/page"}],"author":[{"embeddable":true,"href":"https:\/\/ewa-marine.com\/de\/wp-json\/wp\/v2\/users\/1"}],"replies":[{"embeddable":true,"href":"https:\/\/ewa-marine.com\/de\/wp-json\/wp\/v2\/comments?post=6920"}],"version-history":[{"count":0,"href":"https:\/\/ewa-marine.com\/de\/wp-json\/wp\/v2\/pages\/6920\/revisions"}],"up":[{"embeddable":true,"href":"https:\/\/ewa-marine.com\/de\/wp-json\/wp\/v2\/pages\/5183"}],"wp:featuredmedia":[{"embeddable":true,"href":"https:\/\/ewa-marine.com\/de\/wp-json\/wp\/v2\/media\/2814"}],"wp:attachment":[{"href":"https:\/\/ewa-marine.com\/de\/wp-json\/wp\/v2\/media?parent=6920"}],"curies":[{"name":"wp","href":"https:\/\/api.w.org\/{rel}","templated":true}]}}