{"id":70,"date":"2015-07-03T12:52:57","date_gmt":"2015-07-03T11:52:57","guid":{"rendered":"http:\/\/www.dicapac.de\/de\/?page_id=70"},"modified":"2024-01-16T15:03:58","modified_gmt":"2024-01-16T14:03:58","slug":"impressum","status":"publish","type":"page","link":"https:\/\/ewa-marine.com\/de\/ueber-uns\/impressum\/","title":{"rendered":"Impressum"},"content":{"rendered":"<h1>Impressum<\/h1>\n<p>Leider m\u00fcssen wir Sie informieren, dass wir 2022 den Entschluss f\u00e4llen mussten, die ewa-marine GmbH, nach \u00fcber 75-j\u00e4hrigen Bestehen, zum 31. Dezember 2023 zu schlie\u00dfen. Eine entsprechende Anzeige erfolgte fristgerecht im deutschen Bundesanzeiger. Die Firma die sie erreichen wollen besteht leider nicht mehr. Es besteht kein Rechtsnachfolger.<\/p>\n<p>Wir wissen jedoch, dass ewa-marine Produkte sehr langlebig sind. Daher wurden einige Ersatzteile, Maschinen und Werkzeuge zur Reparatur von ewa-marine Produkte sowie Restbest\u00e4nde Ende 2023 an die Firma marlnSolar ver\u00e4ussert. Dort hilft man in bei Fragen oder f\u00fcr Service gerne weiter. Sie erreichen marinSolar unter <a href=\"http:\/\/www.marinsolar.de\">www.marinsolar.de<\/a> oder unter 08171418520.<\/p>\n<p>Wir bedanken uns bei unseren Kunden und Benutzernen f\u00fcr die langj\u00e4hrige Unterst\u00fctzung und w\u00fcnschen Ihnen weiterhin alles Gute mit unseren Produkten und viele sch\u00f6ne Fotos und Videos.<\/p>\n<p>Nachbemerkung: Bis auf weiteres, bzw bis der bezahlte Vertrag f\u00fcr die Domain und das Hoasting abgelaufen sind, finden auch diese alte ewa-marine Homepage mit Informationen noch im Internet. Dieses wurde Ende 2023 so eingerichtet, damit treue Kunden und ewa-marine Nutzer mit Informationsbedarf zu den Produkten nicht im Internet ins Leere sto\u00dfen. Wir weisen noch darauf hin, dass die Betreiber und die neuen, rechtlichen Inhaber der TLD Domain Privatpersonen sind und in keiner Weise mit der ehemaligen ewa-marine GmbH rechtlich verbunden sind. Verantwortung f\u00fcr den Inhalt der Hompage und der Produkte die hier beschreiben werden lehnen wir ab.<\/p>\n<p>.<\/p>\n","protected":false},"excerpt":{"rendered":"<p>Impressum Leider m\u00fcssen wir Sie informieren, dass wir 2022 den Entschluss f\u00e4llen mussten, die ewa-marine GmbH, nach \u00fcber 75-j\u00e4hrigen Bestehen, zum 31. Dezember 2023 zu schlie\u00dfen. Eine entsprechende Anzeige erfolgte fristgerecht im deutschen Bundesanzeiger. Die Firma die sie erreichen wollen besteht leider nicht mehr. Es besteht kein Rechtsnachfolger. Wir wissen jedoch, dass ewa-marine Produkte sehr langlebig sind. Daher wurden einige Ersatzteile, Maschinen und Werkzeuge zur Reparatur von ewa-marine Produkte sowie Restbest\u00e4nde Ende 2023 an die Firma marlnSolar ver\u00e4ussert. Dort hilft &hellip; <a href=\"https:\/\/ewa-marine.com\/de\/ueber-uns\/impressum\/\">Weiterlesen<\/a><\/p>\n","protected":false},"author":1,"featured_media":1310,"parent":129,"menu_order":2,"comment_status":"closed","ping_status":"closed","template":"","meta":{"kt_blocks_editor_width":"","footnotes":""},"class_list":["post-70","page","type-page","status-publish","has-post-thumbnail","hentry"],"yoast_head":"<!-- This site is optimized with the Yoast SEO plugin v27.3 - https:\/\/yoast.com\/product\/yoast-seo-wordpress\/ -->\n<title>Impressum der ewa-marine GmbH<\/title>\n<meta name=\"robots\" content=\"noindex, follow\" \/>\n<meta property=\"og:locale\" content=\"de_DE\" \/>\n<meta property=\"og:type\" content=\"article\" \/>\n<meta property=\"og:title\" content=\"Impressum der ewa-marine GmbH\" \/>\n<meta property=\"og:description\" content=\"Impressum Leider m\u00fcssen wir Sie informieren, dass wir 2022 den Entschluss f\u00e4llen mussten, die ewa-marine GmbH, nach \u00fcber 75-j\u00e4hrigen Bestehen, zum 31. Dezember 2023 zu schlie\u00dfen. Eine entsprechende Anzeige erfolgte fristgerecht im deutschen Bundesanzeiger. Die Firma die sie erreichen wollen besteht leider nicht mehr. Es besteht kein Rechtsnachfolger. Wir wissen jedoch, dass ewa-marine Produkte sehr langlebig sind. Daher wurden einige Ersatzteile, Maschinen und Werkzeuge zur Reparatur von ewa-marine Produkte sowie Restbest\u00e4nde Ende 2023 an die Firma marlnSolar ver\u00e4ussert. Dort hilft &hellip; Weiterlesen\" \/>\n<meta property=\"og:url\" content=\"https:\/\/ewa-marine.com\/de\/ueber-uns\/impressum\/\" \/>\n<meta property=\"og:site_name\" content=\"ewa-marine\" \/>\n<meta property=\"article:publisher\" content=\"https:\/\/www.facebook.com\/ewa-marine\" \/>\n<meta property=\"article:modified_time\" content=\"2024-01-16T14:03:58+00:00\" \/>\n<meta property=\"og:image\" content=\"https:\/\/ewa-marine.com\/wp-content\/uploads\/2015\/07\/read-more-U-AX.jpg\" \/>\n\t<meta property=\"og:image:width\" content=\"200\" \/>\n\t<meta property=\"og:image:height\" content=\"200\" \/>\n\t<meta property=\"og:image:type\" content=\"image\/jpeg\" \/>\n<meta name=\"twitter:card\" content=\"summary_large_image\" \/>\n<meta name=\"twitter:site\" content=\"@ewa_marine\" \/>\n<meta name=\"twitter:label1\" content=\"Gesch\u00e4tzte Lesezeit\" \/>\n\t<meta name=\"twitter:data1\" content=\"2\u00a0Minuten\" \/>\n<script type=\"application\/ld+json\" class=\"yoast-schema-graph\">{\"@context\":\"https:\\\/\\\/schema.org\",\"@graph\":[{\"@type\":\"WebPage\",\"@id\":\"https:\\\/\\\/ewa-marine.com\\\/de\\\/ueber-uns\\\/impressum\\\/\",\"url\":\"https:\\\/\\\/ewa-marine.com\\\/de\\\/ueber-uns\\\/impressum\\\/\",\"name\":\"Impressum der ewa-marine GmbH\",\"isPartOf\":{\"@id\":\"https:\\\/\\\/ewa-marine.com\\\/de\\\/#website\"},\"primaryImageOfPage\":{\"@id\":\"https:\\\/\\\/ewa-marine.com\\\/de\\\/ueber-uns\\\/impressum\\\/#primaryimage\"},\"image\":{\"@id\":\"https:\\\/\\\/ewa-marine.com\\\/de\\\/ueber-uns\\\/impressum\\\/#primaryimage\"},\"thumbnailUrl\":\"https:\\\/\\\/ewa-marine.com\\\/wp-content\\\/uploads\\\/2015\\\/07\\\/read-more-U-AX.jpg\",\"datePublished\":\"2015-07-03T11:52:57+00:00\",\"dateModified\":\"2024-01-16T14:03:58+00:00\",\"breadcrumb\":{\"@id\":\"https:\\\/\\\/ewa-marine.com\\\/de\\\/ueber-uns\\\/impressum\\\/#breadcrumb\"},\"inLanguage\":\"de\",\"potentialAction\":[{\"@type\":\"ReadAction\",\"target\":[\"https:\\\/\\\/ewa-marine.com\\\/de\\\/ueber-uns\\\/impressum\\\/\"]}]},{\"@type\":\"ImageObject\",\"inLanguage\":\"de\",\"@id\":\"https:\\\/\\\/ewa-marine.com\\\/de\\\/ueber-uns\\\/impressum\\\/#primaryimage\",\"url\":\"https:\\\/\\\/ewa-marine.com\\\/wp-content\\\/uploads\\\/2015\\\/07\\\/read-more-U-AX.jpg\",\"contentUrl\":\"https:\\\/\\\/ewa-marine.com\\\/wp-content\\\/uploads\\\/2015\\\/07\\\/read-more-U-AX.jpg\",\"width\":200,\"height\":200,\"caption\":\"ewa-marine SLR underwater housings\"},{\"@type\":\"BreadcrumbList\",\"@id\":\"https:\\\/\\\/ewa-marine.com\\\/de\\\/ueber-uns\\\/impressum\\\/#breadcrumb\",\"itemListElement\":[{\"@type\":\"ListItem\",\"position\":1,\"name\":\"Startseite\",\"item\":\"https:\\\/\\\/www.ewa-marine.de\\\/\"},{\"@type\":\"ListItem\",\"position\":2,\"name\":\"\u00dcber Uns\",\"item\":\"https:\\\/\\\/www.ewa-marine.de\\\/ueber-uns\\\/\"},{\"@type\":\"ListItem\",\"position\":3,\"name\":\"Impressum\"}]},{\"@type\":\"WebSite\",\"@id\":\"https:\\\/\\\/ewa-marine.com\\\/de\\\/#website\",\"url\":\"https:\\\/\\\/ewa-marine.com\\\/de\\\/\",\"name\":\"ewa-marine\",\"description\":\"Capture the Extreme !\",\"potentialAction\":[{\"@type\":\"SearchAction\",\"target\":{\"@type\":\"EntryPoint\",\"urlTemplate\":\"https:\\\/\\\/ewa-marine.com\\\/de\\\/?s={search_term_string}\"},\"query-input\":{\"@type\":\"PropertyValueSpecification\",\"valueRequired\":true,\"valueName\":\"search_term_string\"}}],\"inLanguage\":\"de\"}]}<\/script>\n<!-- \/ Yoast SEO plugin. -->","yoast_head_json":{"title":"Impressum der ewa-marine GmbH","robots":{"index":"noindex","follow":"follow"},"og_locale":"de_DE","og_type":"article","og_title":"Impressum der ewa-marine GmbH","og_description":"Impressum Leider m\u00fcssen wir Sie informieren, dass wir 2022 den Entschluss f\u00e4llen mussten, die ewa-marine GmbH, nach \u00fcber 75-j\u00e4hrigen Bestehen, zum 31. Dezember 2023 zu schlie\u00dfen. Eine entsprechende Anzeige erfolgte fristgerecht im deutschen Bundesanzeiger. Die Firma die sie erreichen wollen besteht leider nicht mehr. Es besteht kein Rechtsnachfolger. Wir wissen jedoch, dass ewa-marine Produkte sehr langlebig sind. Daher wurden einige Ersatzteile, Maschinen und Werkzeuge zur Reparatur von ewa-marine Produkte sowie Restbest\u00e4nde Ende 2023 an die Firma marlnSolar ver\u00e4ussert. Dort hilft &hellip; Weiterlesen","og_url":"https:\/\/ewa-marine.com\/de\/ueber-uns\/impressum\/","og_site_name":"ewa-marine","article_publisher":"https:\/\/www.facebook.com\/ewa-marine","article_modified_time":"2024-01-16T14:03:58+00:00","og_image":[{"width":200,"height":200,"url":"https:\/\/ewa-marine.com\/wp-content\/uploads\/2015\/07\/read-more-U-AX.jpg","type":"image\/jpeg"}],"twitter_card":"summary_large_image","twitter_site":"@ewa_marine","twitter_misc":{"Gesch\u00e4tzte Lesezeit":"2\u00a0Minuten"},"schema":{"@context":"https:\/\/schema.org","@graph":[{"@type":"WebPage","@id":"https:\/\/ewa-marine.com\/de\/ueber-uns\/impressum\/","url":"https:\/\/ewa-marine.com\/de\/ueber-uns\/impressum\/","name":"Impressum der ewa-marine GmbH","isPartOf":{"@id":"https:\/\/ewa-marine.com\/de\/#website"},"primaryImageOfPage":{"@id":"https:\/\/ewa-marine.com\/de\/ueber-uns\/impressum\/#primaryimage"},"image":{"@id":"https:\/\/ewa-marine.com\/de\/ueber-uns\/impressum\/#primaryimage"},"thumbnailUrl":"https:\/\/ewa-marine.com\/wp-content\/uploads\/2015\/07\/read-more-U-AX.jpg","datePublished":"2015-07-03T11:52:57+00:00","dateModified":"2024-01-16T14:03:58+00:00","breadcrumb":{"@id":"https:\/\/ewa-marine.com\/de\/ueber-uns\/impressum\/#breadcrumb"},"inLanguage":"de","potentialAction":[{"@type":"ReadAction","target":["https:\/\/ewa-marine.com\/de\/ueber-uns\/impressum\/"]}]},{"@type":"ImageObject","inLanguage":"de","@id":"https:\/\/ewa-marine.com\/de\/ueber-uns\/impressum\/#primaryimage","url":"https:\/\/ewa-marine.com\/wp-content\/uploads\/2015\/07\/read-more-U-AX.jpg","contentUrl":"https:\/\/ewa-marine.com\/wp-content\/uploads\/2015\/07\/read-more-U-AX.jpg","width":200,"height":200,"caption":"ewa-marine SLR underwater housings"},{"@type":"BreadcrumbList","@id":"https:\/\/ewa-marine.com\/de\/ueber-uns\/impressum\/#breadcrumb","itemListElement":[{"@type":"ListItem","position":1,"name":"Startseite","item":"https:\/\/www.ewa-marine.de\/"},{"@type":"ListItem","position":2,"name":"\u00dcber Uns","item":"https:\/\/www.ewa-marine.de\/ueber-uns\/"},{"@type":"ListItem","position":3,"name":"Impressum"}]},{"@type":"WebSite","@id":"https:\/\/ewa-marine.com\/de\/#website","url":"https:\/\/ewa-marine.com\/de\/","name":"ewa-marine","description":"Capture the Extreme !","potentialAction":[{"@type":"SearchAction","target":{"@type":"EntryPoint","urlTemplate":"https:\/\/ewa-marine.com\/de\/?s={search_term_string}"},"query-input":{"@type":"PropertyValueSpecification","valueRequired":true,"valueName":"search_term_string"}}],"inLanguage":"de"}]}},"_links":{"self":[{"href":"https:\/\/ewa-marine.com\/de\/wp-json\/wp\/v2\/pages\/70","targetHints":{"allow":["GET"]}}],"collection":[{"href":"https:\/\/ewa-marine.com\/de\/wp-json\/wp\/v2\/pages"}],"about":[{"href":"https:\/\/ewa-marine.com\/de\/wp-json\/wp\/v2\/types\/page"}],"author":[{"embeddable":true,"href":"https:\/\/ewa-marine.com\/de\/wp-json\/wp\/v2\/users\/1"}],"replies":[{"embeddable":true,"href":"https:\/\/ewa-marine.com\/de\/wp-json\/wp\/v2\/comments?post=70"}],"version-history":[{"count":3,"href":"https:\/\/ewa-marine.com\/de\/wp-json\/wp\/v2\/pages\/70\/revisions"}],"predecessor-version":[{"id":33965,"href":"https:\/\/ewa-marine.com\/de\/wp-json\/wp\/v2\/pages\/70\/revisions\/33965"}],"up":[{"embeddable":true,"href":"https:\/\/ewa-marine.com\/de\/wp-json\/wp\/v2\/pages\/129"}],"wp:featuredmedia":[{"embeddable":true,"href":"https:\/\/ewa-marine.com\/de\/wp-json\/wp\/v2\/media\/1310"}],"wp:attachment":[{"href":"https:\/\/ewa-marine.com\/de\/wp-json\/wp\/v2\/media?parent=70"}],"curies":[{"name":"wp","href":"https:\/\/api.w.org\/{rel}","templated":true}]}}