{"id":7004,"date":"2017-01-29T14:32:38","date_gmt":"2017-01-29T13:32:38","guid":{"rendered":"http:\/\/www.ewa-marine.de\/products\/foto\/kompaktkameras\/aeltere-gehaeuse\/d-nc2\/"},"modified":"2017-02-22T11:31:23","modified_gmt":"2017-02-22T10:31:23","slug":"d-nc2","status":"publish","type":"page","link":"https:\/\/ewa-marine.com\/de\/products\/foto\/kompaktkameras\/aeltere-gehaeuse\/d-nc2\/","title":{"rendered":"D-NC2"},"content":{"rendered":"<div id=\"pl-7004\"  class=\"panel-layout\" ><div id=\"pg-7004-0\"  class=\"panel-grid panel-no-style\" ><div id=\"pgc-7004-0-0\"  class=\"panel-grid-cell\" ><div id=\"panel-7004-0-0-0\" class=\"so-panel widget widget_kadence_simple_image kadence_simple_image panel-first-child\" data-index=\"0\" ><div class=\"kad_img_upload_widget  kt-shape-type- kt-image-align-center kt-image-widget-widget-0-0-0\"><a href=\"https:\/\/ewa-marine.com\/wp-content\/uploads\/2017\/01\/D-NC2-400x400.jpg\" rel=\"lightbox\"><div class=\"kt-image-contain  \"><div class=\"kt-image-inner-contain\"><img loading=\"lazy\" decoding=\"async\" width=\"400\" height=\"400\" src=\"https:\/\/ewa-marine.com\/wp-content\/uploads\/2017\/01\/D-NC2-400x400.jpg\" class=\"attachment-full size-full\" alt=\"ewa-marine D-NC2 for Nikon Coolpix 995 cameras\" srcset=\"https:\/\/ewa-marine.com\/wp-content\/uploads\/2017\/01\/D-NC2-400x400.jpg 400w, https:\/\/ewa-marine.com\/wp-content\/uploads\/2017\/01\/D-NC2-400x400-150x150.jpg 150w, https:\/\/ewa-marine.com\/wp-content\/uploads\/2017\/01\/D-NC2-400x400-300x300.jpg 300w, https:\/\/ewa-marine.com\/wp-content\/uploads\/2017\/01\/D-NC2-400x400-60x60.jpg 60w, https:\/\/ewa-marine.com\/wp-content\/uploads\/2017\/01\/D-NC2-400x400-370x370.jpg 370w\" sizes=\"auto, (max-width: 400px) 100vw, 400px\" \/><\/div><\/div><\/a><div class=\"kadence_image_widget_caption\">ewa-marine D-NC2 Unterwassergeh\u00e4use f\u00fcr Nikon Coolpix 995 Kameras<\/div><\/div><\/div><div id=\"panel-7004-0-0-1\" class=\"so-panel widget widget_siteorigin-panels-builder panel-last-child\" data-index=\"1\" ><div id=\"pl-w588dd58c7595f\"  class=\"panel-layout\" ><div id=\"pg-w588dd58c7595f-0\"  class=\"panel-grid panel-no-style\" ><div id=\"pgc-w588dd58c7595f-0-0\"  class=\"panel-grid-cell\" ><div id=\"panel-w588dd58c7595f-0-0-0\" class=\"so-panel widget widget_kadence_simple_image kadence_simple_image panel-first-child panel-last-child\" data-index=\"0\" ><div class=\"kad_img_upload_widget  kt-shape-type- kt-image-align-center kt-image-widget-widget-0-0-0\"><a href=\"https:\/\/ewa-marine.com\/wp-content\/uploads\/2015\/07\/made-in-Germany-100x50.gif\" rel=\"lightbox\"><div class=\"kt-image-contain  \"><div class=\"kt-image-inner-contain\"><img decoding=\"async\" src=\"https:\/\/ewa-marine.com\/wp-content\/uploads\/2015\/07\/made-in-Germany-100x50.gif\"><\/div><\/div><\/a><\/div><\/div><\/div><div id=\"pgc-w588dd58c7595f-0-1\"  class=\"panel-grid-cell\" ><div id=\"panel-w588dd58c7595f-0-1-0\" class=\"so-panel widget widget_kadence_simple_image kadence_simple_image panel-first-child panel-last-child\" data-index=\"1\" ><div class=\"kad_img_upload_widget  kt-shape-type- kt-image-align-center kt-image-widget-widget-0-1-0\"><a href=\"https:\/\/ewa-marine.com\/wp-content\/uploads\/2015\/07\/e-ts-10m.png\" rel=\"lightbox\"><div class=\"kt-image-contain  \"><div class=\"kt-image-inner-contain\"><img loading=\"lazy\" decoding=\"async\" width=\"120\" height=\"120\" src=\"https:\/\/ewa-marine.com\/wp-content\/uploads\/2015\/07\/e-ts-10m.png\" class=\"attachment-full size-full\" alt=\"ewa-marine rated to a dive depth of up to 10m \/ 30ft\" srcset=\"https:\/\/ewa-marine.com\/wp-content\/uploads\/2015\/07\/e-ts-10m.png 120w, https:\/\/ewa-marine.com\/wp-content\/uploads\/2015\/07\/e-ts-10m-60x60.png 60w\" sizes=\"auto, (max-width: 120px) 100vw, 120px\" \/><\/div><\/div><\/a><\/div><\/div><\/div><div id=\"pgc-w588dd58c7595f-0-2\"  class=\"panel-grid-cell\" ><div id=\"panel-w588dd58c7595f-0-2-0\" class=\"so-panel widget widget_kadence_simple_image kadence_simple_image panel-first-child panel-last-child\" data-index=\"2\" ><div class=\"kad_img_upload_widget  kt-shape-type- kt-image-align-center kt-image-widget-widget-0-2-0\"><a href=\"https:\/\/ewa-marine.com\/wp-content\/uploads\/2015\/07\/opticalglass_100x45.png\" rel=\"lightbox\"><div class=\"kt-image-contain  \"><div class=\"kt-image-inner-contain\"><img decoding=\"async\" src=\"https:\/\/ewa-marine.com\/wp-content\/uploads\/2015\/07\/opticalglass_100x45.png\"><\/div><\/div><\/a><\/div><\/div><\/div><\/div><\/div><\/div><\/div><div id=\"pgc-7004-0-1\"  class=\"panel-grid-cell\" ><div id=\"panel-7004-0-1-0\" class=\"so-panel widget widget_black-studio-tinymce widget_black_studio_tinymce panel-first-child\" data-index=\"2\" ><div class=\"textwidget\"><h1 class=\"bodytext\">ewa-marine D-NC2<\/h1>\n<h2 class=\"bodytext\">Unterwassergeh\u00e4use f\u00fcr die Nikon Coolpix 995 Kameras<\/h2>\n<h6>Bestellcode: D-NC2<\/h6>\n<p class=\"bodytext\"><span style=\"color: #ff0000;\"><strong><u>Auslaufmodell\/ Bitte beachten Sie:<\/u><\/strong> Dieses Geh\u00e4use wird nicht mehr produziert und wir haben auch keinen Lagerbestand mehr im Werk. Bitte kontaktieren Sie Ihren lokalen H\u00e4ndler oder Distributeur ob dieser Sie noch beliefern kann.<\/span><\/p>\n<p class=\"bodytext\">Dieses Unterwassergeh\u00e4use wurde speziell f\u00fcr die Nikon Coolpix 995 entwickelt.<\/p>\n<p class=\"bodytext\">Das D-NC2 Geh\u00e4use wird aus einer Spezialfolie hergestellt und hat eine integrierte, optische Planglasscheibe als Frontport. Es ist f\u00fcr Tauchtiefen von bis zu 10m geeignet.<\/p>\n<p class=\"bodytext\"><span id=\"result_box\" class=\"\" lang=\"de\">Perfekt zum Schnorcheln, Tauchen bis 10m Tiefe, bei sandigen, staubigen, feuchten oder schlechten Wetterbedingungen. <span class=\"\">Dieses Geh\u00e4use gibt Ihrer Kamera den bestm\u00f6glichen Schutz, w\u00e4hrend sie voll funktionsf\u00e4hig ist.<\/span><\/span><\/p>\n<p class=\"bodytext\">Der Verschluss des Geh\u00e4uses besteht aus zwei Klemmschienen, die mit zwei Schrauben zusammengeschraubt werden und dadurch das Geh\u00e4use wasserdicht verschlie\u00dfen.<\/p>\n<p>\u00a0<\/p>\n<\/div><\/div><div id=\"panel-7004-0-1-1\" class=\"so-panel widget widget_black-studio-tinymce widget_black_studio_tinymce panel-last-child\" data-index=\"3\" ><div class=\"textwidget\">\n<div class=\"panel-group\" id=\"accordionname202\"><div class=\"panel panel-default\"><div class=\"panel-heading\"><a class=\"accordion-toggle collapsed\" data-toggle=\"collapse\" data-parent=\"#accordionname202\" href=\"#collapse2020\"><h5><i class=\"kt-icon-minus primary-color\"><\/i><i class=\"kt-icon-plus\"><\/i>Passt f\u00fcr folgende Kameras<\/h5><\/a><\/div><div id=\"collapse2020\" class=\"panel-collapse collapse \"><div class=\"panel-body postclass\">\n<p><strong>Nikon<br \/><\/strong>Coolpix 995<\/p>\n<\/div><\/div><\/div><\/div>\n\n<\/div><\/div><\/div><\/div><div id=\"pg-7004-1\"  class=\"panel-grid panel-has-style\" ><div class=\"panel-widget-style panel-row-style panel-row-style-for-7004-1\" ><div id=\"pgc-7004-1-0\"  class=\"panel-grid-cell\" ><div id=\"panel-7004-1-0-0\" class=\"so-panel widget widget_text panel-first-child\" data-index=\"4\" ><div class=\"panel-widget-style panel-widget-style-for-7004-1-0-0\" >\t\t\t<div class=\"textwidget\"><h4>   Produkte, die Sie ebenfalls interessieren k\u00f6nnten:<\/h4>\n<\/div>\n\t\t<\/div><\/div><div id=\"panel-7004-1-0-1\" class=\"so-panel widget widget_sow-features panel-last-child\" data-index=\"5\" ><div\n\t\t\t\n\t\t\tclass=\"so-widget-sow-features so-widget-sow-features-default-12addb518ef9-7004\"\n\t\t\t\n\t\t><ul\n\tclass=\"sow-features-list\n\tsow-features-responsive\">\n\n\t\t\t<li\n\t\t\tclass=\"sow-features-feature sow-icon-container-position-top\"\n\t\t\tstyle=\"display: flex; flex-direction: column; width: calc(16.667% - 25px);\"\n\t\t>\n\t\t\t\n\t\t\t\t\t\t<a\t\t\t\tclass=\"sow-icon-container sow-container-none\"\n\t\t\t\tstyle=\"color: #404040; \"\n\t\t\t\t\n\t\t\t\t\t\t\t\t\thref=\"http:\/\/www.ewa-marine.de\/products\/foto\/slr\/u-a\/\"\n\t\t\t\t\t\t\t\t>\n\t\t\t\t\t\t\t\t\t\t<div class=\"sow-icon-image\" style=\"background-image: url(https:\/\/ewa-marine.com\/wp-content\/uploads\/2017\/01\/de-ua-150x150.png); font-size: 150px\"><\/div>\n\t\t\t\t\t\t\t\t\t<\/a>\n\n\t\t\t<div class=\"textwidget\">\n\t\t\t\t\n\t\t\t\t\n\t\t\t\t\t\t\t<\/div>\n\t\t\t\t\t\t\t\t<\/li>\n\n\t\t\t<li\n\t\t\tclass=\"sow-features-feature sow-icon-container-position-top\"\n\t\t\tstyle=\"display: flex; flex-direction: column; width: calc(16.667% - 25px);\"\n\t\t>\n\t\t\t\n\t\t\t\t\t\t<a\t\t\t\tclass=\"sow-icon-container sow-container-none\"\n\t\t\t\tstyle=\"color: #404040; \"\n\t\t\t\t\n\t\t\t\t\t\t\t\t\thref=\"http:\/\/www.ewa-marine.de\/products\/ewa-sports\/dus\/\"\n\t\t\t\t\t\t\t\t>\n\t\t\t\t\t\t\t\t\t\t<div class=\"sow-icon-image\" style=\"background-image: url(https:\/\/ewa-marine.com\/wp-content\/uploads\/2017\/01\/de-dus-150x150.png); font-size: 150px\"><\/div>\n\t\t\t\t\t\t\t\t\t<\/a>\n\n\t\t\t<div class=\"textwidget\">\n\t\t\t\t\n\t\t\t\t\n\t\t\t\t\t\t\t<\/div>\n\t\t\t\t\t\t\t\t<\/li>\n\n\t\t\t<li\n\t\t\tclass=\"sow-features-feature sow-icon-container-position-top\"\n\t\t\tstyle=\"display: flex; flex-direction: column; width: calc(16.667% - 25px);\"\n\t\t>\n\t\t\t\n\t\t\t\t\t\t<a\t\t\t\tclass=\"sow-icon-container sow-container-none\"\n\t\t\t\tstyle=\"color: #404040; \"\n\t\t\t\t\n\t\t\t\t\t\t\t\t\thref=\"http:\/\/www.ewa-marine.de\/products\/ewa-sports\/iwp\/\"\n\t\t\t\t\t\t\t\t>\n\t\t\t\t\t\t\t\t\t\t<div class=\"sow-icon-image\" style=\"background-image: url(https:\/\/ewa-marine.com\/wp-content\/uploads\/2017\/01\/de-iwp-150x150.png); font-size: 150px\"><\/div>\n\t\t\t\t\t\t\t\t\t<\/a>\n\n\t\t\t<div class=\"textwidget\">\n\t\t\t\t\n\t\t\t\t\n\t\t\t\t\t\t\t<\/div>\n\t\t\t\t\t\t\t\t<\/li>\n\n\t\t\t<li\n\t\t\tclass=\"sow-features-feature sow-icon-container-position-top\"\n\t\t\tstyle=\"display: flex; flex-direction: column; width: calc(16.667% - 25px);\"\n\t\t>\n\t\t\t\n\t\t\t\t\t\t<a\t\t\t\tclass=\"sow-icon-container sow-container-none\"\n\t\t\t\tstyle=\"color: #404040; \"\n\t\t\t\t\n\t\t\t\t\t\t\t\t\thref=\"http:\/\/www.ewa-marine.de\/products\/zubehoer\/cd5\/\"\n\t\t\t\t\t\t\t\t>\n\t\t\t\t\t\t\t\t\t\t<div class=\"sow-icon-image\" style=\"background-image: url(https:\/\/ewa-marine.com\/wp-content\/uploads\/2017\/01\/de-cd5.png); font-size: 150px\"><\/div>\n\t\t\t\t\t\t\t\t\t<\/a>\n\n\t\t\t<div class=\"textwidget\">\n\t\t\t\t\n\t\t\t\t\n\t\t\t\t\t\t\t<\/div>\n\t\t\t\t\t\t\t\t<\/li>\n\n\t\t\t<li\n\t\t\tclass=\"sow-features-feature sow-icon-container-position-top\"\n\t\t\tstyle=\"display: flex; flex-direction: column; width: calc(16.667% - 25px);\"\n\t\t>\n\t\t\t\n\t\t\t\t\t\t<a\t\t\t\tclass=\"sow-icon-container sow-container-none\"\n\t\t\t\tstyle=\"color: #404040; \"\n\t\t\t\t\n\t\t\t\t\t\t\t\t\thref=\"http:\/\/www.ewa-marine.de\/products\/foto\/slr\/d-b\/\"\n\t\t\t\t\t\t\t\t>\n\t\t\t\t\t\t\t\t\t\t<div class=\"sow-icon-image\" style=\"background-image: url(https:\/\/ewa-marine.com\/wp-content\/uploads\/2017\/01\/de-db-150x150.png); font-size: 150px\"><\/div>\n\t\t\t\t\t\t\t\t\t<\/a>\n\n\t\t\t<div class=\"textwidget\">\n\t\t\t\t\n\t\t\t\t\n\t\t\t\t\t\t\t<\/div>\n\t\t\t\t\t\t\t\t<\/li>\n\n\t\t\t<li\n\t\t\tclass=\"sow-features-feature sow-icon-container-position-top\"\n\t\t\tstyle=\"display: flex; flex-direction: column; width: calc(16.667% - 25px);\"\n\t\t>\n\t\t\t\n\t\t\t\t\t\t<a\t\t\t\tclass=\"sow-icon-container sow-container-none\"\n\t\t\t\tstyle=\"color: #404040; \"\n\t\t\t\t\n\t\t\t\t\t\t\t\t\thref=\"http:\/\/www.ewa-marine.de\/products\/video\/vla\/\"\n\t\t\t\t\t\t\t\t>\n\t\t\t\t\t\t\t\t\t\t<div class=\"sow-icon-image\" style=\"background-image: url(https:\/\/ewa-marine.com\/wp-content\/uploads\/2017\/01\/de-vla-150x150.png); font-size: 150px\"><\/div>\n\t\t\t\t\t\t\t\t\t<\/a>\n\n\t\t\t<div class=\"textwidget\">\n\t\t\t\t\n\t\t\t\t\n\t\t\t\t\t\t\t<\/div>\n\t\t\t\t\t\t\t\t<\/li>\n\n\t<\/ul>\n<\/div><\/div><\/div><\/div><\/div><div id=\"pg-7004-2\"  class=\"panel-grid panel-no-style\" ><div id=\"pgc-7004-2-0\"  class=\"panel-grid-cell\" ><div id=\"panel-7004-2-0-0\" class=\"so-panel widget widget_black-studio-tinymce widget_black_studio_tinymce panel-first-child panel-last-child\" data-index=\"6\" ><div class=\"textwidget\"><hr \/>\n<h6>Alle Daten und Bilder von Unterwassergeh\u00e4usen und Regencapes entsprechen dem Stand unserer Produkte zum Zeitpunkt der letzten redaktionellen Bearbeitung dieser Seite. ewa-marine beh\u00e4lt sich jedoch vor, alle Produkte im Rahmen unseres kontinuierlichen Verbesserungprozesses zu \u00e4ndern und zu verbessern. Daher k\u00f6nnen die aktuell im Markt angebotenen Produkte in Einzelpunkten eventuell von den Abbildungen abweichen. Eine Garantie f\u00fcr Vollst\u00e4ndigkeit oder Richtigkeit kann nicht \u00fcbernommen werden, ebenso wenig wie eine Haftung f\u00fcr die Verwendung dieser Seiten oder deren Inhalt.<br \/>\nEinige Bilder auf dieser Website zeigen die ewa-marine Produkt einschlie\u00dflich Kamera oder anderer elektronischer Ger\u00e4te. Diese Kameras oder andere Elektronik sind nicht im Lieferumfang enthalten und dienen hier nur als Anwendungsbeispiel.<\/h6>\n<\/div><\/div><\/div><\/div><\/div>","protected":false},"excerpt":{"rendered":"<p>ewa-marine D-NC2Unterwassergeh\u00e4use f\u00fcr die Nikon Coolpix 995 KamerasBestellcode: D-NC2Auslaufmodell\/ Bitte beachten Sie: Dieses Geh\u00e4use wird nicht mehr produziert und wir haben auch keinen Lagerbestand mehr im Werk. Bitte kontaktieren Sie Ihren lokalen H\u00e4ndler oder Distributeur ob dieser Sie noch beliefern kann.Dieses Unterwassergeh\u00e4use wurde speziell f\u00fcr die Nikon Coolpix 995 entwickelt.Das D-NC2 Geh\u00e4use wird aus einer Spezialfolie hergestellt und hat eine integrierte, optische Planglasscheibe als Frontport. Es ist f\u00fcr Tauchtiefen von bis zu 10m geeignet.Perfekt zum Schnorcheln, Tauchen bis 10m Tiefe, &hellip; <a href=\"https:\/\/ewa-marine.com\/de\/products\/foto\/kompaktkameras\/aeltere-gehaeuse\/d-nc2\/\">Weiterlesen<\/a><\/p>\n","protected":false},"author":1,"featured_media":6389,"parent":5183,"menu_order":23,"comment_status":"closed","ping_status":"closed","template":"","meta":{"kt_blocks_editor_width":"","footnotes":""},"class_list":["post-7004","page","type-page","status-publish","has-post-thumbnail","hentry"],"yoast_head":"<!-- This site is optimized with the Yoast SEO plugin v27.3 - https:\/\/yoast.com\/product\/yoast-seo-wordpress\/ -->\n<title>ewa-marine D-NC2 Unterwassergeh\u00e4use f\u00fcr Nikon Coolpix 995 Kameras<\/title>\n<meta name=\"robots\" content=\"index, follow, max-snippet:-1, max-image-preview:large, max-video-preview:-1\" \/>\n<link rel=\"canonical\" href=\"https:\/\/ewa-marine.com\/de\/products\/foto\/kompaktkameras\/aeltere-gehaeuse\/d-nc2\/\" \/>\n<meta property=\"og:locale\" content=\"de_DE\" \/>\n<meta property=\"og:type\" content=\"article\" \/>\n<meta property=\"og:title\" content=\"ewa-marine D-NC2 Unterwassergeh\u00e4use f\u00fcr Nikon Coolpix 995 Kameras\" \/>\n<meta property=\"og:description\" content=\"ewa-marine D-NC2Unterwassergeh\u00e4use f\u00fcr die Nikon Coolpix 995 KamerasBestellcode: D-NC2Auslaufmodell\/ Bitte beachten Sie: Dieses Geh\u00e4use wird nicht mehr produziert und wir haben auch keinen Lagerbestand mehr im Werk. Bitte kontaktieren Sie Ihren lokalen H\u00e4ndler oder Distributeur ob dieser Sie noch beliefern kann.Dieses Unterwassergeh\u00e4use wurde speziell f\u00fcr die Nikon Coolpix 995 entwickelt.Das D-NC2 Geh\u00e4use wird aus einer Spezialfolie hergestellt und hat eine integrierte, optische Planglasscheibe als Frontport. Es ist f\u00fcr Tauchtiefen von bis zu 10m geeignet.Perfekt zum Schnorcheln, Tauchen bis 10m Tiefe, &hellip; Weiterlesen\" \/>\n<meta property=\"og:url\" content=\"https:\/\/ewa-marine.com\/de\/products\/foto\/kompaktkameras\/aeltere-gehaeuse\/d-nc2\/\" \/>\n<meta property=\"og:site_name\" content=\"ewa-marine\" \/>\n<meta property=\"article:publisher\" content=\"https:\/\/www.facebook.com\/ewa-marine\" \/>\n<meta property=\"article:modified_time\" content=\"2017-02-22T10:31:23+00:00\" \/>\n<meta property=\"og:image\" content=\"https:\/\/ewa-marine.com\/wp-content\/uploads\/2017\/01\/D-NC2-400x400.jpg\" \/>\n\t<meta property=\"og:image:width\" content=\"400\" \/>\n\t<meta property=\"og:image:height\" content=\"400\" \/>\n\t<meta property=\"og:image:type\" content=\"image\/jpeg\" \/>\n<meta name=\"twitter:card\" content=\"summary_large_image\" \/>\n<meta name=\"twitter:site\" content=\"@ewa_marine\" \/>\n<meta name=\"twitter:label1\" content=\"Gesch\u00e4tzte Lesezeit\" \/>\n\t<meta name=\"twitter:data1\" content=\"1\u00a0Minute\" \/>\n<script type=\"application\/ld+json\" class=\"yoast-schema-graph\">{\"@context\":\"https:\\\/\\\/schema.org\",\"@graph\":[{\"@type\":\"WebPage\",\"@id\":\"https:\\\/\\\/ewa-marine.com\\\/de\\\/products\\\/foto\\\/kompaktkameras\\\/aeltere-gehaeuse\\\/d-nc2\\\/\",\"url\":\"https:\\\/\\\/ewa-marine.com\\\/de\\\/products\\\/foto\\\/kompaktkameras\\\/aeltere-gehaeuse\\\/d-nc2\\\/\",\"name\":\"ewa-marine D-NC2 Unterwassergeh\u00e4use f\u00fcr Nikon Coolpix 995 Kameras\",\"isPartOf\":{\"@id\":\"https:\\\/\\\/ewa-marine.com\\\/de\\\/#website\"},\"primaryImageOfPage\":{\"@id\":\"https:\\\/\\\/ewa-marine.com\\\/de\\\/products\\\/foto\\\/kompaktkameras\\\/aeltere-gehaeuse\\\/d-nc2\\\/#primaryimage\"},\"image\":{\"@id\":\"https:\\\/\\\/ewa-marine.com\\\/de\\\/products\\\/foto\\\/kompaktkameras\\\/aeltere-gehaeuse\\\/d-nc2\\\/#primaryimage\"},\"thumbnailUrl\":\"https:\\\/\\\/ewa-marine.com\\\/wp-content\\\/uploads\\\/2017\\\/01\\\/D-NC2-400x400.jpg\",\"datePublished\":\"2017-01-29T13:32:38+00:00\",\"dateModified\":\"2017-02-22T10:31:23+00:00\",\"breadcrumb\":{\"@id\":\"https:\\\/\\\/ewa-marine.com\\\/de\\\/products\\\/foto\\\/kompaktkameras\\\/aeltere-gehaeuse\\\/d-nc2\\\/#breadcrumb\"},\"inLanguage\":\"de\",\"potentialAction\":[{\"@type\":\"ReadAction\",\"target\":[\"https:\\\/\\\/ewa-marine.com\\\/de\\\/products\\\/foto\\\/kompaktkameras\\\/aeltere-gehaeuse\\\/d-nc2\\\/\"]}]},{\"@type\":\"ImageObject\",\"inLanguage\":\"de\",\"@id\":\"https:\\\/\\\/ewa-marine.com\\\/de\\\/products\\\/foto\\\/kompaktkameras\\\/aeltere-gehaeuse\\\/d-nc2\\\/#primaryimage\",\"url\":\"https:\\\/\\\/ewa-marine.com\\\/wp-content\\\/uploads\\\/2017\\\/01\\\/D-NC2-400x400.jpg\",\"contentUrl\":\"https:\\\/\\\/ewa-marine.com\\\/wp-content\\\/uploads\\\/2017\\\/01\\\/D-NC2-400x400.jpg\",\"width\":400,\"height\":400},{\"@type\":\"BreadcrumbList\",\"@id\":\"https:\\\/\\\/ewa-marine.com\\\/de\\\/products\\\/foto\\\/kompaktkameras\\\/aeltere-gehaeuse\\\/d-nc2\\\/#breadcrumb\",\"itemListElement\":[{\"@type\":\"ListItem\",\"position\":1,\"name\":\"Startseite\",\"item\":\"https:\\\/\\\/www.ewa-marine.de\\\/\"},{\"@type\":\"ListItem\",\"position\":2,\"name\":\"Produkte\",\"item\":\"https:\\\/\\\/www.ewa-marine.de\\\/products\\\/\"},{\"@type\":\"ListItem\",\"position\":3,\"name\":\"Foto\",\"item\":\"https:\\\/\\\/www.ewa-marine.de\\\/products\\\/foto\\\/\"},{\"@type\":\"ListItem\",\"position\":4,\"name\":\"Kompaktkameras\",\"item\":\"https:\\\/\\\/ewa-marine.com\\\/de\\\/products\\\/foto\\\/kompaktkameras\\\/\"},{\"@type\":\"ListItem\",\"position\":5,\"name\":\"Archiv der ewa-marine Kompaktgeh\u00e4use\",\"item\":\"https:\\\/\\\/ewa-marine.com\\\/de\\\/products\\\/foto\\\/kompaktkameras\\\/aeltere-gehaeuse\\\/\"},{\"@type\":\"ListItem\",\"position\":6,\"name\":\"D-NC2\"}]},{\"@type\":\"WebSite\",\"@id\":\"https:\\\/\\\/ewa-marine.com\\\/de\\\/#website\",\"url\":\"https:\\\/\\\/ewa-marine.com\\\/de\\\/\",\"name\":\"ewa-marine\",\"description\":\"Capture the Extreme !\",\"potentialAction\":[{\"@type\":\"SearchAction\",\"target\":{\"@type\":\"EntryPoint\",\"urlTemplate\":\"https:\\\/\\\/ewa-marine.com\\\/de\\\/?s={search_term_string}\"},\"query-input\":{\"@type\":\"PropertyValueSpecification\",\"valueRequired\":true,\"valueName\":\"search_term_string\"}}],\"inLanguage\":\"de\"}]}<\/script>\n<!-- \/ Yoast SEO plugin. -->","yoast_head_json":{"title":"ewa-marine D-NC2 Unterwassergeh\u00e4use f\u00fcr Nikon Coolpix 995 Kameras","robots":{"index":"index","follow":"follow","max-snippet":"max-snippet:-1","max-image-preview":"max-image-preview:large","max-video-preview":"max-video-preview:-1"},"canonical":"https:\/\/ewa-marine.com\/de\/products\/foto\/kompaktkameras\/aeltere-gehaeuse\/d-nc2\/","og_locale":"de_DE","og_type":"article","og_title":"ewa-marine D-NC2 Unterwassergeh\u00e4use f\u00fcr Nikon Coolpix 995 Kameras","og_description":"ewa-marine D-NC2Unterwassergeh\u00e4use f\u00fcr die Nikon Coolpix 995 KamerasBestellcode: D-NC2Auslaufmodell\/ Bitte beachten Sie: Dieses Geh\u00e4use wird nicht mehr produziert und wir haben auch keinen Lagerbestand mehr im Werk. Bitte kontaktieren Sie Ihren lokalen H\u00e4ndler oder Distributeur ob dieser Sie noch beliefern kann.Dieses Unterwassergeh\u00e4use wurde speziell f\u00fcr die Nikon Coolpix 995 entwickelt.Das D-NC2 Geh\u00e4use wird aus einer Spezialfolie hergestellt und hat eine integrierte, optische Planglasscheibe als Frontport. Es ist f\u00fcr Tauchtiefen von bis zu 10m geeignet.Perfekt zum Schnorcheln, Tauchen bis 10m Tiefe, &hellip; Weiterlesen","og_url":"https:\/\/ewa-marine.com\/de\/products\/foto\/kompaktkameras\/aeltere-gehaeuse\/d-nc2\/","og_site_name":"ewa-marine","article_publisher":"https:\/\/www.facebook.com\/ewa-marine","article_modified_time":"2017-02-22T10:31:23+00:00","og_image":[{"width":400,"height":400,"url":"https:\/\/ewa-marine.com\/wp-content\/uploads\/2017\/01\/D-NC2-400x400.jpg","type":"image\/jpeg"}],"twitter_card":"summary_large_image","twitter_site":"@ewa_marine","twitter_misc":{"Gesch\u00e4tzte Lesezeit":"1\u00a0Minute"},"schema":{"@context":"https:\/\/schema.org","@graph":[{"@type":"WebPage","@id":"https:\/\/ewa-marine.com\/de\/products\/foto\/kompaktkameras\/aeltere-gehaeuse\/d-nc2\/","url":"https:\/\/ewa-marine.com\/de\/products\/foto\/kompaktkameras\/aeltere-gehaeuse\/d-nc2\/","name":"ewa-marine D-NC2 Unterwassergeh\u00e4use f\u00fcr Nikon Coolpix 995 Kameras","isPartOf":{"@id":"https:\/\/ewa-marine.com\/de\/#website"},"primaryImageOfPage":{"@id":"https:\/\/ewa-marine.com\/de\/products\/foto\/kompaktkameras\/aeltere-gehaeuse\/d-nc2\/#primaryimage"},"image":{"@id":"https:\/\/ewa-marine.com\/de\/products\/foto\/kompaktkameras\/aeltere-gehaeuse\/d-nc2\/#primaryimage"},"thumbnailUrl":"https:\/\/ewa-marine.com\/wp-content\/uploads\/2017\/01\/D-NC2-400x400.jpg","datePublished":"2017-01-29T13:32:38+00:00","dateModified":"2017-02-22T10:31:23+00:00","breadcrumb":{"@id":"https:\/\/ewa-marine.com\/de\/products\/foto\/kompaktkameras\/aeltere-gehaeuse\/d-nc2\/#breadcrumb"},"inLanguage":"de","potentialAction":[{"@type":"ReadAction","target":["https:\/\/ewa-marine.com\/de\/products\/foto\/kompaktkameras\/aeltere-gehaeuse\/d-nc2\/"]}]},{"@type":"ImageObject","inLanguage":"de","@id":"https:\/\/ewa-marine.com\/de\/products\/foto\/kompaktkameras\/aeltere-gehaeuse\/d-nc2\/#primaryimage","url":"https:\/\/ewa-marine.com\/wp-content\/uploads\/2017\/01\/D-NC2-400x400.jpg","contentUrl":"https:\/\/ewa-marine.com\/wp-content\/uploads\/2017\/01\/D-NC2-400x400.jpg","width":400,"height":400},{"@type":"BreadcrumbList","@id":"https:\/\/ewa-marine.com\/de\/products\/foto\/kompaktkameras\/aeltere-gehaeuse\/d-nc2\/#breadcrumb","itemListElement":[{"@type":"ListItem","position":1,"name":"Startseite","item":"https:\/\/www.ewa-marine.de\/"},{"@type":"ListItem","position":2,"name":"Produkte","item":"https:\/\/www.ewa-marine.de\/products\/"},{"@type":"ListItem","position":3,"name":"Foto","item":"https:\/\/www.ewa-marine.de\/products\/foto\/"},{"@type":"ListItem","position":4,"name":"Kompaktkameras","item":"https:\/\/ewa-marine.com\/de\/products\/foto\/kompaktkameras\/"},{"@type":"ListItem","position":5,"name":"Archiv der ewa-marine Kompaktgeh\u00e4use","item":"https:\/\/ewa-marine.com\/de\/products\/foto\/kompaktkameras\/aeltere-gehaeuse\/"},{"@type":"ListItem","position":6,"name":"D-NC2"}]},{"@type":"WebSite","@id":"https:\/\/ewa-marine.com\/de\/#website","url":"https:\/\/ewa-marine.com\/de\/","name":"ewa-marine","description":"Capture the Extreme !","potentialAction":[{"@type":"SearchAction","target":{"@type":"EntryPoint","urlTemplate":"https:\/\/ewa-marine.com\/de\/?s={search_term_string}"},"query-input":{"@type":"PropertyValueSpecification","valueRequired":true,"valueName":"search_term_string"}}],"inLanguage":"de"}]}},"_links":{"self":[{"href":"https:\/\/ewa-marine.com\/de\/wp-json\/wp\/v2\/pages\/7004","targetHints":{"allow":["GET"]}}],"collection":[{"href":"https:\/\/ewa-marine.com\/de\/wp-json\/wp\/v2\/pages"}],"about":[{"href":"https:\/\/ewa-marine.com\/de\/wp-json\/wp\/v2\/types\/page"}],"author":[{"embeddable":true,"href":"https:\/\/ewa-marine.com\/de\/wp-json\/wp\/v2\/users\/1"}],"replies":[{"embeddable":true,"href":"https:\/\/ewa-marine.com\/de\/wp-json\/wp\/v2\/comments?post=7004"}],"version-history":[{"count":0,"href":"https:\/\/ewa-marine.com\/de\/wp-json\/wp\/v2\/pages\/7004\/revisions"}],"up":[{"embeddable":true,"href":"https:\/\/ewa-marine.com\/de\/wp-json\/wp\/v2\/pages\/5183"}],"wp:featuredmedia":[{"embeddable":true,"href":"https:\/\/ewa-marine.com\/de\/wp-json\/wp\/v2\/media\/6389"}],"wp:attachment":[{"href":"https:\/\/ewa-marine.com\/de\/wp-json\/wp\/v2\/media?parent=7004"}],"curies":[{"name":"wp","href":"https:\/\/api.w.org\/{rel}","templated":true}]}}