{"id":7329,"date":"2017-01-17T10:20:18","date_gmt":"2017-01-17T09:20:18","guid":{"rendered":"http:\/\/www.ewa-marine.de\/products\/video\/archiv\/vbr\/"},"modified":"2017-02-08T10:19:23","modified_gmt":"2017-02-08T09:19:23","slug":"vbr","status":"publish","type":"page","link":"https:\/\/ewa-marine.com\/de\/products\/video\/archiv\/vbr\/","title":{"rendered":"VBR"},"content":{"rendered":"<div id=\"pl-7329\"  class=\"panel-layout\" ><div id=\"pg-7329-0\"  class=\"panel-grid panel-has-style\" ><div class=\"panel-widget-style panel-row-style panel-row-style-for-7329-0\" ><div id=\"pgc-7329-0-0\"  class=\"panel-grid-cell\" ><div id=\"panel-7329-0-0-0\" class=\"so-panel widget widget_kadence_simple_image kadence_simple_image panel-first-child\" data-index=\"0\" ><div class=\"panel-widget-style panel-widget-style-for-7329-0-0-0\" ><div class=\"kad_img_upload_widget  kt-shape-type- kt-image-align-center kt-image-widget-widget-0-0-0\"><a href=\"https:\/\/ewa-marine.com\/wp-content\/uploads\/2017\/01\/no-pic.png\" rel=\"lightbox\"><div class=\"kt-image-contain  \"><div class=\"kt-image-inner-contain\"><img loading=\"lazy\" decoding=\"async\" width=\"400\" height=\"200\" src=\"https:\/\/ewa-marine.com\/wp-content\/uploads\/2017\/01\/no-pic.png\" class=\"attachment-full size-full\" alt=\"\" srcset=\"https:\/\/ewa-marine.com\/wp-content\/uploads\/2017\/01\/no-pic.png 400w, https:\/\/ewa-marine.com\/wp-content\/uploads\/2017\/01\/no-pic-300x150.png 300w\" sizes=\"auto, (max-width: 400px) 100vw, 400px\" \/><\/div><\/div><\/a><div class=\"kadence_image_widget_caption\">ewa-marine VBR Unterwassergeh\u00e4use f\u00fcr Videocamcorder<\/div><\/div><\/div><\/div><div id=\"panel-7329-0-0-1\" class=\"so-panel widget widget_siteorigin-panels-builder panel-last-child\" data-index=\"1\" ><div id=\"pl-w588e16babc324\"  class=\"panel-layout\" ><div id=\"pg-w588e16babc324-0\"  class=\"panel-grid panel-no-style\" ><div id=\"pgc-w588e16babc324-0-0\"  class=\"panel-grid-cell\" ><div id=\"panel-w588e16babc324-0-0-0\" class=\"so-panel widget widget_kadence_simple_image kadence_simple_image panel-first-child panel-last-child\" data-index=\"0\" ><div class=\"kad_img_upload_widget  kt-shape-type- kt-image-align-center kt-image-widget-widget-0-0-0\"><a href=\"https:\/\/ewa-marine.com\/wp-content\/uploads\/2015\/07\/made-in-Germany-100x50.gif\" rel=\"lightbox\"><div class=\"kt-image-contain  \"><div class=\"kt-image-inner-contain\"><img decoding=\"async\" src=\"https:\/\/ewa-marine.com\/wp-content\/uploads\/2015\/07\/made-in-Germany-100x50.gif\"><\/div><\/div><\/a><\/div><\/div><\/div><div id=\"pgc-w588e16babc324-0-1\"  class=\"panel-grid-cell\" ><div id=\"panel-w588e16babc324-0-1-0\" class=\"so-panel widget widget_kadence_simple_image kadence_simple_image panel-first-child panel-last-child\" data-index=\"1\" ><div class=\"kad_img_upload_widget  kt-shape-type- kt-image-align-center kt-image-widget-widget-0-1-0\"><a href=\"https:\/\/ewa-marine.com\/wp-content\/uploads\/2015\/07\/e-ts-10m.png\" rel=\"lightbox\"><div class=\"kt-image-contain  \"><div class=\"kt-image-inner-contain\"><img loading=\"lazy\" decoding=\"async\" width=\"120\" height=\"120\" src=\"https:\/\/ewa-marine.com\/wp-content\/uploads\/2015\/07\/e-ts-10m.png\" class=\"attachment-full size-full\" alt=\"ewa-marine rated to a dive depth of up to 10m \/ 30ft\" srcset=\"https:\/\/ewa-marine.com\/wp-content\/uploads\/2015\/07\/e-ts-10m.png 120w, https:\/\/ewa-marine.com\/wp-content\/uploads\/2015\/07\/e-ts-10m-60x60.png 60w\" sizes=\"auto, (max-width: 120px) 100vw, 120px\" \/><\/div><\/div><\/a><\/div><\/div><\/div><div id=\"pgc-w588e16babc324-0-2\"  class=\"panel-grid-cell\" ><div id=\"panel-w588e16babc324-0-2-0\" class=\"so-panel widget widget_kadence_simple_image kadence_simple_image panel-first-child panel-last-child\" data-index=\"2\" ><div class=\"kad_img_upload_widget  kt-shape-type- kt-image-align-center kt-image-widget-widget-0-2-0\"><a href=\"https:\/\/ewa-marine.com\/wp-content\/uploads\/2015\/07\/opticalglass_100x45.png\" rel=\"lightbox\"><div class=\"kt-image-contain  \"><div class=\"kt-image-inner-contain\"><img decoding=\"async\" src=\"https:\/\/ewa-marine.com\/wp-content\/uploads\/2015\/07\/opticalglass_100x45.png\"><\/div><\/div><\/a><\/div><\/div><\/div><\/div><\/div><\/div><\/div><div id=\"pgc-7329-0-1\"  class=\"panel-grid-cell\" ><div id=\"panel-7329-0-1-0\" class=\"so-panel widget widget_black-studio-tinymce widget_black_studio_tinymce panel-first-child\" data-index=\"2\" ><div class=\"panel-widget-style panel-widget-style-for-7329-0-1-0\" ><div class=\"textwidget\"><h1 class=\"bodytext\">ewa-marine VBR<\/h1>\n<h2 class=\"bodytext\">Unterwassergeh\u00e4use f\u00fcr Video Camcorder<\/h2>\n<h6>Bestellcode: VBR<\/h6>\n<p><span style=\"color: #ff0000;\"><u><strong>Auslaufmodell\/ Bitte beachten Sie:<\/strong><\/u> Dieses Geh\u00e4use wird nicht mehr produziert und wir haben auch keinen Lagerbestand mehr im Werk. Bitte kontaktieren Sie Ihren lokalen H\u00e4ndler oder Distributeur ob dieser Sie noch beliefern kann<\/span><\/p>\n<p class=\"bodytext\">Das VBR Unterwassergeh\u00e4use f\u00fcr Videocamcorder ist f\u00fcr Tauchtiefen von bis zu 10m geeignet.<\/p>\n<p class=\"bodytext\">Das Geh\u00e4use wird aus einer Spezialfolie hergestellt und hat eine integrierte, optische Planglasscheibe als Frontport.<\/p>\n<p class=\"bodytext\"><span id=\"result_box\" class=\"\" lang=\"de\"><span class=\"\">Ideal zum Schnorcheln oder Tauchen bis 10m Tiefe, sowie bei sandigen, staubigen, feuchten oder schlechten Wetterbedingungen bietet dieses Geh\u00e4use Ihrer Kamera den bestm\u00f6glichen Schutz, w\u00e4hrend sie voll funktionsf\u00e4hig ist.<\/span><\/span><\/p>\n<p><span id=\"result_box\" class=\"\" lang=\"de\"><span class=\"\">Es hat ein Paar nicht korrosive und seewasserbest\u00e4ndige Verschlu\u00dfschienen, die f\u00fcr eine perfekte Abdichtung sorgen.<\/span> D<span class=\"\">iese werden mittels R\u00e4ndelschraube zusammen geschraubt.<\/span><\/span><\/p>\n<p class=\"bodytext\">An die Riemen auf der Geh\u00e4useunterseite k\u00f6nnen wahlweise Bleigewichte befestigt werden, um das Geh\u00e4use auf und im Wasser besser auszutarieren.\u00a0<span id=\"result_box\" class=\"\" lang=\"de\"><span class=\"\">Entweder w\u00e4hlt man normale Tauchgewichte oder die Gewichte, die wir als Zubeh\u00f6r anbieten.<\/span><\/span><\/p>\n<\/div><\/div><\/div><div id=\"panel-7329-0-1-1\" class=\"so-panel widget widget_black-studio-tinymce widget_black_studio_tinymce panel-last-child\" data-index=\"3\" ><div class=\"textwidget\">\n<div class=\"panel-group\" id=\"accordionname275\"><div class=\"panel panel-default\"><div class=\"panel-heading\"><a class=\"accordion-toggle collapsed\" data-toggle=\"collapse\" data-parent=\"#accordionname275\" href=\"#collapse2750\"><h5><i class=\"kt-icon-minus primary-color\"><\/i><i class=\"kt-icon-plus\"><\/i>Passt f\u00fcr folgende Kameras<\/h5><\/a><\/div><div id=\"collapse2750\" class=\"panel-collapse collapse \"><div class=\"panel-body postclass\">\n<p><strong>Bauer<\/strong><br \/>Bauer VCC651AF VBR<br \/>Bauer VCC836AF VBR<br \/>Bauer VCC860AF VBR<\/p>\n<p><strong>Blaupunkt<\/strong><br \/>Blaupunkt CR5500 VBR<\/p>\n<p><strong>Canon<\/strong><br \/>Canon E230 VBR<br \/>Canon E250 VBR<br \/>Canon E6 VBR<br \/>Canon E850 VBR<br \/>Canon ES90 VBR<\/p>\n<p><strong>Chinon<\/strong><br \/>Chinon C8-C80E VBR<\/p>\n<p><strong>Fischer<\/strong><br \/>Fischer FVC-P750 VBR<br \/>Fischer FVC-P950 VBR<\/p>\n<p><strong>Fujix<\/strong><br \/>Fujix P850AF VBR<\/p>\n<p><strong>Grundig<\/strong><br \/>Grundig VS-8000 VBR<br \/>Grundig VS-8200 VBR<br \/>Grundig S-VS-C75 VBR<\/p>\n<p><strong>JVC<\/strong><br \/>JVC GR-303 VBR<br \/>JVC GR-S505 VBR<\/p>\n<p><strong>Magnavox<\/strong><br \/>Magnavox CVR610 VBR<br \/>Magnavox CVR620 VBR<\/p>\n<p><strong>Metz<\/strong><br \/>Metz 9630 VBR<br \/>Metz 9637 VBR<\/p>\n<p><strong>Minolta<\/strong><br \/>Minolta 8-812 VBR<br \/>Minolta 8-912 VBR<\/p>\n<p><strong>Mitsubishi<\/strong><br \/>Mitsubishi HS-C35 VBR<\/p>\n<p><strong>Nordmende<\/strong><br \/>Nordmende CV301 VBR<br \/>Nordmende HS701 VBR<\/p>\n<p><strong>Olympus<\/strong><br \/>Olympus VX803 VBR<br \/>Olympus VX806 VBR<\/p>\n<p><strong>Panasonic<\/strong> <br \/>Panasonic NV-MS70 VBR<br \/>Panasonic PV-42 VBR<br \/>Panasonic PV-43 VBR<br \/>Panasonic PV-53 VBR<br \/>Panasonic PV-54 VBR<br \/>Panasonic PV-63 VBR<br \/>Panasonic PV-64 VBR<br \/>Panasonic PV-IQ Series VBR<br \/>Panasonic PV-D706 VBR<\/p>\n<p><strong>Pentax<\/strong><br \/>Pentax PV-C860E VBR<\/p>\n<p><strong>Philips<\/strong><br \/>Philips VKR9010 VB<\/p>\n<p><strong>Quasar<\/strong><br \/>Quasar VM530 VBR<br \/>Quasar VM535 VBR<br \/>Quasar VM539 VBR<br \/>Quasar VM540 VBR<br \/>Quasar VM545 VBR<br \/>Quasar VM547 VBR<br \/>Quasar VM549 VBR<br \/>Quasar VM550 VBR<\/p>\n<p><strong>Ricoh<\/strong><br \/>Ricoh R-850 VBR<\/p>\n<p><strong>Saba<\/strong><br \/>Saba VM6945 VBR<br \/>Saba VM6993 VBR<br \/>Saba VM7300 VBR<\/p>\n<p><strong>Sanyo<\/strong><br \/>Sanyo VEM-G1 VBR<br \/>Sanyo VM-D6P VBR<br \/>Sanyo VM-D8P VBR<\/p>\n<p><strong>Siemens<\/strong><br \/>Siemens FA124 VBR<br \/>Siemens FA128 VBR<br \/>Siemens FA229 VBR<\/p>\n<p><strong>Sony<\/strong><br \/>Sony CCD-F500 VBR<\/p>\n<p><strong>Telefunken<\/strong> <br \/>Telefunken A1000P VBR<br \/>Telefunken A2300 VBR<\/p>\n<p>\u00a0<\/p>\n<\/div><\/div><\/div><\/div>\n\n<p>\u00a0<\/p>\n<\/div><\/div><\/div><\/div><\/div><div id=\"pg-7329-1\"  class=\"panel-grid panel-has-style\" ><div class=\"panel-widget-style panel-row-style panel-row-style-for-7329-1\" ><div id=\"pgc-7329-1-0\"  class=\"panel-grid-cell\" ><div id=\"panel-7329-1-0-0\" class=\"so-panel widget widget_text panel-first-child\" data-index=\"4\" ><div class=\"panel-widget-style panel-widget-style-for-7329-1-0-0\" >\t\t\t<div class=\"textwidget\"><h4>   Produkte, die Sie ebenfalls interessieren k\u00f6nnten:<\/h4>\n<\/div>\n\t\t<\/div><\/div><div id=\"panel-7329-1-0-1\" class=\"so-panel widget widget_sow-features panel-last-child\" data-index=\"5\" ><div\n\t\t\t\n\t\t\tclass=\"so-widget-sow-features so-widget-sow-features-default-12addb518ef9-7329\"\n\t\t\t\n\t\t><ul\n\tclass=\"sow-features-list\n\tsow-features-responsive\">\n\n\t\t\t<li\n\t\t\tclass=\"sow-features-feature sow-icon-container-position-top\"\n\t\t\tstyle=\"display: flex; flex-direction: column; width: calc(16.667% - 25px);\"\n\t\t>\n\t\t\t\n\t\t\t\t\t\t<a\t\t\t\tclass=\"sow-icon-container sow-container-none\"\n\t\t\t\tstyle=\"color: #404040; \"\n\t\t\t\t\n\t\t\t\t\t\t\t\t\thref=\"https:\/\/ewa-marine.com\/products\/ewa-sports\/dus\/\"\n\t\t\t\t\t\t\t\t>\n\t\t\t\t\t\t\t\t\t\t<div class=\"sow-icon-image\" style=\"background-image: url(https:\/\/ewa-marine.com\/wp-content\/uploads\/2017\/01\/dus-3-150x150.png); font-size: 150px\"><\/div>\n\t\t\t\t\t\t\t\t\t<\/a>\n\n\t\t\t<div class=\"textwidget\">\n\t\t\t\t\n\t\t\t\t\n\t\t\t\t\t\t\t<\/div>\n\t\t\t\t\t\t\t\t<\/li>\n\n\t\t\t<li\n\t\t\tclass=\"sow-features-feature sow-icon-container-position-top\"\n\t\t\tstyle=\"display: flex; flex-direction: column; width: calc(16.667% - 25px);\"\n\t\t>\n\t\t\t\n\t\t\t\t\t\t<a\t\t\t\tclass=\"sow-icon-container sow-container-none\"\n\t\t\t\tstyle=\"color: #404040; \"\n\t\t\t\t\n\t\t\t\t\t\t\t\t\thref=\"https:\/\/ewa-marine.com\/products\/raincapes\/camcorders\/vc-1m\/\"\n\t\t\t\t\t\t\t\t>\n\t\t\t\t\t\t\t\t\t\t<div class=\"sow-icon-image\" style=\"background-image: url(https:\/\/ewa-marine.com\/wp-content\/uploads\/2017\/01\/vc1m-150x150.png); font-size: 150px\"><\/div>\n\t\t\t\t\t\t\t\t\t<\/a>\n\n\t\t\t<div class=\"textwidget\">\n\t\t\t\t\n\t\t\t\t\n\t\t\t\t\t\t\t<\/div>\n\t\t\t\t\t\t\t\t<\/li>\n\n\t\t\t<li\n\t\t\tclass=\"sow-features-feature sow-icon-container-position-top\"\n\t\t\tstyle=\"display: flex; flex-direction: column; width: calc(16.667% - 25px);\"\n\t\t>\n\t\t\t\n\t\t\t\t\t\t<a\t\t\t\tclass=\"sow-icon-container sow-container-none\"\n\t\t\t\tstyle=\"color: #404040; \"\n\t\t\t\t\n\t\t\t\t\t\t\t\t\thref=\"https:\/\/ewa-marine.com\/products\/accessories\/cd5-silica-gel\/\"\n\t\t\t\t\t\t\t\t>\n\t\t\t\t\t\t\t\t\t\t<div class=\"sow-icon-image\" style=\"background-image: url(https:\/\/ewa-marine.com\/wp-content\/uploads\/2017\/01\/cd5-3.png); font-size: 150px\"><\/div>\n\t\t\t\t\t\t\t\t\t<\/a>\n\n\t\t\t<div class=\"textwidget\">\n\t\t\t\t\n\t\t\t\t\n\t\t\t\t\t\t\t<\/div>\n\t\t\t\t\t\t\t\t<\/li>\n\n\t\t\t<li\n\t\t\tclass=\"sow-features-feature sow-icon-container-position-top\"\n\t\t\tstyle=\"display: flex; flex-direction: column; width: calc(16.667% - 25px);\"\n\t\t>\n\t\t\t\n\t\t\t\t\t\t<a\t\t\t\tclass=\"sow-icon-container sow-container-none\"\n\t\t\t\tstyle=\"color: #404040; \"\n\t\t\t\t\n\t\t\t\t\t\t\t\t\thref=\"https:\/\/ewa-marine.com\/products\/video\/vla\/\"\n\t\t\t\t\t\t\t\t>\n\t\t\t\t\t\t\t\t\t\t<div class=\"sow-icon-image\" style=\"background-image: url(https:\/\/ewa-marine.com\/wp-content\/uploads\/2017\/01\/vla-5-150x150.png); font-size: 150px\"><\/div>\n\t\t\t\t\t\t\t\t\t<\/a>\n\n\t\t\t<div class=\"textwidget\">\n\t\t\t\t\n\t\t\t\t\n\t\t\t\t\t\t\t<\/div>\n\t\t\t\t\t\t\t\t<\/li>\n\n\t\t\t<li\n\t\t\tclass=\"sow-features-feature sow-icon-container-position-top\"\n\t\t\tstyle=\"display: flex; flex-direction: column; width: calc(16.667% - 25px);\"\n\t\t>\n\t\t\t\n\t\t\t\t\t\t<a\t\t\t\tclass=\"sow-icon-container sow-container-none\"\n\t\t\t\tstyle=\"color: #404040; \"\n\t\t\t\t\n\t\t\t\t\t\t\t\t\thref=\"https:\/\/ewa-marine.com\/products\/video\/vfsx\/\"\n\t\t\t\t\t\t\t\t>\n\t\t\t\t\t\t\t\t\t\t<div class=\"sow-icon-image\" style=\"background-image: url(https:\/\/ewa-marine.com\/wp-content\/uploads\/2017\/01\/vfsx-1-150x150.png); font-size: 150px\"><\/div>\n\t\t\t\t\t\t\t\t\t<\/a>\n\n\t\t\t<div class=\"textwidget\">\n\t\t\t\t\n\t\t\t\t\n\t\t\t\t\t\t\t<\/div>\n\t\t\t\t\t\t\t\t<\/li>\n\n\t\t\t<li\n\t\t\tclass=\"sow-features-feature sow-icon-container-position-top\"\n\t\t\tstyle=\"display: flex; flex-direction: column; width: calc(16.667% - 25px);\"\n\t\t>\n\t\t\t\n\t\t\t\t\t\t<a\t\t\t\tclass=\"sow-icon-container sow-container-none\"\n\t\t\t\tstyle=\"color: #404040; \"\n\t\t\t\t\n\t\t\t\t\t\t\t\t\thref=\"https:\/\/ewa-marine.com\/products\/photo\/slr\/u-a\/\"\n\t\t\t\t\t\t\t\t>\n\t\t\t\t\t\t\t\t\t\t<div class=\"sow-icon-image\" style=\"background-image: url(https:\/\/ewa-marine.com\/wp-content\/uploads\/2017\/01\/ua-1-150x150.png); font-size: 150px\"><\/div>\n\t\t\t\t\t\t\t\t\t<\/a>\n\n\t\t\t<div class=\"textwidget\">\n\t\t\t\t\n\t\t\t\t\n\t\t\t\t\t\t\t<\/div>\n\t\t\t\t\t\t\t\t<\/li>\n\n\t<\/ul>\n<\/div><\/div><\/div><\/div><\/div><div id=\"pg-7329-2\"  class=\"panel-grid panel-no-style\" ><div id=\"pgc-7329-2-0\"  class=\"panel-grid-cell\" ><div id=\"panel-7329-2-0-0\" class=\"so-panel widget widget_black-studio-tinymce widget_black_studio_tinymce panel-first-child panel-last-child\" data-index=\"6\" ><div class=\"textwidget\"><hr \/>\n<h6>Alle Daten und Bilder von Unterwassergeh\u00e4usen und Regencapes entsprechen dem Stand unserer Produkte zum Zeitpunkt der letzten redaktionellen Bearbeitung dieser Seite. ewa-marine beh\u00e4lt sich jedoch vor, alle Produkte im Rahmen unseres kontinuierlichen Verbesserungprozesses zu \u00e4ndern und zu verbessern. Daher k\u00f6nnen die aktuell im Markt angebotenen Produkte in Einzelpunkten eventuell von den Abbildungen abweichen. Eine Garantie f\u00fcr Vollst\u00e4ndigkeit oder Richtigkeit kann nicht \u00fcbernommen werden, ebenso wenig wie eine Haftung f\u00fcr die Verwendung dieser Seiten oder deren Inhalt.<br \/>\nEinige Bilder auf dieser Website zeigen die ewa-marine Produkte einschlie\u00dflich Kamera oder anderer elektronischer Ger\u00e4te. Diese Kameras oder andere Elektronik sind nicht im Lieferumfang enthalten und dienen hier nur als Anwendungsbeispiel.<\/h6>\n<\/div><\/div><\/div><\/div><\/div>","protected":false},"excerpt":{"rendered":"<p>ewa-marine VBR Unterwassergeh\u00e4use f\u00fcr Video Camcorder Bestellcode: VBR Auslaufmodell\/ Bitte beachten Sie: Dieses Geh\u00e4use wird nicht mehr produziert und wir haben auch keinen Lagerbestand mehr im Werk. Bitte kontaktieren Sie Ihren lokalen H\u00e4ndler oder Distributeur ob dieser Sie noch beliefern kann Das VBR Unterwassergeh\u00e4use f\u00fcr Videocamcorder ist f\u00fcr Tauchtiefen von bis zu 10m geeignet. Das Geh\u00e4use wird aus einer Spezialfolie hergestellt und hat eine integrierte, optische Planglasscheibe als Frontport. Ideal zum Schnorcheln oder Tauchen bis 10m Tiefe, sowie bei sandigen, &hellip; <a href=\"https:\/\/ewa-marine.com\/de\/products\/video\/archiv\/vbr\/\">Weiterlesen<\/a><\/p>\n","protected":false},"author":1,"featured_media":3828,"parent":5828,"menu_order":5,"comment_status":"closed","ping_status":"closed","template":"","meta":{"kt_blocks_editor_width":"","footnotes":""},"class_list":["post-7329","page","type-page","status-publish","has-post-thumbnail","hentry"],"yoast_head":"<!-- This site is optimized with the Yoast SEO plugin v27.3 - https:\/\/yoast.com\/product\/yoast-seo-wordpress\/ -->\n<title>ewa-marine VBR Unterwassergeh\u00e4use f\u00fcr Videocamcorder<\/title>\n<meta name=\"description\" content=\"The ewa-marine VBR housing for video camcorders has been discontinued and doesn&#039;t fit any current cameras. Check this page to find out the models it fits.\" \/>\n<meta name=\"robots\" content=\"index, follow, max-snippet:-1, max-image-preview:large, max-video-preview:-1\" \/>\n<link rel=\"canonical\" href=\"https:\/\/ewa-marine.com\/de\/products\/video\/archiv\/vbr\/\" \/>\n<meta property=\"og:locale\" content=\"de_DE\" \/>\n<meta property=\"og:type\" content=\"article\" \/>\n<meta property=\"og:title\" content=\"ewa-marine VBR Unterwassergeh\u00e4use f\u00fcr Videocamcorder\" \/>\n<meta property=\"og:description\" content=\"The ewa-marine VBR housing for video camcorders has been discontinued and doesn&#039;t fit any current cameras. Check this page to find out the models it fits.\" \/>\n<meta property=\"og:url\" content=\"https:\/\/ewa-marine.com\/de\/products\/video\/archiv\/vbr\/\" \/>\n<meta property=\"og:site_name\" content=\"ewa-marine\" \/>\n<meta property=\"article:publisher\" content=\"https:\/\/www.facebook.com\/ewa-marine\" \/>\n<meta property=\"article:modified_time\" content=\"2017-02-08T09:19:23+00:00\" \/>\n<meta property=\"og:image\" content=\"https:\/\/ewa-marine.com\/wp-content\/uploads\/2015\/07\/featured-image-video.jpg\" \/>\n\t<meta property=\"og:image:width\" content=\"200\" \/>\n\t<meta property=\"og:image:height\" content=\"200\" \/>\n\t<meta property=\"og:image:type\" content=\"image\/jpeg\" \/>\n<meta name=\"twitter:card\" content=\"summary_large_image\" \/>\n<meta name=\"twitter:site\" content=\"@ewa_marine\" \/>\n<meta name=\"twitter:label1\" content=\"Gesch\u00e4tzte Lesezeit\" \/>\n\t<meta name=\"twitter:data1\" content=\"3\u00a0Minuten\" \/>\n<script type=\"application\/ld+json\" class=\"yoast-schema-graph\">{\"@context\":\"https:\\\/\\\/schema.org\",\"@graph\":[{\"@type\":\"WebPage\",\"@id\":\"https:\\\/\\\/ewa-marine.com\\\/de\\\/products\\\/video\\\/archiv\\\/vbr\\\/\",\"url\":\"https:\\\/\\\/ewa-marine.com\\\/de\\\/products\\\/video\\\/archiv\\\/vbr\\\/\",\"name\":\"ewa-marine VBR Unterwassergeh\u00e4use f\u00fcr Videocamcorder\",\"isPartOf\":{\"@id\":\"https:\\\/\\\/ewa-marine.com\\\/de\\\/#website\"},\"primaryImageOfPage\":{\"@id\":\"https:\\\/\\\/ewa-marine.com\\\/de\\\/products\\\/video\\\/archiv\\\/vbr\\\/#primaryimage\"},\"image\":{\"@id\":\"https:\\\/\\\/ewa-marine.com\\\/de\\\/products\\\/video\\\/archiv\\\/vbr\\\/#primaryimage\"},\"thumbnailUrl\":\"https:\\\/\\\/ewa-marine.com\\\/wp-content\\\/uploads\\\/2015\\\/07\\\/featured-image-video.jpg\",\"datePublished\":\"2017-01-17T09:20:18+00:00\",\"dateModified\":\"2017-02-08T09:19:23+00:00\",\"description\":\"The ewa-marine VBR housing for video camcorders has been discontinued and doesn't fit any current cameras. Check this page to find out the models it fits.\",\"breadcrumb\":{\"@id\":\"https:\\\/\\\/ewa-marine.com\\\/de\\\/products\\\/video\\\/archiv\\\/vbr\\\/#breadcrumb\"},\"inLanguage\":\"de\",\"potentialAction\":[{\"@type\":\"ReadAction\",\"target\":[\"https:\\\/\\\/ewa-marine.com\\\/de\\\/products\\\/video\\\/archiv\\\/vbr\\\/\"]}]},{\"@type\":\"ImageObject\",\"inLanguage\":\"de\",\"@id\":\"https:\\\/\\\/ewa-marine.com\\\/de\\\/products\\\/video\\\/archiv\\\/vbr\\\/#primaryimage\",\"url\":\"https:\\\/\\\/ewa-marine.com\\\/wp-content\\\/uploads\\\/2015\\\/07\\\/featured-image-video.jpg\",\"contentUrl\":\"https:\\\/\\\/ewa-marine.com\\\/wp-content\\\/uploads\\\/2015\\\/07\\\/featured-image-video.jpg\",\"width\":200,\"height\":200},{\"@type\":\"BreadcrumbList\",\"@id\":\"https:\\\/\\\/ewa-marine.com\\\/de\\\/products\\\/video\\\/archiv\\\/vbr\\\/#breadcrumb\",\"itemListElement\":[{\"@type\":\"ListItem\",\"position\":1,\"name\":\"Startseite\",\"item\":\"https:\\\/\\\/www.ewa-marine.de\\\/\"},{\"@type\":\"ListItem\",\"position\":2,\"name\":\"Produkte\",\"item\":\"https:\\\/\\\/www.ewa-marine.de\\\/products\\\/\"},{\"@type\":\"ListItem\",\"position\":3,\"name\":\"Video\",\"item\":\"https:\\\/\\\/www.ewa-marine.de\\\/products\\\/video\\\/\"},{\"@type\":\"ListItem\",\"position\":4,\"name\":\"Archiv der UW-Geh\u00e4use f\u00fcr Videokameras\",\"item\":\"https:\\\/\\\/www.ewa-marine.de\\\/products\\\/video\\\/archiv\\\/\"},{\"@type\":\"ListItem\",\"position\":5,\"name\":\"VBR\"}]},{\"@type\":\"WebSite\",\"@id\":\"https:\\\/\\\/ewa-marine.com\\\/de\\\/#website\",\"url\":\"https:\\\/\\\/ewa-marine.com\\\/de\\\/\",\"name\":\"ewa-marine\",\"description\":\"Capture the Extreme !\",\"potentialAction\":[{\"@type\":\"SearchAction\",\"target\":{\"@type\":\"EntryPoint\",\"urlTemplate\":\"https:\\\/\\\/ewa-marine.com\\\/de\\\/?s={search_term_string}\"},\"query-input\":{\"@type\":\"PropertyValueSpecification\",\"valueRequired\":true,\"valueName\":\"search_term_string\"}}],\"inLanguage\":\"de\"}]}<\/script>\n<!-- \/ Yoast SEO plugin. -->","yoast_head_json":{"title":"ewa-marine VBR Unterwassergeh\u00e4use f\u00fcr Videocamcorder","description":"The ewa-marine VBR housing for video camcorders has been discontinued and doesn't fit any current cameras. Check this page to find out the models it fits.","robots":{"index":"index","follow":"follow","max-snippet":"max-snippet:-1","max-image-preview":"max-image-preview:large","max-video-preview":"max-video-preview:-1"},"canonical":"https:\/\/ewa-marine.com\/de\/products\/video\/archiv\/vbr\/","og_locale":"de_DE","og_type":"article","og_title":"ewa-marine VBR Unterwassergeh\u00e4use f\u00fcr Videocamcorder","og_description":"The ewa-marine VBR housing for video camcorders has been discontinued and doesn't fit any current cameras. Check this page to find out the models it fits.","og_url":"https:\/\/ewa-marine.com\/de\/products\/video\/archiv\/vbr\/","og_site_name":"ewa-marine","article_publisher":"https:\/\/www.facebook.com\/ewa-marine","article_modified_time":"2017-02-08T09:19:23+00:00","og_image":[{"width":200,"height":200,"url":"https:\/\/ewa-marine.com\/wp-content\/uploads\/2015\/07\/featured-image-video.jpg","type":"image\/jpeg"}],"twitter_card":"summary_large_image","twitter_site":"@ewa_marine","twitter_misc":{"Gesch\u00e4tzte Lesezeit":"3\u00a0Minuten"},"schema":{"@context":"https:\/\/schema.org","@graph":[{"@type":"WebPage","@id":"https:\/\/ewa-marine.com\/de\/products\/video\/archiv\/vbr\/","url":"https:\/\/ewa-marine.com\/de\/products\/video\/archiv\/vbr\/","name":"ewa-marine VBR Unterwassergeh\u00e4use f\u00fcr Videocamcorder","isPartOf":{"@id":"https:\/\/ewa-marine.com\/de\/#website"},"primaryImageOfPage":{"@id":"https:\/\/ewa-marine.com\/de\/products\/video\/archiv\/vbr\/#primaryimage"},"image":{"@id":"https:\/\/ewa-marine.com\/de\/products\/video\/archiv\/vbr\/#primaryimage"},"thumbnailUrl":"https:\/\/ewa-marine.com\/wp-content\/uploads\/2015\/07\/featured-image-video.jpg","datePublished":"2017-01-17T09:20:18+00:00","dateModified":"2017-02-08T09:19:23+00:00","description":"The ewa-marine VBR housing for video camcorders has been discontinued and doesn't fit any current cameras. Check this page to find out the models it fits.","breadcrumb":{"@id":"https:\/\/ewa-marine.com\/de\/products\/video\/archiv\/vbr\/#breadcrumb"},"inLanguage":"de","potentialAction":[{"@type":"ReadAction","target":["https:\/\/ewa-marine.com\/de\/products\/video\/archiv\/vbr\/"]}]},{"@type":"ImageObject","inLanguage":"de","@id":"https:\/\/ewa-marine.com\/de\/products\/video\/archiv\/vbr\/#primaryimage","url":"https:\/\/ewa-marine.com\/wp-content\/uploads\/2015\/07\/featured-image-video.jpg","contentUrl":"https:\/\/ewa-marine.com\/wp-content\/uploads\/2015\/07\/featured-image-video.jpg","width":200,"height":200},{"@type":"BreadcrumbList","@id":"https:\/\/ewa-marine.com\/de\/products\/video\/archiv\/vbr\/#breadcrumb","itemListElement":[{"@type":"ListItem","position":1,"name":"Startseite","item":"https:\/\/www.ewa-marine.de\/"},{"@type":"ListItem","position":2,"name":"Produkte","item":"https:\/\/www.ewa-marine.de\/products\/"},{"@type":"ListItem","position":3,"name":"Video","item":"https:\/\/www.ewa-marine.de\/products\/video\/"},{"@type":"ListItem","position":4,"name":"Archiv der UW-Geh\u00e4use f\u00fcr Videokameras","item":"https:\/\/www.ewa-marine.de\/products\/video\/archiv\/"},{"@type":"ListItem","position":5,"name":"VBR"}]},{"@type":"WebSite","@id":"https:\/\/ewa-marine.com\/de\/#website","url":"https:\/\/ewa-marine.com\/de\/","name":"ewa-marine","description":"Capture the Extreme !","potentialAction":[{"@type":"SearchAction","target":{"@type":"EntryPoint","urlTemplate":"https:\/\/ewa-marine.com\/de\/?s={search_term_string}"},"query-input":{"@type":"PropertyValueSpecification","valueRequired":true,"valueName":"search_term_string"}}],"inLanguage":"de"}]}},"_links":{"self":[{"href":"https:\/\/ewa-marine.com\/de\/wp-json\/wp\/v2\/pages\/7329","targetHints":{"allow":["GET"]}}],"collection":[{"href":"https:\/\/ewa-marine.com\/de\/wp-json\/wp\/v2\/pages"}],"about":[{"href":"https:\/\/ewa-marine.com\/de\/wp-json\/wp\/v2\/types\/page"}],"author":[{"embeddable":true,"href":"https:\/\/ewa-marine.com\/de\/wp-json\/wp\/v2\/users\/1"}],"replies":[{"embeddable":true,"href":"https:\/\/ewa-marine.com\/de\/wp-json\/wp\/v2\/comments?post=7329"}],"version-history":[{"count":0,"href":"https:\/\/ewa-marine.com\/de\/wp-json\/wp\/v2\/pages\/7329\/revisions"}],"up":[{"embeddable":true,"href":"https:\/\/ewa-marine.com\/de\/wp-json\/wp\/v2\/pages\/5828"}],"wp:featuredmedia":[{"embeddable":true,"href":"https:\/\/ewa-marine.com\/de\/wp-json\/wp\/v2\/media\/3828"}],"wp:attachment":[{"href":"https:\/\/ewa-marine.com\/de\/wp-json\/wp\/v2\/media?parent=7329"}],"curies":[{"name":"wp","href":"https:\/\/api.w.org\/{rel}","templated":true}]}}