{"id":7543,"date":"2017-01-17T12:09:56","date_gmt":"2017-01-17T11:09:56","guid":{"rendered":"http:\/\/www.ewa-marine.de\/products\/video\/archiv\/vdx100\/"},"modified":"2017-02-06T11:19:59","modified_gmt":"2017-02-06T10:19:59","slug":"vdx100","status":"publish","type":"page","link":"https:\/\/ewa-marine.com\/de\/products\/video\/archiv\/vdx100\/","title":{"rendered":"VDX100"},"content":{"rendered":"<div id=\"pl-7543\"  class=\"panel-layout\" ><div id=\"pg-7543-0\"  class=\"panel-grid panel-has-style\" ><div class=\"panel-widget-style panel-row-style panel-row-style-for-7543-0\" ><div id=\"pgc-7543-0-0\"  class=\"panel-grid-cell\" ><div id=\"panel-7543-0-0-0\" class=\"so-panel widget widget_kadence_simple_image kadence_simple_image panel-first-child\" data-index=\"0\" ><div class=\"panel-widget-style panel-widget-style-for-7543-0-0-0\" ><div class=\"kad_img_upload_widget  kt-shape-type- kt-image-align-center kt-image-widget-widget-0-0-0\"><a href=\"https:\/\/ewa-marine.com\/wp-content\/uploads\/2017\/01\/VDX100-400x400_01.jpg\" rel=\"lightbox\"><div class=\"kt-image-contain  \"><div class=\"kt-image-inner-contain\"><img loading=\"lazy\" decoding=\"async\" width=\"400\" height=\"400\" src=\"https:\/\/ewa-marine.com\/wp-content\/uploads\/2017\/01\/VDX100-400x400_01.jpg\" class=\"attachment-full size-full\" alt=\"ewa-marine VDX100\" srcset=\"https:\/\/ewa-marine.com\/wp-content\/uploads\/2017\/01\/VDX100-400x400_01.jpg 400w, https:\/\/ewa-marine.com\/wp-content\/uploads\/2017\/01\/VDX100-400x400_01-150x150.jpg 150w, https:\/\/ewa-marine.com\/wp-content\/uploads\/2017\/01\/VDX100-400x400_01-300x300.jpg 300w, https:\/\/ewa-marine.com\/wp-content\/uploads\/2017\/01\/VDX100-400x400_01-60x60.jpg 60w\" sizes=\"auto, (max-width: 400px) 100vw, 400px\" \/><\/div><\/div><\/a><div class=\"kadence_image_widget_caption\">ewa-marine VDX100 Unterwassergeh\u00e4use f\u00fcr Videocamcorder<\/div><\/div><\/div><\/div><div id=\"panel-7543-0-0-1\" class=\"so-panel widget widget_siteorigin-panels-builder panel-last-child\" data-index=\"1\" ><div id=\"pl-w588e370ed0d77\"  class=\"panel-layout\" ><div id=\"pg-w588e370ed0d77-0\"  class=\"panel-grid panel-no-style\" ><div id=\"pgc-w588e370ed0d77-0-0\"  class=\"panel-grid-cell\" ><div id=\"panel-w588e370ed0d77-0-0-0\" class=\"so-panel widget widget_kadence_simple_image kadence_simple_image panel-first-child panel-last-child\" data-index=\"0\" ><div class=\"kad_img_upload_widget  kt-shape-type- kt-image-align-center kt-image-widget-widget-0-0-0\"><div class=\"kt-image-contain  \"><div class=\"kt-image-inner-contain\"><img decoding=\"async\" src=\"https:\/\/ewa-marine.com\/wp-content\/uploads\/2015\/07\/made-in-Germany-100x50.gif\"><\/div><\/div><\/div><\/div><\/div><div id=\"pgc-w588e370ed0d77-0-1\"  class=\"panel-grid-cell\" ><div id=\"panel-w588e370ed0d77-0-1-0\" class=\"so-panel widget widget_kadence_simple_image kadence_simple_image panel-first-child panel-last-child\" data-index=\"1\" ><div class=\"kad_img_upload_widget  kt-shape-type- kt-image-align-center kt-image-widget-widget-0-1-0\"><div class=\"kt-image-contain  \"><div class=\"kt-image-inner-contain\"><img loading=\"lazy\" decoding=\"async\" width=\"120\" height=\"120\" src=\"https:\/\/ewa-marine.com\/wp-content\/uploads\/2015\/07\/e-ts-10m.png\" class=\"attachment-full size-full\" alt=\"ewa-marine rated to a dive depth of up to 10m \/ 30ft\" srcset=\"https:\/\/ewa-marine.com\/wp-content\/uploads\/2015\/07\/e-ts-10m.png 120w, https:\/\/ewa-marine.com\/wp-content\/uploads\/2015\/07\/e-ts-10m-60x60.png 60w\" sizes=\"auto, (max-width: 120px) 100vw, 120px\" \/><\/div><\/div><\/div><\/div><\/div><div id=\"pgc-w588e370ed0d77-0-2\"  class=\"panel-grid-cell\" ><div id=\"panel-w588e370ed0d77-0-2-0\" class=\"so-panel widget widget_kadence_simple_image kadence_simple_image panel-first-child panel-last-child\" data-index=\"2\" ><div class=\"kad_img_upload_widget  kt-shape-type- kt-image-align-center kt-image-widget-widget-0-2-0\"><div class=\"kt-image-contain  \"><div class=\"kt-image-inner-contain\"><img decoding=\"async\" src=\"https:\/\/ewa-marine.com\/wp-content\/uploads\/2015\/07\/opticalglass_100x45.png\"><\/div><\/div><\/div><\/div><\/div><\/div><\/div><\/div><\/div><div id=\"pgc-7543-0-1\"  class=\"panel-grid-cell\" ><div id=\"panel-7543-0-1-0\" class=\"so-panel widget widget_black-studio-tinymce widget_black_studio_tinymce panel-first-child\" data-index=\"2\" ><div class=\"panel-widget-style panel-widget-style-for-7543-0-1-0\" ><div class=\"textwidget\"><h1 class=\"bodytext\">ewa-marine VDX100<\/h1>\n<h2 class=\"bodytext\">Unterwassergeh\u00e4use f\u00fcr Videocamcorder<\/h2>\n<h6>Bestellcode: VDX100<\/h6>\n<p><span style=\"color: #ff0000;\"><u><strong>Auslaufmodell\/ Bitte beachten Sie:<\/strong><\/u> Dieses Geh\u00e4use wird nicht mehr produziert und wir haben auch keinen Lagerbestand mehr im Werk. Bitte kontaktieren Sie Ihren lokalen H\u00e4ndler oder Distributeur ob dieser Sie noch beliefern kann.<\/span><\/p>\n<p class=\"bodytext\">Das VDX 100 f\u00fcr die Panasonic DX100 und DX110, sowie f\u00fcr ausgew\u00e4hlte digitale Camcorder anderer Hersteller und f\u00fcr Tauchtiefen von bis zu 10m geeignet.<\/p>\n<p class=\"bodytext\">Das Geh\u00e4use wird aus einer Spezialfolie hergestellt und hat eine integrierte, optische Planglasscheibe als Frontport.<\/p>\n<p class=\"bodytext\"><span id=\"result_box\" class=\"\" lang=\"de\"><span class=\"\">Ideal zum Schnorcheln oder Tauchen bis 10m Tiefe, sowie bei sandigen, staubigen, feuchten oder schlechten Wetterbedingungen bietet dieses Geh\u00e4use Ihrer Kamera den bestm\u00f6glichen Schutz, w\u00e4hrend sie voll funktionsf\u00e4hig ist.<\/span><\/span><\/p>\n<p><span id=\"result_box\" class=\"\" lang=\"de\"><span class=\"\">Es hat ein Paar nicht korrosive und seewasserbest\u00e4ndige Verschlu\u00dfschienen, die f\u00fcr eine perfekte Abdichtung sorgen.<\/span> D<span class=\"\">iese werden mittels R\u00e4ndelschraube zusammen geschraubt.<\/span><\/span><\/p>\n<p class=\"bodytext\">An die Riemen auf der Geh\u00e4useunterseite k\u00f6nnen wahlweise Bleigewichte befestigt werden, um das Geh\u00e4use auf und im Wasser besser auszutarieren. <span id=\"result_box\" class=\"\" lang=\"de\"><span class=\"\">Entweder w\u00e4hlt man normale Tauchgewichte oder die Gewichte, die wir als Zubeh\u00f6r anbieten.<\/span><\/span><\/p>\n<\/div><\/div><\/div><div id=\"panel-7543-0-1-1\" class=\"so-panel widget widget_black-studio-tinymce widget_black_studio_tinymce panel-last-child\" data-index=\"3\" ><div class=\"textwidget\">\n<div class=\"panel-group\" id=\"accordionname846\"><div class=\"panel panel-default\"><div class=\"panel-heading\"><a class=\"accordion-toggle collapsed\" data-toggle=\"collapse\" data-parent=\"#accordionname846\" href=\"#collapse8460\"><h5><i class=\"kt-icon-minus primary-color\"><\/i><i class=\"kt-icon-plus\"><\/i>Passt f\u00fcr folgende Kameras<\/h5><\/a><\/div><div id=\"collapse8460\" class=\"panel-collapse collapse \"><div class=\"panel-body postclass\">\n<p><strong>Canon<\/strong><br \/>Canon MV200<br \/>Canon Ultura<\/p>\n<p><strong>Grundig<\/strong><br \/>Grundig DLC10<br \/>Grundig DLC1000<br \/>Grundig DLC1500<br \/>Grundig DLC20<\/p>\n<p><strong>JVC<\/strong><br \/>JVC GR-AXM18<br \/>JVC GR-DVF 11<br \/>JVC GR-DVF 21<br \/>JVC GR-DVF 21<br \/>JVC GR-DVL 100<br \/>JVC GR-DVL 108<br \/>JVC GR-DVL 109<br \/>JVC GR-DVL 120<br \/>JVC GR-DVL 140<br \/>JVC GR-DVL 150<br \/>JVC GR-DVL 155<br \/>JVC GR-DVL 157<br \/>JVC GR-DVL 160<br \/>JVC GR-DVL 167<br \/>JVC GR-DVL 200<br \/>JVC GR-DVL 300<br \/>JVC GR-DVL 308<br \/>JVC GR-DVL 309<br \/>JVC GR-DVL 310<br \/>JVC GR-DVL 320<br \/>JVC GR-DVL 355<br \/>JVC GR-DVL 357<br \/>JVC GR-DVL 365<br \/>JVC GR-DVL 367<br \/>JVC GR-DVL 450<br \/>JVC GR-DVL 510<br \/>JVC GR-DVL 520<br \/>JVC GR-DVL 555<br \/>JVC GR-DVL 557<br \/>JVC GR-DVL 567<br \/>JVC GR-DVL 720<br \/>JVC GR-DVL 725<br \/>JVC GR-DVL 765<br \/>JVC GR-DVL 767<br \/>JVC GR-DVL 815<br \/>JVC GR-DVL 820<br \/>JVC GR-DVL 865<br \/>JVC GR-DVL 867<br \/>JVC GR-DVL 915<br \/>JVC GR-DVL 920<br \/>JVC GR-DVL20<br \/>JVC GR-DVL30<br \/>JVC GR-DVL40<br \/>JVC GR-SXM38<\/p>\n<p><strong>Metz<\/strong><br \/>Metz CD34<br \/>Metz CE34<br \/>Metz CF34<br \/>Metz CG34<\/p>\n<p><strong>Panasonic<\/strong> <br \/>Panasonic AG-EZ30<br \/>Panasonic AG-EZ35<br \/>Panasonic NV-DA1<br \/>Panasonic NV-DS 8<br \/>Panasonic NV-DS11<br \/>Panasonic NV-DS12<br \/>Panasonic NV-DS15<br \/>Panasonic NV-DS150<br \/>Panasonic NV-DS25<br \/>Panasonic NV-DS27<br \/>Panasonic NV-DS28<br \/>Panasonic NV-DS29<br \/>Panasonic NV-DS30<br \/>Panasonic NV-DS37<br \/>Panasonic NV-DS38<br \/>Panasonic NV-DX100<br \/>Panasonic NV-DX110<br \/>Panasonic NV-MX300<br \/>Panasonic PV-DV100<br \/>Panasonic PV-DV101<br \/>Panasonic PV-DV102<br \/>Panasonic PV-DV200<br \/>Panasonic PV-DV201<br \/>Panasonic PV-DV202<br \/>Panasonic PV-DV400<br \/>Panasonic PV-DV401<br \/>Panasonic PV-DV402<br \/>Panasonic PV-DV51<br \/>Panasonic PV-DV53<br \/>Panasonic PV-DV600<br \/>Panasonic PV-DV601<br \/>Panasonic PV-DV701<br \/>Panasonic PV-DV702<br \/>Panasonic PV-DV73<br \/>Panasonic PV-DV800<br \/>Panasonic PV-DV950<\/p>\n<p><strong>RCA<\/strong><br \/>RCA CC9370<\/p>\n<p><strong>Samsung<\/strong><br \/>Samsung VP-D70<br \/>Samsung VP-D73<br \/>Samsung VP-D75<br \/>Samsung VP-D77<\/p>\n<p><strong>Sharp<\/strong><br \/>Sharp VL-ME10<br \/>Sharp VL-ME100<br \/>Sharp VL-WD250<br \/>Sharp VL-WD450<br \/>Sharp VL-WD650<\/p>\n<p><strong>Sony<\/strong><br \/>Sony CCD-TRV54<br \/>Sony CCD-TRV56<br \/>Sony CCD-TRV72<br \/>Sony DCR-TRV11<br \/>Sony DCR-TRV6<br \/>Sony DCR-TRV7<br \/>Sony HXP-NX30<\/p>\n<p><strong>Thomson<\/strong><br \/>Thomson VMD-120<br \/>Thomson VMD-130<br \/>Thomson VMD-140<br \/>Thomson VMD-712<br \/>Thomson VMD-732<\/p>\n<p> <\/div><\/div><\/div><\/div>\n\n<p>\u00a0<\/p>\n<\/div><\/div><\/div><\/div><\/div><div id=\"pg-7543-1\"  class=\"panel-grid panel-has-style\" ><div class=\"panel-widget-style panel-row-style panel-row-style-for-7543-1\" ><div id=\"pgc-7543-1-0\"  class=\"panel-grid-cell\" ><div id=\"panel-7543-1-0-0\" class=\"so-panel widget widget_text panel-first-child\" data-index=\"4\" ><div class=\"panel-widget-style panel-widget-style-for-7543-1-0-0\" >\t\t\t<div class=\"textwidget\"><h4>   Produkte, die Sie ebenfalls interessieren k\u00f6nnten:<\/h4>\n<\/div>\n\t\t<\/div><\/div><div id=\"panel-7543-1-0-1\" class=\"so-panel widget widget_sow-features panel-last-child\" data-index=\"5\" ><div\n\t\t\t\n\t\t\tclass=\"so-widget-sow-features so-widget-sow-features-default-12addb518ef9-7543\"\n\t\t\t\n\t\t><ul\n\tclass=\"sow-features-list\n\tsow-features-responsive\">\n\n\t\t\t<li\n\t\t\tclass=\"sow-features-feature sow-icon-container-position-top\"\n\t\t\tstyle=\"display: flex; flex-direction: column; width: calc(16.667% - 25px);\"\n\t\t>\n\t\t\t\n\t\t\t\t\t\t<a\t\t\t\tclass=\"sow-icon-container sow-container-none\"\n\t\t\t\tstyle=\"color: #404040; \"\n\t\t\t\t\n\t\t\t\t\t\t\t\t\thref=\"https:\/\/ewa-marine.com\/products\/ewa-sports\/dus\/\"\n\t\t\t\t\t\t\t\t>\n\t\t\t\t\t\t\t\t\t\t<div class=\"sow-icon-image\" style=\"background-image: url(https:\/\/ewa-marine.com\/wp-content\/uploads\/2017\/01\/dus-3-150x150.png); font-size: 150px\"><\/div>\n\t\t\t\t\t\t\t\t\t<\/a>\n\n\t\t\t<div class=\"textwidget\">\n\t\t\t\t\n\t\t\t\t\n\t\t\t\t\t\t\t<\/div>\n\t\t\t\t\t\t\t\t<\/li>\n\n\t\t\t<li\n\t\t\tclass=\"sow-features-feature sow-icon-container-position-top\"\n\t\t\tstyle=\"display: flex; flex-direction: column; width: calc(16.667% - 25px);\"\n\t\t>\n\t\t\t\n\t\t\t\t\t\t<a\t\t\t\tclass=\"sow-icon-container sow-container-none\"\n\t\t\t\tstyle=\"color: #404040; \"\n\t\t\t\t\n\t\t\t\t\t\t\t\t\thref=\"https:\/\/ewa-marine.com\/products\/raincapes\/camcorders\/vc-1m\/\"\n\t\t\t\t\t\t\t\t>\n\t\t\t\t\t\t\t\t\t\t<div class=\"sow-icon-image\" style=\"background-image: url(https:\/\/ewa-marine.com\/wp-content\/uploads\/2017\/01\/vc1m-150x150.png); font-size: 150px\"><\/div>\n\t\t\t\t\t\t\t\t\t<\/a>\n\n\t\t\t<div class=\"textwidget\">\n\t\t\t\t\n\t\t\t\t\n\t\t\t\t\t\t\t<\/div>\n\t\t\t\t\t\t\t\t<\/li>\n\n\t\t\t<li\n\t\t\tclass=\"sow-features-feature sow-icon-container-position-top\"\n\t\t\tstyle=\"display: flex; flex-direction: column; width: calc(16.667% - 25px);\"\n\t\t>\n\t\t\t\n\t\t\t\t\t\t<a\t\t\t\tclass=\"sow-icon-container sow-container-none\"\n\t\t\t\tstyle=\"color: #404040; \"\n\t\t\t\t\n\t\t\t\t\t\t\t\t\thref=\"https:\/\/ewa-marine.com\/products\/accessories\/cd5-silica-gel\/\"\n\t\t\t\t\t\t\t\t>\n\t\t\t\t\t\t\t\t\t\t<div class=\"sow-icon-image\" style=\"background-image: url(https:\/\/ewa-marine.com\/wp-content\/uploads\/2017\/01\/cd5-3.png); font-size: 150px\"><\/div>\n\t\t\t\t\t\t\t\t\t<\/a>\n\n\t\t\t<div class=\"textwidget\">\n\t\t\t\t\n\t\t\t\t\n\t\t\t\t\t\t\t<\/div>\n\t\t\t\t\t\t\t\t<\/li>\n\n\t\t\t<li\n\t\t\tclass=\"sow-features-feature sow-icon-container-position-top\"\n\t\t\tstyle=\"display: flex; flex-direction: column; width: calc(16.667% - 25px);\"\n\t\t>\n\t\t\t\n\t\t\t\t\t\t<a\t\t\t\tclass=\"sow-icon-container sow-container-none\"\n\t\t\t\tstyle=\"color: #404040; \"\n\t\t\t\t\n\t\t\t\t\t\t\t\t\thref=\"https:\/\/ewa-marine.com\/products\/video\/vla\/\"\n\t\t\t\t\t\t\t\t>\n\t\t\t\t\t\t\t\t\t\t<div class=\"sow-icon-image\" style=\"background-image: url(https:\/\/ewa-marine.com\/wp-content\/uploads\/2017\/01\/vla-5-150x150.png); font-size: 150px\"><\/div>\n\t\t\t\t\t\t\t\t\t<\/a>\n\n\t\t\t<div class=\"textwidget\">\n\t\t\t\t\n\t\t\t\t\n\t\t\t\t\t\t\t<\/div>\n\t\t\t\t\t\t\t\t<\/li>\n\n\t\t\t<li\n\t\t\tclass=\"sow-features-feature sow-icon-container-position-top\"\n\t\t\tstyle=\"display: flex; flex-direction: column; width: calc(16.667% - 25px);\"\n\t\t>\n\t\t\t\n\t\t\t\t\t\t<a\t\t\t\tclass=\"sow-icon-container sow-container-none\"\n\t\t\t\tstyle=\"color: #404040; \"\n\t\t\t\t\n\t\t\t\t\t\t\t\t\thref=\"https:\/\/ewa-marine.com\/products\/video\/vfsx\/\"\n\t\t\t\t\t\t\t\t>\n\t\t\t\t\t\t\t\t\t\t<div class=\"sow-icon-image\" style=\"background-image: url(https:\/\/ewa-marine.com\/wp-content\/uploads\/2017\/01\/vfsx-1-150x150.png); font-size: 150px\"><\/div>\n\t\t\t\t\t\t\t\t\t<\/a>\n\n\t\t\t<div class=\"textwidget\">\n\t\t\t\t\n\t\t\t\t\n\t\t\t\t\t\t\t<\/div>\n\t\t\t\t\t\t\t\t<\/li>\n\n\t\t\t<li\n\t\t\tclass=\"sow-features-feature sow-icon-container-position-top\"\n\t\t\tstyle=\"display: flex; flex-direction: column; width: calc(16.667% - 25px);\"\n\t\t>\n\t\t\t\n\t\t\t\t\t\t<a\t\t\t\tclass=\"sow-icon-container sow-container-none\"\n\t\t\t\tstyle=\"color: #404040; \"\n\t\t\t\t\n\t\t\t\t\t\t\t\t\thref=\"https:\/\/ewa-marine.com\/products\/photo\/slr\/u-a\/\"\n\t\t\t\t\t\t\t\t>\n\t\t\t\t\t\t\t\t\t\t<div class=\"sow-icon-image\" style=\"background-image: url(https:\/\/ewa-marine.com\/wp-content\/uploads\/2017\/01\/ua-1-150x150.png); font-size: 150px\"><\/div>\n\t\t\t\t\t\t\t\t\t<\/a>\n\n\t\t\t<div class=\"textwidget\">\n\t\t\t\t\n\t\t\t\t\n\t\t\t\t\t\t\t<\/div>\n\t\t\t\t\t\t\t\t<\/li>\n\n\t<\/ul>\n<\/div><\/div><\/div><\/div><\/div><div id=\"pg-7543-2\"  class=\"panel-grid panel-no-style\" ><div id=\"pgc-7543-2-0\"  class=\"panel-grid-cell\" ><div id=\"panel-7543-2-0-0\" class=\"so-panel widget widget_black-studio-tinymce widget_black_studio_tinymce panel-first-child panel-last-child\" data-index=\"6\" ><div class=\"textwidget\"><hr \/>\n<h6>Alle Daten und Bilder von Unterwassergeh\u00e4usen und Regencapes entsprechen dem Stand unserer Produkte zum Zeitpunkt der letzten redaktionellen Bearbeitung dieser Seite. ewa-marine beh\u00e4lt sich jedoch vor, alle Produkte im Rahmen unseres kontinuierlichen Verbesserungprozesses zu \u00e4ndern und zu verbessern. Daher k\u00f6nnen die aktuell im Markt angebotenen Produkte in Einzelpunkten eventuell von den Abbildungen abweichen. Eine Garantie f\u00fcr Vollst\u00e4ndigkeit oder Richtigkeit kann nicht \u00fcbernommen werden, ebenso wenig wie eine Haftung f\u00fcr die Verwendung dieser Seiten oder deren Inhalt.<br \/>\nEinige Bilder auf dieser Website zeigen die ewa-marine Produkt einschlie\u00dflich Kamera oder anderer elektronischer Ger\u00e4te. Diese Kameras oder andere Elektronik sind nicht im Lieferumfang enthalten und dienen hier nur als Anwendungsbeispiel.<\/h6>\n<\/div><\/div><\/div><\/div><div id=\"pg-7543-3\"  class=\"panel-grid panel-has-style\" ><div class=\"panel-widget-style panel-row-style panel-row-style-for-7543-3\" ><div id=\"pgc-7543-3-0\"  class=\"panel-grid-cell panel-grid-cell-empty\" ><\/div><\/div><\/div><\/div>","protected":false},"excerpt":{"rendered":"<p>ewa-marine VDX100Unterwassergeh\u00e4use f\u00fcr VideocamcorderBestellcode: VDX100Auslaufmodell\/ Bitte beachten Sie: Dieses Geh\u00e4use wird nicht mehr produziert und wir haben auch keinen Lagerbestand mehr im Werk. Bitte kontaktieren Sie Ihren lokalen H\u00e4ndler oder Distributeur ob dieser Sie noch beliefern kann.Das VDX 100 f\u00fcr die Panasonic DX100 und DX110, sowie f\u00fcr ausgew\u00e4hlte digitale Camcorder anderer Hersteller und f\u00fcr Tauchtiefen von bis zu 10m geeignet.Das Geh\u00e4use wird aus einer Spezialfolie hergestellt und hat eine integrierte, optische Planglasscheibe als Frontport.Ideal zum Schnorcheln oder Tauchen bis 10m &hellip; <a href=\"https:\/\/ewa-marine.com\/de\/products\/video\/archiv\/vdx100\/\">Weiterlesen<\/a><\/p>\n","protected":false},"author":1,"featured_media":3007,"parent":5828,"menu_order":16,"comment_status":"closed","ping_status":"closed","template":"","meta":{"kt_blocks_editor_width":"","footnotes":""},"class_list":["post-7543","page","type-page","status-publish","has-post-thumbnail","hentry"],"yoast_head":"<!-- This site is optimized with the Yoast SEO plugin v27.3 - https:\/\/yoast.com\/product\/yoast-seo-wordpress\/ -->\n<title>ewa-marine VDX100 Unterwassergeh\u00e4use f\u00fcr Videocamcorder<\/title>\n<meta name=\"robots\" content=\"index, follow, max-snippet:-1, max-image-preview:large, max-video-preview:-1\" \/>\n<link rel=\"canonical\" href=\"https:\/\/ewa-marine.com\/de\/products\/video\/archiv\/vdx100\/\" \/>\n<meta property=\"og:locale\" content=\"de_DE\" \/>\n<meta property=\"og:type\" content=\"article\" \/>\n<meta property=\"og:title\" content=\"ewa-marine VDX100 Unterwassergeh\u00e4use f\u00fcr Videocamcorder\" \/>\n<meta property=\"og:description\" content=\"ewa-marine VDX100Unterwassergeh\u00e4use f\u00fcr VideocamcorderBestellcode: VDX100Auslaufmodell\/ Bitte beachten Sie: Dieses Geh\u00e4use wird nicht mehr produziert und wir haben auch keinen Lagerbestand mehr im Werk. Bitte kontaktieren Sie Ihren lokalen H\u00e4ndler oder Distributeur ob dieser Sie noch beliefern kann.Das VDX 100 f\u00fcr die Panasonic DX100 und DX110, sowie f\u00fcr ausgew\u00e4hlte digitale Camcorder anderer Hersteller und f\u00fcr Tauchtiefen von bis zu 10m geeignet.Das Geh\u00e4use wird aus einer Spezialfolie hergestellt und hat eine integrierte, optische Planglasscheibe als Frontport.Ideal zum Schnorcheln oder Tauchen bis 10m &hellip; Weiterlesen\" \/>\n<meta property=\"og:url\" content=\"https:\/\/ewa-marine.com\/de\/products\/video\/archiv\/vdx100\/\" \/>\n<meta property=\"og:site_name\" content=\"ewa-marine\" \/>\n<meta property=\"article:publisher\" content=\"https:\/\/www.facebook.com\/ewa-marine\" \/>\n<meta property=\"article:modified_time\" content=\"2017-02-06T10:19:59+00:00\" \/>\n<meta property=\"og:image\" content=\"https:\/\/ewa-marine.com\/wp-content\/uploads\/2015\/12\/VDX100-200x200.jpg\" \/>\n\t<meta property=\"og:image:width\" content=\"200\" \/>\n\t<meta property=\"og:image:height\" content=\"200\" \/>\n\t<meta property=\"og:image:type\" content=\"image\/jpeg\" \/>\n<meta name=\"twitter:card\" content=\"summary_large_image\" \/>\n<meta name=\"twitter:site\" content=\"@ewa_marine\" \/>\n<meta name=\"twitter:label1\" content=\"Gesch\u00e4tzte Lesezeit\" \/>\n\t<meta name=\"twitter:data1\" content=\"3\u00a0Minuten\" \/>\n<script type=\"application\/ld+json\" class=\"yoast-schema-graph\">{\"@context\":\"https:\\\/\\\/schema.org\",\"@graph\":[{\"@type\":\"WebPage\",\"@id\":\"https:\\\/\\\/ewa-marine.com\\\/de\\\/products\\\/video\\\/archiv\\\/vdx100\\\/\",\"url\":\"https:\\\/\\\/ewa-marine.com\\\/de\\\/products\\\/video\\\/archiv\\\/vdx100\\\/\",\"name\":\"ewa-marine VDX100 Unterwassergeh\u00e4use f\u00fcr Videocamcorder\",\"isPartOf\":{\"@id\":\"https:\\\/\\\/ewa-marine.com\\\/de\\\/#website\"},\"primaryImageOfPage\":{\"@id\":\"https:\\\/\\\/ewa-marine.com\\\/de\\\/products\\\/video\\\/archiv\\\/vdx100\\\/#primaryimage\"},\"image\":{\"@id\":\"https:\\\/\\\/ewa-marine.com\\\/de\\\/products\\\/video\\\/archiv\\\/vdx100\\\/#primaryimage\"},\"thumbnailUrl\":\"https:\\\/\\\/ewa-marine.com\\\/wp-content\\\/uploads\\\/2015\\\/12\\\/VDX100-200x200.jpg\",\"datePublished\":\"2017-01-17T11:09:56+00:00\",\"dateModified\":\"2017-02-06T10:19:59+00:00\",\"breadcrumb\":{\"@id\":\"https:\\\/\\\/ewa-marine.com\\\/de\\\/products\\\/video\\\/archiv\\\/vdx100\\\/#breadcrumb\"},\"inLanguage\":\"de\",\"potentialAction\":[{\"@type\":\"ReadAction\",\"target\":[\"https:\\\/\\\/ewa-marine.com\\\/de\\\/products\\\/video\\\/archiv\\\/vdx100\\\/\"]}]},{\"@type\":\"ImageObject\",\"inLanguage\":\"de\",\"@id\":\"https:\\\/\\\/ewa-marine.com\\\/de\\\/products\\\/video\\\/archiv\\\/vdx100\\\/#primaryimage\",\"url\":\"https:\\\/\\\/ewa-marine.com\\\/wp-content\\\/uploads\\\/2015\\\/12\\\/VDX100-200x200.jpg\",\"contentUrl\":\"https:\\\/\\\/ewa-marine.com\\\/wp-content\\\/uploads\\\/2015\\\/12\\\/VDX100-200x200.jpg\",\"width\":200,\"height\":200},{\"@type\":\"BreadcrumbList\",\"@id\":\"https:\\\/\\\/ewa-marine.com\\\/de\\\/products\\\/video\\\/archiv\\\/vdx100\\\/#breadcrumb\",\"itemListElement\":[{\"@type\":\"ListItem\",\"position\":1,\"name\":\"Startseite\",\"item\":\"https:\\\/\\\/www.ewa-marine.de\\\/\"},{\"@type\":\"ListItem\",\"position\":2,\"name\":\"Produkte\",\"item\":\"https:\\\/\\\/www.ewa-marine.de\\\/products\\\/\"},{\"@type\":\"ListItem\",\"position\":3,\"name\":\"Video\",\"item\":\"https:\\\/\\\/www.ewa-marine.de\\\/products\\\/video\\\/\"},{\"@type\":\"ListItem\",\"position\":4,\"name\":\"Archiv der UW-Geh\u00e4use f\u00fcr Videokameras\",\"item\":\"https:\\\/\\\/www.ewa-marine.de\\\/products\\\/video\\\/archiv\\\/\"},{\"@type\":\"ListItem\",\"position\":5,\"name\":\"VDX100\"}]},{\"@type\":\"WebSite\",\"@id\":\"https:\\\/\\\/ewa-marine.com\\\/de\\\/#website\",\"url\":\"https:\\\/\\\/ewa-marine.com\\\/de\\\/\",\"name\":\"ewa-marine\",\"description\":\"Capture the Extreme !\",\"potentialAction\":[{\"@type\":\"SearchAction\",\"target\":{\"@type\":\"EntryPoint\",\"urlTemplate\":\"https:\\\/\\\/ewa-marine.com\\\/de\\\/?s={search_term_string}\"},\"query-input\":{\"@type\":\"PropertyValueSpecification\",\"valueRequired\":true,\"valueName\":\"search_term_string\"}}],\"inLanguage\":\"de\"}]}<\/script>\n<!-- \/ Yoast SEO plugin. -->","yoast_head_json":{"title":"ewa-marine VDX100 Unterwassergeh\u00e4use f\u00fcr Videocamcorder","robots":{"index":"index","follow":"follow","max-snippet":"max-snippet:-1","max-image-preview":"max-image-preview:large","max-video-preview":"max-video-preview:-1"},"canonical":"https:\/\/ewa-marine.com\/de\/products\/video\/archiv\/vdx100\/","og_locale":"de_DE","og_type":"article","og_title":"ewa-marine VDX100 Unterwassergeh\u00e4use f\u00fcr Videocamcorder","og_description":"ewa-marine VDX100Unterwassergeh\u00e4use f\u00fcr VideocamcorderBestellcode: VDX100Auslaufmodell\/ Bitte beachten Sie: Dieses Geh\u00e4use wird nicht mehr produziert und wir haben auch keinen Lagerbestand mehr im Werk. Bitte kontaktieren Sie Ihren lokalen H\u00e4ndler oder Distributeur ob dieser Sie noch beliefern kann.Das VDX 100 f\u00fcr die Panasonic DX100 und DX110, sowie f\u00fcr ausgew\u00e4hlte digitale Camcorder anderer Hersteller und f\u00fcr Tauchtiefen von bis zu 10m geeignet.Das Geh\u00e4use wird aus einer Spezialfolie hergestellt und hat eine integrierte, optische Planglasscheibe als Frontport.Ideal zum Schnorcheln oder Tauchen bis 10m &hellip; Weiterlesen","og_url":"https:\/\/ewa-marine.com\/de\/products\/video\/archiv\/vdx100\/","og_site_name":"ewa-marine","article_publisher":"https:\/\/www.facebook.com\/ewa-marine","article_modified_time":"2017-02-06T10:19:59+00:00","og_image":[{"width":200,"height":200,"url":"https:\/\/ewa-marine.com\/wp-content\/uploads\/2015\/12\/VDX100-200x200.jpg","type":"image\/jpeg"}],"twitter_card":"summary_large_image","twitter_site":"@ewa_marine","twitter_misc":{"Gesch\u00e4tzte Lesezeit":"3\u00a0Minuten"},"schema":{"@context":"https:\/\/schema.org","@graph":[{"@type":"WebPage","@id":"https:\/\/ewa-marine.com\/de\/products\/video\/archiv\/vdx100\/","url":"https:\/\/ewa-marine.com\/de\/products\/video\/archiv\/vdx100\/","name":"ewa-marine VDX100 Unterwassergeh\u00e4use f\u00fcr Videocamcorder","isPartOf":{"@id":"https:\/\/ewa-marine.com\/de\/#website"},"primaryImageOfPage":{"@id":"https:\/\/ewa-marine.com\/de\/products\/video\/archiv\/vdx100\/#primaryimage"},"image":{"@id":"https:\/\/ewa-marine.com\/de\/products\/video\/archiv\/vdx100\/#primaryimage"},"thumbnailUrl":"https:\/\/ewa-marine.com\/wp-content\/uploads\/2015\/12\/VDX100-200x200.jpg","datePublished":"2017-01-17T11:09:56+00:00","dateModified":"2017-02-06T10:19:59+00:00","breadcrumb":{"@id":"https:\/\/ewa-marine.com\/de\/products\/video\/archiv\/vdx100\/#breadcrumb"},"inLanguage":"de","potentialAction":[{"@type":"ReadAction","target":["https:\/\/ewa-marine.com\/de\/products\/video\/archiv\/vdx100\/"]}]},{"@type":"ImageObject","inLanguage":"de","@id":"https:\/\/ewa-marine.com\/de\/products\/video\/archiv\/vdx100\/#primaryimage","url":"https:\/\/ewa-marine.com\/wp-content\/uploads\/2015\/12\/VDX100-200x200.jpg","contentUrl":"https:\/\/ewa-marine.com\/wp-content\/uploads\/2015\/12\/VDX100-200x200.jpg","width":200,"height":200},{"@type":"BreadcrumbList","@id":"https:\/\/ewa-marine.com\/de\/products\/video\/archiv\/vdx100\/#breadcrumb","itemListElement":[{"@type":"ListItem","position":1,"name":"Startseite","item":"https:\/\/www.ewa-marine.de\/"},{"@type":"ListItem","position":2,"name":"Produkte","item":"https:\/\/www.ewa-marine.de\/products\/"},{"@type":"ListItem","position":3,"name":"Video","item":"https:\/\/www.ewa-marine.de\/products\/video\/"},{"@type":"ListItem","position":4,"name":"Archiv der UW-Geh\u00e4use f\u00fcr Videokameras","item":"https:\/\/www.ewa-marine.de\/products\/video\/archiv\/"},{"@type":"ListItem","position":5,"name":"VDX100"}]},{"@type":"WebSite","@id":"https:\/\/ewa-marine.com\/de\/#website","url":"https:\/\/ewa-marine.com\/de\/","name":"ewa-marine","description":"Capture the Extreme !","potentialAction":[{"@type":"SearchAction","target":{"@type":"EntryPoint","urlTemplate":"https:\/\/ewa-marine.com\/de\/?s={search_term_string}"},"query-input":{"@type":"PropertyValueSpecification","valueRequired":true,"valueName":"search_term_string"}}],"inLanguage":"de"}]}},"_links":{"self":[{"href":"https:\/\/ewa-marine.com\/de\/wp-json\/wp\/v2\/pages\/7543","targetHints":{"allow":["GET"]}}],"collection":[{"href":"https:\/\/ewa-marine.com\/de\/wp-json\/wp\/v2\/pages"}],"about":[{"href":"https:\/\/ewa-marine.com\/de\/wp-json\/wp\/v2\/types\/page"}],"author":[{"embeddable":true,"href":"https:\/\/ewa-marine.com\/de\/wp-json\/wp\/v2\/users\/1"}],"replies":[{"embeddable":true,"href":"https:\/\/ewa-marine.com\/de\/wp-json\/wp\/v2\/comments?post=7543"}],"version-history":[{"count":0,"href":"https:\/\/ewa-marine.com\/de\/wp-json\/wp\/v2\/pages\/7543\/revisions"}],"up":[{"embeddable":true,"href":"https:\/\/ewa-marine.com\/de\/wp-json\/wp\/v2\/pages\/5828"}],"wp:featuredmedia":[{"embeddable":true,"href":"https:\/\/ewa-marine.com\/de\/wp-json\/wp\/v2\/media\/3007"}],"wp:attachment":[{"href":"https:\/\/ewa-marine.com\/de\/wp-json\/wp\/v2\/media?parent=7543"}],"curies":[{"name":"wp","href":"https:\/\/api.w.org\/{rel}","templated":true}]}}