{"id":7565,"date":"2015-07-13T10:55:22","date_gmt":"2015-07-13T09:55:22","guid":{"rendered":"http:\/\/www.ewa-marine.de\/local-dealers\/"},"modified":"2022-01-07T14:06:23","modified_gmt":"2022-01-07T13:06:23","slug":"haendler","status":"publish","type":"page","link":"https:\/\/ewa-marine.com\/de\/haendler\/","title":{"rendered":"H\u00e4ndler in Deutschland"},"content":{"rendered":"<div id=\"pl-7565\" class=\"panel-layout\">\n<div id=\"pg-7565-0\" class=\"panel-grid panel-no-style\">\n<div id=\"pgc-7565-0-0\" class=\"panel-grid-cell\" data-weight=\"1\">\n<div id=\"panel-7565-0-0-0\" class=\"so-panel widget widget_sow-editor panel-first-child panel-last-child\" data-index=\"0\" data-style=\"{&quot;background_display&quot;:&quot;tile&quot;}\">\n<div class=\"so-widget-sow-editor so-widget-sow-editor-base\">\n<div class=\"siteorigin-widget-tinymce textwidget\">\n<div id=\"pg-1027-0\" class=\"panel-grid\">\n<div id=\"pgc-1027-0-0\" class=\"panel-grid-cell\">\n<div id=\"panel-1027-0-0-0\" class=\"so-panel widget widget_black-studio-tinymce widget_black_studio_tinymce panel-first-child panel-last-child\" data-index=\"0\">\n<div class=\"textwidget\">\n<figure id=\"attachment_5203\" class=\"thumbnail wp-caption alignright\" style=\"width: 194px;\"><a href=\"https:\/\/www.marinsolar.de\/\"><img loading=\"lazy\" decoding=\"async\" class=\"alignright wp-image-5203 size-full\" src=\"https:\/\/www.ewa-marine.de\/wp-content\/uploads\/2016\/03\/online-kaufen.png\" alt=\"Online Einkaufen bei marinSolar\" width=\"194\" height=\"65\" data-recalc-dims=\"1\" \/><\/a><figcaption class=\"caption wp-caption-text\">Fabrikverkauf &amp; Online-H\u00e4ndler<\/figcaption><\/figure>\n<h1>Vertieb<\/h1>\n<p>Um Ihnen den besten und schnellsten Service zu bieten, erfolgt der Verkauf und Service der ewa-marine Produkte direkt ab Werk in Deutschland, \u00d6sterreich, der Schweiz und der restlichen EU.<\/p>\n<p>Der Verkauf erfolgt \u00fcberunseren betriebseigenen Werksverkauf under <a href=\"http:\/\/www.marinSolar.de\">www.marinSolar.de<\/a><\/p>\n<p>Die ewa-marine GmbH ist ein deutsches Unternehmen mit Sitz in Bayern. Alle unsere Produkte werden in unserem eigenen Werk in Wolfratshausen (s\u00fcdlich von M\u00fcnchen, Bayern) hergestellt. Aufgrund der Ver\u00e4nderungen auf dem Kameramarkt in den letzten Jahren sowie der Auswirkungen von COVID-19 auf die Reise- und Tauchbranche haben wir uns entschlossen, unsere Vertriebsstrategie ab 2022 zu \u00fcberarbeiten. Ab diesem Jahr werden wir direkt von unserem Werk aus an unsere Kunden au\u00dferhalb von Nordamerika verkaufen.<\/p>\n<p>Wir sind \u00fcberzeugt, dass das neue System unseren Endkunden einen besseren und schnelleren Service bieten wird und wir so auch bessere, individuellere L\u00f6sungen anbieten k\u00f6nnen.<\/p>\n<p>In unserem Onlineshop, <strong>marinSolar<\/strong>, finden Sie alle ewa-marine Produkte sowie eine Auswahl von hochwertigen Unterwassergeh\u00e4usen und Zubeh\u00f6r f\u00fchrender Marken.<\/p>\n<p><a href=\"https:\/\/www.marinsolar.de\/\"><img loading=\"lazy\" decoding=\"async\" class=\"size-medium wp-image-33695 aligncenter\" src=\"https:\/\/www.ewa-marine.de\/wp-content\/uploads\/2022\/01\/marinSolar-logo-sw-600-300x300.webp\" alt=\"\" width=\"300\" height=\"300\" srcset=\"https:\/\/ewa-marine.com\/wp-content\/uploads\/2022\/01\/marinSolar-logo-sw-600-300x300.webp 300w, https:\/\/ewa-marine.com\/wp-content\/uploads\/2022\/01\/marinSolar-logo-sw-600-150x150.webp 150w, https:\/\/ewa-marine.com\/wp-content\/uploads\/2022\/01\/marinSolar-logo-sw-600-60x60.webp 60w, https:\/\/ewa-marine.com\/wp-content\/uploads\/2022\/01\/marinSolar-logo-sw-600.webp 600w\" sizes=\"auto, (max-width: 300px) 100vw, 300px\" \/><\/a><\/p>\n<\/div>\n<\/div>\n<\/div>\n<\/div>\n<\/div>\n<\/div>\n<\/div>\n<\/div>\n<\/div>\n<\/div>\n","protected":false},"excerpt":{"rendered":"<p>Fabrikverkauf &amp; Online-H\u00e4ndler Vertieb Um Ihnen den besten und schnellsten Service zu bieten, erfolgt der Verkauf und Service der ewa-marine Produkte direkt ab Werk in Deutschland, \u00d6sterreich, der Schweiz und der restlichen EU. Der Verkauf erfolgt \u00fcberunseren betriebseigenen Werksverkauf under www.marinSolar.de Die ewa-marine GmbH ist ein deutsches Unternehmen mit Sitz in Bayern. Alle unsere Produkte werden in unserem eigenen Werk in Wolfratshausen (s\u00fcdlich von M\u00fcnchen, Bayern) hergestellt. Aufgrund der Ver\u00e4nderungen auf dem Kameramarkt in den letzten Jahren sowie der Auswirkungen &hellip; <a href=\"https:\/\/ewa-marine.com\/de\/haendler\/\">Weiterlesen<\/a><\/p>\n","protected":false},"author":1,"featured_media":2491,"parent":0,"menu_order":6,"comment_status":"closed","ping_status":"closed","template":"","meta":{"kt_blocks_editor_width":"","footnotes":""},"class_list":["post-7565","page","type-page","status-publish","has-post-thumbnail","hentry"],"yoast_head":"<!-- This site is optimized with the Yoast SEO plugin v27.4 - https:\/\/yoast.com\/product\/yoast-seo-wordpress\/ -->\n<title>ewa-marine Unterwassergeh\u00e4use und Produkte kaufen<\/title>\n<meta name=\"description\" content=\"ewa-marine Unterwassergeh\u00e4use und Regencapes erhalten Sie in Deutschland im Direktvertrieb durch unseren Onlineshop www.marinSolar.de\" \/>\n<meta name=\"robots\" content=\"index, follow, max-snippet:-1, max-image-preview:large, max-video-preview:-1\" \/>\n<link rel=\"canonical\" href=\"https:\/\/ewa-marine.com\/de\/haendler\/\" \/>\n<meta property=\"og:locale\" content=\"de_DE\" \/>\n<meta property=\"og:type\" content=\"article\" \/>\n<meta property=\"og:title\" content=\"ewa-marine Unterwassergeh\u00e4use und Produkte kaufen\" \/>\n<meta property=\"og:description\" content=\"ewa-marine Unterwassergeh\u00e4use und Regencapes erhalten Sie in Deutschland im Direktvertrieb durch unseren Onlineshop www.marinSolar.de\" \/>\n<meta property=\"og:url\" content=\"https:\/\/ewa-marine.com\/de\/haendler\/\" \/>\n<meta property=\"og:site_name\" content=\"ewa-marine\" \/>\n<meta property=\"article:publisher\" content=\"https:\/\/www.facebook.com\/ewa-marine\" \/>\n<meta property=\"article:modified_time\" content=\"2022-01-07T13:06:23+00:00\" \/>\n<meta property=\"og:image\" content=\"https:\/\/i0.wp.com\/www.ewa-marine.de\/wp-content\/uploads\/2015\/07\/featured-diver.jpg?fit=200%2C200&ssl=1\" \/>\n\t<meta property=\"og:image:width\" content=\"200\" \/>\n\t<meta property=\"og:image:height\" content=\"200\" \/>\n\t<meta property=\"og:image:type\" content=\"image\/jpeg\" \/>\n<meta name=\"twitter:card\" content=\"summary_large_image\" \/>\n<meta name=\"twitter:site\" content=\"@ewa_marine\" \/>\n<meta name=\"twitter:label1\" content=\"Gesch\u00e4tzte Lesezeit\" \/>\n\t<meta name=\"twitter:data1\" content=\"2\u00a0Minuten\" \/>\n<script type=\"application\/ld+json\" class=\"yoast-schema-graph\">{\"@context\":\"https:\\\/\\\/schema.org\",\"@graph\":[{\"@type\":\"WebPage\",\"@id\":\"https:\\\/\\\/ewa-marine.com\\\/de\\\/haendler\\\/\",\"url\":\"https:\\\/\\\/ewa-marine.com\\\/de\\\/haendler\\\/\",\"name\":\"ewa-marine Unterwassergeh\u00e4use und Produkte kaufen\",\"isPartOf\":{\"@id\":\"https:\\\/\\\/ewa-marine.com\\\/de\\\/#website\"},\"primaryImageOfPage\":{\"@id\":\"https:\\\/\\\/ewa-marine.com\\\/de\\\/haendler\\\/#primaryimage\"},\"image\":{\"@id\":\"https:\\\/\\\/ewa-marine.com\\\/de\\\/haendler\\\/#primaryimage\"},\"thumbnailUrl\":\"https:\\\/\\\/ewa-marine.com\\\/wp-content\\\/uploads\\\/2015\\\/07\\\/featured-diver.jpg\",\"datePublished\":\"2015-07-13T09:55:22+00:00\",\"dateModified\":\"2022-01-07T13:06:23+00:00\",\"description\":\"ewa-marine Unterwassergeh\u00e4use und Regencapes erhalten Sie in Deutschland im Direktvertrieb durch unseren Onlineshop www.marinSolar.de\",\"breadcrumb\":{\"@id\":\"https:\\\/\\\/ewa-marine.com\\\/de\\\/haendler\\\/#breadcrumb\"},\"inLanguage\":\"de\",\"potentialAction\":[{\"@type\":\"ReadAction\",\"target\":[\"https:\\\/\\\/ewa-marine.com\\\/de\\\/haendler\\\/\"]}]},{\"@type\":\"ImageObject\",\"inLanguage\":\"de\",\"@id\":\"https:\\\/\\\/ewa-marine.com\\\/de\\\/haendler\\\/#primaryimage\",\"url\":\"https:\\\/\\\/ewa-marine.com\\\/wp-content\\\/uploads\\\/2015\\\/07\\\/featured-diver.jpg\",\"contentUrl\":\"https:\\\/\\\/ewa-marine.com\\\/wp-content\\\/uploads\\\/2015\\\/07\\\/featured-diver.jpg\",\"width\":200,\"height\":200},{\"@type\":\"BreadcrumbList\",\"@id\":\"https:\\\/\\\/ewa-marine.com\\\/de\\\/haendler\\\/#breadcrumb\",\"itemListElement\":[{\"@type\":\"ListItem\",\"position\":1,\"name\":\"Startseite\",\"item\":\"https:\\\/\\\/www.ewa-marine.de\\\/\"},{\"@type\":\"ListItem\",\"position\":2,\"name\":\"H\u00e4ndler in Deutschland\"}]},{\"@type\":\"WebSite\",\"@id\":\"https:\\\/\\\/ewa-marine.com\\\/de\\\/#website\",\"url\":\"https:\\\/\\\/ewa-marine.com\\\/de\\\/\",\"name\":\"ewa-marine\",\"description\":\"Capture the Extreme !\",\"potentialAction\":[{\"@type\":\"SearchAction\",\"target\":{\"@type\":\"EntryPoint\",\"urlTemplate\":\"https:\\\/\\\/ewa-marine.com\\\/de\\\/?s={search_term_string}\"},\"query-input\":{\"@type\":\"PropertyValueSpecification\",\"valueRequired\":true,\"valueName\":\"search_term_string\"}}],\"inLanguage\":\"de\"}]}<\/script>\n<!-- \/ Yoast SEO plugin. -->","yoast_head_json":{"title":"ewa-marine Unterwassergeh\u00e4use und Produkte kaufen","description":"ewa-marine Unterwassergeh\u00e4use und Regencapes erhalten Sie in Deutschland im Direktvertrieb durch unseren Onlineshop www.marinSolar.de","robots":{"index":"index","follow":"follow","max-snippet":"max-snippet:-1","max-image-preview":"max-image-preview:large","max-video-preview":"max-video-preview:-1"},"canonical":"https:\/\/ewa-marine.com\/de\/haendler\/","og_locale":"de_DE","og_type":"article","og_title":"ewa-marine Unterwassergeh\u00e4use und Produkte kaufen","og_description":"ewa-marine Unterwassergeh\u00e4use und Regencapes erhalten Sie in Deutschland im Direktvertrieb durch unseren Onlineshop www.marinSolar.de","og_url":"https:\/\/ewa-marine.com\/de\/haendler\/","og_site_name":"ewa-marine","article_publisher":"https:\/\/www.facebook.com\/ewa-marine","article_modified_time":"2022-01-07T13:06:23+00:00","og_image":[{"width":200,"height":200,"url":"https:\/\/i0.wp.com\/www.ewa-marine.de\/wp-content\/uploads\/2015\/07\/featured-diver.jpg?fit=200%2C200&ssl=1","type":"image\/jpeg"}],"twitter_card":"summary_large_image","twitter_site":"@ewa_marine","twitter_misc":{"Gesch\u00e4tzte Lesezeit":"2\u00a0Minuten"},"schema":{"@context":"https:\/\/schema.org","@graph":[{"@type":"WebPage","@id":"https:\/\/ewa-marine.com\/de\/haendler\/","url":"https:\/\/ewa-marine.com\/de\/haendler\/","name":"ewa-marine Unterwassergeh\u00e4use und Produkte kaufen","isPartOf":{"@id":"https:\/\/ewa-marine.com\/de\/#website"},"primaryImageOfPage":{"@id":"https:\/\/ewa-marine.com\/de\/haendler\/#primaryimage"},"image":{"@id":"https:\/\/ewa-marine.com\/de\/haendler\/#primaryimage"},"thumbnailUrl":"https:\/\/ewa-marine.com\/wp-content\/uploads\/2015\/07\/featured-diver.jpg","datePublished":"2015-07-13T09:55:22+00:00","dateModified":"2022-01-07T13:06:23+00:00","description":"ewa-marine Unterwassergeh\u00e4use und Regencapes erhalten Sie in Deutschland im Direktvertrieb durch unseren Onlineshop www.marinSolar.de","breadcrumb":{"@id":"https:\/\/ewa-marine.com\/de\/haendler\/#breadcrumb"},"inLanguage":"de","potentialAction":[{"@type":"ReadAction","target":["https:\/\/ewa-marine.com\/de\/haendler\/"]}]},{"@type":"ImageObject","inLanguage":"de","@id":"https:\/\/ewa-marine.com\/de\/haendler\/#primaryimage","url":"https:\/\/ewa-marine.com\/wp-content\/uploads\/2015\/07\/featured-diver.jpg","contentUrl":"https:\/\/ewa-marine.com\/wp-content\/uploads\/2015\/07\/featured-diver.jpg","width":200,"height":200},{"@type":"BreadcrumbList","@id":"https:\/\/ewa-marine.com\/de\/haendler\/#breadcrumb","itemListElement":[{"@type":"ListItem","position":1,"name":"Startseite","item":"https:\/\/www.ewa-marine.de\/"},{"@type":"ListItem","position":2,"name":"H\u00e4ndler in Deutschland"}]},{"@type":"WebSite","@id":"https:\/\/ewa-marine.com\/de\/#website","url":"https:\/\/ewa-marine.com\/de\/","name":"ewa-marine","description":"Capture the Extreme !","potentialAction":[{"@type":"SearchAction","target":{"@type":"EntryPoint","urlTemplate":"https:\/\/ewa-marine.com\/de\/?s={search_term_string}"},"query-input":{"@type":"PropertyValueSpecification","valueRequired":true,"valueName":"search_term_string"}}],"inLanguage":"de"}]}},"_links":{"self":[{"href":"https:\/\/ewa-marine.com\/de\/wp-json\/wp\/v2\/pages\/7565","targetHints":{"allow":["GET"]}}],"collection":[{"href":"https:\/\/ewa-marine.com\/de\/wp-json\/wp\/v2\/pages"}],"about":[{"href":"https:\/\/ewa-marine.com\/de\/wp-json\/wp\/v2\/types\/page"}],"author":[{"embeddable":true,"href":"https:\/\/ewa-marine.com\/de\/wp-json\/wp\/v2\/users\/1"}],"replies":[{"embeddable":true,"href":"https:\/\/ewa-marine.com\/de\/wp-json\/wp\/v2\/comments?post=7565"}],"version-history":[{"count":4,"href":"https:\/\/ewa-marine.com\/de\/wp-json\/wp\/v2\/pages\/7565\/revisions"}],"predecessor-version":[{"id":33759,"href":"https:\/\/ewa-marine.com\/de\/wp-json\/wp\/v2\/pages\/7565\/revisions\/33759"}],"wp:featuredmedia":[{"embeddable":true,"href":"https:\/\/ewa-marine.com\/de\/wp-json\/wp\/v2\/media\/2491"}],"wp:attachment":[{"href":"https:\/\/ewa-marine.com\/de\/wp-json\/wp\/v2\/media?parent=7565"}],"curies":[{"name":"wp","href":"https:\/\/api.w.org\/{rel}","templated":true}]}}