{"id":822,"date":"2015-07-13T10:30:57","date_gmt":"2015-07-13T09:30:57","guid":{"rendered":"http:\/\/de.dicapac.de\/?page_id=822"},"modified":"2017-02-15T09:31:45","modified_gmt":"2017-02-15T08:31:45","slug":"regencapes","status":"publish","type":"page","link":"https:\/\/ewa-marine.com\/de\/products\/regencapes\/","title":{"rendered":"Regencapes"},"content":{"rendered":"<div id=\"pl-822\"  class=\"panel-layout\" ><div id=\"pg-822-0\"  class=\"panel-grid panel-no-style\" ><div id=\"pgc-822-0-0\"  class=\"panel-grid-cell\" ><div id=\"panel-822-0-0-0\" class=\"so-panel widget widget_sow-editor panel-first-child\" data-index=\"0\" ><div\n\t\t\t\n\t\t\tclass=\"so-widget-sow-editor so-widget-sow-editor-base\"\n\t\t\t\n\t\t>\n<div class=\"siteorigin-widget-tinymce textwidget\">\n\t<h1>Regencapes<\/h1>\n<p>Wenn Sie sich ernsthaft mit dem Fotografieren besch\u00e4ftigen wollen, bedarf es Ihrer ungeteilten Aufmerksamkeit. Was k\u00f6nnte schlimmer sein, als sich Gedanken dar\u00fcber machen zu m\u00fcssen wie die Kameraausr\u00fcstung einen Regenschauer unbeschadet \u00fcbersteht. Ihre Kamera braucht ein Regencape!<\/p>\n<p>ewa-marine Regenschutzh\u00fcllen sind f\u00fcr alle Arten von Camcordern und SLR\/D-SLR Fotokameras lieferbar. Unsere Regencapes sind f\u00fcr extrem schlechtes Wetter ausgelegt. Daher sind Sie bei unseren Kunden aus dem Bereich Rundfunk in den USA auch als die \"Hurricane Hoods\" bekannt.<\/p>\n<p>Bitte klicken Sie unten auf eine Kategorie um ein passendes Regencape zu finden und genauere Informationen dar\u00fcber und seine Funktionsweise zu erhalten.<\/p>\n<p style=\"padding-left: 30px;\"><a href=\"http:\/\/www.ewa-marine.de\/products\/regencapes\/fotokameras\/\">SLR Foto<\/a><\/p>\n<p style=\"padding-left: 30px;\"><a href=\"http:\/\/www.ewa-marine.de\/products\/regencapes\/camcorders\/\">Video<\/a><\/p>\n<p style=\"padding-left: 30px;\"><a href=\"http:\/\/www.ewa-marine.de\/products\/regencapes\/rundfunk-und-filmkameras\/\">Rundfunk und Filmkameras<\/a><\/p>\n<\/div>\n<\/div><\/div>\n          <div id=\"panel-822-0-0-1\" class=\"so-panel widget widget_kadence_gallery_widget kadence_gallery_widget\" data-index=\"1\" ><h3 class=\"widget-title\">Einige Beispiele unserer Auswahl an Regencapes:<\/h3>          <div class=\"carousel_outerrim kad-animation\" data-animation=\"fade-in\" data-delay=\"0\">\n              \t<div id=\"gallery-carousel-52\" class=\"rowtight\">\n                \t<div id=\"carousel-52\"  class=\"slick-slider kt-slickslider kad-light-wp-gallery kt-image-carousel loading clearfix\" data-slider-fade=\"false\" data-slider-type=\"content-carousel\" data-slider-anim-speed=\"400\" data-slider-arrows=\"true\" data-slider-scroll=\"1\" data-slider-auto=true\" data-slider-speed=\"5000\" data-slider-xxl=\"4\" data-slider-xl=\"4\" data-slider-md=\"4\" data-slider-sm=\"3\" data-slider-xs=\"2\" data-slider-ss=\"2\">\n               \t\t <div class=\"tcol-lg-3 tcol-md-3 tcol-sm-4 tcol-xs-4 tcol-ss-12 g_item\"><div class=\"carousel_item grid_item gallery_item\"><a href=\"https:\/\/ewa-marine.com\/wp-content\/uploads\/2015\/12\/VC-1L-200x200.jpg\" data-rel=\"lightbox\" class=\"gallery-link\"><div class=\"kt-intrinsic\" style=\"padding-bottom:100%;\" itemprop=\"image\" itemscope itemtype=\"http:\/\/schema.org\/ImageObject\"><img loading=\"lazy\" decoding=\"async\" src=\"https:\/\/ewa-marine.com\/wp-content\/uploads\/2015\/12\/VC-1L-200x200.jpg\" width=\"200\" height=\"200\" alt=\"\" data-caption=\"\" itemprop=\"contentUrl\" srcset=\"https:\/\/ewa-marine.com\/wp-content\/uploads\/2015\/12\/VC-1L-200x200.jpg 200w, https:\/\/ewa-marine.com\/wp-content\/uploads\/2015\/12\/VC-1L-200x200-150x150.jpg 150w, https:\/\/ewa-marine.com\/wp-content\/uploads\/2015\/12\/VC-1L-200x200-60x60.jpg 60w\" sizes=\"auto, (max-width: 200px) 100vw, 200px\" class=\"kt-gallery-img\"\/><meta itemprop=\"url\" content=\"https:\/\/ewa-marine.com\/wp-content\/uploads\/2015\/12\/VC-1L-200x200.jpg\"><meta itemprop=\"width\" content=\"200\"><meta itemprop=\"height\" content=\"200>\"><\/div><\/a><\/div><\/div><div class=\"tcol-lg-3 tcol-md-3 tcol-sm-4 tcol-xs-4 tcol-ss-12 g_item\"><div class=\"carousel_item grid_item gallery_item\"><a href=\"https:\/\/ewa-marine.com\/wp-content\/uploads\/2015\/12\/C500-200x200.jpg\" data-rel=\"lightbox\" class=\"gallery-link\"><div class=\"kt-intrinsic\" style=\"padding-bottom:100%;\" itemprop=\"image\" itemscope itemtype=\"http:\/\/schema.org\/ImageObject\"><img loading=\"lazy\" decoding=\"async\" src=\"https:\/\/ewa-marine.com\/wp-content\/uploads\/2015\/12\/C500-200x200.jpg\" width=\"200\" height=\"200\" alt=\"\" data-caption=\"\" itemprop=\"contentUrl\" srcset=\"https:\/\/ewa-marine.com\/wp-content\/uploads\/2015\/12\/C500-200x200.jpg 200w, https:\/\/ewa-marine.com\/wp-content\/uploads\/2015\/12\/C500-200x200-150x150.jpg 150w, https:\/\/ewa-marine.com\/wp-content\/uploads\/2015\/12\/C500-200x200-60x60.jpg 60w\" sizes=\"auto, (max-width: 200px) 100vw, 200px\" class=\"kt-gallery-img\"\/><meta itemprop=\"url\" content=\"https:\/\/ewa-marine.com\/wp-content\/uploads\/2015\/12\/C500-200x200.jpg\"><meta itemprop=\"width\" content=\"200\"><meta itemprop=\"height\" content=\"200>\"><\/div><\/a><\/div><\/div><div class=\"tcol-lg-3 tcol-md-3 tcol-sm-4 tcol-xs-4 tcol-ss-12 g_item\"><div class=\"carousel_item grid_item gallery_item\"><a href=\"https:\/\/ewa-marine.com\/wp-content\/uploads\/2016\/04\/vc-300_200x200.jpg\" data-rel=\"lightbox\" class=\"gallery-link\"><div class=\"kt-intrinsic\" style=\"padding-bottom:100%;\" itemprop=\"image\" itemscope itemtype=\"http:\/\/schema.org\/ImageObject\"><img loading=\"lazy\" decoding=\"async\" src=\"https:\/\/ewa-marine.com\/wp-content\/uploads\/2016\/04\/vc-300_200x200.jpg\" width=\"200\" height=\"200\" alt=\"\" data-caption=\"\" itemprop=\"contentUrl\" srcset=\"https:\/\/ewa-marine.com\/wp-content\/uploads\/2016\/04\/vc-300_200x200.jpg 200w, https:\/\/ewa-marine.com\/wp-content\/uploads\/2016\/04\/vc-300_200x200-150x150.jpg 150w, https:\/\/ewa-marine.com\/wp-content\/uploads\/2016\/04\/vc-300_200x200-60x60.jpg 60w\" sizes=\"auto, (max-width: 200px) 100vw, 200px\" class=\"kt-gallery-img\"\/><meta itemprop=\"url\" content=\"https:\/\/ewa-marine.com\/wp-content\/uploads\/2016\/04\/vc-300_200x200.jpg\"><meta itemprop=\"width\" content=\"200\"><meta itemprop=\"height\" content=\"200>\"><\/div><\/a><\/div><\/div><div class=\"tcol-lg-3 tcol-md-3 tcol-sm-4 tcol-xs-4 tcol-ss-12 g_item\"><div class=\"carousel_item grid_item gallery_item\"><a href=\"https:\/\/ewa-marine.com\/wp-content\/uploads\/2015\/12\/C-AF-200x200.jpg\" data-rel=\"lightbox\" class=\"gallery-link\"><div class=\"kt-intrinsic\" style=\"padding-bottom:100%;\" itemprop=\"image\" itemscope itemtype=\"http:\/\/schema.org\/ImageObject\"><img loading=\"lazy\" decoding=\"async\" src=\"https:\/\/ewa-marine.com\/wp-content\/uploads\/2015\/12\/C-AF-200x200.jpg\" width=\"200\" height=\"200\" alt=\"C-AF rain cape for SLR\" data-caption=\"\" itemprop=\"contentUrl\" srcset=\"https:\/\/ewa-marine.com\/wp-content\/uploads\/2015\/12\/C-AF-200x200.jpg 200w, https:\/\/ewa-marine.com\/wp-content\/uploads\/2015\/12\/C-AF-200x200-150x150.jpg 150w, https:\/\/ewa-marine.com\/wp-content\/uploads\/2015\/12\/C-AF-200x200-60x60.jpg 60w\" sizes=\"auto, (max-width: 200px) 100vw, 200px\" class=\"kt-gallery-img\"\/><meta itemprop=\"url\" content=\"https:\/\/ewa-marine.com\/wp-content\/uploads\/2015\/12\/C-AF-200x200.jpg\"><meta itemprop=\"width\" content=\"200\"><meta itemprop=\"height\" content=\"200>\"><\/div><\/a><\/div><\/div><div class=\"tcol-lg-3 tcol-md-3 tcol-sm-4 tcol-xs-4 tcol-ss-12 g_item\"><div class=\"carousel_item grid_item gallery_item\"><a href=\"https:\/\/ewa-marine.com\/wp-content\/uploads\/2015\/12\/VC-XF1_200x200.jpg\" data-rel=\"lightbox\" class=\"gallery-link\"><div class=\"kt-intrinsic\" style=\"padding-bottom:100%;\" itemprop=\"image\" itemscope itemtype=\"http:\/\/schema.org\/ImageObject\"><img loading=\"lazy\" decoding=\"async\" src=\"https:\/\/ewa-marine.com\/wp-content\/uploads\/2015\/12\/VC-XF1_200x200.jpg\" width=\"200\" height=\"200\" alt=\"\" data-caption=\"\" itemprop=\"contentUrl\" srcset=\"https:\/\/ewa-marine.com\/wp-content\/uploads\/2015\/12\/VC-XF1_200x200.jpg 200w, https:\/\/ewa-marine.com\/wp-content\/uploads\/2015\/12\/VC-XF1_200x200-150x150.jpg 150w, https:\/\/ewa-marine.com\/wp-content\/uploads\/2015\/12\/VC-XF1_200x200-60x60.jpg 60w\" sizes=\"auto, (max-width: 200px) 100vw, 200px\" class=\"kt-gallery-img\"\/><meta itemprop=\"url\" content=\"https:\/\/ewa-marine.com\/wp-content\/uploads\/2015\/12\/VC-XF1_200x200.jpg\"><meta itemprop=\"width\" content=\"200\"><meta itemprop=\"height\" content=\"200>\"><\/div><\/a><\/div><\/div><div class=\"tcol-lg-3 tcol-md-3 tcol-sm-4 tcol-xs-4 tcol-ss-12 g_item\"><div class=\"carousel_item grid_item gallery_item\"><a href=\"https:\/\/ewa-marine.com\/wp-content\/uploads\/2015\/12\/C35-200x200.jpg\" data-rel=\"lightbox\" class=\"gallery-link\"><div class=\"kt-intrinsic\" style=\"padding-bottom:100%;\" itemprop=\"image\" itemscope itemtype=\"http:\/\/schema.org\/ImageObject\"><img loading=\"lazy\" decoding=\"async\" src=\"https:\/\/ewa-marine.com\/wp-content\/uploads\/2015\/12\/C35-200x200.jpg\" width=\"200\" height=\"200\" alt=\"ewa-marine C35 rain cape for SLR\" data-caption=\"\" itemprop=\"contentUrl\" srcset=\"https:\/\/ewa-marine.com\/wp-content\/uploads\/2015\/12\/C35-200x200.jpg 200w, https:\/\/ewa-marine.com\/wp-content\/uploads\/2015\/12\/C35-200x200-150x150.jpg 150w, https:\/\/ewa-marine.com\/wp-content\/uploads\/2015\/12\/C35-200x200-60x60.jpg 60w\" sizes=\"auto, (max-width: 200px) 100vw, 200px\" class=\"kt-gallery-img\"\/><meta itemprop=\"url\" content=\"https:\/\/ewa-marine.com\/wp-content\/uploads\/2015\/12\/C35-200x200.jpg\"><meta itemprop=\"width\" content=\"200\"><meta itemprop=\"height\" content=\"200>\"><\/div><\/a><\/div><\/div>\n             \t\t<\/div>\n            \t<\/div>\n            <div class=\"clearfix\"><\/div>\n        <\/div>  \n    <\/div>\n    <div id=\"panel-822-0-0-2\" class=\"so-panel widget widget_kadence_simple_image kadence_simple_image panel-last-child\" data-index=\"2\" ><div class=\"kad_img_upload_widget  kt-shape-type- kt-image-align-center kt-image-widget-widget-0-0-2\"><a href=\"\/wp-content\/uploads\/2015\/07\/made-in-Germany-100x50.gif\" rel=\"lightbox\"><div class=\"kt-image-contain  \"><div class=\"kt-image-inner-contain\"><img decoding=\"async\" src=\"\/wp-content\/uploads\/2015\/07\/made-in-Germany-100x50.gif\"><\/div><\/div><\/a><\/div><\/div><\/div><\/div><\/div>","protected":false},"excerpt":{"rendered":"<p>RegencapesWenn Sie sich ernsthaft mit dem Fotografieren besch\u00e4ftigen wollen, bedarf es Ihrer ungeteilten Aufmerksamkeit. Was k\u00f6nnte schlimmer sein, als sich Gedanken dar\u00fcber machen zu m\u00fcssen wie die Kameraausr\u00fcstung einen Regenschauer unbeschadet \u00fcbersteht. Ihre Kamera braucht ein Regencape!ewa-marine Regenschutzh\u00fcllen sind f\u00fcr alle Arten von Camcordern und SLR\/D-SLR Fotokameras lieferbar. Unsere Regencapes sind f\u00fcr extrem schlechtes Wetter ausgelegt. Daher sind Sie bei unseren Kunden aus dem Bereich Rundfunk in den USA auch als die &#8222;Hurricane Hoods&#8220; bekannt.Bitte klicken Sie unten auf eine &hellip; <a href=\"https:\/\/ewa-marine.com\/de\/products\/regencapes\/\">Weiterlesen<\/a><\/p>\n","protected":false},"author":1,"featured_media":4442,"parent":146,"menu_order":4,"comment_status":"closed","ping_status":"closed","template":"","meta":{"kt_blocks_editor_width":"","footnotes":""},"class_list":["post-822","page","type-page","status-publish","has-post-thumbnail","hentry"],"yoast_head":"<!-- This site is optimized with the Yoast SEO plugin v27.3 - https:\/\/yoast.com\/product\/yoast-seo-wordpress\/ -->\n<title>ewa-marine Regencapes f\u00fcr dSLR Foto-, Video- und Filmkameras<\/title>\n<meta name=\"description\" content=\"ewa-marine bieten Ihnen Regencapes f\u00fcr Ihre Kamera. Egal ob SLR Foto, Film oder Video Camcorder. Der Schutz gegen extreme schlechtes Wetter oder Flugsand.\" \/>\n<meta name=\"robots\" content=\"index, follow, max-snippet:-1, max-image-preview:large, max-video-preview:-1\" \/>\n<link rel=\"canonical\" href=\"https:\/\/ewa-marine.com\/de\/products\/regencapes\/\" \/>\n<meta property=\"og:locale\" content=\"de_DE\" \/>\n<meta property=\"og:type\" content=\"article\" \/>\n<meta property=\"og:title\" content=\"ewa-marine Regencapes f\u00fcr dSLR Foto-, Video- und Filmkameras\" \/>\n<meta property=\"og:description\" content=\"ewa-marine bieten Ihnen Regencapes f\u00fcr Ihre Kamera. Egal ob SLR Foto, Film oder Video Camcorder. Der Schutz gegen extreme schlechtes Wetter oder Flugsand.\" \/>\n<meta property=\"og:url\" content=\"https:\/\/ewa-marine.com\/de\/products\/regencapes\/\" \/>\n<meta property=\"og:site_name\" content=\"ewa-marine\" \/>\n<meta property=\"article:publisher\" content=\"https:\/\/www.facebook.com\/ewa-marine\" \/>\n<meta property=\"article:modified_time\" content=\"2017-02-15T08:31:45+00:00\" \/>\n<meta property=\"og:image\" content=\"https:\/\/ewa-marine.com\/wp-content\/uploads\/2015\/12\/VC-1L-200x200.jpg\" \/>\n<meta name=\"twitter:card\" content=\"summary_large_image\" \/>\n<meta name=\"twitter:site\" content=\"@ewa_marine\" \/>\n<meta name=\"twitter:label1\" content=\"Gesch\u00e4tzte Lesezeit\" \/>\n\t<meta name=\"twitter:data1\" content=\"1\u00a0Minute\" \/>\n<script type=\"application\/ld+json\" class=\"yoast-schema-graph\">{\"@context\":\"https:\\\/\\\/schema.org\",\"@graph\":[{\"@type\":\"WebPage\",\"@id\":\"https:\\\/\\\/ewa-marine.com\\\/de\\\/products\\\/regencapes\\\/\",\"url\":\"https:\\\/\\\/ewa-marine.com\\\/de\\\/products\\\/regencapes\\\/\",\"name\":\"ewa-marine Regencapes f\u00fcr dSLR Foto-, Video- und Filmkameras\",\"isPartOf\":{\"@id\":\"https:\\\/\\\/ewa-marine.com\\\/de\\\/#website\"},\"primaryImageOfPage\":{\"@id\":\"https:\\\/\\\/ewa-marine.com\\\/de\\\/products\\\/regencapes\\\/#primaryimage\"},\"image\":{\"@id\":\"https:\\\/\\\/ewa-marine.com\\\/de\\\/products\\\/regencapes\\\/#primaryimage\"},\"thumbnailUrl\":\"https:\\\/\\\/ewa-marine.com\\\/wp-content\\\/uploads\\\/2015\\\/07\\\/featured-image-raincape.jpg\",\"datePublished\":\"2015-07-13T09:30:57+00:00\",\"dateModified\":\"2017-02-15T08:31:45+00:00\",\"description\":\"ewa-marine bieten Ihnen Regencapes f\u00fcr Ihre Kamera. Egal ob SLR Foto, Film oder Video Camcorder. Der Schutz gegen extreme schlechtes Wetter oder Flugsand.\",\"breadcrumb\":{\"@id\":\"https:\\\/\\\/ewa-marine.com\\\/de\\\/products\\\/regencapes\\\/#breadcrumb\"},\"inLanguage\":\"de\",\"potentialAction\":[{\"@type\":\"ReadAction\",\"target\":[\"https:\\\/\\\/ewa-marine.com\\\/de\\\/products\\\/regencapes\\\/\"]}]},{\"@type\":\"ImageObject\",\"inLanguage\":\"de\",\"@id\":\"https:\\\/\\\/ewa-marine.com\\\/de\\\/products\\\/regencapes\\\/#primaryimage\",\"url\":\"https:\\\/\\\/ewa-marine.com\\\/wp-content\\\/uploads\\\/2015\\\/07\\\/featured-image-raincape.jpg\",\"contentUrl\":\"https:\\\/\\\/ewa-marine.com\\\/wp-content\\\/uploads\\\/2015\\\/07\\\/featured-image-raincape.jpg\",\"width\":200,\"height\":200},{\"@type\":\"BreadcrumbList\",\"@id\":\"https:\\\/\\\/ewa-marine.com\\\/de\\\/products\\\/regencapes\\\/#breadcrumb\",\"itemListElement\":[{\"@type\":\"ListItem\",\"position\":1,\"name\":\"Startseite\",\"item\":\"https:\\\/\\\/www.ewa-marine.de\\\/\"},{\"@type\":\"ListItem\",\"position\":2,\"name\":\"Produkte\",\"item\":\"https:\\\/\\\/www.ewa-marine.de\\\/products\\\/\"},{\"@type\":\"ListItem\",\"position\":3,\"name\":\"Regencapes\"}]},{\"@type\":\"WebSite\",\"@id\":\"https:\\\/\\\/ewa-marine.com\\\/de\\\/#website\",\"url\":\"https:\\\/\\\/ewa-marine.com\\\/de\\\/\",\"name\":\"ewa-marine\",\"description\":\"Capture the Extreme !\",\"potentialAction\":[{\"@type\":\"SearchAction\",\"target\":{\"@type\":\"EntryPoint\",\"urlTemplate\":\"https:\\\/\\\/ewa-marine.com\\\/de\\\/?s={search_term_string}\"},\"query-input\":{\"@type\":\"PropertyValueSpecification\",\"valueRequired\":true,\"valueName\":\"search_term_string\"}}],\"inLanguage\":\"de\"}]}<\/script>\n<!-- \/ Yoast SEO plugin. -->","yoast_head_json":{"title":"ewa-marine Regencapes f\u00fcr dSLR Foto-, Video- und Filmkameras","description":"ewa-marine bieten Ihnen Regencapes f\u00fcr Ihre Kamera. Egal ob SLR Foto, Film oder Video Camcorder. Der Schutz gegen extreme schlechtes Wetter oder Flugsand.","robots":{"index":"index","follow":"follow","max-snippet":"max-snippet:-1","max-image-preview":"max-image-preview:large","max-video-preview":"max-video-preview:-1"},"canonical":"https:\/\/ewa-marine.com\/de\/products\/regencapes\/","og_locale":"de_DE","og_type":"article","og_title":"ewa-marine Regencapes f\u00fcr dSLR Foto-, Video- und Filmkameras","og_description":"ewa-marine bieten Ihnen Regencapes f\u00fcr Ihre Kamera. Egal ob SLR Foto, Film oder Video Camcorder. Der Schutz gegen extreme schlechtes Wetter oder Flugsand.","og_url":"https:\/\/ewa-marine.com\/de\/products\/regencapes\/","og_site_name":"ewa-marine","article_publisher":"https:\/\/www.facebook.com\/ewa-marine","article_modified_time":"2017-02-15T08:31:45+00:00","og_image":[{"url":"https:\/\/ewa-marine.com\/wp-content\/uploads\/2015\/12\/VC-1L-200x200.jpg","type":"","width":"","height":""}],"twitter_card":"summary_large_image","twitter_site":"@ewa_marine","twitter_misc":{"Gesch\u00e4tzte Lesezeit":"1\u00a0Minute"},"schema":{"@context":"https:\/\/schema.org","@graph":[{"@type":"WebPage","@id":"https:\/\/ewa-marine.com\/de\/products\/regencapes\/","url":"https:\/\/ewa-marine.com\/de\/products\/regencapes\/","name":"ewa-marine Regencapes f\u00fcr dSLR Foto-, Video- und Filmkameras","isPartOf":{"@id":"https:\/\/ewa-marine.com\/de\/#website"},"primaryImageOfPage":{"@id":"https:\/\/ewa-marine.com\/de\/products\/regencapes\/#primaryimage"},"image":{"@id":"https:\/\/ewa-marine.com\/de\/products\/regencapes\/#primaryimage"},"thumbnailUrl":"https:\/\/ewa-marine.com\/wp-content\/uploads\/2015\/07\/featured-image-raincape.jpg","datePublished":"2015-07-13T09:30:57+00:00","dateModified":"2017-02-15T08:31:45+00:00","description":"ewa-marine bieten Ihnen Regencapes f\u00fcr Ihre Kamera. Egal ob SLR Foto, Film oder Video Camcorder. Der Schutz gegen extreme schlechtes Wetter oder Flugsand.","breadcrumb":{"@id":"https:\/\/ewa-marine.com\/de\/products\/regencapes\/#breadcrumb"},"inLanguage":"de","potentialAction":[{"@type":"ReadAction","target":["https:\/\/ewa-marine.com\/de\/products\/regencapes\/"]}]},{"@type":"ImageObject","inLanguage":"de","@id":"https:\/\/ewa-marine.com\/de\/products\/regencapes\/#primaryimage","url":"https:\/\/ewa-marine.com\/wp-content\/uploads\/2015\/07\/featured-image-raincape.jpg","contentUrl":"https:\/\/ewa-marine.com\/wp-content\/uploads\/2015\/07\/featured-image-raincape.jpg","width":200,"height":200},{"@type":"BreadcrumbList","@id":"https:\/\/ewa-marine.com\/de\/products\/regencapes\/#breadcrumb","itemListElement":[{"@type":"ListItem","position":1,"name":"Startseite","item":"https:\/\/www.ewa-marine.de\/"},{"@type":"ListItem","position":2,"name":"Produkte","item":"https:\/\/www.ewa-marine.de\/products\/"},{"@type":"ListItem","position":3,"name":"Regencapes"}]},{"@type":"WebSite","@id":"https:\/\/ewa-marine.com\/de\/#website","url":"https:\/\/ewa-marine.com\/de\/","name":"ewa-marine","description":"Capture the Extreme !","potentialAction":[{"@type":"SearchAction","target":{"@type":"EntryPoint","urlTemplate":"https:\/\/ewa-marine.com\/de\/?s={search_term_string}"},"query-input":{"@type":"PropertyValueSpecification","valueRequired":true,"valueName":"search_term_string"}}],"inLanguage":"de"}]}},"_links":{"self":[{"href":"https:\/\/ewa-marine.com\/de\/wp-json\/wp\/v2\/pages\/822","targetHints":{"allow":["GET"]}}],"collection":[{"href":"https:\/\/ewa-marine.com\/de\/wp-json\/wp\/v2\/pages"}],"about":[{"href":"https:\/\/ewa-marine.com\/de\/wp-json\/wp\/v2\/types\/page"}],"author":[{"embeddable":true,"href":"https:\/\/ewa-marine.com\/de\/wp-json\/wp\/v2\/users\/1"}],"replies":[{"embeddable":true,"href":"https:\/\/ewa-marine.com\/de\/wp-json\/wp\/v2\/comments?post=822"}],"version-history":[{"count":0,"href":"https:\/\/ewa-marine.com\/de\/wp-json\/wp\/v2\/pages\/822\/revisions"}],"up":[{"embeddable":true,"href":"https:\/\/ewa-marine.com\/de\/wp-json\/wp\/v2\/pages\/146"}],"wp:featuredmedia":[{"embeddable":true,"href":"https:\/\/ewa-marine.com\/de\/wp-json\/wp\/v2\/media\/4442"}],"wp:attachment":[{"href":"https:\/\/ewa-marine.com\/de\/wp-json\/wp\/v2\/media?parent=822"}],"curies":[{"name":"wp","href":"https:\/\/api.w.org\/{rel}","templated":true}]}}