{"id":825,"date":"2015-07-13T14:49:44","date_gmt":"2015-07-13T13:49:44","guid":{"rendered":"http:\/\/de.dicapac.de\/?page_id=825"},"modified":"2017-02-14T12:32:51","modified_gmt":"2017-02-14T11:32:51","slug":"fotokameras","status":"publish","type":"page","link":"https:\/\/ewa-marine.com\/de\/products\/regencapes\/fotokameras\/","title":{"rendered":"Fotokameras"},"content":{"rendered":"<div id=\"pl-825\"  class=\"panel-layout\" ><div id=\"pg-825-0\"  class=\"panel-grid panel-no-style\" ><div id=\"pgc-825-0-0\"  class=\"panel-grid-cell\" ><div id=\"panel-825-0-0-0\" class=\"so-panel widget widget_black-studio-tinymce widget_black_studio_tinymce panel-first-child\" data-index=\"0\" ><div class=\"textwidget\"><h1 class=\"csc-firstHeader\">Regencapes f\u00fcr SLR Kameras<\/h1>\n<p><a href=\"\/wp-content\/uploads\/2015\/07\/CAF-mam_200x200.jpg\" rel=\"attachment wp-att-102\"><img loading=\"lazy\" decoding=\"async\" class=\"wp-image-1491 size-full alignright\" src=\"\/wp-content\/uploads\/2015\/07\/CAF-mam_200x200.jpg\" alt=\"CAF with photographer\" width=\"200\" height=\"200\" srcset=\"https:\/\/ewa-marine.com\/wp-content\/uploads\/2015\/07\/CAF-mam_200x200.jpg 200w, https:\/\/ewa-marine.com\/wp-content\/uploads\/2015\/07\/CAF-mam_200x200-150x150.jpg 150w, https:\/\/ewa-marine.com\/wp-content\/uploads\/2015\/07\/CAF-mam_200x200-60x60.jpg 60w\" sizes=\"auto, (max-width: 200px) 100vw, 200px\" \/><\/a><\/p>\n<p class=\"bodytext\"><span id=\"result_box\" class=\"\" lang=\"de\">ewa-marine produziert eine Reihe von Capes f\u00fcr SLR-Kameras, digital und analog. <span class=\"\">Diese gehen von den g\u00fcnstigen, aber effektiven C-35 bis zu Capes f\u00fcr den Einsatz mit extrem gro\u00dfen Tele-Objektiven.<\/span><\/span><\/p>\n<table>\n<tbody>\n<tr>\n<th>Regencape<\/th>\n<th>\u00a0<\/th>\n<th>Anwendung<\/th>\n<\/tr>\n<tr>\n<td><a href=\"http:\/\/www.ewa-marine.de\/products\/regencapes\/fotokameras\/c-35\/\">C-35<\/a><\/td>\n<td><a href=\"\/wp-content\/uploads\/2015\/07\/C35-200x200.jpg\"><img loading=\"lazy\" decoding=\"async\" class=\"wp-image-760 aligncenter\" src=\"\/wp-content\/uploads\/2015\/07\/C35-200x200.jpg\" alt=\"C35 SLR rain cape\" width=\"75\" height=\"75\" srcset=\"https:\/\/ewa-marine.com\/wp-content\/uploads\/2015\/07\/C35-200x200.jpg 200w, https:\/\/ewa-marine.com\/wp-content\/uploads\/2015\/07\/C35-200x200-150x150.jpg 150w, https:\/\/ewa-marine.com\/wp-content\/uploads\/2015\/07\/C35-200x200-60x60.jpg 60w\" sizes=\"auto, (max-width: 75px) 100vw, 75px\" \/><\/a><\/td>\n<td>g\u00fcnstiges Cape, das Standardausr\u00fcstung in jeder Kameratasche sein sollte <\/td>\n<\/tr>\n<tr>\n<td><a href=\"http:\/\/www.ewa-marine.de\/products\/regencapes\/fotokameras\/c-af\/\">C-AF<\/a><\/td>\n<td><a href=\"\/wp-content\/uploads\/2015\/12\/C-AF-200x200.jpg\"><img loading=\"lazy\" decoding=\"async\" class=\"wp-image-2764 aligncenter\" src=\"\/wp-content\/uploads\/2015\/12\/C-AF-200x200.jpg\" alt=\"ewa-marine CAF\" width=\"75\" height=\"75\" srcset=\"https:\/\/ewa-marine.com\/wp-content\/uploads\/2015\/12\/C-AF-200x200.jpg 200w, https:\/\/ewa-marine.com\/wp-content\/uploads\/2015\/12\/C-AF-200x200-150x150.jpg 150w, https:\/\/ewa-marine.com\/wp-content\/uploads\/2015\/12\/C-AF-200x200-60x60.jpg 60w\" sizes=\"auto, (max-width: 75px) 100vw, 75px\" \/><\/a><\/td>\n<td>Outdoor Cape f\u00fcr Zoom-Objektive<\/td>\n<\/tr>\n<tr>\n<td><a href=\"http:\/\/www.ewa-marine.de\/products\/regencapes\/fotokameras\/c-af100\/\">C-AF100<\/a><\/td>\n<td><a href=\"\/wp-content\/uploads\/2015\/12\/C-AF-200x200.jpg\"><img loading=\"lazy\" decoding=\"async\" class=\"wp-image-2764 aligncenter\" src=\"\/wp-content\/uploads\/2015\/12\/C-AF-200x200.jpg\" alt=\"ewa-marine CAF\" width=\"75\" height=\"75\" srcset=\"https:\/\/ewa-marine.com\/wp-content\/uploads\/2015\/12\/C-AF-200x200.jpg 200w, https:\/\/ewa-marine.com\/wp-content\/uploads\/2015\/12\/C-AF-200x200-150x150.jpg 150w, https:\/\/ewa-marine.com\/wp-content\/uploads\/2015\/12\/C-AF-200x200-60x60.jpg 60w\" sizes=\"auto, (max-width: 75px) 100vw, 75px\" \/><\/a><\/td>\n<td>spezielle Version des C-AF f<span id=\"result_box\" class=\"\" lang=\"de\"><span class=\"\">\u00fcr den Einsatz mit gro\u00dfen, innenfokussierenden Objektiven<\/span><\/span><\/td>\n<\/tr>\n<tr>\n<td><a href=\"http:\/\/www.ewa-marine.de\/products\/regencapes\/fotokameras\/c-afx\/\">C-AFX<\/a><\/td>\n<td><a href=\"\/wp-content\/uploads\/2015\/07\/CAFX-200x200.jpg\"><img loading=\"lazy\" decoding=\"async\" class=\"wp-image-767 aligncenter\" src=\"\/wp-content\/uploads\/2015\/07\/CAFX-200x200.jpg\" alt=\"ewa-marine C-AFX SLR rain cape\" width=\"75\" height=\"75\" srcset=\"https:\/\/ewa-marine.com\/wp-content\/uploads\/2015\/07\/CAFX-200x200.jpg 200w, https:\/\/ewa-marine.com\/wp-content\/uploads\/2015\/07\/CAFX-200x200-150x150.jpg 150w, https:\/\/ewa-marine.com\/wp-content\/uploads\/2015\/07\/CAFX-200x200-60x60.jpg 60w\" sizes=\"auto, (max-width: 75px) 100vw, 75px\" \/><\/a><\/td>\n<td>Outdoor Cape f\u00fcr den Einsatz mit externem Aufsteckblitz<\/td>\n<\/tr>\n<tr>\n<td><a href=\"http:\/\/www.ewa-marine.de\/products\/regencapes\/fotokameras\/c-afx100\/\">C-AFX100<\/a><\/td>\n<td><a href=\"\/wp-content\/uploads\/2015\/07\/CAFX-200x200.jpg\"><img loading=\"lazy\" decoding=\"async\" class=\"wp-image-767 aligncenter\" src=\"\/wp-content\/uploads\/2015\/07\/CAFX-200x200.jpg\" alt=\"ewa-marine C-AFX SLR rain cape\" width=\"75\" height=\"75\" srcset=\"https:\/\/ewa-marine.com\/wp-content\/uploads\/2015\/07\/CAFX-200x200.jpg 200w, https:\/\/ewa-marine.com\/wp-content\/uploads\/2015\/07\/CAFX-200x200-150x150.jpg 150w, https:\/\/ewa-marine.com\/wp-content\/uploads\/2015\/07\/CAFX-200x200-60x60.jpg 60w\" sizes=\"auto, (max-width: 75px) 100vw, 75px\" \/><\/a><\/td>\n<td>spezielle Version des C-AFX f<span id=\"result_box\" class=\"\" lang=\"de\"><span class=\"\">\u00fcr den Einsatz mit gro\u00dfen, innenfokussierenden Objektiven<\/span><\/span><\/td>\n<\/tr>\n<tr>\n<td><a href=\"http:\/\/www.ewa-marine.de\/products\/regencapes\/fotokameras\/c-z100\/\">C-Z100<\/a><\/td>\n<td><a href=\"\/wp-content\/uploads\/2015\/12\/CZ100-200x200.jpg\"><img loading=\"lazy\" decoding=\"async\" class=\"aligncenter wp-image-2779\" src=\"\/wp-content\/uploads\/2015\/12\/CZ100-200x200.jpg\" alt=\"ewa-marine C-Z100\" width=\"75\" height=\"75\" srcset=\"https:\/\/ewa-marine.com\/wp-content\/uploads\/2015\/12\/CZ100-200x200.jpg 200w, https:\/\/ewa-marine.com\/wp-content\/uploads\/2015\/12\/CZ100-200x200-150x150.jpg 150w, https:\/\/ewa-marine.com\/wp-content\/uploads\/2015\/12\/CZ100-200x200-60x60.jpg 60w\" sizes=\"auto, (max-width: 75px) 100vw, 75px\" \/><\/a><\/td>\n<td>Cape f\u00fcr den Einsatz von gro\u00dfen Zoom-Objektiven<\/td>\n<\/tr>\n<tr>\n<td><a href=\"http:\/\/www.ewa-marine.de\/products\/regencapes\/fotokameras\/c-500\/\">C-500<\/a><\/td>\n<td><a href=\"\/wp-content\/uploads\/2015\/12\/C500-200x200.jpg\"><img loading=\"lazy\" decoding=\"async\" class=\"aligncenter wp-image-2770\" src=\"\/wp-content\/uploads\/2015\/12\/C500-200x200.jpg\" alt=\"ewa-marine C-500\" width=\"75\" height=\"75\" srcset=\"https:\/\/ewa-marine.com\/wp-content\/uploads\/2015\/12\/C500-200x200.jpg 200w, https:\/\/ewa-marine.com\/wp-content\/uploads\/2015\/12\/C500-200x200-150x150.jpg 150w, https:\/\/ewa-marine.com\/wp-content\/uploads\/2015\/12\/C500-200x200-60x60.jpg 60w\" sizes=\"auto, (max-width: 75px) 100vw, 75px\" \/><\/a><\/td>\n<td>Cape f\u00fcr f<span id=\"result_box\" class=\"\" lang=\"de\"><span class=\"\">\u00fcr den Einsatz mit sehr gro\u00dfen<\/span><\/span> 500mm Tele-Ojektiven<\/td>\n<\/tr>\n<\/tbody>\n<\/table>\n<\/div><\/div><div id=\"panel-825-0-0-1\" class=\"so-panel widget widget_kadence_simple_image kadence_simple_image panel-last-child\" data-index=\"1\" ><div class=\"kad_img_upload_widget  kt-shape-type- kt-image-align-center kt-image-widget-widget-0-0-1\"><a href=\"\/wp-content\/uploads\/2015\/07\/made-in-Germany-100x50.gif\" rel=\"lightbox\"><div class=\"kt-image-contain  \"><div class=\"kt-image-inner-contain\"><img loading=\"lazy\" decoding=\"async\" width=\"100\" height=\"50\" src=\"https:\/\/ewa-marine.com\/wp-content\/uploads\/2015\/07\/made-in-Germany-100x50.gif\" class=\"attachment-full size-full\" alt=\"made in Germany by ewa-marine\" \/><\/div><\/div><\/a><\/div><\/div><\/div><\/div><\/div>","protected":false},"excerpt":{"rendered":"<p>Regencapes f\u00fcr SLR Kamerasewa-marine produziert eine Reihe von Capes f\u00fcr SLR-Kameras, digital und analog. Diese gehen von den g\u00fcnstigen, aber effektiven C-35 bis zu Capes f\u00fcr den Einsatz mit extrem gro\u00dfen Tele-Objektiven.Regencape\u00a0AnwendungC-35g\u00fcnstiges Cape, das Standardausr\u00fcstung in jeder Kameratasche sein sollte C-AFOutdoor Cape f\u00fcr Zoom-ObjektiveC-AF100spezielle Version des C-AF f\u00fcr den Einsatz mit gro\u00dfen, innenfokussierenden ObjektivenC-AFXOutdoor Cape f\u00fcr den Einsatz mit externem AufsteckblitzC-AFX100spezielle Version des C-AFX f\u00fcr den Einsatz mit gro\u00dfen, innenfokussierenden ObjektivenC-Z100Cape f\u00fcr den Einsatz von gro\u00dfen Zoom-ObjektivenC-500Cape f\u00fcr f\u00fcr den &hellip; <a href=\"https:\/\/ewa-marine.com\/de\/products\/regencapes\/fotokameras\/\">Weiterlesen<\/a><\/p>\n","protected":false},"author":2,"featured_media":4442,"parent":822,"menu_order":0,"comment_status":"closed","ping_status":"closed","template":"","meta":{"kt_blocks_editor_width":"","footnotes":""},"class_list":["post-825","page","type-page","status-publish","has-post-thumbnail","hentry"],"yoast_head":"<!-- This site is optimized with the Yoast SEO plugin v27.3 - https:\/\/yoast.com\/product\/yoast-seo-wordpress\/ -->\n<title>ewa-marine Regencapes f\u00fcr eine breite Auswahl von Kamera-Objektiv Kombinationen<\/title>\n<meta name=\"robots\" content=\"index, follow, max-snippet:-1, max-image-preview:large, max-video-preview:-1\" \/>\n<link rel=\"canonical\" href=\"https:\/\/ewa-marine.com\/de\/products\/regencapes\/fotokameras\/\" \/>\n<meta property=\"og:locale\" content=\"de_DE\" \/>\n<meta property=\"og:type\" content=\"article\" \/>\n<meta property=\"og:title\" content=\"ewa-marine Regencapes f\u00fcr eine breite Auswahl von Kamera-Objektiv Kombinationen\" \/>\n<meta property=\"og:description\" content=\"Regencapes f\u00fcr SLR Kamerasewa-marine produziert eine Reihe von Capes f\u00fcr SLR-Kameras, digital und analog. Diese gehen von den g\u00fcnstigen, aber effektiven C-35 bis zu Capes f\u00fcr den Einsatz mit extrem gro\u00dfen Tele-Objektiven.Regencape\u00a0AnwendungC-35g\u00fcnstiges Cape, das Standardausr\u00fcstung in jeder Kameratasche sein sollte C-AFOutdoor Cape f\u00fcr Zoom-ObjektiveC-AF100spezielle Version des C-AF f\u00fcr den Einsatz mit gro\u00dfen, innenfokussierenden ObjektivenC-AFXOutdoor Cape f\u00fcr den Einsatz mit externem AufsteckblitzC-AFX100spezielle Version des C-AFX f\u00fcr den Einsatz mit gro\u00dfen, innenfokussierenden ObjektivenC-Z100Cape f\u00fcr den Einsatz von gro\u00dfen Zoom-ObjektivenC-500Cape f\u00fcr f\u00fcr den &hellip; Weiterlesen\" \/>\n<meta property=\"og:url\" content=\"https:\/\/ewa-marine.com\/de\/products\/regencapes\/fotokameras\/\" \/>\n<meta property=\"og:site_name\" content=\"ewa-marine\" \/>\n<meta property=\"article:publisher\" content=\"https:\/\/www.facebook.com\/ewa-marine\" \/>\n<meta property=\"article:modified_time\" content=\"2017-02-14T11:32:51+00:00\" \/>\n<meta property=\"og:image\" content=\"https:\/\/i0.wp.com\/www.ewa-marine.de\/wp-content\/uploads\/2015\/07\/featured-image-raincape.jpg?fit=200%2C200&ssl=1\" \/>\n\t<meta property=\"og:image:width\" content=\"200\" \/>\n\t<meta property=\"og:image:height\" content=\"200\" \/>\n\t<meta property=\"og:image:type\" content=\"image\/jpeg\" \/>\n<meta name=\"twitter:card\" content=\"summary_large_image\" \/>\n<meta name=\"twitter:site\" content=\"@ewa_marine\" \/>\n<meta name=\"twitter:label1\" content=\"Gesch\u00e4tzte Lesezeit\" \/>\n\t<meta name=\"twitter:data1\" content=\"1\u00a0Minute\" \/>\n<script type=\"application\/ld+json\" class=\"yoast-schema-graph\">{\"@context\":\"https:\\\/\\\/schema.org\",\"@graph\":[{\"@type\":\"WebPage\",\"@id\":\"https:\\\/\\\/ewa-marine.com\\\/de\\\/products\\\/regencapes\\\/fotokameras\\\/\",\"url\":\"https:\\\/\\\/ewa-marine.com\\\/de\\\/products\\\/regencapes\\\/fotokameras\\\/\",\"name\":\"ewa-marine Regencapes f\u00fcr eine breite Auswahl von Kamera-Objektiv Kombinationen\",\"isPartOf\":{\"@id\":\"https:\\\/\\\/ewa-marine.com\\\/de\\\/#website\"},\"primaryImageOfPage\":{\"@id\":\"https:\\\/\\\/ewa-marine.com\\\/de\\\/products\\\/regencapes\\\/fotokameras\\\/#primaryimage\"},\"image\":{\"@id\":\"https:\\\/\\\/ewa-marine.com\\\/de\\\/products\\\/regencapes\\\/fotokameras\\\/#primaryimage\"},\"thumbnailUrl\":\"https:\\\/\\\/ewa-marine.com\\\/wp-content\\\/uploads\\\/2015\\\/07\\\/featured-image-raincape.jpg\",\"datePublished\":\"2015-07-13T13:49:44+00:00\",\"dateModified\":\"2017-02-14T11:32:51+00:00\",\"breadcrumb\":{\"@id\":\"https:\\\/\\\/ewa-marine.com\\\/de\\\/products\\\/regencapes\\\/fotokameras\\\/#breadcrumb\"},\"inLanguage\":\"de\",\"potentialAction\":[{\"@type\":\"ReadAction\",\"target\":[\"https:\\\/\\\/ewa-marine.com\\\/de\\\/products\\\/regencapes\\\/fotokameras\\\/\"]}]},{\"@type\":\"ImageObject\",\"inLanguage\":\"de\",\"@id\":\"https:\\\/\\\/ewa-marine.com\\\/de\\\/products\\\/regencapes\\\/fotokameras\\\/#primaryimage\",\"url\":\"https:\\\/\\\/ewa-marine.com\\\/wp-content\\\/uploads\\\/2015\\\/07\\\/featured-image-raincape.jpg\",\"contentUrl\":\"https:\\\/\\\/ewa-marine.com\\\/wp-content\\\/uploads\\\/2015\\\/07\\\/featured-image-raincape.jpg\",\"width\":200,\"height\":200},{\"@type\":\"BreadcrumbList\",\"@id\":\"https:\\\/\\\/ewa-marine.com\\\/de\\\/products\\\/regencapes\\\/fotokameras\\\/#breadcrumb\",\"itemListElement\":[{\"@type\":\"ListItem\",\"position\":1,\"name\":\"Startseite\",\"item\":\"https:\\\/\\\/www.ewa-marine.de\\\/\"},{\"@type\":\"ListItem\",\"position\":2,\"name\":\"Produkte\",\"item\":\"https:\\\/\\\/www.ewa-marine.de\\\/products\\\/\"},{\"@type\":\"ListItem\",\"position\":3,\"name\":\"Regencapes\",\"item\":\"https:\\\/\\\/www.ewa-marine.de\\\/products\\\/regencapes\\\/\"},{\"@type\":\"ListItem\",\"position\":4,\"name\":\"Fotokameras\"}]},{\"@type\":\"WebSite\",\"@id\":\"https:\\\/\\\/ewa-marine.com\\\/de\\\/#website\",\"url\":\"https:\\\/\\\/ewa-marine.com\\\/de\\\/\",\"name\":\"ewa-marine\",\"description\":\"Capture the Extreme !\",\"potentialAction\":[{\"@type\":\"SearchAction\",\"target\":{\"@type\":\"EntryPoint\",\"urlTemplate\":\"https:\\\/\\\/ewa-marine.com\\\/de\\\/?s={search_term_string}\"},\"query-input\":{\"@type\":\"PropertyValueSpecification\",\"valueRequired\":true,\"valueName\":\"search_term_string\"}}],\"inLanguage\":\"de\"}]}<\/script>\n<!-- \/ Yoast SEO plugin. -->","yoast_head_json":{"title":"ewa-marine Regencapes f\u00fcr eine breite Auswahl von Kamera-Objektiv Kombinationen","robots":{"index":"index","follow":"follow","max-snippet":"max-snippet:-1","max-image-preview":"max-image-preview:large","max-video-preview":"max-video-preview:-1"},"canonical":"https:\/\/ewa-marine.com\/de\/products\/regencapes\/fotokameras\/","og_locale":"de_DE","og_type":"article","og_title":"ewa-marine Regencapes f\u00fcr eine breite Auswahl von Kamera-Objektiv Kombinationen","og_description":"Regencapes f\u00fcr SLR Kamerasewa-marine produziert eine Reihe von Capes f\u00fcr SLR-Kameras, digital und analog. Diese gehen von den g\u00fcnstigen, aber effektiven C-35 bis zu Capes f\u00fcr den Einsatz mit extrem gro\u00dfen Tele-Objektiven.Regencape\u00a0AnwendungC-35g\u00fcnstiges Cape, das Standardausr\u00fcstung in jeder Kameratasche sein sollte C-AFOutdoor Cape f\u00fcr Zoom-ObjektiveC-AF100spezielle Version des C-AF f\u00fcr den Einsatz mit gro\u00dfen, innenfokussierenden ObjektivenC-AFXOutdoor Cape f\u00fcr den Einsatz mit externem AufsteckblitzC-AFX100spezielle Version des C-AFX f\u00fcr den Einsatz mit gro\u00dfen, innenfokussierenden ObjektivenC-Z100Cape f\u00fcr den Einsatz von gro\u00dfen Zoom-ObjektivenC-500Cape f\u00fcr f\u00fcr den &hellip; Weiterlesen","og_url":"https:\/\/ewa-marine.com\/de\/products\/regencapes\/fotokameras\/","og_site_name":"ewa-marine","article_publisher":"https:\/\/www.facebook.com\/ewa-marine","article_modified_time":"2017-02-14T11:32:51+00:00","og_image":[{"width":200,"height":200,"url":"https:\/\/i0.wp.com\/www.ewa-marine.de\/wp-content\/uploads\/2015\/07\/featured-image-raincape.jpg?fit=200%2C200&ssl=1","type":"image\/jpeg"}],"twitter_card":"summary_large_image","twitter_site":"@ewa_marine","twitter_misc":{"Gesch\u00e4tzte Lesezeit":"1\u00a0Minute"},"schema":{"@context":"https:\/\/schema.org","@graph":[{"@type":"WebPage","@id":"https:\/\/ewa-marine.com\/de\/products\/regencapes\/fotokameras\/","url":"https:\/\/ewa-marine.com\/de\/products\/regencapes\/fotokameras\/","name":"ewa-marine Regencapes f\u00fcr eine breite Auswahl von Kamera-Objektiv Kombinationen","isPartOf":{"@id":"https:\/\/ewa-marine.com\/de\/#website"},"primaryImageOfPage":{"@id":"https:\/\/ewa-marine.com\/de\/products\/regencapes\/fotokameras\/#primaryimage"},"image":{"@id":"https:\/\/ewa-marine.com\/de\/products\/regencapes\/fotokameras\/#primaryimage"},"thumbnailUrl":"https:\/\/ewa-marine.com\/wp-content\/uploads\/2015\/07\/featured-image-raincape.jpg","datePublished":"2015-07-13T13:49:44+00:00","dateModified":"2017-02-14T11:32:51+00:00","breadcrumb":{"@id":"https:\/\/ewa-marine.com\/de\/products\/regencapes\/fotokameras\/#breadcrumb"},"inLanguage":"de","potentialAction":[{"@type":"ReadAction","target":["https:\/\/ewa-marine.com\/de\/products\/regencapes\/fotokameras\/"]}]},{"@type":"ImageObject","inLanguage":"de","@id":"https:\/\/ewa-marine.com\/de\/products\/regencapes\/fotokameras\/#primaryimage","url":"https:\/\/ewa-marine.com\/wp-content\/uploads\/2015\/07\/featured-image-raincape.jpg","contentUrl":"https:\/\/ewa-marine.com\/wp-content\/uploads\/2015\/07\/featured-image-raincape.jpg","width":200,"height":200},{"@type":"BreadcrumbList","@id":"https:\/\/ewa-marine.com\/de\/products\/regencapes\/fotokameras\/#breadcrumb","itemListElement":[{"@type":"ListItem","position":1,"name":"Startseite","item":"https:\/\/www.ewa-marine.de\/"},{"@type":"ListItem","position":2,"name":"Produkte","item":"https:\/\/www.ewa-marine.de\/products\/"},{"@type":"ListItem","position":3,"name":"Regencapes","item":"https:\/\/www.ewa-marine.de\/products\/regencapes\/"},{"@type":"ListItem","position":4,"name":"Fotokameras"}]},{"@type":"WebSite","@id":"https:\/\/ewa-marine.com\/de\/#website","url":"https:\/\/ewa-marine.com\/de\/","name":"ewa-marine","description":"Capture the Extreme !","potentialAction":[{"@type":"SearchAction","target":{"@type":"EntryPoint","urlTemplate":"https:\/\/ewa-marine.com\/de\/?s={search_term_string}"},"query-input":{"@type":"PropertyValueSpecification","valueRequired":true,"valueName":"search_term_string"}}],"inLanguage":"de"}]}},"_links":{"self":[{"href":"https:\/\/ewa-marine.com\/de\/wp-json\/wp\/v2\/pages\/825","targetHints":{"allow":["GET"]}}],"collection":[{"href":"https:\/\/ewa-marine.com\/de\/wp-json\/wp\/v2\/pages"}],"about":[{"href":"https:\/\/ewa-marine.com\/de\/wp-json\/wp\/v2\/types\/page"}],"author":[{"embeddable":true,"href":"https:\/\/ewa-marine.com\/de\/wp-json\/wp\/v2\/users\/2"}],"replies":[{"embeddable":true,"href":"https:\/\/ewa-marine.com\/de\/wp-json\/wp\/v2\/comments?post=825"}],"version-history":[{"count":0,"href":"https:\/\/ewa-marine.com\/de\/wp-json\/wp\/v2\/pages\/825\/revisions"}],"up":[{"embeddable":true,"href":"https:\/\/ewa-marine.com\/de\/wp-json\/wp\/v2\/pages\/822"}],"wp:featuredmedia":[{"embeddable":true,"href":"https:\/\/ewa-marine.com\/de\/wp-json\/wp\/v2\/media\/4442"}],"wp:attachment":[{"href":"https:\/\/ewa-marine.com\/de\/wp-json\/wp\/v2\/media?parent=825"}],"curies":[{"name":"wp","href":"https:\/\/api.w.org\/{rel}","templated":true}]}}