{"id":837,"date":"2015-07-14T07:12:09","date_gmt":"2015-07-14T06:12:09","guid":{"rendered":"http:\/\/de.dicapac.de\/find-an-uw-housing-for-you\/"},"modified":"2017-02-03T11:34:23","modified_gmt":"2017-02-03T10:34:23","slug":"slr-kamera-gehaeuse","status":"publish","type":"page","link":"https:\/\/ewa-marine.com\/de\/products\/foto\/slr\/slr-kamera-gehaeuse\/","title":{"rendered":"Finden Sie ein Unterwassergeh\u00e4use f\u00fcr Ihre dSLR und Anwendung"},"content":{"rendered":"<div id=\"pl-837\"  class=\"panel-layout\" ><div id=\"pg-837-0\"  class=\"panel-grid panel-no-style\" ><div id=\"pgc-837-0-0\"  class=\"panel-grid-cell\" ><div id=\"panel-837-0-0-0\" class=\"so-panel widget widget_black-studio-tinymce widget_black_studio_tinymce panel-first-child panel-last-child\" data-index=\"0\" ><div class=\"textwidget\"><p><img loading=\"lazy\" decoding=\"async\" class=\"alignright wp-image-865 size-thumbnail\" src=\"\/wp-content\/uploads\/2015\/07\/u-ax_pool1-150x150.jpg\" alt=\"ewa-marien U-AX in pool\" width=\"150\" height=\"150\" srcset=\"https:\/\/ewa-marine.com\/wp-content\/uploads\/2015\/07\/u-ax_pool1-150x150.jpg 150w, https:\/\/ewa-marine.com\/wp-content\/uploads\/2015\/07\/u-ax_pool1-60x60.jpg 60w\" sizes=\"auto, (max-width: 150px) 100vw, 150px\" \/><\/p>\n<h1>Finden Sie das ideale Unterwassergeh\u00e4use f\u00fcr sich und Ihre SLR und Ihren geplanten Einsatz<\/h1>\n<p>ewa-marine bietet Ihnen eine Reihe von sehr unterschiedlichen Unterwasser-Geh\u00e4usen f\u00fcr SLR-Kameras. Jedes dieser Geh\u00e4use wurde entwickelt um zu einer bestimmten Kamera und vor allem f\u00fcr eine bestimmte Anwendung und Umgebung zu passen.<br \/> Die richtige Wahl f\u00fcr Ihr SLR-Unterwassergeh\u00e4use ist abh\u00e4ngig von:<\/p>\n<ul>\n<li>wo und was Sie fotografieren oder filmen wollen,<\/li>\n<li>Ihrer SLR-Kamera,<\/li>\n<li>und Ihrem Objektiv (physische L\u00e4nge, Brennweite und Filtergewinde).<\/li>\n<\/ul>\n<script type='text\/javascript'>jQuery(document).ready(function($) {\n     dt_tree_4314 = jQuery.parseJSON('{\\\"data\\\":{\\\"1\\\":{\\\"question\\\":\\\"Wo wollen Sie das Geh\u00e4use einsetzen?\\\",\\\"type\\\":\\\"question\\\",\\\"subtext\\\":\\\"\\\",\\\"textlink\\\":\\\"\\\",\\\"info\\\":\\\"\\\",\\\"choices\\\":[{\\\"choice\\\":\\\"Ich gehe damit Ger\u00e4tetauchen.\\\",\\\"next\\\":\\\"4\\\"},{\\\"choice\\\":\\\"Ich gehe damit Schnorcheln.\\\",\\\"next\\\":\\\"7\\\"},{\\\"choice\\\":\\\"Einfach nur Wasserschutz: Strand, Segeln, Kanu, Kayak oder auf die Wasserrutsche\\\",\\\"next\\\":\\\"7\\\"},{\\\"choice\\\":\\\"Outdoor und Tierfotographie mit einem langen Tele- oder Zoomobjektiv.\\\",\\\"next\\\":\\\"21\\\"},{\\\"choice\\\":\\\"F\u00fcrs Fotografieren von Kitesurfern und Wakeboarden w\u00e4hrend ich im Wasser stehe und auch mal eine Welle abkriegen k\u00f6nnte (und auf keinen Fall Schwimmen).\\\",\\\"next\\\":\\\"24\\\"},{\\\"choice\\\":\\\"Mode- oder Modelfotografie im Pool. Ich muss auf jeden Fall das Objektiv bedienen k\u00f6nnen!\\\",\\\"next\\\":\\\"24\\\"}]},\\\"4\\\":{\\\"question\\\":\\\"Wie tief tauchen sie maximal?\\\",\\\"type\\\":\\\"question\\\",\\\"subtext\\\":\\\"Bedenken Sie: Der \\\\\\\"Open Water Diver\\\\\\\" Schein beschr\u00e4nkt Sie auf ein Maximum von 20m Tauchtiefe. Wenn Sie ein Geh\u00e4use kaufen das auch f\u00fcr gr\u00f6\u00dfere Tauchtiefen ausgelegt ist wird nicht nur teurer, sondern, wegen dem zus\u00e4tzlichen Auftrieb, auch schwieriger f\u00fcr einen Anf\u00e4nger zu bedienen.\\\",\\\"textlink\\\":\\\"\\\",\\\"info\\\":\\\"\\\",\\\"choices\\\":[{\\\"choice\\\":\\\"Ich bin zertifizierter \\\\\\\"Open Water Diver\\\\\\\". Daher ist meine maximale Tauchtiefe auch 20m.\\\",\\\"next\\\":\\\"7\\\"},{\\\"choice\\\":\\\"Ich bin \\\\\\\"Advanced Diver\\\\\\\" und m\u00f6chte gern die Option haben, auch bis 50m Tauchtiefe gehen zu k\u00f6nnen.\\\",\\\"next\\\":\\\"27\\\"}]},\\\"7\\\":{\\\"question\\\":\\\"Haben Sie vor, einen Systemblitz auf der Kamera, innerhalb des Geh\u00e4uses, zu verwenden?\\\",\\\"type\\\":\\\"question\\\",\\\"subtext\\\":\\\"Ein Blitz ist ausschlaggebend, um rotes Licht und Farbe wieder in Bildern unter 10m Tauchtiefe einzuf\u00fcgen. Aber es bedeutet auch, dass Sie ein volumin\u00f6seres Geh\u00e4use und folglich auch mehr Auftrieb und damit Nachteile im Handling haben.\\\",\\\"textlink\\\":\\\"\\\",\\\"info\\\":\\\"\\\",\\\"choices\\\":[{\\\"choice\\\":\\\"Ja, ich m\u00f6chte einen Blitz wie den Canon oder Nikon Speedlight verwenden.\\\",\\\"next\\\":\\\"36\\\"},{\\\"choice\\\":\\\"Nein, es wird immer gen\u00fcgend nat\u00fcrliches Umgebungslicht geben.\\\",\\\"next\\\":\\\"45\\\"}]},\\\"21\\\":{\\\"question\\\":\\\"Benutzen Sie ein langes Tele- oder Zoomobjektiv?\\\",\\\"type\\\":\\\"question\\\",\\\"subtext\\\":\\\"Messen Sie Kamere und Objektiv. Wenn der Abstand zwischen Kamerar\u00fccken und Vorderkante Objektiv gr\u00f6sser wie 17cm ist, dann w\u00e4re es f\u00fcr diese Zwecke \\\\\\\"lang\\\\\\\".\\\",\\\"textlink\\\":\\\"\\\",\\\"info\\\":\\\"\\\",\\\"choices\\\":[{\\\"choice\\\":\\\"Ja, es ist ein ziemlich langes Objektiv.\\\",\\\"next\\\":\\\"54\\\"},{\\\"choice\\\":\\\"Nein, das Objektiv ist relativ kurz.\\\",\\\"next\\\":\\\"48\\\"}]},\\\"24\\\":{\\\"question\\\":\\\"M\u00f6chten Sie Einstellungen am Objektiv vornehmen, wie Blende oder Zoom?\\\",\\\"type\\\":\\\"question\\\",\\\"subtext\\\":\\\"\\\",\\\"textlink\\\":\\\"\\\",\\\"info\\\":\\\"\\\",\\\"choices\\\":[{\\\"choice\\\":\\\"Ich wei\u00df, dass Weitwinkel bei der Unterwasserfotographie die besten Resultate liefert. Also, nein.\\\",\\\"next\\\":\\\"7\\\"},{\\\"choice\\\":\\\"Ich beabsichtige mit dem Geh\u00e4use Portr\u00e4t- und Model-Fotografie zu machen und daher sind Sch\u00e4rfentiefe und Zoom extrem wichtig. Also ja.\\\",\\\"next\\\":\\\"63\\\"}]},\\\"27\\\":{\\\"question\\\":\\\"Hat Ihr Objektiv einen Filterdurchmesser von 67mm oder weniger?\\\",\\\"type\\\":\\\"question\\\",\\\"subtext\\\":\\\"Tipp: In der Regel finden Sie Angaben zum Filterdurchmesser auf der Innenseite des Objektivdeckels.\\\",\\\"textlink\\\":\\\"\\\",\\\"info\\\":\\\"\\\",\\\"choices\\\":[{\\\"choice\\\":\\\"Nein, ich habe ein 72mm, 77mm oderr 82mm Filtergewinde.\\\",\\\"next\\\":\\\"33\\\"},{\\\"choice\\\":\\\"Ja, das Filtergewinde ist immer 67mm oder kleiner.\\\",\\\"next\\\":\\\"30\\\"}]},\\\"30\\\":{\\\"question\\\":\\\"Sie sollten sich mal unser U-AXP oder U-BXP anschaun.\\\",\\\"type\\\":\\\"answer\\\",\\\"subtext\\\":\\\"Klicken Sie hier, um mehr zu erfahren.\\\",\\\"textlink\\\":\\\"http:\/\/www.ewa-marine.de\/products\/foto\/slr\/slr-kamera-gehaeuse\/u-bxp_u-axp\/\\\",\\\"info\\\":\\\"\\\",\\\"choices\\\":[]},\\\"33\\\":{\\\"question\\\":\\\"Sie sollten sich mal unser U-AXP100 oder U-BXP100 anschaun.\\\",\\\"type\\\":\\\"answer\\\",\\\"subtext\\\":\\\"Klicken Sie hier, um mehr zu erfahren.\\\",\\\"textlink\\\":\\\"http:\/\/www.ewa-marine.de\/products\/foto\/slr\/slr-kamera-gehaeuse\/u-bxp100_u-axp100\/\\\",\\\"info\\\":\\\"\\\",\\\"choices\\\":[]},\\\"36\\\":{\\\"question\\\":\\\"Hat Ihr Objektiv einen Filterdurchmesser von 67mm oder weniger?\\\",\\\"type\\\":\\\"question\\\",\\\"subtext\\\":\\\"Tipp: In der Regel finden Sie Angaben zum Filterdurchmesser auf der Innenseite des Objektivdeckels.\\\",\\\"textlink\\\":\\\"\\\",\\\"info\\\":\\\"\\\",\\\"choices\\\":[{\\\"choice\\\":\\\"Nein, ich habe ein 72mm, 77mm oderr 82mm Filtergewinde.\\\",\\\"next\\\":\\\"33\\\"},{\\\"choice\\\":\\\"Ja, das Filtergewinde ist immer 67mm oder kleiner.\\\",\\\"next\\\":\\\"42\\\"}]},\\\"42\\\":{\\\"question\\\":\\\"Sie sollten sich mal unser U-BXP, U-AXP, U-AX oder D-AX anschaun.\\\",\\\"type\\\":\\\"answer\\\",\\\"subtext\\\":\\\"Abh\u00e4ngig vom Kameramodell. Klicken Sie hier, um mehr zu erfahren.\\\",\\\"textlink\\\":\\\"http:\/\/www.ewa-marine.de\/products\/foto\/slr\/slr-kamera-gehaeuse\/u-bxp_u-axp_u-ax_d-ax\/\\\",\\\"info\\\":\\\"\\\",\\\"choices\\\":[]},\\\"45\\\":{\\\"question\\\":\\\"Hat Ihr Objektiv einen Filterdurchmesser von 67mm oder weniger?\\\",\\\"type\\\":\\\"question\\\",\\\"subtext\\\":\\\"Tipp: In der Regel finden Sie Angaben zum Filterdurchmesser auf der Innenseite des Objektivdeckels.\\\",\\\"textlink\\\":\\\"\\\",\\\"info\\\":\\\"\\\",\\\"choices\\\":[{\\\"choice\\\":\\\"Nein, ich habe ein 72mm, 77mm oderr 82mm Filtergewinde.\\\",\\\"next\\\":\\\"51\\\"},{\\\"choice\\\":\\\"Ja, das Filtergewinde ist immer 67mm oder kleiner.\\\",\\\"next\\\":\\\"48\\\"}]},\\\"48\\\":{\\\"question\\\":\\\"Sie sollten sich mal unser U-B, U-A, D-A oder D-B anschaun.\\\",\\\"type\\\":\\\"answer\\\",\\\"subtext\\\":\\\"Abh\u00e4ngig vom Kameramodell. Klicken Sie hier, um mehr zu erfahren.\\\",\\\"textlink\\\":\\\"http:\/\/www.ewa-marine.de\/products\/foto\/slr\/slr-kamera-gehaeuse\/u-b_u-a_d-a_d-b\/\\\",\\\"info\\\":\\\"\\\",\\\"choices\\\":[]},\\\"51\\\":{\\\"question\\\":\\\"Sie sollten sich mal unser U-B100 oder U-A100 anschaun.\\\",\\\"type\\\":\\\"answer\\\",\\\"subtext\\\":\\\"Abh\u00e4ngig vom Kameramodell. Klicken Sie hier, um mehr zu erfahren.\\\",\\\"textlink\\\":\\\"http:\/\/www.ewa-marine.de\/products\/foto\/slr\/slr-kamera-gehaeuse\/u-b100_u-a100\/\\\",\\\"info\\\":\\\"\\\",\\\"choices\\\":[]},\\\"54\\\":{\\\"question\\\":\\\"Hat Ihr Objektiv einen Filterdurchmesser von 67mm oder weniger?\\\",\\\"type\\\":\\\"question\\\",\\\"subtext\\\":\\\"Tipp: In der Regel finden Sie Angaben zum Filterdurchmesser auf der Innenseite des Objektivdeckels.\\\",\\\"textlink\\\":\\\"\\\",\\\"info\\\":\\\"\\\",\\\"choices\\\":[{\\\"choice\\\":\\\"Nein, ich habe ein 72mm, 77mm oder 82mm Filtergewinde.\\\",\\\"next\\\":\\\"60\\\"},{\\\"choice\\\":\\\"Ja, das Filtergewinde ist immer 67mm oder kleiner.\\\",\\\"next\\\":\\\"57\\\"}]},\\\"57\\\":{\\\"question\\\":\\\"Sie sollten sich mal unser U-BZ oder U-AZ anschaun.\\\",\\\"type\\\":\\\"answer\\\",\\\"subtext\\\":\\\"Abh\u00e4ngig vom Kameramodell. Klicken Sie hier, um mehr zu erfahren.\\\",\\\"textlink\\\":\\\"http:\/\/www.ewa-marine.de\/products\/foto\/slr\/slr-kamera-gehaeuse\/u-bz_u-az\/\\\",\\\"info\\\":\\\"\\\",\\\"choices\\\":[]},\\\"60\\\":{\\\"question\\\":\\\"Sie sollten sich mal unser U-BZ100 oder U-AZ100 anschaun.\\\",\\\"type\\\":\\\"answer\\\",\\\"subtext\\\":\\\"Abh\u00e4ngig vom Kameramodell. Klicken Sie hier, um mehr zu erfahren.\\\",\\\"textlink\\\":\\\"http:\/\/www.ewa-marine.de\/products\/foto\/slr\/slr-kamera-gehaeuse\/u-bz100_u-az100\/\\\",\\\"info\\\":\\\"\\\",\\\"choices\\\":[]},\\\"63\\\":{\\\"question\\\":\\\"Do you plan to use a strobe\/flash ontop of the camera inside the housing?\\\",\\\"type\\\":\\\"question\\\",\\\"subtext\\\":\\\"This would be a  bigger housing and as a result more boyancy and draw backs in handling.\\\",\\\"textlink\\\":\\\"\\\",\\\"info\\\":\\\"\\\",\\\"choices\\\":[{\\\"choice\\\":\\\"Ja, ich m\u00f6chte einen Blitz wie den Canon oder Nikon Speedlight verwenden.\\\",\\\"next\\\":\\\"66\\\"},{\\\"choice\\\":\\\"Nein, es wird immer gen\u00fcgend nat\u00fcrliches Umgebungslicht geben.\\\",\\\"next\\\":\\\"69\\\"}]},\\\"66\\\":{\\\"question\\\":\\\"Sie sollten sich mal unser U-BFX, U-BFX100, U-BFZX oder U-BFZX100 anschaun.\\\",\\\"type\\\":\\\"answer\\\",\\\"subtext\\\":\\\"Abh\u00e4nig vom Objektiv. Klicken Sie hier, um mehr zu erfahren.\\\",\\\"textlink\\\":\\\"http:\/\/www.ewa-marine.de\/products\/foto\/slr\/slr-kamera-gehaeuse\/u-bfx100_u-bfzx100\/\\\",\\\"info\\\":\\\"\\\",\\\"choices\\\":[]},\\\"69\\\":{\\\"question\\\":\\\"Sie sollten sich mal unser U-BF, U-BF100, U-BFZ oder U-BFZ100 anschaun.\\\",\\\"type\\\":\\\"answer\\\",\\\"subtext\\\":\\\"Abh\u00e4nig vom Objektiv. Klicken Sie hier, um mehr zu erfahren.\\\",\\\"textlink\\\":\\\"http:\/\/www.ewa-marine.de\/products\/foto\/slr\/slr-kamera-gehaeuse\/u-bf100_u-bfz100\/\\\",\\\"info\\\":\\\"\\\",\\\"choices\\\":[]}},\\\"index\\\":{\\\"0\\\":\\\"1\\\",\\\"1\\\":\\\"4\\\",\\\"2\\\":\\\"7\\\",\\\"3\\\":\\\"21\\\",\\\"4\\\":\\\"24\\\",\\\"5\\\":\\\"27\\\",\\\"6\\\":\\\"30\\\",\\\"7\\\":\\\"33\\\",\\\"8\\\":\\\"36\\\",\\\"9\\\":\\\"42\\\",\\\"10\\\":\\\"45\\\",\\\"11\\\":\\\"48\\\",\\\"12\\\":\\\"51\\\",\\\"13\\\":\\\"54\\\",\\\"14\\\":\\\"57\\\",\\\"15\\\":\\\"60\\\",\\\"16\\\":\\\"63\\\",\\\"17\\\":\\\"66\\\",\\\"18\\\":\\\"69\\\"},\\\"start_ID\\\":\\\"1\\\",\\\"version\\\":\\\"1.1.0\\\"}'); \n     if (dt_tree_4314 != undefined){ \n         dt_tree_4314.donated = '1'; \n         dt_tree_4314.title = 'Helfen Sie uns das richtige Geh\u00e4use f\u00fcr Ihre Anwendung und SLR-Kamera zu finden!'; \n         process_question(4314);\n     } \n});\n<\/script>\n<form id='decision_tree_area_4314' class='decision_tree_area'><\/form>\n\n        <!--\n            __            __       __                  __                         __                     __    __                         __         \n        .--|  .-----.----|__.-----|__.-----.-----.    |  |_.----.-----.-----.    |  |--.--.--.    .-----|__.--|  .-----.----.---.-.----. |  |_.--.--.\n        |  _  |  -__|  __|  |__ --|  |  _  |     |    |   _|   _|  -__|  -__|    |  _  |  |  |    |__ --|  |  _  |  -__|  __|  _  |   ___|   _|  |  |\n        |_____|_____|____|__|_____|__|_____|__|__|    |____|__| |_____|_____|    |_____|___  |    |_____|__|_____|_____|____|___._|__||__|____||___\/ \n                                                                                       |_____|                                                       \n                    ||||||||||||||||||||||||||||||||||||||||||||||||||||||||||||||||||||||||||||||||||||||||||||||||||||||||                         \n                    ||||This is decision tree! A plugin for WordPress.  Find out more at http:\/\/sidecar.tv\/decision_tree||||                         \n                    ||||||||||||||||||||||||||||||||||||||||||||||||||||||||||||||||||||||||||||||||||||||||||||||||||||||||                                -->\n<p>\u00a0<\/p>\n<\/div><\/div><\/div><\/div><\/div>","protected":false},"excerpt":{"rendered":"<p>Finden Sie das ideale Unterwassergeh\u00e4use f\u00fcr sich und Ihre SLR und Ihren geplanten Einsatzewa-marine bietet Ihnen eine Reihe von sehr unterschiedlichen Unterwasser-Geh\u00e4usen f\u00fcr SLR-Kameras. Jedes dieser Geh\u00e4use wurde entwickelt um zu einer bestimmten Kamera und vor allem f\u00fcr eine bestimmte Anwendung und Umgebung zu passen. Die richtige Wahl f\u00fcr Ihr SLR-Unterwassergeh\u00e4use ist abh\u00e4ngig von:wo und was Sie fotografieren oder filmen wollen,Ihrer SLR-Kamera,und Ihrem Objektiv (physische L\u00e4nge, Brennweite und Filtergewinde).\u00a0<\/p>\n","protected":false},"author":1,"featured_media":5676,"parent":155,"menu_order":0,"comment_status":"closed","ping_status":"closed","template":"","meta":{"kt_blocks_editor_width":"","footnotes":""},"class_list":["post-837","page","type-page","status-publish","has-post-thumbnail","hentry"],"yoast_head":"<!-- This site is optimized with the Yoast SEO plugin v27.4 - https:\/\/yoast.com\/product\/yoast-seo-wordpress\/ -->\n<title>Finden Sie ein Unterwassergeh\u00e4use f\u00fcr Ihre DSLR Kamera &amp; Anwendung<\/title>\n<meta name=\"description\" content=\"Die Wahl der idealen Unterwassergeh\u00e4use f\u00fcr Ihre dSLR h\u00e4ngt von Ihrer Kamera, Objektiv und gew\u00fcnschten Anwendung ab. Diese Seite hilft Ihnenbei der Suche!\" \/>\n<meta name=\"robots\" content=\"index, follow, max-snippet:-1, max-image-preview:large, max-video-preview:-1\" \/>\n<link rel=\"canonical\" href=\"https:\/\/ewa-marine.com\/de\/products\/foto\/slr\/slr-kamera-gehaeuse\/\" \/>\n<meta property=\"og:locale\" content=\"de_DE\" \/>\n<meta property=\"og:type\" content=\"article\" \/>\n<meta property=\"og:title\" content=\"Finden Sie ein Unterwassergeh\u00e4use f\u00fcr Ihre DSLR Kamera &amp; Anwendung\" \/>\n<meta property=\"og:description\" content=\"Die Wahl der idealen Unterwassergeh\u00e4use f\u00fcr Ihre dSLR h\u00e4ngt von Ihrer Kamera, Objektiv und gew\u00fcnschten Anwendung ab. Diese Seite hilft Ihnenbei der Suche!\" \/>\n<meta property=\"og:url\" content=\"https:\/\/ewa-marine.com\/de\/products\/foto\/slr\/slr-kamera-gehaeuse\/\" \/>\n<meta property=\"og:site_name\" content=\"ewa-marine\" \/>\n<meta property=\"article:publisher\" content=\"https:\/\/www.facebook.com\/ewa-marine\" \/>\n<meta property=\"article:modified_time\" content=\"2017-02-03T10:34:23+00:00\" \/>\n<meta property=\"og:image\" content=\"https:\/\/i0.wp.com\/www.ewa-marine.de\/wp-content\/uploads\/2017\/01\/find-slr.png?fit=725%2C418&ssl=1\" \/>\n\t<meta property=\"og:image:width\" content=\"725\" \/>\n\t<meta property=\"og:image:height\" content=\"418\" \/>\n\t<meta property=\"og:image:type\" content=\"image\/png\" \/>\n<meta name=\"twitter:card\" content=\"summary_large_image\" \/>\n<meta name=\"twitter:site\" content=\"@ewa_marine\" \/>\n<script type=\"application\/ld+json\" class=\"yoast-schema-graph\">{\"@context\":\"https:\\\/\\\/schema.org\",\"@graph\":[{\"@type\":\"WebPage\",\"@id\":\"https:\\\/\\\/ewa-marine.com\\\/de\\\/products\\\/foto\\\/slr\\\/slr-kamera-gehaeuse\\\/\",\"url\":\"https:\\\/\\\/ewa-marine.com\\\/de\\\/products\\\/foto\\\/slr\\\/slr-kamera-gehaeuse\\\/\",\"name\":\"Finden Sie ein Unterwassergeh\u00e4use f\u00fcr Ihre DSLR Kamera & Anwendung\",\"isPartOf\":{\"@id\":\"https:\\\/\\\/ewa-marine.com\\\/de\\\/#website\"},\"primaryImageOfPage\":{\"@id\":\"https:\\\/\\\/ewa-marine.com\\\/de\\\/products\\\/foto\\\/slr\\\/slr-kamera-gehaeuse\\\/#primaryimage\"},\"image\":{\"@id\":\"https:\\\/\\\/ewa-marine.com\\\/de\\\/products\\\/foto\\\/slr\\\/slr-kamera-gehaeuse\\\/#primaryimage\"},\"thumbnailUrl\":\"https:\\\/\\\/ewa-marine.com\\\/wp-content\\\/uploads\\\/2017\\\/01\\\/find-slr.png\",\"datePublished\":\"2015-07-14T06:12:09+00:00\",\"dateModified\":\"2017-02-03T10:34:23+00:00\",\"description\":\"Die Wahl der idealen Unterwassergeh\u00e4use f\u00fcr Ihre dSLR h\u00e4ngt von Ihrer Kamera, Objektiv und gew\u00fcnschten Anwendung ab. Diese Seite hilft Ihnenbei der Suche!\",\"breadcrumb\":{\"@id\":\"https:\\\/\\\/ewa-marine.com\\\/de\\\/products\\\/foto\\\/slr\\\/slr-kamera-gehaeuse\\\/#breadcrumb\"},\"inLanguage\":\"de\",\"potentialAction\":[{\"@type\":\"ReadAction\",\"target\":[\"https:\\\/\\\/ewa-marine.com\\\/de\\\/products\\\/foto\\\/slr\\\/slr-kamera-gehaeuse\\\/\"]}]},{\"@type\":\"ImageObject\",\"inLanguage\":\"de\",\"@id\":\"https:\\\/\\\/ewa-marine.com\\\/de\\\/products\\\/foto\\\/slr\\\/slr-kamera-gehaeuse\\\/#primaryimage\",\"url\":\"https:\\\/\\\/ewa-marine.com\\\/wp-content\\\/uploads\\\/2017\\\/01\\\/find-slr.png\",\"contentUrl\":\"https:\\\/\\\/ewa-marine.com\\\/wp-content\\\/uploads\\\/2017\\\/01\\\/find-slr.png\",\"width\":725,\"height\":418},{\"@type\":\"BreadcrumbList\",\"@id\":\"https:\\\/\\\/ewa-marine.com\\\/de\\\/products\\\/foto\\\/slr\\\/slr-kamera-gehaeuse\\\/#breadcrumb\",\"itemListElement\":[{\"@type\":\"ListItem\",\"position\":1,\"name\":\"Startseite\",\"item\":\"https:\\\/\\\/www.ewa-marine.de\\\/\"},{\"@type\":\"ListItem\",\"position\":2,\"name\":\"Produkte\",\"item\":\"https:\\\/\\\/www.ewa-marine.de\\\/products\\\/\"},{\"@type\":\"ListItem\",\"position\":3,\"name\":\"Foto\",\"item\":\"https:\\\/\\\/www.ewa-marine.de\\\/products\\\/foto\\\/\"},{\"@type\":\"ListItem\",\"position\":4,\"name\":\"Unterwassergeh\u00e4use f\u00fcr SLR und Systemkameras\",\"item\":\"https:\\\/\\\/www.ewa-marine.de\\\/products\\\/foto\\\/slr\\\/\"},{\"@type\":\"ListItem\",\"position\":5,\"name\":\"Finden Sie ein Unterwassergeh\u00e4use f\u00fcr Ihre dSLR und Anwendung\"}]},{\"@type\":\"WebSite\",\"@id\":\"https:\\\/\\\/ewa-marine.com\\\/de\\\/#website\",\"url\":\"https:\\\/\\\/ewa-marine.com\\\/de\\\/\",\"name\":\"ewa-marine\",\"description\":\"Capture the Extreme !\",\"potentialAction\":[{\"@type\":\"SearchAction\",\"target\":{\"@type\":\"EntryPoint\",\"urlTemplate\":\"https:\\\/\\\/ewa-marine.com\\\/de\\\/?s={search_term_string}\"},\"query-input\":{\"@type\":\"PropertyValueSpecification\",\"valueRequired\":true,\"valueName\":\"search_term_string\"}}],\"inLanguage\":\"de\"}]}<\/script>\n<!-- \/ Yoast SEO plugin. -->","yoast_head_json":{"title":"Finden Sie ein Unterwassergeh\u00e4use f\u00fcr Ihre DSLR Kamera & Anwendung","description":"Die Wahl der idealen Unterwassergeh\u00e4use f\u00fcr Ihre dSLR h\u00e4ngt von Ihrer Kamera, Objektiv und gew\u00fcnschten Anwendung ab. Diese Seite hilft Ihnenbei der Suche!","robots":{"index":"index","follow":"follow","max-snippet":"max-snippet:-1","max-image-preview":"max-image-preview:large","max-video-preview":"max-video-preview:-1"},"canonical":"https:\/\/ewa-marine.com\/de\/products\/foto\/slr\/slr-kamera-gehaeuse\/","og_locale":"de_DE","og_type":"article","og_title":"Finden Sie ein Unterwassergeh\u00e4use f\u00fcr Ihre DSLR Kamera & Anwendung","og_description":"Die Wahl der idealen Unterwassergeh\u00e4use f\u00fcr Ihre dSLR h\u00e4ngt von Ihrer Kamera, Objektiv und gew\u00fcnschten Anwendung ab. Diese Seite hilft Ihnenbei der Suche!","og_url":"https:\/\/ewa-marine.com\/de\/products\/foto\/slr\/slr-kamera-gehaeuse\/","og_site_name":"ewa-marine","article_publisher":"https:\/\/www.facebook.com\/ewa-marine","article_modified_time":"2017-02-03T10:34:23+00:00","og_image":[{"width":725,"height":418,"url":"https:\/\/i0.wp.com\/www.ewa-marine.de\/wp-content\/uploads\/2017\/01\/find-slr.png?fit=725%2C418&ssl=1","type":"image\/png"}],"twitter_card":"summary_large_image","twitter_site":"@ewa_marine","schema":{"@context":"https:\/\/schema.org","@graph":[{"@type":"WebPage","@id":"https:\/\/ewa-marine.com\/de\/products\/foto\/slr\/slr-kamera-gehaeuse\/","url":"https:\/\/ewa-marine.com\/de\/products\/foto\/slr\/slr-kamera-gehaeuse\/","name":"Finden Sie ein Unterwassergeh\u00e4use f\u00fcr Ihre DSLR Kamera & Anwendung","isPartOf":{"@id":"https:\/\/ewa-marine.com\/de\/#website"},"primaryImageOfPage":{"@id":"https:\/\/ewa-marine.com\/de\/products\/foto\/slr\/slr-kamera-gehaeuse\/#primaryimage"},"image":{"@id":"https:\/\/ewa-marine.com\/de\/products\/foto\/slr\/slr-kamera-gehaeuse\/#primaryimage"},"thumbnailUrl":"https:\/\/ewa-marine.com\/wp-content\/uploads\/2017\/01\/find-slr.png","datePublished":"2015-07-14T06:12:09+00:00","dateModified":"2017-02-03T10:34:23+00:00","description":"Die Wahl der idealen Unterwassergeh\u00e4use f\u00fcr Ihre dSLR h\u00e4ngt von Ihrer Kamera, Objektiv und gew\u00fcnschten Anwendung ab. Diese Seite hilft Ihnenbei der Suche!","breadcrumb":{"@id":"https:\/\/ewa-marine.com\/de\/products\/foto\/slr\/slr-kamera-gehaeuse\/#breadcrumb"},"inLanguage":"de","potentialAction":[{"@type":"ReadAction","target":["https:\/\/ewa-marine.com\/de\/products\/foto\/slr\/slr-kamera-gehaeuse\/"]}]},{"@type":"ImageObject","inLanguage":"de","@id":"https:\/\/ewa-marine.com\/de\/products\/foto\/slr\/slr-kamera-gehaeuse\/#primaryimage","url":"https:\/\/ewa-marine.com\/wp-content\/uploads\/2017\/01\/find-slr.png","contentUrl":"https:\/\/ewa-marine.com\/wp-content\/uploads\/2017\/01\/find-slr.png","width":725,"height":418},{"@type":"BreadcrumbList","@id":"https:\/\/ewa-marine.com\/de\/products\/foto\/slr\/slr-kamera-gehaeuse\/#breadcrumb","itemListElement":[{"@type":"ListItem","position":1,"name":"Startseite","item":"https:\/\/www.ewa-marine.de\/"},{"@type":"ListItem","position":2,"name":"Produkte","item":"https:\/\/www.ewa-marine.de\/products\/"},{"@type":"ListItem","position":3,"name":"Foto","item":"https:\/\/www.ewa-marine.de\/products\/foto\/"},{"@type":"ListItem","position":4,"name":"Unterwassergeh\u00e4use f\u00fcr SLR und Systemkameras","item":"https:\/\/www.ewa-marine.de\/products\/foto\/slr\/"},{"@type":"ListItem","position":5,"name":"Finden Sie ein Unterwassergeh\u00e4use f\u00fcr Ihre dSLR und Anwendung"}]},{"@type":"WebSite","@id":"https:\/\/ewa-marine.com\/de\/#website","url":"https:\/\/ewa-marine.com\/de\/","name":"ewa-marine","description":"Capture the Extreme !","potentialAction":[{"@type":"SearchAction","target":{"@type":"EntryPoint","urlTemplate":"https:\/\/ewa-marine.com\/de\/?s={search_term_string}"},"query-input":{"@type":"PropertyValueSpecification","valueRequired":true,"valueName":"search_term_string"}}],"inLanguage":"de"}]}},"_links":{"self":[{"href":"https:\/\/ewa-marine.com\/de\/wp-json\/wp\/v2\/pages\/837","targetHints":{"allow":["GET"]}}],"collection":[{"href":"https:\/\/ewa-marine.com\/de\/wp-json\/wp\/v2\/pages"}],"about":[{"href":"https:\/\/ewa-marine.com\/de\/wp-json\/wp\/v2\/types\/page"}],"author":[{"embeddable":true,"href":"https:\/\/ewa-marine.com\/de\/wp-json\/wp\/v2\/users\/1"}],"replies":[{"embeddable":true,"href":"https:\/\/ewa-marine.com\/de\/wp-json\/wp\/v2\/comments?post=837"}],"version-history":[{"count":0,"href":"https:\/\/ewa-marine.com\/de\/wp-json\/wp\/v2\/pages\/837\/revisions"}],"up":[{"embeddable":true,"href":"https:\/\/ewa-marine.com\/de\/wp-json\/wp\/v2\/pages\/155"}],"wp:featuredmedia":[{"embeddable":true,"href":"https:\/\/ewa-marine.com\/de\/wp-json\/wp\/v2\/media\/5676"}],"wp:attachment":[{"href":"https:\/\/ewa-marine.com\/de\/wp-json\/wp\/v2\/media?parent=837"}],"curies":[{"name":"wp","href":"https:\/\/api.w.org\/{rel}","templated":true}]}}