{"id":953,"date":"2015-07-09T20:55:30","date_gmt":"2015-07-09T19:55:30","guid":{"rendered":"http:\/\/de.dicapac.de\/?page_id=953"},"modified":"2024-02-12T14:20:05","modified_gmt":"2024-02-12T13:20:05","slug":"kontakt","status":"publish","type":"page","link":"https:\/\/ewa-marine.com\/de\/kontakt\/","title":{"rendered":"Kontakt"},"content":{"rendered":"<div id=\"pl-953\"  class=\"panel-layout\" ><div id=\"pg-953-0\"  class=\"panel-grid panel-no-style\" ><div id=\"pgc-953-0-0\"  class=\"panel-grid-cell\" ><div id=\"panel-953-0-0-0\" class=\"so-panel widget widget_black-studio-tinymce widget_black_studio_tinymce panel-first-child panel-last-child\" data-index=\"0\" ><div class=\"textwidget\"><h1>ewa-marine:\u00a0Kontakt-Information,<br \/>\nTelefon, E-mail, Fax &amp; \u00d6ffnungszeiten<\/h1>\n<p>Falls Sie es vorziehen uns per Telefon oder Skype zu kontaktieren, k\u00f6nnen Sie uns \u00fcber die nachfolgenden Nummern, bzw. Link erreichen:<\/p>\n<h2>Tel.: 08171 4185-0<br \/>\nFax: 08171 4185-10<\/h2>\n<p>Oder besuchen Sie uns im Werk! Schlie\u00dflich werden alle ewa-marine Produkte in Deutschland gefertigt.<br \/>\newa-marine = 100% \"made in Germany\"<\/p>\n<h3><strong>ewa-marine GmbH<\/strong><br \/>\nHans Urmiller-Ring 14<br \/>\nD-82515 Wolfratshausen<br \/>\nDeutschland<br \/>\n(<a class=\"external-link-new-window\" title=\"ewa-marine factory in Wolfratshausen, Germany\" href=\"https:\/\/www.google.com\/maps\/place\/Hans-Urmiller-Ring+12,+Gewerbegebiet,+82515+Wolfratshausen,+Germany\/@47.9125483,11.413982,13z\/data=%214m2%213m1%211s0x479dc69fa3eebb4d:0xe3721479bfe1a5da\" target=\"_blank\" rel=\"noopener\">Link zu Google Maps<\/a>)<\/h3>\n<p>Sie erreichen uns:<br \/>\nMontags bis Donnerstags 9:00 bis 17:00<br \/>\nFreitags 9:00 bis 15:00<\/p>\n<p>In gewissen Ausnahmesituationen k\u00f6nnen die \u00d6ffnungszeiten jedoch auch von den oben genannten abweichen. Um sicher zu gehen, da\u00df wir auch da sind, rufen Sie bitte vorher an.<\/p>\n<p>Wir freuen uns auf Ihren Besuch !<\/p>\n<\/div><\/div><\/div><div id=\"pgc-953-0-1\"  class=\"panel-grid-cell\" ><div id=\"panel-953-0-1-0\" class=\"so-panel widget widget_black-studio-tinymce widget_black_studio_tinymce panel-first-child panel-last-child\" data-index=\"1\" ><h3 class=\"widget-title\"><p class=\"wpcf7-contact-form-not-found\"><strong>Fehler:<\/strong> Kontaktformular wurde nicht gefunden.<\/p><\/h3><div class=\"textwidget\"><h3>Kontaktformular f\u00fcr E-Mails:<\/h3>\n\n<div class=\"wpcf7 no-js\" id=\"wpcf7-f33967-o1\" lang=\"de-DE\" dir=\"ltr\" data-wpcf7-id=\"33967\">\n<div class=\"screen-reader-response\"><p role=\"status\" aria-live=\"polite\" aria-atomic=\"true\"><\/p> <ul><\/ul><\/div>\n<form action=\"\/de\/wp-json\/wp\/v2\/pages\/953#wpcf7-f33967-o1\" method=\"post\" class=\"wpcf7-form init\" aria-label=\"Kontaktformular\" novalidate=\"novalidate\" data-status=\"init\">\n<fieldset class=\"hidden-fields-container\"><input type=\"hidden\" name=\"_wpcf7\" value=\"33967\" \/><input type=\"hidden\" name=\"_wpcf7_version\" value=\"6.1.5\" \/><input type=\"hidden\" name=\"_wpcf7_locale\" value=\"de_DE\" \/><input type=\"hidden\" name=\"_wpcf7_unit_tag\" value=\"wpcf7-f33967-o1\" \/><input type=\"hidden\" name=\"_wpcf7_container_post\" value=\"0\" \/><input type=\"hidden\" name=\"_wpcf7_posted_data_hash\" value=\"\" \/><input type=\"hidden\" name=\"_wpcf7_recaptcha_response\" value=\"\" \/>\n<\/fieldset>\n<p><label> Ihr Name (Pflichtfeld)<br \/>\n<span class=\"wpcf7-form-control-wrap\" data-name=\"Kunde\"><input size=\"40\" maxlength=\"400\" class=\"wpcf7-form-control wpcf7-text wpcf7-validates-as-required\" aria-required=\"true\" aria-invalid=\"false\" value=\"\" type=\"text\" name=\"Kunde\" \/><\/span> <\/label>\n<\/p>\n<p><label> Ihre E-Mail-Adresse (Pflichtfeld)<br \/>\n<span class=\"wpcf7-form-control-wrap\" data-name=\"your-email\"><input size=\"40\" maxlength=\"400\" class=\"wpcf7-form-control wpcf7-email wpcf7-validates-as-required wpcf7-text wpcf7-validates-as-email\" autocomplete=\"e-mail\" aria-required=\"true\" aria-invalid=\"false\" value=\"\" type=\"email\" name=\"your-email\" \/><\/span> <\/label>\n<\/p>\n<p><label> Ihre Telefonnummer<br \/>\n<span class=\"wpcf7-form-control-wrap\" data-name=\"tel\"><input size=\"40\" maxlength=\"400\" class=\"wpcf7-form-control wpcf7-tel wpcf7-validates-as-required wpcf7-text wpcf7-validates-as-tel\" id=\"Telefonnummer\" aria-required=\"true\" aria-invalid=\"false\" value=\"\" type=\"tel\" name=\"tel\" \/><\/span><\/label>\n<\/p>\n<p><label> Land (soweit ausserhalb Deutschland)<br \/>\n<span class=\"wpcf7-form-control-wrap\" data-name=\"Land\"><input size=\"40\" maxlength=\"400\" class=\"wpcf7-form-control wpcf7-text\" aria-invalid=\"false\" value=\"\" type=\"text\" name=\"Land\" \/><\/span> <\/label>\n<\/p>\n<p><label> Ihre Nachricht<br \/>\n<span class=\"wpcf7-form-control-wrap\" data-name=\"nachricht\"><textarea cols=\"40\" rows=\"10\" maxlength=\"2000\" class=\"wpcf7-form-control wpcf7-textarea\" aria-invalid=\"false\" name=\"nachricht\"><\/textarea><\/span> <\/label>\n<\/p>\n<p><input class=\"wpcf7-form-control wpcf7-submit has-spinner\" type=\"submit\" value=\"Submit\" \/>\n<\/p><div class=\"wpcf7-response-output\" aria-hidden=\"true\"><\/div>\n<\/form>\n<\/div>\n\n\n&nbsp;<\/div><\/div><\/div><\/div><\/div>","protected":false},"excerpt":{"rendered":"<p>ewa-marine:\u00a0Kontakt-Information, Telefon, E-mail, Fax &amp; \u00d6ffnungszeiten Falls Sie es vorziehen uns per Telefon oder Skype zu kontaktieren, k\u00f6nnen Sie uns \u00fcber die nachfolgenden Nummern, bzw. Link erreichen: Tel.: 08171 4185-0 Fax: 08171 4185-10 Oder besuchen Sie uns im Werk! Schlie\u00dflich werden alle ewa-marine Produkte in Deutschland gefertigt. ewa-marine = 100% &#8222;made in Germany&#8220; ewa-marine GmbH Hans Urmiller-Ring 14 D-82515 Wolfratshausen Deutschland (Link zu Google Maps) Sie erreichen uns: Montags bis Donnerstags 9:00 bis 17:00 Freitags 9:00 bis 15:00 In gewissen &hellip; <a href=\"https:\/\/ewa-marine.com\/de\/kontakt\/\">Weiterlesen<\/a><\/p>\n","protected":false},"author":1,"featured_media":2491,"parent":0,"menu_order":9,"comment_status":"closed","ping_status":"closed","template":"","meta":{"kt_blocks_editor_width":"","footnotes":""},"class_list":["post-953","page","type-page","status-publish","has-post-thumbnail","hentry"],"yoast_head":"<!-- This site is optimized with the Yoast SEO plugin v27.4 - https:\/\/yoast.com\/product\/yoast-seo-wordpress\/ -->\n<title>ewa-marine: Kontakt-Information und \u00d6ffnungszeiten<\/title>\n<meta name=\"description\" content=\"Kontaktinformation incl Telefon, Fax und E-mail sowie \u00d6ffnungszeiten und eine interaktive Karte um den Weg zu uns zu finden. Online Kontakt-Formular.\" \/>\n<meta name=\"robots\" content=\"noindex, follow\" \/>\n<meta property=\"og:locale\" content=\"de_DE\" \/>\n<meta property=\"og:type\" content=\"article\" \/>\n<meta property=\"og:title\" content=\"ewa-marine: Kontakt-Information und \u00d6ffnungszeiten\" \/>\n<meta property=\"og:description\" content=\"Kontaktinformation incl Telefon, Fax und E-mail sowie \u00d6ffnungszeiten und eine interaktive Karte um den Weg zu uns zu finden. Online Kontakt-Formular.\" \/>\n<meta property=\"og:url\" content=\"https:\/\/ewa-marine.com\/de\/kontakt\/\" \/>\n<meta property=\"og:site_name\" content=\"ewa-marine\" \/>\n<meta property=\"article:publisher\" content=\"https:\/\/www.facebook.com\/ewa-marine\" \/>\n<meta property=\"article:modified_time\" content=\"2024-02-12T13:20:05+00:00\" \/>\n<meta property=\"og:image\" content=\"https:\/\/ewa-marine.com\/wp-content\/uploads\/2015\/07\/featured-diver.jpg\" \/>\n\t<meta property=\"og:image:width\" content=\"200\" \/>\n\t<meta property=\"og:image:height\" content=\"200\" \/>\n\t<meta property=\"og:image:type\" content=\"image\/jpeg\" \/>\n<meta name=\"twitter:card\" content=\"summary_large_image\" \/>\n<meta name=\"twitter:site\" content=\"@ewa_marine\" \/>\n<meta name=\"twitter:label1\" content=\"Gesch\u00e4tzte Lesezeit\" \/>\n\t<meta name=\"twitter:data1\" content=\"1\u00a0Minute\" \/>\n<script type=\"application\/ld+json\" class=\"yoast-schema-graph\">{\"@context\":\"https:\\\/\\\/schema.org\",\"@graph\":[{\"@type\":\"WebPage\",\"@id\":\"https:\\\/\\\/ewa-marine.com\\\/de\\\/kontakt\\\/\",\"url\":\"https:\\\/\\\/ewa-marine.com\\\/de\\\/kontakt\\\/\",\"name\":\"ewa-marine: Kontakt-Information und \u00d6ffnungszeiten\",\"isPartOf\":{\"@id\":\"https:\\\/\\\/ewa-marine.com\\\/de\\\/#website\"},\"primaryImageOfPage\":{\"@id\":\"https:\\\/\\\/ewa-marine.com\\\/de\\\/kontakt\\\/#primaryimage\"},\"image\":{\"@id\":\"https:\\\/\\\/ewa-marine.com\\\/de\\\/kontakt\\\/#primaryimage\"},\"thumbnailUrl\":\"https:\\\/\\\/ewa-marine.com\\\/wp-content\\\/uploads\\\/2015\\\/07\\\/featured-diver.jpg\",\"datePublished\":\"2015-07-09T19:55:30+00:00\",\"dateModified\":\"2024-02-12T13:20:05+00:00\",\"description\":\"Kontaktinformation incl Telefon, Fax und E-mail sowie \u00d6ffnungszeiten und eine interaktive Karte um den Weg zu uns zu finden. Online Kontakt-Formular.\",\"breadcrumb\":{\"@id\":\"https:\\\/\\\/ewa-marine.com\\\/de\\\/kontakt\\\/#breadcrumb\"},\"inLanguage\":\"de\",\"potentialAction\":[{\"@type\":\"ReadAction\",\"target\":[\"https:\\\/\\\/ewa-marine.com\\\/de\\\/kontakt\\\/\"]}]},{\"@type\":\"ImageObject\",\"inLanguage\":\"de\",\"@id\":\"https:\\\/\\\/ewa-marine.com\\\/de\\\/kontakt\\\/#primaryimage\",\"url\":\"https:\\\/\\\/ewa-marine.com\\\/wp-content\\\/uploads\\\/2015\\\/07\\\/featured-diver.jpg\",\"contentUrl\":\"https:\\\/\\\/ewa-marine.com\\\/wp-content\\\/uploads\\\/2015\\\/07\\\/featured-diver.jpg\",\"width\":200,\"height\":200},{\"@type\":\"BreadcrumbList\",\"@id\":\"https:\\\/\\\/ewa-marine.com\\\/de\\\/kontakt\\\/#breadcrumb\",\"itemListElement\":[{\"@type\":\"ListItem\",\"position\":1,\"name\":\"Startseite\",\"item\":\"https:\\\/\\\/www.ewa-marine.de\\\/\"},{\"@type\":\"ListItem\",\"position\":2,\"name\":\"Kontakt\"}]},{\"@type\":\"WebSite\",\"@id\":\"https:\\\/\\\/ewa-marine.com\\\/de\\\/#website\",\"url\":\"https:\\\/\\\/ewa-marine.com\\\/de\\\/\",\"name\":\"ewa-marine\",\"description\":\"Capture the Extreme !\",\"potentialAction\":[{\"@type\":\"SearchAction\",\"target\":{\"@type\":\"EntryPoint\",\"urlTemplate\":\"https:\\\/\\\/ewa-marine.com\\\/de\\\/?s={search_term_string}\"},\"query-input\":{\"@type\":\"PropertyValueSpecification\",\"valueRequired\":true,\"valueName\":\"search_term_string\"}}],\"inLanguage\":\"de\"}]}<\/script>\n<!-- \/ Yoast SEO plugin. -->","yoast_head_json":{"title":"ewa-marine: Kontakt-Information und \u00d6ffnungszeiten","description":"Kontaktinformation incl Telefon, Fax und E-mail sowie \u00d6ffnungszeiten und eine interaktive Karte um den Weg zu uns zu finden. Online Kontakt-Formular.","robots":{"index":"noindex","follow":"follow"},"og_locale":"de_DE","og_type":"article","og_title":"ewa-marine: Kontakt-Information und \u00d6ffnungszeiten","og_description":"Kontaktinformation incl Telefon, Fax und E-mail sowie \u00d6ffnungszeiten und eine interaktive Karte um den Weg zu uns zu finden. Online Kontakt-Formular.","og_url":"https:\/\/ewa-marine.com\/de\/kontakt\/","og_site_name":"ewa-marine","article_publisher":"https:\/\/www.facebook.com\/ewa-marine","article_modified_time":"2024-02-12T13:20:05+00:00","og_image":[{"width":200,"height":200,"url":"https:\/\/ewa-marine.com\/wp-content\/uploads\/2015\/07\/featured-diver.jpg","type":"image\/jpeg"}],"twitter_card":"summary_large_image","twitter_site":"@ewa_marine","twitter_misc":{"Gesch\u00e4tzte Lesezeit":"1\u00a0Minute"},"schema":{"@context":"https:\/\/schema.org","@graph":[{"@type":"WebPage","@id":"https:\/\/ewa-marine.com\/de\/kontakt\/","url":"https:\/\/ewa-marine.com\/de\/kontakt\/","name":"ewa-marine: Kontakt-Information und \u00d6ffnungszeiten","isPartOf":{"@id":"https:\/\/ewa-marine.com\/de\/#website"},"primaryImageOfPage":{"@id":"https:\/\/ewa-marine.com\/de\/kontakt\/#primaryimage"},"image":{"@id":"https:\/\/ewa-marine.com\/de\/kontakt\/#primaryimage"},"thumbnailUrl":"https:\/\/ewa-marine.com\/wp-content\/uploads\/2015\/07\/featured-diver.jpg","datePublished":"2015-07-09T19:55:30+00:00","dateModified":"2024-02-12T13:20:05+00:00","description":"Kontaktinformation incl Telefon, Fax und E-mail sowie \u00d6ffnungszeiten und eine interaktive Karte um den Weg zu uns zu finden. Online Kontakt-Formular.","breadcrumb":{"@id":"https:\/\/ewa-marine.com\/de\/kontakt\/#breadcrumb"},"inLanguage":"de","potentialAction":[{"@type":"ReadAction","target":["https:\/\/ewa-marine.com\/de\/kontakt\/"]}]},{"@type":"ImageObject","inLanguage":"de","@id":"https:\/\/ewa-marine.com\/de\/kontakt\/#primaryimage","url":"https:\/\/ewa-marine.com\/wp-content\/uploads\/2015\/07\/featured-diver.jpg","contentUrl":"https:\/\/ewa-marine.com\/wp-content\/uploads\/2015\/07\/featured-diver.jpg","width":200,"height":200},{"@type":"BreadcrumbList","@id":"https:\/\/ewa-marine.com\/de\/kontakt\/#breadcrumb","itemListElement":[{"@type":"ListItem","position":1,"name":"Startseite","item":"https:\/\/www.ewa-marine.de\/"},{"@type":"ListItem","position":2,"name":"Kontakt"}]},{"@type":"WebSite","@id":"https:\/\/ewa-marine.com\/de\/#website","url":"https:\/\/ewa-marine.com\/de\/","name":"ewa-marine","description":"Capture the Extreme !","potentialAction":[{"@type":"SearchAction","target":{"@type":"EntryPoint","urlTemplate":"https:\/\/ewa-marine.com\/de\/?s={search_term_string}"},"query-input":{"@type":"PropertyValueSpecification","valueRequired":true,"valueName":"search_term_string"}}],"inLanguage":"de"}]}},"_links":{"self":[{"href":"https:\/\/ewa-marine.com\/de\/wp-json\/wp\/v2\/pages\/953","targetHints":{"allow":["GET"]}}],"collection":[{"href":"https:\/\/ewa-marine.com\/de\/wp-json\/wp\/v2\/pages"}],"about":[{"href":"https:\/\/ewa-marine.com\/de\/wp-json\/wp\/v2\/types\/page"}],"author":[{"embeddable":true,"href":"https:\/\/ewa-marine.com\/de\/wp-json\/wp\/v2\/users\/1"}],"replies":[{"embeddable":true,"href":"https:\/\/ewa-marine.com\/de\/wp-json\/wp\/v2\/comments?post=953"}],"version-history":[{"count":11,"href":"https:\/\/ewa-marine.com\/de\/wp-json\/wp\/v2\/pages\/953\/revisions"}],"predecessor-version":[{"id":33969,"href":"https:\/\/ewa-marine.com\/de\/wp-json\/wp\/v2\/pages\/953\/revisions\/33969"}],"wp:featuredmedia":[{"embeddable":true,"href":"https:\/\/ewa-marine.com\/de\/wp-json\/wp\/v2\/media\/2491"}],"wp:attachment":[{"href":"https:\/\/ewa-marine.com\/de\/wp-json\/wp\/v2\/media?parent=953"}],"curies":[{"name":"wp","href":"https:\/\/api.w.org\/{rel}","templated":true}]}}