{"id":997,"date":"2015-07-14T13:10:56","date_gmt":"2015-07-14T12:10:56","guid":{"rendered":"http:\/\/de.dicapac.de\/?page_id=997"},"modified":"2019-01-28T09:24:43","modified_gmt":"2019-01-28T08:24:43","slug":"service","status":"publish","type":"page","link":"https:\/\/ewa-marine.com\/de\/service\/","title":{"rendered":"Service"},"content":{"rendered":"<div id=\"pl-997\"  class=\"panel-layout\" ><div id=\"pg-997-0\"  class=\"panel-grid panel-no-style\" ><div id=\"pgc-997-0-0\"  class=\"panel-grid-cell\" ><div id=\"panel-997-0-0-0\" class=\"so-panel widget widget_black-studio-tinymce widget_black_studio_tinymce panel-first-child\" data-index=\"0\" ><div class=\"textwidget\"><h1><span style=\"color: #000000;\">Was Sie unbedingt noch wissen wollten und sollten (Kundendienst und andere Sachen)....<\/span><\/h1>\n<\/div><\/div><div id=\"panel-997-0-0-1\" class=\"so-panel widget widget_black-studio-tinymce widget_black_studio_tinymce panel-last-child\" data-index=\"1\" ><div class=\"textwidget\"><p>Suchen Sie Informationen zu unserem Kundendienst oder einfach eine schnelle Antwort auf eine Frage zu ewa-marine oder sogar Unterwasserfotografie im Allgemeinen? Dann haben wir f\u00fcr Sie auf dieser Seite schon mal die Antworten auf die \u00fcblichsten Fragen zusammengestellt!<\/p>\n<p>Klicken Sie einfach auf einen der drei Abschnitte, um die entsprechende Frage und den Link zu der Serviceantwort zu finden.<\/p>\n<\/div><\/div><\/div><\/div><div id=\"pg-997-1\"  class=\"panel-grid panel-no-style\" ><div id=\"pgc-997-1-0\"  class=\"panel-grid-cell\" ><div id=\"panel-997-1-0-0\" class=\"so-panel widget widget_black-studio-tinymce widget_black_studio_tinymce panel-first-child\" data-index=\"2\" ><div class=\"textwidget\"><p class=\"internal-link\" title=\"\u00d6ffnet einen internen Link im aktuellen Fenster\">\n<div class=\"panel-group\" id=\"accordionname869\"><div class=\"panel panel-default\"><div class=\"panel-heading\"><a class=\"accordion-toggle collapsed\" data-toggle=\"collapse\" data-parent=\"#accordionname869\" href=\"#collapse8690\"><h5><i class=\"kt-icon-minus primary-color\"><\/i><i class=\"kt-icon-plus\"><\/i>Sie suchen ein ewa-marine Produkt f\u00fcr Ihre Kamera \/ Ihren Camcorder ?<\/h5><\/a><\/div><div id=\"collapse8690\" class=\"panel-collapse collapse \"><div class=\"panel-body postclass\">\n<ul>\n<li><a href=\"\/haendler\/\">Wo ist das n\u00e4chste, deutsche Fachgesch\u00e4ft das ewa-marine Produkte f\u00fchrt ?<\/a><\/li>\n<li><a href=\"\/haendler\/\">Eine Datenbank unserer ewa-marine Vertriebspartner weltweit.<\/a><\/li>\n<li><a href=\"\/haendler\/\">Was kosten die verschiedenen flexiblen Schutz-Geh\u00e4use von ewa-marine ?<\/a><\/li>\n<li><a href=\"http:\/\/www.ewa-marine.de\/ueber-uns\/\">Wer oder was ist ewa-marine ? Und wer sind die Personen hinter dem Namen ?<\/a><\/li>\n<\/ul>\n<p class=\"bodytext\"><\/div><\/div><\/div><\/div>\n\n<\/div><\/div><div id=\"panel-997-1-0-1\" class=\"so-panel widget widget_black-studio-tinymce widget_black_studio_tinymce\" data-index=\"3\" ><div class=\"textwidget\">\n<div class=\"panel-group\" id=\"accordionname707\"><div class=\"panel panel-default\"><div class=\"panel-heading\"><a class=\"accordion-toggle collapsed\" data-toggle=\"collapse\" data-parent=\"#accordionname707\" href=\"#collapse7070\"><h5><i class=\"kt-icon-minus primary-color\"><\/i><i class=\"kt-icon-plus\"><\/i>ewa-marine: Frage zum Prinzip, Pflege und Gebrauch:<\/h5><\/a><\/div><div id=\"collapse7070\" class=\"panel-collapse collapse \"><div class=\"panel-body postclass\">\n<ul>\n<li><a href=\"\/flexible-gehaeuse-was-ist-das\/\">Flexible Geh\u00e4use: Was ist das und wie funktioniert es?<\/a><\/li>\n<li><a href=\"\/dichtigkeit-des-gehaeuses\/\">Sind diese flexiblen Folien-Schutz-Geh\u00e4use \u00fcberhaupt dicht ?<\/a><\/li>\n<li><a href=\"\/fotobleie-und-videobleie\/\">Foto- und Videobleie: Was das ist und welche zu Ihrem Geh\u00e4use passen?<\/a><\/li>\n<li><a href=\"\/maximale-tauchtiefe\/\">Wie tief kann ich mit den Schutz-Geh\u00e4usen tauchen ? <\/a><\/li>\n<li><a href=\"\/bedienung-der-geschuetzten-geraete\/\">Wie bedient man die zu sch\u00fctzenden Ger\u00e4te in dem flexiblen Geh\u00e4use ?<\/a><\/li>\n<li><a href=\"\/mikrofon-nutzung-unter-wasser\/\">Kann ich mein Mikrofon weiter nutzen ? <\/a><\/li>\n<li><a href=\"\/der-camcorder-wackelt-in-meinem-gehaeuse\/\">Der Camcorder wackelt in meinem Geh\u00e4use.<\/a><\/li>\n<li><a href=\"\/ueberfluessige-luft-im-gehaeuse\/\">Soll \u00fcberfl\u00fcssige Luft herausgepresst werden oder nicht ?<\/a><\/li>\n<li><a href=\"\/nutzen-der-av110-und-caf-adapter\/\">Wof\u00fcr braucht man den AV110 und den C-A Adapter ?<\/a><\/li>\n<li><a href=\"\/reinigungsbedarf-des-gehaeuses\/\">Muss ich das Geh\u00e4use pflegen ? Und wenn ja, wie ?<\/a><\/li>\n<li><a href=\"\/products\/zubehoer\/cd5\/\">Wof\u00fcr brauche ich das Trockenmittel \"Silica-gel\" ?<\/a><\/li>\n<li><a href=\"\/gebrauchszeit-des-schutzgehaeuses\/\">Wie lange h\u00e4lt denn so ein Schutz-Geh\u00e4use ?<\/a><\/li>\n<li><a href=\"\/reparatur-eines-defekten-gehaeuses\/\">Kann ein defektes Geh\u00e4use wieder repariert werden ?<\/a><\/li>\n<\/ul>\n<\/div><\/div><\/div><\/div>\n\n<\/div><\/div><div id=\"panel-997-1-0-2\" class=\"so-panel widget widget_black-studio-tinymce widget_black_studio_tinymce\" data-index=\"4\" ><div class=\"textwidget\">\n<div class=\"panel-group\" id=\"accordionname854\"><div class=\"panel panel-default\"><div class=\"panel-heading\"><a class=\"accordion-toggle collapsed\" data-toggle=\"collapse\" data-parent=\"#accordionname854\" href=\"#collapse8540\"><h5><i class=\"kt-icon-minus primary-color\"><\/i><i class=\"kt-icon-plus\"><\/i>Einige ganz allgemeine, n\u00fctzliche Tipps zu Unterwasser-Foto und Video:<\/h5><\/a><\/div><div id=\"collapse8540\" class=\"panel-collapse collapse \"><div class=\"panel-body postclass\">\n<ul>\n<li><a href=\"\/tageszeit-fuer-uw-fotografievideos\/\">Welche Tageszeit eignet sich am besten f\u00fcr UW-Fotografie \/Videos ?<\/a><\/li>\n<li><a href=\"\/weitwinkelvorsatz\/\">Weitwinkelvors\u00e4tze - warum und wann sie genutzt werden sollten<\/a><\/li>\n<li><a href=\"\/uw-korrekturfilter\/\">UW-Korrekturfilter - warum und wann sie genutzt werden sollten<\/a><\/li>\n<li><a href=\"\/uv-filter-polarisationsfilter\/\">UV-Filter und Polarisationsfilter - warum und f\u00fcr welche Kameras<\/a><\/li>\n<li><a href=\"\/wassertropfen-aussen-frontscheibe\/\">Wassertropfen au\u00dfen auf der Frontscheibe beim Arbeiten an der Oberfl\u00e4che<\/a><\/li>\n<li><a href=\"\/kondensat-frontscheibe\/\">So bildet sich kein Kondensat auf der Innenseite der Frontscheibe<\/a><\/li>\n<li><a href=\"\/dome-port-warum-nicht\/\">Sollte ich unter Wasser eigentlich nicht immer einen sogenannten \"Dome-Port\" benutzen ?<\/a><\/li>\n<li><a href=\"\/entfernungen-unter-wasser-einschaetzung\/\">Entfernungen unter Wasser richtig einsch\u00e4tzen<\/a><\/li>\n<\/ul>\n<\/div><\/div><\/div><\/div>\n\n<\/div><\/div><div id=\"panel-997-1-0-3\" class=\"so-panel widget widget_black-studio-tinymce widget_black_studio_tinymce panel-last-child\" data-index=\"5\" ><div class=\"textwidget\"><p>Haben Sie noch weitere Fragen? Dann schicken Sie uns doch eine <a href=\"https:\/\/ewa-marine.com\/de\/kontakt\/\">Email<\/a>,<br \/>\noder rufen Sie uns einfach an unter Telefon: 081 71-41 85 0<br \/>\nWir helfen Ihnen gerne weiter.<\/p>\n<\/div><\/div><\/div><\/div><\/div>","protected":false},"excerpt":{"rendered":"<p>Was Sie unbedingt noch wissen wollten und sollten (Kundendienst und andere Sachen)&#8230;. Suchen Sie Informationen zu unserem Kundendienst oder einfach eine schnelle Antwort auf eine Frage zu ewa-marine oder sogar Unterwasserfotografie im Allgemeinen? Dann haben wir f\u00fcr Sie auf dieser Seite schon mal die Antworten auf die \u00fcblichsten Fragen zusammengestellt!Klicken Sie einfach auf einen der drei Abschnitte, um die entsprechende Frage und den Link zu der Serviceantwort zu finden. Haben Sie noch weitere Fragen? Dann schicken Sie uns doch eine &hellip; <a href=\"https:\/\/ewa-marine.com\/de\/service\/\">Weiterlesen<\/a><\/p>\n","protected":false},"author":2,"featured_media":1310,"parent":0,"menu_order":7,"comment_status":"closed","ping_status":"closed","template":"","meta":{"kt_blocks_editor_width":"","footnotes":""},"class_list":["post-997","page","type-page","status-publish","has-post-thumbnail","hentry"],"yoast_head":"<!-- This site is optimized with the Yoast SEO plugin v27.4 - https:\/\/yoast.com\/product\/yoast-seo-wordpress\/ -->\n<title>Fragen und Antworten zu ewa-marine und Unterwasserfotographie \/ FAQ<\/title>\n<meta name=\"description\" content=\"Wenn Sie Fragen zu ewa-marine, unseren Produkten, Kundendienst, Reperaturen oder ganz einfach nur zum Thema Unterwasserfotographie und -filmen haben.\" \/>\n<meta name=\"robots\" content=\"index, follow, max-snippet:-1, max-image-preview:large, max-video-preview:-1\" \/>\n<link rel=\"canonical\" href=\"https:\/\/ewa-marine.com\/de\/service\/\" \/>\n<meta property=\"og:locale\" content=\"de_DE\" \/>\n<meta property=\"og:type\" content=\"article\" \/>\n<meta property=\"og:title\" content=\"Fragen und Antworten zu ewa-marine und Unterwasserfotographie \/ FAQ\" \/>\n<meta property=\"og:description\" content=\"Wenn Sie Fragen zu ewa-marine, unseren Produkten, Kundendienst, Reperaturen oder ganz einfach nur zum Thema Unterwasserfotographie und -filmen haben.\" \/>\n<meta property=\"og:url\" content=\"https:\/\/ewa-marine.com\/de\/service\/\" \/>\n<meta property=\"og:site_name\" content=\"ewa-marine\" \/>\n<meta property=\"article:publisher\" content=\"https:\/\/www.facebook.com\/ewa-marine\" \/>\n<meta property=\"article:modified_time\" content=\"2019-01-28T08:24:43+00:00\" \/>\n<meta property=\"og:image\" content=\"https:\/\/ewa-marine.com\/wp-content\/uploads\/2015\/07\/ewa-marine-icon.jpg\" \/>\n\t<meta property=\"og:image:width\" content=\"250\" \/>\n\t<meta property=\"og:image:height\" content=\"250\" \/>\n\t<meta property=\"og:image:type\" content=\"image\/jpeg\" \/>\n<meta name=\"twitter:card\" content=\"summary_large_image\" \/>\n<meta name=\"twitter:site\" content=\"@ewa_marine\" \/>\n<meta name=\"twitter:label1\" content=\"Gesch\u00e4tzte Lesezeit\" \/>\n\t<meta name=\"twitter:data1\" content=\"2\u00a0Minuten\" \/>\n<script type=\"application\/ld+json\" class=\"yoast-schema-graph\">{\"@context\":\"https:\\\/\\\/schema.org\",\"@graph\":[{\"@type\":\"WebPage\",\"@id\":\"https:\\\/\\\/ewa-marine.com\\\/de\\\/service\\\/\",\"url\":\"https:\\\/\\\/ewa-marine.com\\\/de\\\/service\\\/\",\"name\":\"Fragen und Antworten zu ewa-marine und Unterwasserfotographie \\\/ FAQ\",\"isPartOf\":{\"@id\":\"https:\\\/\\\/ewa-marine.com\\\/de\\\/#website\"},\"primaryImageOfPage\":{\"@id\":\"https:\\\/\\\/ewa-marine.com\\\/de\\\/service\\\/#primaryimage\"},\"image\":{\"@id\":\"https:\\\/\\\/ewa-marine.com\\\/de\\\/service\\\/#primaryimage\"},\"thumbnailUrl\":\"https:\\\/\\\/ewa-marine.com\\\/wp-content\\\/uploads\\\/2015\\\/07\\\/read-more-U-AX.jpg\",\"datePublished\":\"2015-07-14T12:10:56+00:00\",\"dateModified\":\"2019-01-28T08:24:43+00:00\",\"description\":\"Wenn Sie Fragen zu ewa-marine, unseren Produkten, Kundendienst, Reperaturen oder ganz einfach nur zum Thema Unterwasserfotographie und -filmen haben.\",\"breadcrumb\":{\"@id\":\"https:\\\/\\\/ewa-marine.com\\\/de\\\/service\\\/#breadcrumb\"},\"inLanguage\":\"de\",\"potentialAction\":[{\"@type\":\"ReadAction\",\"target\":[\"https:\\\/\\\/ewa-marine.com\\\/de\\\/service\\\/\"]}]},{\"@type\":\"ImageObject\",\"inLanguage\":\"de\",\"@id\":\"https:\\\/\\\/ewa-marine.com\\\/de\\\/service\\\/#primaryimage\",\"url\":\"https:\\\/\\\/ewa-marine.com\\\/wp-content\\\/uploads\\\/2015\\\/07\\\/read-more-U-AX.jpg\",\"contentUrl\":\"https:\\\/\\\/ewa-marine.com\\\/wp-content\\\/uploads\\\/2015\\\/07\\\/read-more-U-AX.jpg\",\"width\":200,\"height\":200,\"caption\":\"ewa-marine SLR underwater housings\"},{\"@type\":\"BreadcrumbList\",\"@id\":\"https:\\\/\\\/ewa-marine.com\\\/de\\\/service\\\/#breadcrumb\",\"itemListElement\":[{\"@type\":\"ListItem\",\"position\":1,\"name\":\"Startseite\",\"item\":\"https:\\\/\\\/www.ewa-marine.de\\\/\"},{\"@type\":\"ListItem\",\"position\":2,\"name\":\"Service\"}]},{\"@type\":\"WebSite\",\"@id\":\"https:\\\/\\\/ewa-marine.com\\\/de\\\/#website\",\"url\":\"https:\\\/\\\/ewa-marine.com\\\/de\\\/\",\"name\":\"ewa-marine\",\"description\":\"Capture the Extreme !\",\"potentialAction\":[{\"@type\":\"SearchAction\",\"target\":{\"@type\":\"EntryPoint\",\"urlTemplate\":\"https:\\\/\\\/ewa-marine.com\\\/de\\\/?s={search_term_string}\"},\"query-input\":{\"@type\":\"PropertyValueSpecification\",\"valueRequired\":true,\"valueName\":\"search_term_string\"}}],\"inLanguage\":\"de\"}]}<\/script>\n<!-- \/ Yoast SEO plugin. -->","yoast_head_json":{"title":"Fragen und Antworten zu ewa-marine und Unterwasserfotographie \/ FAQ","description":"Wenn Sie Fragen zu ewa-marine, unseren Produkten, Kundendienst, Reperaturen oder ganz einfach nur zum Thema Unterwasserfotographie und -filmen haben.","robots":{"index":"index","follow":"follow","max-snippet":"max-snippet:-1","max-image-preview":"max-image-preview:large","max-video-preview":"max-video-preview:-1"},"canonical":"https:\/\/ewa-marine.com\/de\/service\/","og_locale":"de_DE","og_type":"article","og_title":"Fragen und Antworten zu ewa-marine und Unterwasserfotographie \/ FAQ","og_description":"Wenn Sie Fragen zu ewa-marine, unseren Produkten, Kundendienst, Reperaturen oder ganz einfach nur zum Thema Unterwasserfotographie und -filmen haben.","og_url":"https:\/\/ewa-marine.com\/de\/service\/","og_site_name":"ewa-marine","article_publisher":"https:\/\/www.facebook.com\/ewa-marine","article_modified_time":"2019-01-28T08:24:43+00:00","og_image":[{"width":250,"height":250,"url":"https:\/\/ewa-marine.com\/wp-content\/uploads\/2015\/07\/ewa-marine-icon.jpg","type":"image\/jpeg"}],"twitter_card":"summary_large_image","twitter_site":"@ewa_marine","twitter_misc":{"Gesch\u00e4tzte Lesezeit":"2\u00a0Minuten"},"schema":{"@context":"https:\/\/schema.org","@graph":[{"@type":"WebPage","@id":"https:\/\/ewa-marine.com\/de\/service\/","url":"https:\/\/ewa-marine.com\/de\/service\/","name":"Fragen und Antworten zu ewa-marine und Unterwasserfotographie \/ FAQ","isPartOf":{"@id":"https:\/\/ewa-marine.com\/de\/#website"},"primaryImageOfPage":{"@id":"https:\/\/ewa-marine.com\/de\/service\/#primaryimage"},"image":{"@id":"https:\/\/ewa-marine.com\/de\/service\/#primaryimage"},"thumbnailUrl":"https:\/\/ewa-marine.com\/wp-content\/uploads\/2015\/07\/read-more-U-AX.jpg","datePublished":"2015-07-14T12:10:56+00:00","dateModified":"2019-01-28T08:24:43+00:00","description":"Wenn Sie Fragen zu ewa-marine, unseren Produkten, Kundendienst, Reperaturen oder ganz einfach nur zum Thema Unterwasserfotographie und -filmen haben.","breadcrumb":{"@id":"https:\/\/ewa-marine.com\/de\/service\/#breadcrumb"},"inLanguage":"de","potentialAction":[{"@type":"ReadAction","target":["https:\/\/ewa-marine.com\/de\/service\/"]}]},{"@type":"ImageObject","inLanguage":"de","@id":"https:\/\/ewa-marine.com\/de\/service\/#primaryimage","url":"https:\/\/ewa-marine.com\/wp-content\/uploads\/2015\/07\/read-more-U-AX.jpg","contentUrl":"https:\/\/ewa-marine.com\/wp-content\/uploads\/2015\/07\/read-more-U-AX.jpg","width":200,"height":200,"caption":"ewa-marine SLR underwater housings"},{"@type":"BreadcrumbList","@id":"https:\/\/ewa-marine.com\/de\/service\/#breadcrumb","itemListElement":[{"@type":"ListItem","position":1,"name":"Startseite","item":"https:\/\/www.ewa-marine.de\/"},{"@type":"ListItem","position":2,"name":"Service"}]},{"@type":"WebSite","@id":"https:\/\/ewa-marine.com\/de\/#website","url":"https:\/\/ewa-marine.com\/de\/","name":"ewa-marine","description":"Capture the Extreme !","potentialAction":[{"@type":"SearchAction","target":{"@type":"EntryPoint","urlTemplate":"https:\/\/ewa-marine.com\/de\/?s={search_term_string}"},"query-input":{"@type":"PropertyValueSpecification","valueRequired":true,"valueName":"search_term_string"}}],"inLanguage":"de"}]}},"_links":{"self":[{"href":"https:\/\/ewa-marine.com\/de\/wp-json\/wp\/v2\/pages\/997","targetHints":{"allow":["GET"]}}],"collection":[{"href":"https:\/\/ewa-marine.com\/de\/wp-json\/wp\/v2\/pages"}],"about":[{"href":"https:\/\/ewa-marine.com\/de\/wp-json\/wp\/v2\/types\/page"}],"author":[{"embeddable":true,"href":"https:\/\/ewa-marine.com\/de\/wp-json\/wp\/v2\/users\/2"}],"replies":[{"embeddable":true,"href":"https:\/\/ewa-marine.com\/de\/wp-json\/wp\/v2\/comments?post=997"}],"version-history":[{"count":0,"href":"https:\/\/ewa-marine.com\/de\/wp-json\/wp\/v2\/pages\/997\/revisions"}],"wp:featuredmedia":[{"embeddable":true,"href":"https:\/\/ewa-marine.com\/de\/wp-json\/wp\/v2\/media\/1310"}],"wp:attachment":[{"href":"https:\/\/ewa-marine.com\/de\/wp-json\/wp\/v2\/media?parent=997"}],"curies":[{"name":"wp","href":"https:\/\/api.w.org\/{rel}","templated":true}]}}